{"id":3146,"date":"2022-11-09T16:52:23","date_gmt":"2022-11-09T16:52:23","guid":{"rendered":"http:\/\/magazin.perfectionagency.com\/?post_type=product&#038;p=3146"},"modified":"2023-06-10T10:13:30","modified_gmt":"2023-06-10T10:13:30","slug":"cazan-ariston-genus-one-30-f-set-tub-3301019","status":"publish","type":"product","link":"https:\/\/vigrand.md\/ru\/produs\/cazan-ariston-genus-one-30-f-set-tub-3301019\/","title":{"rendered":"Cazan Ariston GENUS ONE 30 f\/set tub. \/ 3301019"},"content":{"rendered":"<p>Centrala termic\u0103 \u00een condensare Ariston Genus ONE 30 FF func\u021bioneaz\u0103 pe combustibil gazos, beneficiaz\u0103 de tehnologia de condensare nou\u0103 \u0219i patentat\u0103, se amplaseaz\u0103 mural, are o putere termic\u0103 de 30kw, tiraj for\u021bat \u0219i beneficiaz\u0103 de conven\u021bie SMART. Echipamentul are design italian, se utilizeaz\u0103 pentru \u00eenc\u0103lzirea \u0219i prepararea apei calde menajere \u00een regim instant \u0219i are o eficien\u021b\u0103 sezonier\u0103 de 110 %.<br \/>\nRecomand\u0103m:<br \/>\n\u2013 Pentru a economisi consumul de gaz \u0219i pentru a reduce considerabil valoarea facturii lunare v\u0103 recomandam Termostat<br \/>\n\u2013 Pentru protejarea utilajului de varia\u021biile de tensiune electric\u0103 sistematice si pentru asigurarea garan\u021biei va recomand\u0103m Stabilizator<br \/>\n\u2013 Pentru controlul \u0219i prevenirea scurgerilor de gaze, care prezint\u0103 un pericol iminent pentru familia Dumneavoastr\u0103 v\u0103 recomand\u0103m Detector \u0219i Clapeta de gaz.<\/p>","protected":false},"excerpt":{"rendered":"<ul>\n<li>Sistem de management;<\/li>\n<li>Dimensiuni compacte care permit instalarea simpl\u0103;<\/li>\n<li>Ecran tactil u\u0219or \u00een utilizare, cu conectivitate SMART;<\/li>\n<li>Preg\u0103tit pentru func\u021bia Ariston NET;<\/li>\n<li>Tehnologie BusBridgeNet preg\u0103tit\u0103, capabil\u0103 s\u0103 dialogheze cu alte produse Ariston, astfel \u00eenc\u00e2t s\u0103 le pute\u021bi potrivi pentru a optimiza consumul de energie;<\/li>\n<li>FULL COMFORT \u2013 echipat\u0103 cu func\u021bii AUTO, CONFORT, AUTODIAGNOZ\u0102 ACTIV\u0102, PROGRAMARE ORAR\u0102;<\/li>\n<li>Genus ONE are posibilitatea de a se conecta la internet prin sensorul de camer\u0103 Cube S Net Room Sensor, astfel putem controla de oriunde func\u021biile centralei.<\/li>\n<\/ul>","protected":false},"featured_media":3147,"template":"","meta":[],"product_cat":[228,159],"product_tag":[],"class_list":{"0":"post-3146","1":"product","2":"type-product","3":"status-publish","4":"has-post-thumbnail","6":"product_brand-ariston","7":"product_cat-cazan-pe-gaz","8":"product_cat-constructii-si-reparatii","9":"pa_producator-italia","10":"pa_puterea-nominala-kw-239","11":"pa_randamentul-109-5-98-6","13":"first","14":"instock","15":"shipping-taxable","16":"purchasable","17":"product-type-simple","18":"col-xs-6 col-sm-4","19":"col-md-3 col-lg-3","20":"un-4-cols"},"yoast_head":"<!-- This site is optimized with the Yoast SEO plugin v27.1.1 - https:\/\/yoast.com\/product\/yoast-seo-wordpress\/ -->\n<title>Cazan Ariston GENUS ONE 30 f\/set tub. \/ 3301019 - Sisteme termice in Moldova<\/title>\n<meta name=\"robots\" content=\"index, follow, max-snippet:-1, max-image-preview:large, max-video-preview:-1\" \/>\n<link rel=\"canonical\" href=\"https:\/\/vigrand.md\/ru\/produs\/cazan-ariston-genus-one-30-f-set-tub-3301019\/\" \/>\n<meta property=\"og:locale\" content=\"ru_RU\" \/>\n<meta property=\"og:type\" content=\"article\" \/>\n<meta property=\"og:title\" content=\"Cazan Ariston GENUS ONE 30 f\/set tub. \/ 3301019 - Sisteme termice in Moldova\" \/>\n<meta property=\"og:description\" content=\"Sistem de management;  Dimensiuni compacte care permit instalarea simpl\u0103;  Ecran tactil u\u0219or \u00een utilizare, cu conectivitate SMART;  Preg\u0103tit pentru func\u021bia Ariston NET;  Tehnologie BusBridgeNet preg\u0103tit\u0103, capabil\u0103 s\u0103 dialogheze cu alte produse Ariston, astfel \u00eenc\u00e2t s\u0103 le pute\u021bi potrivi pentru a optimiza consumul de energie;  FULL COMFORT \u2013 echipat\u0103 cu func\u021bii AUTO, CONFORT, AUTODIAGNOZ\u0102 ACTIV\u0102, PROGRAMARE ORAR\u0102;  Genus ONE are posibilitatea de a se conecta la internet prin sensorul de camer\u0103 Cube S Net Room Sensor, astfel putem controla de oriunde func\u021biile centralei.\" \/>\n<meta property=\"og:url\" content=\"https:\/\/vigrand.md\/ru\/produs\/cazan-ariston-genus-one-30-f-set-tub-3301019\/\" \/>\n<meta property=\"og:site_name\" content=\"Sisteme termice in Moldova\" \/>\n<meta property=\"article:modified_time\" content=\"2023-06-10T10:13:30+00:00\" \/>\n<meta property=\"og:image\" content=\"https:\/\/vigrand.md\/wp-content\/uploads\/2022\/11\/1-1.jpg\" \/>\n\t<meta property=\"og:image:width\" content=\"600\" \/>\n\t<meta property=\"og:image:height\" content=\"800\" \/>\n\t<meta property=\"og:image:type\" content=\"image\/jpeg\" \/>\n<meta name=\"twitter:card\" content=\"summary_large_image\" \/>\n<meta name=\"twitter:label1\" content=\"\u041f\u0440\u0438\u043c\u0435\u0440\u043d\u043e\u0435 \u0432\u0440\u0435\u043c\u044f \u0434\u043b\u044f \u0447\u0442\u0435\u043d\u0438\u044f\" \/>\n\t<meta name=\"twitter:data1\" content=\"1 \u043c\u0438\u043d\u0443\u0442\u0430\" \/>\n<script type=\"application\/ld+json\" class=\"yoast-schema-graph\">{\"@context\":\"https:\/\/schema.org\",\"@graph\":[{\"@type\":\"WebPage\",\"@id\":\"https:\/\/vigrand.md\/produs\/cazan-ariston-genus-one-30-f-set-tub-3301019\/\",\"url\":\"https:\/\/vigrand.md\/produs\/cazan-ariston-genus-one-30-f-set-tub-3301019\/\",\"name\":\"Cazan Ariston GENUS ONE 30 f\/set tub. \/ 3301019 - Sisteme termice in Moldova\",\"isPartOf\":{\"@id\":\"https:\/\/vigrand.md\/#website\"},\"primaryImageOfPage\":{\"@id\":\"https:\/\/vigrand.md\/produs\/cazan-ariston-genus-one-30-f-set-tub-3301019\/#primaryimage\"},\"image\":{\"@id\":\"https:\/\/vigrand.md\/produs\/cazan-ariston-genus-one-30-f-set-tub-3301019\/#primaryimage\"},\"thumbnailUrl\":\"https:\/\/vigrand.md\/wp-content\/uploads\/2022\/11\/1-1.jpg\",\"datePublished\":\"2022-11-09T16:52:23+00:00\",\"dateModified\":\"2023-06-10T10:13:30+00:00\",\"breadcrumb\":{\"@id\":\"https:\/\/vigrand.md\/produs\/cazan-ariston-genus-one-30-f-set-tub-3301019\/#breadcrumb\"},\"inLanguage\":\"ru-RU\",\"potentialAction\":[{\"@type\":\"ReadAction\",\"target\":[\"https:\/\/vigrand.md\/produs\/cazan-ariston-genus-one-30-f-set-tub-3301019\/\"]}]},{\"@type\":\"ImageObject\",\"inLanguage\":\"ru-RU\",\"@id\":\"https:\/\/vigrand.md\/produs\/cazan-ariston-genus-one-30-f-set-tub-3301019\/#primaryimage\",\"url\":\"https:\/\/vigrand.md\/wp-content\/uploads\/2022\/11\/1-1.jpg\",\"contentUrl\":\"https:\/\/vigrand.md\/wp-content\/uploads\/2022\/11\/1-1.jpg\",\"width\":600,\"height\":800},{\"@type\":\"BreadcrumbList\",\"@id\":\"https:\/\/vigrand.md\/produs\/cazan-ariston-genus-one-30-f-set-tub-3301019\/#breadcrumb\",\"itemListElement\":[{\"@type\":\"ListItem\",\"position\":1,\"name\":\"Prima pagin\u0103\",\"item\":\"https:\/\/vigrand.md\/\"},{\"@type\":\"ListItem\",\"position\":2,\"name\":\"Magazin\",\"item\":\"https:\/\/vigrand.md\/magazin\/\"},{\"@type\":\"ListItem\",\"position\":3,\"name\":\"Cazan Ariston GENUS ONE 30 f\/set tub. \/ 3301019\"}]},{\"@type\":\"WebSite\",\"@id\":\"https:\/\/vigrand.md\/#website\",\"url\":\"https:\/\/vigrand.md\/\",\"name\":\"Sisteme termice in Moldova\",\"description\":\"Magazin Online\",\"potentialAction\":[{\"@type\":\"SearchAction\",\"target\":{\"@type\":\"EntryPoint\",\"urlTemplate\":\"https:\/\/vigrand.md\/?s={search_term_string}\"},\"query-input\":{\"@type\":\"PropertyValueSpecification\",\"valueRequired\":true,\"valueName\":\"search_term_string\"}}],\"inLanguage\":\"ru-RU\"}]}<\/script>\n<!-- \/ Yoast SEO plugin. -->","yoast_head_json":{"title":"Cazan Ariston GENUS ONE 30 f\/set tub. \/ 3301019 - Sisteme termice in Moldova","robots":{"index":"index","follow":"follow","max-snippet":"max-snippet:-1","max-image-preview":"max-image-preview:large","max-video-preview":"max-video-preview:-1"},"canonical":"https:\/\/vigrand.md\/ru\/produs\/cazan-ariston-genus-one-30-f-set-tub-3301019\/","og_locale":"ru_RU","og_type":"article","og_title":"Cazan Ariston GENUS ONE 30 f\/set tub. \/ 3301019 - Sisteme termice in Moldova","og_description":"Sistem de management;  Dimensiuni compacte care permit instalarea simpl\u0103;  Ecran tactil u\u0219or \u00een utilizare, cu conectivitate SMART;  Preg\u0103tit pentru func\u021bia Ariston NET;  Tehnologie BusBridgeNet preg\u0103tit\u0103, capabil\u0103 s\u0103 dialogheze cu alte produse Ariston, astfel \u00eenc\u00e2t s\u0103 le pute\u021bi potrivi pentru a optimiza consumul de energie;  FULL COMFORT \u2013 echipat\u0103 cu func\u021bii AUTO, CONFORT, AUTODIAGNOZ\u0102 ACTIV\u0102, PROGRAMARE ORAR\u0102;  Genus ONE are posibilitatea de a se conecta la internet prin sensorul de camer\u0103 Cube S Net Room Sensor, astfel putem controla de oriunde func\u021biile centralei.","og_url":"https:\/\/vigrand.md\/ru\/produs\/cazan-ariston-genus-one-30-f-set-tub-3301019\/","og_site_name":"Sisteme termice in Moldova","article_modified_time":"2023-06-10T10:13:30+00:00","og_image":[{"width":600,"height":800,"url":"https:\/\/vigrand.md\/wp-content\/uploads\/2022\/11\/1-1.jpg","type":"image\/jpeg"}],"twitter_card":"summary_large_image","twitter_misc":{"\u041f\u0440\u0438\u043c\u0435\u0440\u043d\u043e\u0435 \u0432\u0440\u0435\u043c\u044f \u0434\u043b\u044f \u0447\u0442\u0435\u043d\u0438\u044f":"1 \u043c\u0438\u043d\u0443\u0442\u0430"},"schema":{"@context":"https:\/\/schema.org","@graph":[{"@type":"WebPage","@id":"https:\/\/vigrand.md\/produs\/cazan-ariston-genus-one-30-f-set-tub-3301019\/","url":"https:\/\/vigrand.md\/produs\/cazan-ariston-genus-one-30-f-set-tub-3301019\/","name":"Cazan Ariston GENUS ONE 30 f\/set tub. \/ 3301019 - Sisteme termice in Moldova","isPartOf":{"@id":"https:\/\/vigrand.md\/#website"},"primaryImageOfPage":{"@id":"https:\/\/vigrand.md\/produs\/cazan-ariston-genus-one-30-f-set-tub-3301019\/#primaryimage"},"image":{"@id":"https:\/\/vigrand.md\/produs\/cazan-ariston-genus-one-30-f-set-tub-3301019\/#primaryimage"},"thumbnailUrl":"https:\/\/vigrand.md\/wp-content\/uploads\/2022\/11\/1-1.jpg","datePublished":"2022-11-09T16:52:23+00:00","dateModified":"2023-06-10T10:13:30+00:00","breadcrumb":{"@id":"https:\/\/vigrand.md\/produs\/cazan-ariston-genus-one-30-f-set-tub-3301019\/#breadcrumb"},"inLanguage":"ru-RU","potentialAction":[{"@type":"ReadAction","target":["https:\/\/vigrand.md\/produs\/cazan-ariston-genus-one-30-f-set-tub-3301019\/"]}]},{"@type":"ImageObject","inLanguage":"ru-RU","@id":"https:\/\/vigrand.md\/produs\/cazan-ariston-genus-one-30-f-set-tub-3301019\/#primaryimage","url":"https:\/\/vigrand.md\/wp-content\/uploads\/2022\/11\/1-1.jpg","contentUrl":"https:\/\/vigrand.md\/wp-content\/uploads\/2022\/11\/1-1.jpg","width":600,"height":800},{"@type":"BreadcrumbList","@id":"https:\/\/vigrand.md\/produs\/cazan-ariston-genus-one-30-f-set-tub-3301019\/#breadcrumb","itemListElement":[{"@type":"ListItem","position":1,"name":"Prima pagin\u0103","item":"https:\/\/vigrand.md\/"},{"@type":"ListItem","position":2,"name":"Magazin","item":"https:\/\/vigrand.md\/magazin\/"},{"@type":"ListItem","position":3,"name":"Cazan Ariston GENUS ONE 30 f\/set tub. \/ 3301019"}]},{"@type":"WebSite","@id":"https:\/\/vigrand.md\/#website","url":"https:\/\/vigrand.md\/","name":"Sisteme termice in Moldova","description":"Magazin Online","potentialAction":[{"@type":"SearchAction","target":{"@type":"EntryPoint","urlTemplate":"https:\/\/vigrand.md\/?s={search_term_string}"},"query-input":{"@type":"PropertyValueSpecification","valueRequired":true,"valueName":"search_term_string"}}],"inLanguage":"ru-RU"}]}},"_links":{"self":[{"href":"https:\/\/vigrand.md\/ru\/wp-json\/wp\/v2\/product\/3146","targetHints":{"allow":["GET"]}}],"collection":[{"href":"https:\/\/vigrand.md\/ru\/wp-json\/wp\/v2\/product"}],"about":[{"href":"https:\/\/vigrand.md\/ru\/wp-json\/wp\/v2\/types\/product"}],"wp:featuredmedia":[{"embeddable":true,"href":"https:\/\/vigrand.md\/ru\/wp-json\/wp\/v2\/media\/3147"}],"wp:attachment":[{"href":"https:\/\/vigrand.md\/ru\/wp-json\/wp\/v2\/media?parent=3146"}],"wp:term":[{"taxonomy":"product_cat","embeddable":true,"href":"https:\/\/vigrand.md\/ru\/wp-json\/wp\/v2\/product_cat?post=3146"},{"taxonomy":"product_tag","embeddable":true,"href":"https:\/\/vigrand.md\/ru\/wp-json\/wp\/v2\/product_tag?post=3146"}],"curies":[{"name":"wp","href":"https:\/\/api.w.org\/{rel}","templated":true}]}}