{"id":3163,"date":"2022-12-06T14:36:52","date_gmt":"2022-12-06T14:36:52","guid":{"rendered":"https:\/\/magazin.perfectionagency.com\/?post_type=product&#038;p=3163"},"modified":"2023-03-03T15:08:48","modified_gmt":"2023-03-03T15:08:48","slug":"50-nanocell-smart-tv-lg-50qned816qa-3840-x-2160-4k-webos-negru","status":"publish","type":"product","link":"https:\/\/vigrand.md\/ru\/produs\/50-nanocell-smart-tv-lg-50qned816qa-3840-x-2160-4k-webos-negru\/","title":{"rendered":"50&#8243; Nanocell SMART TV LG 50QNED816QA, 3840 x 2160 4K, webOS, Negru"},"content":{"rendered":"<p>Dimming Pro<br \/>\nTehnologia de reglare a luminii de la LG QNED utilizeaz\u0103 algoritmi de \u00eenv\u0103\u021bare profund\u0103 pentru a afi\u0219a \u0219i comunica informa\u021bii despre obiect la blocurile de luminozitate de fundal, produc\u00e2nd imagini mai clare \u0219i mai naturale, reduc\u00e2nd \u00een acela\u0219i timp imaginile fantom\u0103.<\/p>\n<p>Smart nu a fost niciodat\u0103<br \/>\nat\u00e2t de u\u0219or<br \/>\nAfla\u021bi c\u00e2t de convenabil poate fi televizorul cu notific\u0103ri personalizate, recomand\u0103ri, asisten\u021bi inteligen\u021bi \u0219i multe altele.<\/p>\n<p>Acum<br \/>\neste \u0219i mai confortabil de jucat<br \/>\n\u00cembun\u0103t\u0103\u021bi\u021bi-v\u0103 experien\u021ba de joc cu un televizor de ultim\u0103 genera\u021bie conceput pentru jocurile de ultim\u0103 genera\u021bie.<\/p>\n<p>AMD FreeSync Premium<br \/>\nBucura\u021bi-v\u0103 de o experien\u021b\u0103 de joc \u00een ritm rapid, cu ruptur\u0103 minim\u0103, b\u00e2lb\u00e2ial\u0103 \u0219i \u00eent\u00e2rziere de intrare cu suportul AMD FreeSync Premium pe televizorul LG QNED.<\/p>\n<p><strong>Display<\/strong><br \/>\nCurbura ecranului: plat<br \/>\nFormate HDR: HDR10 Pro<br \/>\nRata maxim\u0103 de re\u00eemprosp\u0103tare: 120 Hz<br \/>\nAd\u00e2ncime culori: 10 bits<\/p>\n<p><strong>Dimensiuni \u0219i Greutate<\/strong><br \/>\nGreutate: 14 kg<br \/>\nL\u0103\u021bime: 1120 mm<br \/>\n\u00cen\u0103l\u021bime: 653 mm<br \/>\nAd\u00e2ncime: 49.2 mm<\/p>\n<p><strong>Sistem audio<\/strong><br \/>\nSistem Canale Audio: 2.0<br \/>\nSuport pentru modul de sunet surround: Dolby Digital<br \/>\nBoxe \u00eencorporate: 2x10W<\/p>\n<p><strong>Caracteristici<\/strong><br \/>\nPlatform\u0103 software: webOS<br \/>\nTuner TV: DVB-T2\/C\/S2, DVB-C, DVB-T, DVB-S<br \/>\nDLNA: da<br \/>\nHDMI CEC: da<br \/>\nTehnologia Adaptive Sync: AMD FreeSync Premium<br \/>\nAsistent vocal\u00a0\u00a0 \u00a0: da<\/p>\n<p><strong>System on Chip (SoC)<\/strong><br \/>\nNumar Nuclee: 4x Cores<\/p>\n<p><strong>Conectivitate<\/strong><br \/>\nIntr\u0103ri HDMI: 4x HDMI 2.0<br \/>\nHDMI ARC (Audio Return Channel)\u00a0\u00a0 \u00a0: da<br \/>\nCI Slot: da<br \/>\nWi-Fi: Wi-Fi 802.11 a\/b\/g\/n\/ac<br \/>\nWi-Fi Direct: da<br \/>\nRe\u021bea Ethernet: da<br \/>\nUSB Type-A: 2x USB 2.0<br \/>\nIntrare anten\u0103: 1x (RF)<br \/>\nBluetooth: 5.0<br \/>\nIe\u0219ire Audio Optic\u0103: da<\/p>\n<p><strong>Design \u0219i Culoare<\/strong><br \/>\nInterfa\u021b\u0103 de montare VESA: 200&#215;200<br \/>\nClasa de eficien\u021b\u0103 energetic\u0103: G<br \/>\nDesign Rame: rama Sub\u021bire<br \/>\nMateriale: \u00a0plastic ABS<\/p>","protected":false},"excerpt":{"rendered":"<p>Dimming Pro Tehnologia de reglare a luminii de la LG QNED utilizeaz\u0103 algoritmi de \u00eenv\u0103\u021bare profund\u0103 pentru a afi\u0219a \u0219i comunica informa\u021bii despre obiect la blocurile de luminozitate de fundal, produc\u00e2nd imagini mai clare \u0219i mai naturale, reduc\u00e2nd \u00een acela\u0219i timp imaginile fantom\u0103. Smart nu a fost niciodat\u0103 at\u00e2t de u\u0219or Afla\u021bi c\u00e2t de convenabil&hellip;<\/p>","protected":false},"featured_media":3165,"template":"","meta":[],"product_cat":[164],"product_tag":[],"class_list":{"0":"post-3163","1":"product","2":"type-product","3":"status-publish","4":"has-post-thumbnail","6":"product_brand-lg","7":"product_cat-televizoare","8":"pa_culoare-negru","9":"pa_diagonala-ecranului-247","10":"pa_rezolutia-ecranului-3840x2160-4k","11":"pa_suport-smart-tv-da","12":"pa_tipul-matricei-led","14":"first","15":"outofstock","16":"shipping-taxable","17":"purchasable","18":"product-type-simple","19":"col-xs-6 col-sm-4","20":"col-md-3 col-lg-3","21":"un-4-cols"},"yoast_head":"<!-- This site is optimized with the Yoast SEO plugin v27.1.1 - https:\/\/yoast.com\/product\/yoast-seo-wordpress\/ -->\n<title>50&quot; Nanocell SMART TV LG 50QNED816QA, 3840 x 2160 4K, webOS, Negru - Sisteme termice in Moldova<\/title>\n<meta name=\"robots\" content=\"index, follow, max-snippet:-1, max-image-preview:large, max-video-preview:-1\" \/>\n<link rel=\"canonical\" href=\"https:\/\/vigrand.md\/ru\/produs\/50-nanocell-smart-tv-lg-50qned816qa-3840-x-2160-4k-webos-negru\/\" \/>\n<meta property=\"og:locale\" content=\"ru_RU\" \/>\n<meta property=\"og:type\" content=\"article\" \/>\n<meta property=\"og:title\" content=\"50&quot; Nanocell SMART TV LG 50QNED816QA, 3840 x 2160 4K, webOS, Negru - Sisteme termice in Moldova\" \/>\n<meta property=\"og:description\" content=\"Dimming Pro Tehnologia de reglare a luminii de la LG QNED utilizeaz\u0103 algoritmi de \u00eenv\u0103\u021bare profund\u0103 pentru a afi\u0219a \u0219i comunica informa\u021bii despre obiect la blocurile de luminozitate de fundal, produc\u00e2nd imagini mai clare \u0219i mai naturale, reduc\u00e2nd \u00een acela\u0219i timp imaginile fantom\u0103. Smart nu a fost niciodat\u0103 at\u00e2t de u\u0219or Afla\u021bi c\u00e2t de convenabil&hellip;\" \/>\n<meta property=\"og:url\" content=\"https:\/\/vigrand.md\/ru\/produs\/50-nanocell-smart-tv-lg-50qned816qa-3840-x-2160-4k-webos-negru\/\" \/>\n<meta property=\"og:site_name\" content=\"Sisteme termice in Moldova\" \/>\n<meta property=\"article:modified_time\" content=\"2023-03-03T15:08:48+00:00\" \/>\n<meta property=\"og:image\" content=\"http:\/\/vigrand.md\/wp-content\/uploads\/2022\/12\/8789790c-34f9-4777-81d4-05c14f6ae7ec.webp\" \/>\n\t<meta property=\"og:image:width\" content=\"1000\" \/>\n\t<meta property=\"og:image:height\" content=\"700\" \/>\n\t<meta property=\"og:image:type\" content=\"image\/webp\" \/>\n<meta name=\"twitter:card\" content=\"summary_large_image\" \/>\n<meta name=\"twitter:label1\" content=\"\u041f\u0440\u0438\u043c\u0435\u0440\u043d\u043e\u0435 \u0432\u0440\u0435\u043c\u044f \u0434\u043b\u044f \u0447\u0442\u0435\u043d\u0438\u044f\" \/>\n\t<meta name=\"twitter:data1\" content=\"2 \u043c\u0438\u043d\u0443\u0442\u044b\" \/>\n<script type=\"application\/ld+json\" class=\"yoast-schema-graph\">{\"@context\":\"https:\/\/schema.org\",\"@graph\":[{\"@type\":\"WebPage\",\"@id\":\"https:\/\/vigrand.md\/produs\/50-nanocell-smart-tv-lg-50qned816qa-3840-x-2160-4k-webos-negru\/\",\"url\":\"https:\/\/vigrand.md\/produs\/50-nanocell-smart-tv-lg-50qned816qa-3840-x-2160-4k-webos-negru\/\",\"name\":\"50\\\" Nanocell SMART TV LG 50QNED816QA, 3840 x 2160 4K, webOS, Negru - Sisteme termice in Moldova\",\"isPartOf\":{\"@id\":\"https:\/\/vigrand.md\/#website\"},\"primaryImageOfPage\":{\"@id\":\"https:\/\/vigrand.md\/produs\/50-nanocell-smart-tv-lg-50qned816qa-3840-x-2160-4k-webos-negru\/#primaryimage\"},\"image\":{\"@id\":\"https:\/\/vigrand.md\/produs\/50-nanocell-smart-tv-lg-50qned816qa-3840-x-2160-4k-webos-negru\/#primaryimage\"},\"thumbnailUrl\":\"https:\/\/vigrand.md\/wp-content\/uploads\/2022\/12\/8789790c-34f9-4777-81d4-05c14f6ae7ec.webp\",\"datePublished\":\"2022-12-06T14:36:52+00:00\",\"dateModified\":\"2023-03-03T15:08:48+00:00\",\"breadcrumb\":{\"@id\":\"https:\/\/vigrand.md\/produs\/50-nanocell-smart-tv-lg-50qned816qa-3840-x-2160-4k-webos-negru\/#breadcrumb\"},\"inLanguage\":\"ru-RU\",\"potentialAction\":[{\"@type\":\"ReadAction\",\"target\":[\"https:\/\/vigrand.md\/produs\/50-nanocell-smart-tv-lg-50qned816qa-3840-x-2160-4k-webos-negru\/\"]}]},{\"@type\":\"ImageObject\",\"inLanguage\":\"ru-RU\",\"@id\":\"https:\/\/vigrand.md\/produs\/50-nanocell-smart-tv-lg-50qned816qa-3840-x-2160-4k-webos-negru\/#primaryimage\",\"url\":\"https:\/\/vigrand.md\/wp-content\/uploads\/2022\/12\/8789790c-34f9-4777-81d4-05c14f6ae7ec.webp\",\"contentUrl\":\"https:\/\/vigrand.md\/wp-content\/uploads\/2022\/12\/8789790c-34f9-4777-81d4-05c14f6ae7ec.webp\",\"width\":1000,\"height\":700},{\"@type\":\"BreadcrumbList\",\"@id\":\"https:\/\/vigrand.md\/produs\/50-nanocell-smart-tv-lg-50qned816qa-3840-x-2160-4k-webos-negru\/#breadcrumb\",\"itemListElement\":[{\"@type\":\"ListItem\",\"position\":1,\"name\":\"Prima pagin\u0103\",\"item\":\"https:\/\/vigrand.md\/\"},{\"@type\":\"ListItem\",\"position\":2,\"name\":\"Magazin\",\"item\":\"https:\/\/vigrand.md\/magazin\/\"},{\"@type\":\"ListItem\",\"position\":3,\"name\":\"50&#8243; Nanocell SMART TV LG 50QNED816QA, 3840 x 2160 4K, webOS, Negru\"}]},{\"@type\":\"WebSite\",\"@id\":\"https:\/\/vigrand.md\/#website\",\"url\":\"https:\/\/vigrand.md\/\",\"name\":\"Sisteme termice in Moldova\",\"description\":\"Magazin Online\",\"potentialAction\":[{\"@type\":\"SearchAction\",\"target\":{\"@type\":\"EntryPoint\",\"urlTemplate\":\"https:\/\/vigrand.md\/?s={search_term_string}\"},\"query-input\":{\"@type\":\"PropertyValueSpecification\",\"valueRequired\":true,\"valueName\":\"search_term_string\"}}],\"inLanguage\":\"ru-RU\"}]}<\/script>\n<!-- \/ Yoast SEO plugin. -->","yoast_head_json":{"title":"50\" Nanocell SMART TV LG 50QNED816QA, 3840 x 2160 4K, webOS, Negru - Sisteme termice in Moldova","robots":{"index":"index","follow":"follow","max-snippet":"max-snippet:-1","max-image-preview":"max-image-preview:large","max-video-preview":"max-video-preview:-1"},"canonical":"https:\/\/vigrand.md\/ru\/produs\/50-nanocell-smart-tv-lg-50qned816qa-3840-x-2160-4k-webos-negru\/","og_locale":"ru_RU","og_type":"article","og_title":"50\" Nanocell SMART TV LG 50QNED816QA, 3840 x 2160 4K, webOS, Negru - Sisteme termice in Moldova","og_description":"Dimming Pro Tehnologia de reglare a luminii de la LG QNED utilizeaz\u0103 algoritmi de \u00eenv\u0103\u021bare profund\u0103 pentru a afi\u0219a \u0219i comunica informa\u021bii despre obiect la blocurile de luminozitate de fundal, produc\u00e2nd imagini mai clare \u0219i mai naturale, reduc\u00e2nd \u00een acela\u0219i timp imaginile fantom\u0103. Smart nu a fost niciodat\u0103 at\u00e2t de u\u0219or Afla\u021bi c\u00e2t de convenabil&hellip;","og_url":"https:\/\/vigrand.md\/ru\/produs\/50-nanocell-smart-tv-lg-50qned816qa-3840-x-2160-4k-webos-negru\/","og_site_name":"Sisteme termice in Moldova","article_modified_time":"2023-03-03T15:08:48+00:00","og_image":[{"width":1000,"height":700,"url":"http:\/\/vigrand.md\/wp-content\/uploads\/2022\/12\/8789790c-34f9-4777-81d4-05c14f6ae7ec.webp","type":"image\/webp"}],"twitter_card":"summary_large_image","twitter_misc":{"\u041f\u0440\u0438\u043c\u0435\u0440\u043d\u043e\u0435 \u0432\u0440\u0435\u043c\u044f \u0434\u043b\u044f \u0447\u0442\u0435\u043d\u0438\u044f":"2 \u043c\u0438\u043d\u0443\u0442\u044b"},"schema":{"@context":"https:\/\/schema.org","@graph":[{"@type":"WebPage","@id":"https:\/\/vigrand.md\/produs\/50-nanocell-smart-tv-lg-50qned816qa-3840-x-2160-4k-webos-negru\/","url":"https:\/\/vigrand.md\/produs\/50-nanocell-smart-tv-lg-50qned816qa-3840-x-2160-4k-webos-negru\/","name":"50\" Nanocell SMART TV LG 50QNED816QA, 3840 x 2160 4K, webOS, Negru - Sisteme termice in Moldova","isPartOf":{"@id":"https:\/\/vigrand.md\/#website"},"primaryImageOfPage":{"@id":"https:\/\/vigrand.md\/produs\/50-nanocell-smart-tv-lg-50qned816qa-3840-x-2160-4k-webos-negru\/#primaryimage"},"image":{"@id":"https:\/\/vigrand.md\/produs\/50-nanocell-smart-tv-lg-50qned816qa-3840-x-2160-4k-webos-negru\/#primaryimage"},"thumbnailUrl":"https:\/\/vigrand.md\/wp-content\/uploads\/2022\/12\/8789790c-34f9-4777-81d4-05c14f6ae7ec.webp","datePublished":"2022-12-06T14:36:52+00:00","dateModified":"2023-03-03T15:08:48+00:00","breadcrumb":{"@id":"https:\/\/vigrand.md\/produs\/50-nanocell-smart-tv-lg-50qned816qa-3840-x-2160-4k-webos-negru\/#breadcrumb"},"inLanguage":"ru-RU","potentialAction":[{"@type":"ReadAction","target":["https:\/\/vigrand.md\/produs\/50-nanocell-smart-tv-lg-50qned816qa-3840-x-2160-4k-webos-negru\/"]}]},{"@type":"ImageObject","inLanguage":"ru-RU","@id":"https:\/\/vigrand.md\/produs\/50-nanocell-smart-tv-lg-50qned816qa-3840-x-2160-4k-webos-negru\/#primaryimage","url":"https:\/\/vigrand.md\/wp-content\/uploads\/2022\/12\/8789790c-34f9-4777-81d4-05c14f6ae7ec.webp","contentUrl":"https:\/\/vigrand.md\/wp-content\/uploads\/2022\/12\/8789790c-34f9-4777-81d4-05c14f6ae7ec.webp","width":1000,"height":700},{"@type":"BreadcrumbList","@id":"https:\/\/vigrand.md\/produs\/50-nanocell-smart-tv-lg-50qned816qa-3840-x-2160-4k-webos-negru\/#breadcrumb","itemListElement":[{"@type":"ListItem","position":1,"name":"Prima pagin\u0103","item":"https:\/\/vigrand.md\/"},{"@type":"ListItem","position":2,"name":"Magazin","item":"https:\/\/vigrand.md\/magazin\/"},{"@type":"ListItem","position":3,"name":"50&#8243; Nanocell SMART TV LG 50QNED816QA, 3840 x 2160 4K, webOS, Negru"}]},{"@type":"WebSite","@id":"https:\/\/vigrand.md\/#website","url":"https:\/\/vigrand.md\/","name":"Sisteme termice in Moldova","description":"Magazin Online","potentialAction":[{"@type":"SearchAction","target":{"@type":"EntryPoint","urlTemplate":"https:\/\/vigrand.md\/?s={search_term_string}"},"query-input":{"@type":"PropertyValueSpecification","valueRequired":true,"valueName":"search_term_string"}}],"inLanguage":"ru-RU"}]}},"_links":{"self":[{"href":"https:\/\/vigrand.md\/ru\/wp-json\/wp\/v2\/product\/3163","targetHints":{"allow":["GET"]}}],"collection":[{"href":"https:\/\/vigrand.md\/ru\/wp-json\/wp\/v2\/product"}],"about":[{"href":"https:\/\/vigrand.md\/ru\/wp-json\/wp\/v2\/types\/product"}],"wp:featuredmedia":[{"embeddable":true,"href":"https:\/\/vigrand.md\/ru\/wp-json\/wp\/v2\/media\/3165"}],"wp:attachment":[{"href":"https:\/\/vigrand.md\/ru\/wp-json\/wp\/v2\/media?parent=3163"}],"wp:term":[{"taxonomy":"product_cat","embeddable":true,"href":"https:\/\/vigrand.md\/ru\/wp-json\/wp\/v2\/product_cat?post=3163"},{"taxonomy":"product_tag","embeddable":true,"href":"https:\/\/vigrand.md\/ru\/wp-json\/wp\/v2\/product_tag?post=3163"}],"curies":[{"name":"wp","href":"https:\/\/api.w.org\/{rel}","templated":true}]}}