{"id":3215,"date":"2022-12-06T15:44:05","date_gmt":"2022-12-06T15:44:05","guid":{"rendered":"https:\/\/magazin.perfectionagency.com\/?post_type=product&#038;p=3215"},"modified":"2023-03-03T15:07:19","modified_gmt":"2023-03-03T15:07:19","slug":"50-led-smart-tv-lg-50uq75006lf-3840-x-2160-4k-webos-negru","status":"publish","type":"product","link":"https:\/\/vigrand.md\/ru\/produs\/50-led-smart-tv-lg-50uq75006lf-3840-x-2160-4k-webos-negru\/","title":{"rendered":"50&#8243; LED SMART TV LG 50UQ75006LF, 3840 x 2160 4K, webOS, Negru"},"content":{"rendered":"<p><strong>Dispaly<\/strong><br \/>\nTip LED SMART TV<br \/>\nDiagonala ecranului 50 inch<br \/>\nTip panou VA<br \/>\nIluminarea de fundal DLED<br \/>\nCurbura ecranului Plat<br \/>\nAd\u00e2ncime culori 8-bit<br \/>\nFormate HDR HDR10 Pro<br \/>\nRata maxim\u0103 de re\u00eemprosp\u0103tare 60 Hz<br \/>\nRezolutia ecranului 3840 x 2160 4K<br \/>\n<strong>Sistem audio<\/strong><br \/>\nSistem Canale Audio 2.0<br \/>\nSuport pentru modul de sunet surround Ultra Surround<br \/>\nBoxe \u00eencorporate 2x10W<br \/>\n<strong>Caracteristici<\/strong><br \/>\nPlatform\u0103 software webOS<br \/>\nTuner TV DVB-T2\/C\/S2, DVB-C, DVB-T, DVB-S<br \/>\nDLNA Da<br \/>\nHDMI CEC Da<br \/>\nSystem on Chip (SoC)<br \/>\nNumar Nuclee 4x Cores<br \/>\n<strong>Terminal de conectivitate<\/strong><br \/>\nIntr\u0103ri HDMI 2x HDMI 2.0<br \/>\nHDMI ARC (Audio Return Channel) Da<br \/>\nCI Slot Da<br \/>\nWi-Fi Wi-Fi 802.11 a\/b\/g\/n\/ac<br \/>\nWi-Fi Direct Da<br \/>\nRe\u021bea Ethernet Da<br \/>\nUSB Type-A 1x USB2.0<br \/>\nIntrare anten\u0103 1x (RF)<br \/>\nBluetooth 5.0<br \/>\nIe\u0219ire Audio Optic\u0103 Da<br \/>\n<strong>Design \u0219i Culoare<\/strong><br \/>\nCuloare Negru<br \/>\nInterfa\u021b\u0103 de montare VESA 200&#215;200<br \/>\nClasa de eficien\u021b\u0103 energetic\u0103 G<br \/>\nDesign Rame Rama Sub\u021bire<br \/>\nMateriale Plastic ABS<br \/>\n<strong>Dimensiuni \u0219i Greutate<\/strong><br \/>\nL\u0103\u021bime 1130 mm<br \/>\n\u00cen\u0103l\u021bime 663 mm<br \/>\nAd\u00e2ncime 86.3 mm<br \/>\nGreutate 11.3 kg<\/p>","protected":false},"excerpt":{"rendered":"<p>Dispaly Tip LED SMART TV Diagonala ecranului 50 inch Tip panou VA Iluminarea de fundal DLED Curbura ecranului Plat Ad\u00e2ncime culori 8-bit Formate HDR HDR10 Pro Rata maxim\u0103 de re\u00eemprosp\u0103tare 60 Hz Rezolutia ecranului 3840 x 2160 4K Sistem audio Sistem Canale Audio 2.0 Suport pentru modul de sunet surround Ultra Surround Boxe \u00eencorporate 2x10W&hellip;<\/p>","protected":false},"featured_media":3219,"template":"","meta":[],"product_cat":[164],"product_tag":[],"class_list":{"0":"post-3215","1":"product","2":"type-product","3":"status-publish","4":"has-post-thumbnail","6":"product_brand-lg","7":"product_cat-televizoare","8":"pa_culoare-negru","9":"pa_diagonala-ecranului-247","10":"pa_rezolutia-ecranului-3840x2160-4k","11":"pa_suport-smart-tv-da","12":"pa_tipul-matricei-led","14":"first","15":"outofstock","16":"shipping-taxable","17":"purchasable","18":"product-type-simple","19":"col-xs-6 col-sm-4","20":"col-md-3 col-lg-3","21":"un-4-cols"},"yoast_head":"<!-- This site is optimized with the Yoast SEO plugin v27.1.1 - https:\/\/yoast.com\/product\/yoast-seo-wordpress\/ -->\n<title>50&quot; LED SMART TV LG 50UQ75006LF, 3840 x 2160 4K, webOS, Negru - Sisteme termice in Moldova<\/title>\n<meta name=\"robots\" content=\"index, follow, max-snippet:-1, max-image-preview:large, max-video-preview:-1\" \/>\n<link rel=\"canonical\" href=\"https:\/\/vigrand.md\/ru\/produs\/50-led-smart-tv-lg-50uq75006lf-3840-x-2160-4k-webos-negru\/\" \/>\n<meta property=\"og:locale\" content=\"ru_RU\" \/>\n<meta property=\"og:type\" content=\"article\" \/>\n<meta property=\"og:title\" content=\"50&quot; LED SMART TV LG 50UQ75006LF, 3840 x 2160 4K, webOS, Negru - Sisteme termice in Moldova\" \/>\n<meta property=\"og:description\" content=\"Dispaly Tip LED SMART TV Diagonala ecranului 50 inch Tip panou VA Iluminarea de fundal DLED Curbura ecranului Plat Ad\u00e2ncime culori 8-bit Formate HDR HDR10 Pro Rata maxim\u0103 de re\u00eemprosp\u0103tare 60 Hz Rezolutia ecranului 3840 x 2160 4K Sistem audio Sistem Canale Audio 2.0 Suport pentru modul de sunet surround Ultra Surround Boxe \u00eencorporate 2x10W&hellip;\" \/>\n<meta property=\"og:url\" content=\"https:\/\/vigrand.md\/ru\/produs\/50-led-smart-tv-lg-50uq75006lf-3840-x-2160-4k-webos-negru\/\" \/>\n<meta property=\"og:site_name\" content=\"Sisteme termice in Moldova\" \/>\n<meta property=\"article:modified_time\" content=\"2023-03-03T15:07:19+00:00\" \/>\n<meta property=\"og:image\" content=\"http:\/\/vigrand.md\/wp-content\/uploads\/2022\/12\/51c43e05-b7e4-401a-915e-7fca7de25cd0.webp\" \/>\n\t<meta property=\"og:image:width\" content=\"1000\" \/>\n\t<meta property=\"og:image:height\" content=\"696\" \/>\n\t<meta property=\"og:image:type\" content=\"image\/webp\" \/>\n<meta name=\"twitter:card\" content=\"summary_large_image\" \/>\n<meta name=\"twitter:label1\" content=\"\u041f\u0440\u0438\u043c\u0435\u0440\u043d\u043e\u0435 \u0432\u0440\u0435\u043c\u044f \u0434\u043b\u044f \u0447\u0442\u0435\u043d\u0438\u044f\" \/>\n\t<meta name=\"twitter:data1\" content=\"1 \u043c\u0438\u043d\u0443\u0442\u0430\" \/>\n<script type=\"application\/ld+json\" class=\"yoast-schema-graph\">{\"@context\":\"https:\/\/schema.org\",\"@graph\":[{\"@type\":\"WebPage\",\"@id\":\"https:\/\/vigrand.md\/produs\/50-led-smart-tv-lg-50uq75006lf-3840-x-2160-4k-webos-negru\/\",\"url\":\"https:\/\/vigrand.md\/produs\/50-led-smart-tv-lg-50uq75006lf-3840-x-2160-4k-webos-negru\/\",\"name\":\"50\\\" LED SMART TV LG 50UQ75006LF, 3840 x 2160 4K, webOS, Negru - Sisteme termice in Moldova\",\"isPartOf\":{\"@id\":\"https:\/\/vigrand.md\/#website\"},\"primaryImageOfPage\":{\"@id\":\"https:\/\/vigrand.md\/produs\/50-led-smart-tv-lg-50uq75006lf-3840-x-2160-4k-webos-negru\/#primaryimage\"},\"image\":{\"@id\":\"https:\/\/vigrand.md\/produs\/50-led-smart-tv-lg-50uq75006lf-3840-x-2160-4k-webos-negru\/#primaryimage\"},\"thumbnailUrl\":\"https:\/\/vigrand.md\/wp-content\/uploads\/2022\/12\/51c43e05-b7e4-401a-915e-7fca7de25cd0.webp\",\"datePublished\":\"2022-12-06T15:44:05+00:00\",\"dateModified\":\"2023-03-03T15:07:19+00:00\",\"breadcrumb\":{\"@id\":\"https:\/\/vigrand.md\/produs\/50-led-smart-tv-lg-50uq75006lf-3840-x-2160-4k-webos-negru\/#breadcrumb\"},\"inLanguage\":\"ru-RU\",\"potentialAction\":[{\"@type\":\"ReadAction\",\"target\":[\"https:\/\/vigrand.md\/produs\/50-led-smart-tv-lg-50uq75006lf-3840-x-2160-4k-webos-negru\/\"]}]},{\"@type\":\"ImageObject\",\"inLanguage\":\"ru-RU\",\"@id\":\"https:\/\/vigrand.md\/produs\/50-led-smart-tv-lg-50uq75006lf-3840-x-2160-4k-webos-negru\/#primaryimage\",\"url\":\"https:\/\/vigrand.md\/wp-content\/uploads\/2022\/12\/51c43e05-b7e4-401a-915e-7fca7de25cd0.webp\",\"contentUrl\":\"https:\/\/vigrand.md\/wp-content\/uploads\/2022\/12\/51c43e05-b7e4-401a-915e-7fca7de25cd0.webp\",\"width\":1000,\"height\":696},{\"@type\":\"BreadcrumbList\",\"@id\":\"https:\/\/vigrand.md\/produs\/50-led-smart-tv-lg-50uq75006lf-3840-x-2160-4k-webos-negru\/#breadcrumb\",\"itemListElement\":[{\"@type\":\"ListItem\",\"position\":1,\"name\":\"Prima pagin\u0103\",\"item\":\"https:\/\/vigrand.md\/\"},{\"@type\":\"ListItem\",\"position\":2,\"name\":\"Magazin\",\"item\":\"https:\/\/vigrand.md\/magazin\/\"},{\"@type\":\"ListItem\",\"position\":3,\"name\":\"50&#8243; LED SMART TV LG 50UQ75006LF, 3840 x 2160 4K, webOS, Negru\"}]},{\"@type\":\"WebSite\",\"@id\":\"https:\/\/vigrand.md\/#website\",\"url\":\"https:\/\/vigrand.md\/\",\"name\":\"Sisteme termice in Moldova\",\"description\":\"Magazin Online\",\"potentialAction\":[{\"@type\":\"SearchAction\",\"target\":{\"@type\":\"EntryPoint\",\"urlTemplate\":\"https:\/\/vigrand.md\/?s={search_term_string}\"},\"query-input\":{\"@type\":\"PropertyValueSpecification\",\"valueRequired\":true,\"valueName\":\"search_term_string\"}}],\"inLanguage\":\"ru-RU\"}]}<\/script>\n<!-- \/ Yoast SEO plugin. -->","yoast_head_json":{"title":"50\" LED SMART TV LG 50UQ75006LF, 3840 x 2160 4K, webOS, Negru - Sisteme termice in Moldova","robots":{"index":"index","follow":"follow","max-snippet":"max-snippet:-1","max-image-preview":"max-image-preview:large","max-video-preview":"max-video-preview:-1"},"canonical":"https:\/\/vigrand.md\/ru\/produs\/50-led-smart-tv-lg-50uq75006lf-3840-x-2160-4k-webos-negru\/","og_locale":"ru_RU","og_type":"article","og_title":"50\" LED SMART TV LG 50UQ75006LF, 3840 x 2160 4K, webOS, Negru - Sisteme termice in Moldova","og_description":"Dispaly Tip LED SMART TV Diagonala ecranului 50 inch Tip panou VA Iluminarea de fundal DLED Curbura ecranului Plat Ad\u00e2ncime culori 8-bit Formate HDR HDR10 Pro Rata maxim\u0103 de re\u00eemprosp\u0103tare 60 Hz Rezolutia ecranului 3840 x 2160 4K Sistem audio Sistem Canale Audio 2.0 Suport pentru modul de sunet surround Ultra Surround Boxe \u00eencorporate 2x10W&hellip;","og_url":"https:\/\/vigrand.md\/ru\/produs\/50-led-smart-tv-lg-50uq75006lf-3840-x-2160-4k-webos-negru\/","og_site_name":"Sisteme termice in Moldova","article_modified_time":"2023-03-03T15:07:19+00:00","og_image":[{"width":1000,"height":696,"url":"http:\/\/vigrand.md\/wp-content\/uploads\/2022\/12\/51c43e05-b7e4-401a-915e-7fca7de25cd0.webp","type":"image\/webp"}],"twitter_card":"summary_large_image","twitter_misc":{"\u041f\u0440\u0438\u043c\u0435\u0440\u043d\u043e\u0435 \u0432\u0440\u0435\u043c\u044f \u0434\u043b\u044f \u0447\u0442\u0435\u043d\u0438\u044f":"1 \u043c\u0438\u043d\u0443\u0442\u0430"},"schema":{"@context":"https:\/\/schema.org","@graph":[{"@type":"WebPage","@id":"https:\/\/vigrand.md\/produs\/50-led-smart-tv-lg-50uq75006lf-3840-x-2160-4k-webos-negru\/","url":"https:\/\/vigrand.md\/produs\/50-led-smart-tv-lg-50uq75006lf-3840-x-2160-4k-webos-negru\/","name":"50\" LED SMART TV LG 50UQ75006LF, 3840 x 2160 4K, webOS, Negru - Sisteme termice in Moldova","isPartOf":{"@id":"https:\/\/vigrand.md\/#website"},"primaryImageOfPage":{"@id":"https:\/\/vigrand.md\/produs\/50-led-smart-tv-lg-50uq75006lf-3840-x-2160-4k-webos-negru\/#primaryimage"},"image":{"@id":"https:\/\/vigrand.md\/produs\/50-led-smart-tv-lg-50uq75006lf-3840-x-2160-4k-webos-negru\/#primaryimage"},"thumbnailUrl":"https:\/\/vigrand.md\/wp-content\/uploads\/2022\/12\/51c43e05-b7e4-401a-915e-7fca7de25cd0.webp","datePublished":"2022-12-06T15:44:05+00:00","dateModified":"2023-03-03T15:07:19+00:00","breadcrumb":{"@id":"https:\/\/vigrand.md\/produs\/50-led-smart-tv-lg-50uq75006lf-3840-x-2160-4k-webos-negru\/#breadcrumb"},"inLanguage":"ru-RU","potentialAction":[{"@type":"ReadAction","target":["https:\/\/vigrand.md\/produs\/50-led-smart-tv-lg-50uq75006lf-3840-x-2160-4k-webos-negru\/"]}]},{"@type":"ImageObject","inLanguage":"ru-RU","@id":"https:\/\/vigrand.md\/produs\/50-led-smart-tv-lg-50uq75006lf-3840-x-2160-4k-webos-negru\/#primaryimage","url":"https:\/\/vigrand.md\/wp-content\/uploads\/2022\/12\/51c43e05-b7e4-401a-915e-7fca7de25cd0.webp","contentUrl":"https:\/\/vigrand.md\/wp-content\/uploads\/2022\/12\/51c43e05-b7e4-401a-915e-7fca7de25cd0.webp","width":1000,"height":696},{"@type":"BreadcrumbList","@id":"https:\/\/vigrand.md\/produs\/50-led-smart-tv-lg-50uq75006lf-3840-x-2160-4k-webos-negru\/#breadcrumb","itemListElement":[{"@type":"ListItem","position":1,"name":"Prima pagin\u0103","item":"https:\/\/vigrand.md\/"},{"@type":"ListItem","position":2,"name":"Magazin","item":"https:\/\/vigrand.md\/magazin\/"},{"@type":"ListItem","position":3,"name":"50&#8243; LED SMART TV LG 50UQ75006LF, 3840 x 2160 4K, webOS, Negru"}]},{"@type":"WebSite","@id":"https:\/\/vigrand.md\/#website","url":"https:\/\/vigrand.md\/","name":"Sisteme termice in Moldova","description":"Magazin Online","potentialAction":[{"@type":"SearchAction","target":{"@type":"EntryPoint","urlTemplate":"https:\/\/vigrand.md\/?s={search_term_string}"},"query-input":{"@type":"PropertyValueSpecification","valueRequired":true,"valueName":"search_term_string"}}],"inLanguage":"ru-RU"}]}},"_links":{"self":[{"href":"https:\/\/vigrand.md\/ru\/wp-json\/wp\/v2\/product\/3215","targetHints":{"allow":["GET"]}}],"collection":[{"href":"https:\/\/vigrand.md\/ru\/wp-json\/wp\/v2\/product"}],"about":[{"href":"https:\/\/vigrand.md\/ru\/wp-json\/wp\/v2\/types\/product"}],"wp:featuredmedia":[{"embeddable":true,"href":"https:\/\/vigrand.md\/ru\/wp-json\/wp\/v2\/media\/3219"}],"wp:attachment":[{"href":"https:\/\/vigrand.md\/ru\/wp-json\/wp\/v2\/media?parent=3215"}],"wp:term":[{"taxonomy":"product_cat","embeddable":true,"href":"https:\/\/vigrand.md\/ru\/wp-json\/wp\/v2\/product_cat?post=3215"},{"taxonomy":"product_tag","embeddable":true,"href":"https:\/\/vigrand.md\/ru\/wp-json\/wp\/v2\/product_tag?post=3215"}],"curies":[{"name":"wp","href":"https:\/\/api.w.org\/{rel}","templated":true}]}}