{"id":3306,"date":"2022-12-06T17:43:23","date_gmt":"2022-12-06T17:43:23","guid":{"rendered":"https:\/\/magazin.perfectionagency.com\/?post_type=product&#038;p=3306"},"modified":"2023-03-03T14:58:22","modified_gmt":"2023-03-03T14:58:22","slug":"aspirator-traditional-samsung-vc18m2150sg-uk-negru","status":"publish","type":"product","link":"https:\/\/vigrand.md\/ru\/produs\/aspirator-traditional-samsung-vc18m2150sg-uk-negru\/","title":{"rendered":"Aspirator Tradi\u021bional Samsung VC18M2150SG\/UK, Negru"},"content":{"rendered":"<p><strong>Caracteristici de Baz\u0103<\/strong><br \/>\nTip Aspirator Aspirator Tradi\u021bional<br \/>\nOp\u021biuni de cur\u0103\u021bare Uscata<br \/>\nTip colector de praf Container<br \/>\nConsum energie 1800 W<br \/>\nVolum container de praf 1.5 l<br \/>\nPuterea de aspirare 380 W<br \/>\nNivel de zgomot maxim 87 dB<br \/>\nNuan\u021b\u0103 culoare Negru<br \/>\n<strong>Alimentare \u0219i acumulator<\/strong><br \/>\nSurs\u0103 de alimentare Re\u021bea electric\u0103<br \/>\n<strong>Filtrare<\/strong><br \/>\nFiltru evacuare HEPA 11<br \/>\nControl \u0219i Indica\u021bie<br \/>\nReglarea puterii Pe corp<br \/>\n<strong>Design<\/strong><br \/>\nConducta de aspirare Telescopic<br \/>\nMaterialul conductei de aspirare O\u021bel<br \/>\n\u00cenf\u0103\u0219urarea automat\u0103 a cablului Da<br \/>\nLungime cablu alimentare 6 m<br \/>\nPerie covor\/podea Da<br \/>\nPerie turbo Da<br \/>\nAccesorii pentru aspirator Duz\u0103 pentru spa\u021bii \u00eenguste<br \/>\nSet Duz\u0103 pentru spa\u021bii \u00eenguste<br \/>\n<strong>Dimensiuni \u0219i Greutate<\/strong><br \/>\nAd\u00e2ncime 39.8 cm<br \/>\nL\u0103\u0163ime 24.3 cm<br \/>\n\u00cen\u0103l\u0163ime 27.2 cm<br \/>\nGreutate 6.7 kg<br \/>\nDesign \u0219i Culoare<br \/>\nCuloare Negru<\/p>","protected":false},"excerpt":{"rendered":"<p>Caracteristici de Baz\u0103 Tip Aspirator Aspirator Tradi\u021bional Op\u021biuni de cur\u0103\u021bare Uscata Tip colector de praf Container Consum energie 1800 W Volum container de praf 1.5 l Puterea de aspirare 380 W Nivel de zgomot maxim 87 dB Nuan\u021b\u0103 culoare Negru Alimentare \u0219i acumulator Surs\u0103 de alimentare Re\u021bea electric\u0103 Filtrare Filtru evacuare HEPA 11 Control \u0219i&hellip;<\/p>","protected":false},"featured_media":3309,"template":"","meta":[],"product_cat":[168],"product_tag":[],"class_list":{"0":"post-3306","1":"product","2":"type-product","3":"status-publish","4":"has-post-thumbnail","6":"product_brand-samsung","7":"product_cat-aspiratoare","8":"pa_consum-energie-1800-w","9":"pa_nivel-de-zgomot-maxim-87-db","10":"pa_optiuni-de-curatare-uscata","11":"pa_puterea-de-aspirare-380-w","12":"pa_tip-colector-de-praf-container","13":"pa_volum-container-de-praf-15-l","15":"first","16":"outofstock","17":"shipping-taxable","18":"purchasable","19":"product-type-simple","20":"col-xs-6 col-sm-4","21":"col-md-3 col-lg-3","22":"un-4-cols"},"yoast_head":"<!-- This site is optimized with the Yoast SEO plugin v27.1.1 - https:\/\/yoast.com\/product\/yoast-seo-wordpress\/ -->\n<title>Aspirator Tradi\u021bional Samsung VC18M2150SG\/UK, Negru - Sisteme termice in Moldova<\/title>\n<meta name=\"robots\" content=\"index, follow, max-snippet:-1, max-image-preview:large, max-video-preview:-1\" \/>\n<link rel=\"canonical\" href=\"https:\/\/vigrand.md\/ru\/produs\/aspirator-traditional-samsung-vc18m2150sg-uk-negru\/\" \/>\n<meta property=\"og:locale\" content=\"ru_RU\" \/>\n<meta property=\"og:type\" content=\"article\" \/>\n<meta property=\"og:title\" content=\"Aspirator Tradi\u021bional Samsung VC18M2150SG\/UK, Negru - Sisteme termice in Moldova\" \/>\n<meta property=\"og:description\" content=\"Caracteristici de Baz\u0103 Tip Aspirator Aspirator Tradi\u021bional Op\u021biuni de cur\u0103\u021bare Uscata Tip colector de praf Container Consum energie 1800 W Volum container de praf 1.5 l Puterea de aspirare 380 W Nivel de zgomot maxim 87 dB Nuan\u021b\u0103 culoare Negru Alimentare \u0219i acumulator Surs\u0103 de alimentare Re\u021bea electric\u0103 Filtrare Filtru evacuare HEPA 11 Control \u0219i&hellip;\" \/>\n<meta property=\"og:url\" content=\"https:\/\/vigrand.md\/ru\/produs\/aspirator-traditional-samsung-vc18m2150sg-uk-negru\/\" \/>\n<meta property=\"og:site_name\" content=\"Sisteme termice in Moldova\" \/>\n<meta property=\"article:modified_time\" content=\"2023-03-03T14:58:22+00:00\" \/>\n<meta property=\"og:image\" content=\"http:\/\/vigrand.md\/wp-content\/uploads\/2022\/12\/f3b1343b-831b-496b-a444-8a55492711b8.webp\" \/>\n\t<meta property=\"og:image:width\" content=\"1000\" \/>\n\t<meta property=\"og:image:height\" content=\"1000\" \/>\n\t<meta property=\"og:image:type\" content=\"image\/webp\" \/>\n<meta name=\"twitter:card\" content=\"summary_large_image\" \/>\n<meta name=\"twitter:label1\" content=\"\u041f\u0440\u0438\u043c\u0435\u0440\u043d\u043e\u0435 \u0432\u0440\u0435\u043c\u044f \u0434\u043b\u044f \u0447\u0442\u0435\u043d\u0438\u044f\" \/>\n\t<meta name=\"twitter:data1\" content=\"1 \u043c\u0438\u043d\u0443\u0442\u0430\" \/>\n<script type=\"application\/ld+json\" class=\"yoast-schema-graph\">{\"@context\":\"https:\/\/schema.org\",\"@graph\":[{\"@type\":\"WebPage\",\"@id\":\"https:\/\/vigrand.md\/produs\/aspirator-traditional-samsung-vc18m2150sg-uk-negru\/\",\"url\":\"https:\/\/vigrand.md\/produs\/aspirator-traditional-samsung-vc18m2150sg-uk-negru\/\",\"name\":\"Aspirator Tradi\u021bional Samsung VC18M2150SG\/UK, Negru - Sisteme termice in Moldova\",\"isPartOf\":{\"@id\":\"https:\/\/vigrand.md\/#website\"},\"primaryImageOfPage\":{\"@id\":\"https:\/\/vigrand.md\/produs\/aspirator-traditional-samsung-vc18m2150sg-uk-negru\/#primaryimage\"},\"image\":{\"@id\":\"https:\/\/vigrand.md\/produs\/aspirator-traditional-samsung-vc18m2150sg-uk-negru\/#primaryimage\"},\"thumbnailUrl\":\"https:\/\/vigrand.md\/wp-content\/uploads\/2022\/12\/f3b1343b-831b-496b-a444-8a55492711b8.webp\",\"datePublished\":\"2022-12-06T17:43:23+00:00\",\"dateModified\":\"2023-03-03T14:58:22+00:00\",\"breadcrumb\":{\"@id\":\"https:\/\/vigrand.md\/produs\/aspirator-traditional-samsung-vc18m2150sg-uk-negru\/#breadcrumb\"},\"inLanguage\":\"ru-RU\",\"potentialAction\":[{\"@type\":\"ReadAction\",\"target\":[\"https:\/\/vigrand.md\/produs\/aspirator-traditional-samsung-vc18m2150sg-uk-negru\/\"]}]},{\"@type\":\"ImageObject\",\"inLanguage\":\"ru-RU\",\"@id\":\"https:\/\/vigrand.md\/produs\/aspirator-traditional-samsung-vc18m2150sg-uk-negru\/#primaryimage\",\"url\":\"https:\/\/vigrand.md\/wp-content\/uploads\/2022\/12\/f3b1343b-831b-496b-a444-8a55492711b8.webp\",\"contentUrl\":\"https:\/\/vigrand.md\/wp-content\/uploads\/2022\/12\/f3b1343b-831b-496b-a444-8a55492711b8.webp\",\"width\":1000,\"height\":1000},{\"@type\":\"BreadcrumbList\",\"@id\":\"https:\/\/vigrand.md\/produs\/aspirator-traditional-samsung-vc18m2150sg-uk-negru\/#breadcrumb\",\"itemListElement\":[{\"@type\":\"ListItem\",\"position\":1,\"name\":\"Prima pagin\u0103\",\"item\":\"https:\/\/vigrand.md\/\"},{\"@type\":\"ListItem\",\"position\":2,\"name\":\"Magazin\",\"item\":\"https:\/\/vigrand.md\/magazin\/\"},{\"@type\":\"ListItem\",\"position\":3,\"name\":\"Aspirator Tradi\u021bional Samsung VC18M2150SG\/UK, Negru\"}]},{\"@type\":\"WebSite\",\"@id\":\"https:\/\/vigrand.md\/#website\",\"url\":\"https:\/\/vigrand.md\/\",\"name\":\"Sisteme termice in Moldova\",\"description\":\"Magazin Online\",\"potentialAction\":[{\"@type\":\"SearchAction\",\"target\":{\"@type\":\"EntryPoint\",\"urlTemplate\":\"https:\/\/vigrand.md\/?s={search_term_string}\"},\"query-input\":{\"@type\":\"PropertyValueSpecification\",\"valueRequired\":true,\"valueName\":\"search_term_string\"}}],\"inLanguage\":\"ru-RU\"}]}<\/script>\n<!-- \/ Yoast SEO plugin. -->","yoast_head_json":{"title":"Aspirator Tradi\u021bional Samsung VC18M2150SG\/UK, Negru - Sisteme termice in Moldova","robots":{"index":"index","follow":"follow","max-snippet":"max-snippet:-1","max-image-preview":"max-image-preview:large","max-video-preview":"max-video-preview:-1"},"canonical":"https:\/\/vigrand.md\/ru\/produs\/aspirator-traditional-samsung-vc18m2150sg-uk-negru\/","og_locale":"ru_RU","og_type":"article","og_title":"Aspirator Tradi\u021bional Samsung VC18M2150SG\/UK, Negru - Sisteme termice in Moldova","og_description":"Caracteristici de Baz\u0103 Tip Aspirator Aspirator Tradi\u021bional Op\u021biuni de cur\u0103\u021bare Uscata Tip colector de praf Container Consum energie 1800 W Volum container de praf 1.5 l Puterea de aspirare 380 W Nivel de zgomot maxim 87 dB Nuan\u021b\u0103 culoare Negru Alimentare \u0219i acumulator Surs\u0103 de alimentare Re\u021bea electric\u0103 Filtrare Filtru evacuare HEPA 11 Control \u0219i&hellip;","og_url":"https:\/\/vigrand.md\/ru\/produs\/aspirator-traditional-samsung-vc18m2150sg-uk-negru\/","og_site_name":"Sisteme termice in Moldova","article_modified_time":"2023-03-03T14:58:22+00:00","og_image":[{"width":1000,"height":1000,"url":"http:\/\/vigrand.md\/wp-content\/uploads\/2022\/12\/f3b1343b-831b-496b-a444-8a55492711b8.webp","type":"image\/webp"}],"twitter_card":"summary_large_image","twitter_misc":{"\u041f\u0440\u0438\u043c\u0435\u0440\u043d\u043e\u0435 \u0432\u0440\u0435\u043c\u044f \u0434\u043b\u044f \u0447\u0442\u0435\u043d\u0438\u044f":"1 \u043c\u0438\u043d\u0443\u0442\u0430"},"schema":{"@context":"https:\/\/schema.org","@graph":[{"@type":"WebPage","@id":"https:\/\/vigrand.md\/produs\/aspirator-traditional-samsung-vc18m2150sg-uk-negru\/","url":"https:\/\/vigrand.md\/produs\/aspirator-traditional-samsung-vc18m2150sg-uk-negru\/","name":"Aspirator Tradi\u021bional Samsung VC18M2150SG\/UK, Negru - Sisteme termice in Moldova","isPartOf":{"@id":"https:\/\/vigrand.md\/#website"},"primaryImageOfPage":{"@id":"https:\/\/vigrand.md\/produs\/aspirator-traditional-samsung-vc18m2150sg-uk-negru\/#primaryimage"},"image":{"@id":"https:\/\/vigrand.md\/produs\/aspirator-traditional-samsung-vc18m2150sg-uk-negru\/#primaryimage"},"thumbnailUrl":"https:\/\/vigrand.md\/wp-content\/uploads\/2022\/12\/f3b1343b-831b-496b-a444-8a55492711b8.webp","datePublished":"2022-12-06T17:43:23+00:00","dateModified":"2023-03-03T14:58:22+00:00","breadcrumb":{"@id":"https:\/\/vigrand.md\/produs\/aspirator-traditional-samsung-vc18m2150sg-uk-negru\/#breadcrumb"},"inLanguage":"ru-RU","potentialAction":[{"@type":"ReadAction","target":["https:\/\/vigrand.md\/produs\/aspirator-traditional-samsung-vc18m2150sg-uk-negru\/"]}]},{"@type":"ImageObject","inLanguage":"ru-RU","@id":"https:\/\/vigrand.md\/produs\/aspirator-traditional-samsung-vc18m2150sg-uk-negru\/#primaryimage","url":"https:\/\/vigrand.md\/wp-content\/uploads\/2022\/12\/f3b1343b-831b-496b-a444-8a55492711b8.webp","contentUrl":"https:\/\/vigrand.md\/wp-content\/uploads\/2022\/12\/f3b1343b-831b-496b-a444-8a55492711b8.webp","width":1000,"height":1000},{"@type":"BreadcrumbList","@id":"https:\/\/vigrand.md\/produs\/aspirator-traditional-samsung-vc18m2150sg-uk-negru\/#breadcrumb","itemListElement":[{"@type":"ListItem","position":1,"name":"Prima pagin\u0103","item":"https:\/\/vigrand.md\/"},{"@type":"ListItem","position":2,"name":"Magazin","item":"https:\/\/vigrand.md\/magazin\/"},{"@type":"ListItem","position":3,"name":"Aspirator Tradi\u021bional Samsung VC18M2150SG\/UK, Negru"}]},{"@type":"WebSite","@id":"https:\/\/vigrand.md\/#website","url":"https:\/\/vigrand.md\/","name":"Sisteme termice in Moldova","description":"Magazin Online","potentialAction":[{"@type":"SearchAction","target":{"@type":"EntryPoint","urlTemplate":"https:\/\/vigrand.md\/?s={search_term_string}"},"query-input":{"@type":"PropertyValueSpecification","valueRequired":true,"valueName":"search_term_string"}}],"inLanguage":"ru-RU"}]}},"_links":{"self":[{"href":"https:\/\/vigrand.md\/ru\/wp-json\/wp\/v2\/product\/3306","targetHints":{"allow":["GET"]}}],"collection":[{"href":"https:\/\/vigrand.md\/ru\/wp-json\/wp\/v2\/product"}],"about":[{"href":"https:\/\/vigrand.md\/ru\/wp-json\/wp\/v2\/types\/product"}],"wp:featuredmedia":[{"embeddable":true,"href":"https:\/\/vigrand.md\/ru\/wp-json\/wp\/v2\/media\/3309"}],"wp:attachment":[{"href":"https:\/\/vigrand.md\/ru\/wp-json\/wp\/v2\/media?parent=3306"}],"wp:term":[{"taxonomy":"product_cat","embeddable":true,"href":"https:\/\/vigrand.md\/ru\/wp-json\/wp\/v2\/product_cat?post=3306"},{"taxonomy":"product_tag","embeddable":true,"href":"https:\/\/vigrand.md\/ru\/wp-json\/wp\/v2\/product_tag?post=3306"}],"curies":[{"name":"wp","href":"https:\/\/api.w.org\/{rel}","templated":true}]}}