{"id":3356,"date":"2022-12-06T18:19:27","date_gmt":"2022-12-06T18:19:27","guid":{"rendered":"https:\/\/magazin.perfectionagency.com\/?post_type=product&#038;p=3356"},"modified":"2023-03-03T14:55:04","modified_gmt":"2023-03-03T14:55:04","slug":"masina-de-spalat-lg-f2wv3s7s0e-7kg-alb","status":"publish","type":"product","link":"https:\/\/vigrand.md\/ru\/produs\/masina-de-spalat-lg-f2wv3s7s0e-7kg-alb\/","title":{"rendered":"Ma\u0219in\u0103 de sp\u0103lat LG F2WV3S7S0E, 7kg, Alb"},"content":{"rendered":"<p><strong>Caracteristici de Baz\u0103<\/strong><br \/>\nTip ma\u0219ina Ma\u0219in\u0103 de sp\u0103lat<br \/>\n\u00cencarcare maxim\u0103 7 kg<br \/>\nMod \u00eenc\u0103rcare rufe Frontal\u0103<br \/>\nTehnologie Inverter Da<br \/>\nConducere direct\u0103 Da<br \/>\nTip instalare Independent\u0103<br \/>\nClasa de eficien\u021b\u0103 energetic\u0103 D<br \/>\nCuloare u\u0219\u0103 Negru<br \/>\nCuloare Alb<br \/>\n<strong>Programe<\/strong><br \/>\nNumar de programe 14<br \/>\nPrograme automate Bumbac, l\u00e2n\u0103, rapid, p\u0103tur\u0103, sport, lini\u0219tit, delicat, cl\u0103tire<br \/>\nRegime de temperatura 20\u00b0C \/30\u00b0C \/40\u00b0C \/60\u00b0C \/95\u00b0C<br \/>\nSpalare rapida 15 minute<br \/>\n<strong>Control \u0219i Indica\u021bie<\/strong><br \/>\nIndica\u0163ie Ecran Led Digital Tactil<br \/>\nTip control Senzor, Rotative<br \/>\nSemnal sonor Da<br \/>\nBlocare pentru copii Da<br \/>\n<strong>Stoarcere<\/strong><br \/>\nClasa de centrifugare B<br \/>\nTura\u0163ii maxime stoarcere 1200 rot\/min<br \/>\nSpalare fara stoarcere Da<br \/>\n<strong>Caracteristici<\/strong><br \/>\nDiametrul trapei 30 cm<br \/>\nCur\u0103\u021bare cu abur Da<br \/>\nAutocur\u0103\u021bare Da<br \/>\n<strong>Dimensiuni \u0219i Greutate<\/strong><br \/>\nL\u0103\u0163ime 60 cm<br \/>\n\u00cen\u0103l\u0163ime 85 cm<br \/>\nAd\u00e2ncime 47.5 cm<br \/>\nGreutate 60 kg<\/p>","protected":false},"excerpt":{"rendered":"<p>Caracteristici de Baz\u0103 Tip ma\u0219ina Ma\u0219in\u0103 de sp\u0103lat \u00cencarcare maxim\u0103 7 kg Mod \u00eenc\u0103rcare rufe Frontal\u0103 Tehnologie Inverter Da Conducere direct\u0103 Da Tip instalare Independent\u0103 Clasa de eficien\u021b\u0103 energetic\u0103 D Culoare u\u0219\u0103 Negru Culoare Alb Programe Numar de programe 14 Programe automate Bumbac, l\u00e2n\u0103, rapid, p\u0103tur\u0103, sport, lini\u0219tit, delicat, cl\u0103tire Regime de temperatura 20\u00b0C \/30\u00b0C&hellip;<\/p>","protected":false},"featured_media":3365,"template":"","meta":[],"product_cat":[165],"product_tag":[],"class_list":{"0":"post-3356","1":"product","2":"type-product","3":"status-publish","4":"has-post-thumbnail","6":"product_brand-lg","7":"product_cat-masini-de-spalat","8":"pa_incarcare-maxima-7-kg","9":"pa_numar-de-programe-314","10":"pa_tip-instalare-independenta","11":"pa_tip-masina-masina-de-spalat","13":"first","14":"instock","15":"shipping-taxable","16":"purchasable","17":"product-type-simple","18":"col-xs-6 col-sm-4","19":"col-md-3 col-lg-3","20":"un-4-cols"},"yoast_head":"<!-- This site is optimized with the Yoast SEO plugin v27.1.1 - https:\/\/yoast.com\/product\/yoast-seo-wordpress\/ -->\n<title>Ma\u0219in\u0103 de sp\u0103lat LG F2WV3S7S0E, 7kg, Alb - Sisteme termice in Moldova<\/title>\n<meta name=\"robots\" content=\"index, follow, max-snippet:-1, max-image-preview:large, max-video-preview:-1\" \/>\n<link rel=\"canonical\" href=\"https:\/\/vigrand.md\/ru\/produs\/masina-de-spalat-lg-f2wv3s7s0e-7kg-alb\/\" \/>\n<meta property=\"og:locale\" content=\"ru_RU\" \/>\n<meta property=\"og:type\" content=\"article\" \/>\n<meta property=\"og:title\" content=\"Ma\u0219in\u0103 de sp\u0103lat LG F2WV3S7S0E, 7kg, Alb - Sisteme termice in Moldova\" \/>\n<meta property=\"og:description\" content=\"Caracteristici de Baz\u0103 Tip ma\u0219ina Ma\u0219in\u0103 de sp\u0103lat \u00cencarcare maxim\u0103 7 kg Mod \u00eenc\u0103rcare rufe Frontal\u0103 Tehnologie Inverter Da Conducere direct\u0103 Da Tip instalare Independent\u0103 Clasa de eficien\u021b\u0103 energetic\u0103 D Culoare u\u0219\u0103 Negru Culoare Alb Programe Numar de programe 14 Programe automate Bumbac, l\u00e2n\u0103, rapid, p\u0103tur\u0103, sport, lini\u0219tit, delicat, cl\u0103tire Regime de temperatura 20\u00b0C \/30\u00b0C&hellip;\" \/>\n<meta property=\"og:url\" content=\"https:\/\/vigrand.md\/ru\/produs\/masina-de-spalat-lg-f2wv3s7s0e-7kg-alb\/\" \/>\n<meta property=\"og:site_name\" content=\"Sisteme termice in Moldova\" \/>\n<meta property=\"article:modified_time\" content=\"2023-03-03T14:55:04+00:00\" \/>\n<meta property=\"og:image\" content=\"http:\/\/vigrand.md\/wp-content\/uploads\/2022\/12\/1aabd9c6-609a-4cb2-ae16-6e52f537b4ff.webp\" \/>\n\t<meta property=\"og:image:width\" content=\"1000\" \/>\n\t<meta property=\"og:image:height\" content=\"750\" \/>\n\t<meta property=\"og:image:type\" content=\"image\/webp\" \/>\n<meta name=\"twitter:card\" content=\"summary_large_image\" \/>\n<meta name=\"twitter:label1\" content=\"\u041f\u0440\u0438\u043c\u0435\u0440\u043d\u043e\u0435 \u0432\u0440\u0435\u043c\u044f \u0434\u043b\u044f \u0447\u0442\u0435\u043d\u0438\u044f\" \/>\n\t<meta name=\"twitter:data1\" content=\"1 \u043c\u0438\u043d\u0443\u0442\u0430\" \/>\n<script type=\"application\/ld+json\" class=\"yoast-schema-graph\">{\"@context\":\"https:\/\/schema.org\",\"@graph\":[{\"@type\":\"WebPage\",\"@id\":\"https:\/\/vigrand.md\/produs\/masina-de-spalat-lg-f2wv3s7s0e-7kg-alb\/\",\"url\":\"https:\/\/vigrand.md\/produs\/masina-de-spalat-lg-f2wv3s7s0e-7kg-alb\/\",\"name\":\"Ma\u0219in\u0103 de sp\u0103lat LG F2WV3S7S0E, 7kg, Alb - Sisteme termice in Moldova\",\"isPartOf\":{\"@id\":\"https:\/\/vigrand.md\/#website\"},\"primaryImageOfPage\":{\"@id\":\"https:\/\/vigrand.md\/produs\/masina-de-spalat-lg-f2wv3s7s0e-7kg-alb\/#primaryimage\"},\"image\":{\"@id\":\"https:\/\/vigrand.md\/produs\/masina-de-spalat-lg-f2wv3s7s0e-7kg-alb\/#primaryimage\"},\"thumbnailUrl\":\"https:\/\/vigrand.md\/wp-content\/uploads\/2022\/12\/1aabd9c6-609a-4cb2-ae16-6e52f537b4ff.webp\",\"datePublished\":\"2022-12-06T18:19:27+00:00\",\"dateModified\":\"2023-03-03T14:55:04+00:00\",\"breadcrumb\":{\"@id\":\"https:\/\/vigrand.md\/produs\/masina-de-spalat-lg-f2wv3s7s0e-7kg-alb\/#breadcrumb\"},\"inLanguage\":\"ru-RU\",\"potentialAction\":[{\"@type\":\"ReadAction\",\"target\":[\"https:\/\/vigrand.md\/produs\/masina-de-spalat-lg-f2wv3s7s0e-7kg-alb\/\"]}]},{\"@type\":\"ImageObject\",\"inLanguage\":\"ru-RU\",\"@id\":\"https:\/\/vigrand.md\/produs\/masina-de-spalat-lg-f2wv3s7s0e-7kg-alb\/#primaryimage\",\"url\":\"https:\/\/vigrand.md\/wp-content\/uploads\/2022\/12\/1aabd9c6-609a-4cb2-ae16-6e52f537b4ff.webp\",\"contentUrl\":\"https:\/\/vigrand.md\/wp-content\/uploads\/2022\/12\/1aabd9c6-609a-4cb2-ae16-6e52f537b4ff.webp\",\"width\":1000,\"height\":750},{\"@type\":\"BreadcrumbList\",\"@id\":\"https:\/\/vigrand.md\/produs\/masina-de-spalat-lg-f2wv3s7s0e-7kg-alb\/#breadcrumb\",\"itemListElement\":[{\"@type\":\"ListItem\",\"position\":1,\"name\":\"Prima pagin\u0103\",\"item\":\"https:\/\/vigrand.md\/\"},{\"@type\":\"ListItem\",\"position\":2,\"name\":\"Magazin\",\"item\":\"https:\/\/vigrand.md\/magazin\/\"},{\"@type\":\"ListItem\",\"position\":3,\"name\":\"Ma\u0219in\u0103 de sp\u0103lat LG F2WV3S7S0E, 7kg, Alb\"}]},{\"@type\":\"WebSite\",\"@id\":\"https:\/\/vigrand.md\/#website\",\"url\":\"https:\/\/vigrand.md\/\",\"name\":\"Sisteme termice in Moldova\",\"description\":\"Magazin Online\",\"potentialAction\":[{\"@type\":\"SearchAction\",\"target\":{\"@type\":\"EntryPoint\",\"urlTemplate\":\"https:\/\/vigrand.md\/?s={search_term_string}\"},\"query-input\":{\"@type\":\"PropertyValueSpecification\",\"valueRequired\":true,\"valueName\":\"search_term_string\"}}],\"inLanguage\":\"ru-RU\"}]}<\/script>\n<!-- \/ Yoast SEO plugin. -->","yoast_head_json":{"title":"Ma\u0219in\u0103 de sp\u0103lat LG F2WV3S7S0E, 7kg, Alb - Sisteme termice in Moldova","robots":{"index":"index","follow":"follow","max-snippet":"max-snippet:-1","max-image-preview":"max-image-preview:large","max-video-preview":"max-video-preview:-1"},"canonical":"https:\/\/vigrand.md\/ru\/produs\/masina-de-spalat-lg-f2wv3s7s0e-7kg-alb\/","og_locale":"ru_RU","og_type":"article","og_title":"Ma\u0219in\u0103 de sp\u0103lat LG F2WV3S7S0E, 7kg, Alb - Sisteme termice in Moldova","og_description":"Caracteristici de Baz\u0103 Tip ma\u0219ina Ma\u0219in\u0103 de sp\u0103lat \u00cencarcare maxim\u0103 7 kg Mod \u00eenc\u0103rcare rufe Frontal\u0103 Tehnologie Inverter Da Conducere direct\u0103 Da Tip instalare Independent\u0103 Clasa de eficien\u021b\u0103 energetic\u0103 D Culoare u\u0219\u0103 Negru Culoare Alb Programe Numar de programe 14 Programe automate Bumbac, l\u00e2n\u0103, rapid, p\u0103tur\u0103, sport, lini\u0219tit, delicat, cl\u0103tire Regime de temperatura 20\u00b0C \/30\u00b0C&hellip;","og_url":"https:\/\/vigrand.md\/ru\/produs\/masina-de-spalat-lg-f2wv3s7s0e-7kg-alb\/","og_site_name":"Sisteme termice in Moldova","article_modified_time":"2023-03-03T14:55:04+00:00","og_image":[{"width":1000,"height":750,"url":"http:\/\/vigrand.md\/wp-content\/uploads\/2022\/12\/1aabd9c6-609a-4cb2-ae16-6e52f537b4ff.webp","type":"image\/webp"}],"twitter_card":"summary_large_image","twitter_misc":{"\u041f\u0440\u0438\u043c\u0435\u0440\u043d\u043e\u0435 \u0432\u0440\u0435\u043c\u044f \u0434\u043b\u044f \u0447\u0442\u0435\u043d\u0438\u044f":"1 \u043c\u0438\u043d\u0443\u0442\u0430"},"schema":{"@context":"https:\/\/schema.org","@graph":[{"@type":"WebPage","@id":"https:\/\/vigrand.md\/produs\/masina-de-spalat-lg-f2wv3s7s0e-7kg-alb\/","url":"https:\/\/vigrand.md\/produs\/masina-de-spalat-lg-f2wv3s7s0e-7kg-alb\/","name":"Ma\u0219in\u0103 de sp\u0103lat LG F2WV3S7S0E, 7kg, Alb - Sisteme termice in Moldova","isPartOf":{"@id":"https:\/\/vigrand.md\/#website"},"primaryImageOfPage":{"@id":"https:\/\/vigrand.md\/produs\/masina-de-spalat-lg-f2wv3s7s0e-7kg-alb\/#primaryimage"},"image":{"@id":"https:\/\/vigrand.md\/produs\/masina-de-spalat-lg-f2wv3s7s0e-7kg-alb\/#primaryimage"},"thumbnailUrl":"https:\/\/vigrand.md\/wp-content\/uploads\/2022\/12\/1aabd9c6-609a-4cb2-ae16-6e52f537b4ff.webp","datePublished":"2022-12-06T18:19:27+00:00","dateModified":"2023-03-03T14:55:04+00:00","breadcrumb":{"@id":"https:\/\/vigrand.md\/produs\/masina-de-spalat-lg-f2wv3s7s0e-7kg-alb\/#breadcrumb"},"inLanguage":"ru-RU","potentialAction":[{"@type":"ReadAction","target":["https:\/\/vigrand.md\/produs\/masina-de-spalat-lg-f2wv3s7s0e-7kg-alb\/"]}]},{"@type":"ImageObject","inLanguage":"ru-RU","@id":"https:\/\/vigrand.md\/produs\/masina-de-spalat-lg-f2wv3s7s0e-7kg-alb\/#primaryimage","url":"https:\/\/vigrand.md\/wp-content\/uploads\/2022\/12\/1aabd9c6-609a-4cb2-ae16-6e52f537b4ff.webp","contentUrl":"https:\/\/vigrand.md\/wp-content\/uploads\/2022\/12\/1aabd9c6-609a-4cb2-ae16-6e52f537b4ff.webp","width":1000,"height":750},{"@type":"BreadcrumbList","@id":"https:\/\/vigrand.md\/produs\/masina-de-spalat-lg-f2wv3s7s0e-7kg-alb\/#breadcrumb","itemListElement":[{"@type":"ListItem","position":1,"name":"Prima pagin\u0103","item":"https:\/\/vigrand.md\/"},{"@type":"ListItem","position":2,"name":"Magazin","item":"https:\/\/vigrand.md\/magazin\/"},{"@type":"ListItem","position":3,"name":"Ma\u0219in\u0103 de sp\u0103lat LG F2WV3S7S0E, 7kg, Alb"}]},{"@type":"WebSite","@id":"https:\/\/vigrand.md\/#website","url":"https:\/\/vigrand.md\/","name":"Sisteme termice in Moldova","description":"Magazin Online","potentialAction":[{"@type":"SearchAction","target":{"@type":"EntryPoint","urlTemplate":"https:\/\/vigrand.md\/?s={search_term_string}"},"query-input":{"@type":"PropertyValueSpecification","valueRequired":true,"valueName":"search_term_string"}}],"inLanguage":"ru-RU"}]}},"_links":{"self":[{"href":"https:\/\/vigrand.md\/ru\/wp-json\/wp\/v2\/product\/3356","targetHints":{"allow":["GET"]}}],"collection":[{"href":"https:\/\/vigrand.md\/ru\/wp-json\/wp\/v2\/product"}],"about":[{"href":"https:\/\/vigrand.md\/ru\/wp-json\/wp\/v2\/types\/product"}],"wp:featuredmedia":[{"embeddable":true,"href":"https:\/\/vigrand.md\/ru\/wp-json\/wp\/v2\/media\/3365"}],"wp:attachment":[{"href":"https:\/\/vigrand.md\/ru\/wp-json\/wp\/v2\/media?parent=3356"}],"wp:term":[{"taxonomy":"product_cat","embeddable":true,"href":"https:\/\/vigrand.md\/ru\/wp-json\/wp\/v2\/product_cat?post=3356"},{"taxonomy":"product_tag","embeddable":true,"href":"https:\/\/vigrand.md\/ru\/wp-json\/wp\/v2\/product_tag?post=3356"}],"curies":[{"name":"wp","href":"https:\/\/api.w.org\/{rel}","templated":true}]}}