{"id":3447,"date":"2022-12-06T19:56:37","date_gmt":"2022-12-06T19:56:37","guid":{"rendered":"https:\/\/magazin.perfectionagency.com\/?post_type=product&#038;p=3447"},"modified":"2023-04-19T15:54:03","modified_gmt":"2023-04-19T15:54:03","slug":"uscator-de-rufe-gorenje-dpe-92-9-alb","status":"publish","type":"product","link":"https:\/\/vigrand.md\/ru\/produs\/uscator-de-rufe-gorenje-dpe-92-9-alb\/","title":{"rendered":"Usc\u0103tor de rufe Gorenje DPE 92, 9, Alb"},"content":{"rendered":"<p><strong>Caracteristici de Baz\u0103<\/strong><br \/>\nTip ma\u0219ina Usc\u0103tor de rufe<br \/>\n\u00cenc\u0103rcare maxim\u0103 la uscare 9 kg<br \/>\nClasa de uscare A<br \/>\nMod \u00eenc\u0103rcare rufe Frontal\u0103<br \/>\nClasa de eficien\u021b\u0103 energetic\u0103 A++<br \/>\nSistem de uscare Condensare cu pomp\u0103 de c\u0103ldur\u0103<br \/>\nTip instalare Independent\u0103<br \/>\nCuloare u\u0219\u0103 Negru<br \/>\nCuloare Alb<br \/>\n<strong>Control \u0219i Indica\u021bie<\/strong><br \/>\nIndica\u0163ie Ecran Led Digital Tactil<br \/>\nTip control Senzor, Rotative<br \/>\nStart \u00eent\u00e2rziat Da<br \/>\nSemnal sonor Da<br \/>\nBlocare pentru copii Da<br \/>\n<strong>Caracteristici<\/strong><br \/>\nNumar de programe 14<br \/>\nPrograme automate Uscare, R\u0103coritoare, SteamTech, Netezire Cutelor<br \/>\nCalcarea usoara Da<br \/>\nNivel de zgomot maxim 65 dB<br \/>\n<strong>Dimensiuni \u0219i Greutate<\/strong><br \/>\nGreutate 51.4 kg<br \/>\nL\u0103\u0163ime 60 cm<br \/>\n\u00cen\u0103l\u0163ime 85 cm<br \/>\nAd\u00e2ncime 62.5 cm<\/p>","protected":false},"excerpt":{"rendered":"<p>Caracteristici de Baz\u0103 Tip ma\u0219ina Usc\u0103tor de rufe \u00cenc\u0103rcare maxim\u0103 la uscare 9 kg Clasa de uscare A Mod \u00eenc\u0103rcare rufe Frontal\u0103 Clasa de eficien\u021b\u0103 energetic\u0103 A++ Sistem de uscare Condensare cu pomp\u0103 de c\u0103ldur\u0103 Tip instalare Independent\u0103 Culoare u\u0219\u0103 Negru Culoare Alb Control \u0219i Indica\u021bie Indica\u0163ie Ecran Led Digital Tactil Tip control Senzor, Rotative&hellip;<\/p>","protected":false},"featured_media":3448,"template":"","meta":[],"product_cat":[318],"product_tag":[],"class_list":{"0":"post-3447","1":"product","2":"type-product","3":"status-publish","4":"has-post-thumbnail","6":"product_brand-gorenje","7":"product_cat-uscatoare-de-rufe","8":"pa_clasa-de-eficienta-a-2","9":"pa_incarcare-maxima-9-kg","10":"pa_sistem-de-uscare-condensare-cu-pompa-de-caldura","11":"pa_tip-control-mecanic","12":"pa_tip-control-tactil","13":"pa_tip-instalare-independenta","15":"first","16":"outofstock","17":"shipping-taxable","18":"purchasable","19":"product-type-simple","20":"col-xs-6 col-sm-4","21":"col-md-3 col-lg-3","22":"un-4-cols"},"yoast_head":"<!-- This site is optimized with the Yoast SEO plugin v27.1.1 - https:\/\/yoast.com\/product\/yoast-seo-wordpress\/ -->\n<title>Usc\u0103tor de rufe Gorenje DPE 92, 9, Alb - Sisteme termice in Moldova<\/title>\n<meta name=\"robots\" content=\"index, follow, max-snippet:-1, max-image-preview:large, max-video-preview:-1\" \/>\n<link rel=\"canonical\" href=\"https:\/\/vigrand.md\/ru\/produs\/uscator-de-rufe-gorenje-dpe-92-9-alb\/\" \/>\n<meta property=\"og:locale\" content=\"ru_RU\" \/>\n<meta property=\"og:type\" content=\"article\" \/>\n<meta property=\"og:title\" content=\"Usc\u0103tor de rufe Gorenje DPE 92, 9, Alb - Sisteme termice in Moldova\" \/>\n<meta property=\"og:description\" content=\"Caracteristici de Baz\u0103 Tip ma\u0219ina Usc\u0103tor de rufe \u00cenc\u0103rcare maxim\u0103 la uscare 9 kg Clasa de uscare A Mod \u00eenc\u0103rcare rufe Frontal\u0103 Clasa de eficien\u021b\u0103 energetic\u0103 A++ Sistem de uscare Condensare cu pomp\u0103 de c\u0103ldur\u0103 Tip instalare Independent\u0103 Culoare u\u0219\u0103 Negru Culoare Alb Control \u0219i Indica\u021bie Indica\u0163ie Ecran Led Digital Tactil Tip control Senzor, Rotative&hellip;\" \/>\n<meta property=\"og:url\" content=\"https:\/\/vigrand.md\/ru\/produs\/uscator-de-rufe-gorenje-dpe-92-9-alb\/\" \/>\n<meta property=\"og:site_name\" content=\"Sisteme termice in Moldova\" \/>\n<meta property=\"article:modified_time\" content=\"2023-04-19T15:54:03+00:00\" \/>\n<meta property=\"og:image\" content=\"https:\/\/vigrand.md\/wp-content\/uploads\/2022\/12\/ca39995d-fce2-41f2-a369-fbb9c4c0e997.webp\" \/>\n\t<meta property=\"og:image:width\" content=\"665\" \/>\n\t<meta property=\"og:image:height\" content=\"665\" \/>\n\t<meta property=\"og:image:type\" content=\"image\/webp\" \/>\n<meta name=\"twitter:card\" content=\"summary_large_image\" \/>\n<meta name=\"twitter:label1\" content=\"\u041f\u0440\u0438\u043c\u0435\u0440\u043d\u043e\u0435 \u0432\u0440\u0435\u043c\u044f \u0434\u043b\u044f \u0447\u0442\u0435\u043d\u0438\u044f\" \/>\n\t<meta name=\"twitter:data1\" content=\"1 \u043c\u0438\u043d\u0443\u0442\u0430\" \/>\n<script type=\"application\/ld+json\" class=\"yoast-schema-graph\">{\"@context\":\"https:\/\/schema.org\",\"@graph\":[{\"@type\":\"WebPage\",\"@id\":\"https:\/\/vigrand.md\/produs\/uscator-de-rufe-gorenje-dpe-92-9-alb\/\",\"url\":\"https:\/\/vigrand.md\/produs\/uscator-de-rufe-gorenje-dpe-92-9-alb\/\",\"name\":\"Usc\u0103tor de rufe Gorenje DPE 92, 9, Alb - Sisteme termice in Moldova\",\"isPartOf\":{\"@id\":\"https:\/\/vigrand.md\/#website\"},\"primaryImageOfPage\":{\"@id\":\"https:\/\/vigrand.md\/produs\/uscator-de-rufe-gorenje-dpe-92-9-alb\/#primaryimage\"},\"image\":{\"@id\":\"https:\/\/vigrand.md\/produs\/uscator-de-rufe-gorenje-dpe-92-9-alb\/#primaryimage\"},\"thumbnailUrl\":\"https:\/\/vigrand.md\/wp-content\/uploads\/2022\/12\/ca39995d-fce2-41f2-a369-fbb9c4c0e997.webp\",\"datePublished\":\"2022-12-06T19:56:37+00:00\",\"dateModified\":\"2023-04-19T15:54:03+00:00\",\"breadcrumb\":{\"@id\":\"https:\/\/vigrand.md\/produs\/uscator-de-rufe-gorenje-dpe-92-9-alb\/#breadcrumb\"},\"inLanguage\":\"ru-RU\",\"potentialAction\":[{\"@type\":\"ReadAction\",\"target\":[\"https:\/\/vigrand.md\/produs\/uscator-de-rufe-gorenje-dpe-92-9-alb\/\"]}]},{\"@type\":\"ImageObject\",\"inLanguage\":\"ru-RU\",\"@id\":\"https:\/\/vigrand.md\/produs\/uscator-de-rufe-gorenje-dpe-92-9-alb\/#primaryimage\",\"url\":\"https:\/\/vigrand.md\/wp-content\/uploads\/2022\/12\/ca39995d-fce2-41f2-a369-fbb9c4c0e997.webp\",\"contentUrl\":\"https:\/\/vigrand.md\/wp-content\/uploads\/2022\/12\/ca39995d-fce2-41f2-a369-fbb9c4c0e997.webp\",\"width\":665,\"height\":665},{\"@type\":\"BreadcrumbList\",\"@id\":\"https:\/\/vigrand.md\/produs\/uscator-de-rufe-gorenje-dpe-92-9-alb\/#breadcrumb\",\"itemListElement\":[{\"@type\":\"ListItem\",\"position\":1,\"name\":\"Prima pagin\u0103\",\"item\":\"https:\/\/vigrand.md\/\"},{\"@type\":\"ListItem\",\"position\":2,\"name\":\"Magazin\",\"item\":\"https:\/\/vigrand.md\/magazin\/\"},{\"@type\":\"ListItem\",\"position\":3,\"name\":\"Usc\u0103tor de rufe Gorenje DPE 92, 9, Alb\"}]},{\"@type\":\"WebSite\",\"@id\":\"https:\/\/vigrand.md\/#website\",\"url\":\"https:\/\/vigrand.md\/\",\"name\":\"Sisteme termice in Moldova\",\"description\":\"Magazin Online\",\"potentialAction\":[{\"@type\":\"SearchAction\",\"target\":{\"@type\":\"EntryPoint\",\"urlTemplate\":\"https:\/\/vigrand.md\/?s={search_term_string}\"},\"query-input\":{\"@type\":\"PropertyValueSpecification\",\"valueRequired\":true,\"valueName\":\"search_term_string\"}}],\"inLanguage\":\"ru-RU\"}]}<\/script>\n<!-- \/ Yoast SEO plugin. -->","yoast_head_json":{"title":"Usc\u0103tor de rufe Gorenje DPE 92, 9, Alb - Sisteme termice in Moldova","robots":{"index":"index","follow":"follow","max-snippet":"max-snippet:-1","max-image-preview":"max-image-preview:large","max-video-preview":"max-video-preview:-1"},"canonical":"https:\/\/vigrand.md\/ru\/produs\/uscator-de-rufe-gorenje-dpe-92-9-alb\/","og_locale":"ru_RU","og_type":"article","og_title":"Usc\u0103tor de rufe Gorenje DPE 92, 9, Alb - Sisteme termice in Moldova","og_description":"Caracteristici de Baz\u0103 Tip ma\u0219ina Usc\u0103tor de rufe \u00cenc\u0103rcare maxim\u0103 la uscare 9 kg Clasa de uscare A Mod \u00eenc\u0103rcare rufe Frontal\u0103 Clasa de eficien\u021b\u0103 energetic\u0103 A++ Sistem de uscare Condensare cu pomp\u0103 de c\u0103ldur\u0103 Tip instalare Independent\u0103 Culoare u\u0219\u0103 Negru Culoare Alb Control \u0219i Indica\u021bie Indica\u0163ie Ecran Led Digital Tactil Tip control Senzor, Rotative&hellip;","og_url":"https:\/\/vigrand.md\/ru\/produs\/uscator-de-rufe-gorenje-dpe-92-9-alb\/","og_site_name":"Sisteme termice in Moldova","article_modified_time":"2023-04-19T15:54:03+00:00","og_image":[{"width":665,"height":665,"url":"https:\/\/vigrand.md\/wp-content\/uploads\/2022\/12\/ca39995d-fce2-41f2-a369-fbb9c4c0e997.webp","type":"image\/webp"}],"twitter_card":"summary_large_image","twitter_misc":{"\u041f\u0440\u0438\u043c\u0435\u0440\u043d\u043e\u0435 \u0432\u0440\u0435\u043c\u044f \u0434\u043b\u044f \u0447\u0442\u0435\u043d\u0438\u044f":"1 \u043c\u0438\u043d\u0443\u0442\u0430"},"schema":{"@context":"https:\/\/schema.org","@graph":[{"@type":"WebPage","@id":"https:\/\/vigrand.md\/produs\/uscator-de-rufe-gorenje-dpe-92-9-alb\/","url":"https:\/\/vigrand.md\/produs\/uscator-de-rufe-gorenje-dpe-92-9-alb\/","name":"Usc\u0103tor de rufe Gorenje DPE 92, 9, Alb - Sisteme termice in Moldova","isPartOf":{"@id":"https:\/\/vigrand.md\/#website"},"primaryImageOfPage":{"@id":"https:\/\/vigrand.md\/produs\/uscator-de-rufe-gorenje-dpe-92-9-alb\/#primaryimage"},"image":{"@id":"https:\/\/vigrand.md\/produs\/uscator-de-rufe-gorenje-dpe-92-9-alb\/#primaryimage"},"thumbnailUrl":"https:\/\/vigrand.md\/wp-content\/uploads\/2022\/12\/ca39995d-fce2-41f2-a369-fbb9c4c0e997.webp","datePublished":"2022-12-06T19:56:37+00:00","dateModified":"2023-04-19T15:54:03+00:00","breadcrumb":{"@id":"https:\/\/vigrand.md\/produs\/uscator-de-rufe-gorenje-dpe-92-9-alb\/#breadcrumb"},"inLanguage":"ru-RU","potentialAction":[{"@type":"ReadAction","target":["https:\/\/vigrand.md\/produs\/uscator-de-rufe-gorenje-dpe-92-9-alb\/"]}]},{"@type":"ImageObject","inLanguage":"ru-RU","@id":"https:\/\/vigrand.md\/produs\/uscator-de-rufe-gorenje-dpe-92-9-alb\/#primaryimage","url":"https:\/\/vigrand.md\/wp-content\/uploads\/2022\/12\/ca39995d-fce2-41f2-a369-fbb9c4c0e997.webp","contentUrl":"https:\/\/vigrand.md\/wp-content\/uploads\/2022\/12\/ca39995d-fce2-41f2-a369-fbb9c4c0e997.webp","width":665,"height":665},{"@type":"BreadcrumbList","@id":"https:\/\/vigrand.md\/produs\/uscator-de-rufe-gorenje-dpe-92-9-alb\/#breadcrumb","itemListElement":[{"@type":"ListItem","position":1,"name":"Prima pagin\u0103","item":"https:\/\/vigrand.md\/"},{"@type":"ListItem","position":2,"name":"Magazin","item":"https:\/\/vigrand.md\/magazin\/"},{"@type":"ListItem","position":3,"name":"Usc\u0103tor de rufe Gorenje DPE 92, 9, Alb"}]},{"@type":"WebSite","@id":"https:\/\/vigrand.md\/#website","url":"https:\/\/vigrand.md\/","name":"Sisteme termice in Moldova","description":"Magazin Online","potentialAction":[{"@type":"SearchAction","target":{"@type":"EntryPoint","urlTemplate":"https:\/\/vigrand.md\/?s={search_term_string}"},"query-input":{"@type":"PropertyValueSpecification","valueRequired":true,"valueName":"search_term_string"}}],"inLanguage":"ru-RU"}]}},"_links":{"self":[{"href":"https:\/\/vigrand.md\/ru\/wp-json\/wp\/v2\/product\/3447","targetHints":{"allow":["GET"]}}],"collection":[{"href":"https:\/\/vigrand.md\/ru\/wp-json\/wp\/v2\/product"}],"about":[{"href":"https:\/\/vigrand.md\/ru\/wp-json\/wp\/v2\/types\/product"}],"wp:featuredmedia":[{"embeddable":true,"href":"https:\/\/vigrand.md\/ru\/wp-json\/wp\/v2\/media\/3448"}],"wp:attachment":[{"href":"https:\/\/vigrand.md\/ru\/wp-json\/wp\/v2\/media?parent=3447"}],"wp:term":[{"taxonomy":"product_cat","embeddable":true,"href":"https:\/\/vigrand.md\/ru\/wp-json\/wp\/v2\/product_cat?post=3447"},{"taxonomy":"product_tag","embeddable":true,"href":"https:\/\/vigrand.md\/ru\/wp-json\/wp\/v2\/product_tag?post=3447"}],"curies":[{"name":"wp","href":"https:\/\/api.w.org\/{rel}","templated":true}]}}