{"id":3464,"date":"2022-12-06T20:06:27","date_gmt":"2022-12-06T20:06:27","guid":{"rendered":"https:\/\/magazin.perfectionagency.com\/?post_type=product&#038;p=3464"},"modified":"2023-03-03T14:46:23","modified_gmt":"2023-03-03T14:46:23","slug":"uscator-de-rufe-whirlpool-fft-m11-82b-ee-8-alb","status":"publish","type":"product","link":"https:\/\/vigrand.md\/ru\/produs\/uscator-de-rufe-whirlpool-fft-m11-82b-ee-8-alb\/","title":{"rendered":"Usc\u0103tor de rufe Whirlpool FFT M11 82B EE, 8, Alb"},"content":{"rendered":"<p><strong>Caracteristici de Baz\u0103<\/strong><br \/>\nTip ma\u0219ina Usc\u0103tor de rufe<br \/>\n\u00cenc\u0103rcare maxim\u0103 la uscare 8 kg<br \/>\nClasa de uscare A<br \/>\nMod \u00eenc\u0103rcare rufe Frontal\u0103<br \/>\nClasa de eficien\u021b\u0103 energetic\u0103 A++<br \/>\nSistem de uscare Condensare cu pomp\u0103 de c\u0103ldur\u0103<br \/>\nTip instalare Independent\u0103<br \/>\nCuloare u\u0219\u0103 Negru<br \/>\nCuloare Alb<br \/>\n<strong>Control \u0219i Indica\u021bie<\/strong><br \/>\nStart \u00eent\u00e2rziat Da<br \/>\nTip control Cu butoane, tact- rotative<br \/>\nIndica\u0163ie Afi\u0219aj LED Digital<br \/>\nSemnal sonor Da<br \/>\nBlocare pentru copii Da<br \/>\n<strong>Caracteristici<\/strong><br \/>\nNumar de programe 15<br \/>\nPrograme automate Rapid,Bumbac,L\u00e2n\u0103,fibre mixte,Articole de dimensiuni mari, speciale,Blugi,sportive,M\u0103tase,Program peste noapte<br \/>\nNivel de zgomot maxim 64 dB<br \/>\n<strong>Dimensiuni \u0219i Greutate<\/strong><br \/>\n\u00cen\u0103l\u0163ime 84.9 cm<br \/>\nAd\u00e2ncime 64.9 cm<br \/>\nL\u0103\u0163ime 59.5 cm<br \/>\nGreutate 44 kg<\/p>","protected":false},"excerpt":{"rendered":"<p>Caracteristici de Baz\u0103 Tip ma\u0219ina Usc\u0103tor de rufe \u00cenc\u0103rcare maxim\u0103 la uscare 8 kg Clasa de uscare A Mod \u00eenc\u0103rcare rufe Frontal\u0103 Clasa de eficien\u021b\u0103 energetic\u0103 A++ Sistem de uscare Condensare cu pomp\u0103 de c\u0103ldur\u0103 Tip instalare Independent\u0103 Culoare u\u0219\u0103 Negru Culoare Alb Control \u0219i Indica\u021bie Start \u00eent\u00e2rziat Da Tip control Cu butoane, tact- rotative&hellip;<\/p>","protected":false},"featured_media":3465,"template":"","meta":[],"product_cat":[318],"product_tag":[],"class_list":{"0":"post-3464","1":"product","2":"type-product","3":"status-publish","4":"has-post-thumbnail","6":"product_brand-whirlpool","7":"product_cat-uscatoare-de-rufe","8":"pa_clasa-de-eficienta-a-2","9":"pa_incarcare-maxima-8-kg","10":"pa_sistem-de-uscare-condensare-cu-pompa-de-caldura","11":"pa_tip-control-electronic","12":"pa_tip-control-mecanic","13":"pa_tip-masina-uscator-de-rufe","15":"first","16":"outofstock","17":"shipping-taxable","18":"purchasable","19":"product-type-simple","20":"col-xs-6 col-sm-4","21":"col-md-3 col-lg-3","22":"un-4-cols"},"yoast_head":"<!-- This site is optimized with the Yoast SEO plugin v27.1.1 - https:\/\/yoast.com\/product\/yoast-seo-wordpress\/ -->\n<title>Usc\u0103tor de rufe Whirlpool FFT M11 82B EE, 8, Alb - Sisteme termice in Moldova<\/title>\n<meta name=\"robots\" content=\"index, follow, max-snippet:-1, max-image-preview:large, max-video-preview:-1\" \/>\n<link rel=\"canonical\" href=\"https:\/\/vigrand.md\/ru\/produs\/uscator-de-rufe-whirlpool-fft-m11-82b-ee-8-alb\/\" \/>\n<meta property=\"og:locale\" content=\"ru_RU\" \/>\n<meta property=\"og:type\" content=\"article\" \/>\n<meta property=\"og:title\" content=\"Usc\u0103tor de rufe Whirlpool FFT M11 82B EE, 8, Alb - Sisteme termice in Moldova\" \/>\n<meta property=\"og:description\" content=\"Caracteristici de Baz\u0103 Tip ma\u0219ina Usc\u0103tor de rufe \u00cenc\u0103rcare maxim\u0103 la uscare 8 kg Clasa de uscare A Mod \u00eenc\u0103rcare rufe Frontal\u0103 Clasa de eficien\u021b\u0103 energetic\u0103 A++ Sistem de uscare Condensare cu pomp\u0103 de c\u0103ldur\u0103 Tip instalare Independent\u0103 Culoare u\u0219\u0103 Negru Culoare Alb Control \u0219i Indica\u021bie Start \u00eent\u00e2rziat Da Tip control Cu butoane, tact- rotative&hellip;\" \/>\n<meta property=\"og:url\" content=\"https:\/\/vigrand.md\/ru\/produs\/uscator-de-rufe-whirlpool-fft-m11-82b-ee-8-alb\/\" \/>\n<meta property=\"og:site_name\" content=\"Sisteme termice in Moldova\" \/>\n<meta property=\"article:modified_time\" content=\"2023-03-03T14:46:23+00:00\" \/>\n<meta property=\"og:image\" content=\"http:\/\/vigrand.md\/wp-content\/uploads\/2022\/12\/7e7a663f-c884-47f7-bc88-1c33cfc3166a.webp\" \/>\n\t<meta property=\"og:image:width\" content=\"510\" \/>\n\t<meta property=\"og:image:height\" content=\"510\" \/>\n\t<meta property=\"og:image:type\" content=\"image\/webp\" \/>\n<meta name=\"twitter:card\" content=\"summary_large_image\" \/>\n<meta name=\"twitter:label1\" content=\"\u041f\u0440\u0438\u043c\u0435\u0440\u043d\u043e\u0435 \u0432\u0440\u0435\u043c\u044f \u0434\u043b\u044f \u0447\u0442\u0435\u043d\u0438\u044f\" \/>\n\t<meta name=\"twitter:data1\" content=\"1 \u043c\u0438\u043d\u0443\u0442\u0430\" \/>\n<script type=\"application\/ld+json\" class=\"yoast-schema-graph\">{\"@context\":\"https:\/\/schema.org\",\"@graph\":[{\"@type\":\"WebPage\",\"@id\":\"https:\/\/vigrand.md\/produs\/uscator-de-rufe-whirlpool-fft-m11-82b-ee-8-alb\/\",\"url\":\"https:\/\/vigrand.md\/produs\/uscator-de-rufe-whirlpool-fft-m11-82b-ee-8-alb\/\",\"name\":\"Usc\u0103tor de rufe Whirlpool FFT M11 82B EE, 8, Alb - Sisteme termice in Moldova\",\"isPartOf\":{\"@id\":\"https:\/\/vigrand.md\/#website\"},\"primaryImageOfPage\":{\"@id\":\"https:\/\/vigrand.md\/produs\/uscator-de-rufe-whirlpool-fft-m11-82b-ee-8-alb\/#primaryimage\"},\"image\":{\"@id\":\"https:\/\/vigrand.md\/produs\/uscator-de-rufe-whirlpool-fft-m11-82b-ee-8-alb\/#primaryimage\"},\"thumbnailUrl\":\"https:\/\/vigrand.md\/wp-content\/uploads\/2022\/12\/7e7a663f-c884-47f7-bc88-1c33cfc3166a.webp\",\"datePublished\":\"2022-12-06T20:06:27+00:00\",\"dateModified\":\"2023-03-03T14:46:23+00:00\",\"breadcrumb\":{\"@id\":\"https:\/\/vigrand.md\/produs\/uscator-de-rufe-whirlpool-fft-m11-82b-ee-8-alb\/#breadcrumb\"},\"inLanguage\":\"ru-RU\",\"potentialAction\":[{\"@type\":\"ReadAction\",\"target\":[\"https:\/\/vigrand.md\/produs\/uscator-de-rufe-whirlpool-fft-m11-82b-ee-8-alb\/\"]}]},{\"@type\":\"ImageObject\",\"inLanguage\":\"ru-RU\",\"@id\":\"https:\/\/vigrand.md\/produs\/uscator-de-rufe-whirlpool-fft-m11-82b-ee-8-alb\/#primaryimage\",\"url\":\"https:\/\/vigrand.md\/wp-content\/uploads\/2022\/12\/7e7a663f-c884-47f7-bc88-1c33cfc3166a.webp\",\"contentUrl\":\"https:\/\/vigrand.md\/wp-content\/uploads\/2022\/12\/7e7a663f-c884-47f7-bc88-1c33cfc3166a.webp\",\"width\":510,\"height\":510},{\"@type\":\"BreadcrumbList\",\"@id\":\"https:\/\/vigrand.md\/produs\/uscator-de-rufe-whirlpool-fft-m11-82b-ee-8-alb\/#breadcrumb\",\"itemListElement\":[{\"@type\":\"ListItem\",\"position\":1,\"name\":\"Prima pagin\u0103\",\"item\":\"https:\/\/vigrand.md\/\"},{\"@type\":\"ListItem\",\"position\":2,\"name\":\"Magazin\",\"item\":\"https:\/\/vigrand.md\/magazin\/\"},{\"@type\":\"ListItem\",\"position\":3,\"name\":\"Usc\u0103tor de rufe Whirlpool FFT M11 82B EE, 8, Alb\"}]},{\"@type\":\"WebSite\",\"@id\":\"https:\/\/vigrand.md\/#website\",\"url\":\"https:\/\/vigrand.md\/\",\"name\":\"Sisteme termice in Moldova\",\"description\":\"Magazin Online\",\"potentialAction\":[{\"@type\":\"SearchAction\",\"target\":{\"@type\":\"EntryPoint\",\"urlTemplate\":\"https:\/\/vigrand.md\/?s={search_term_string}\"},\"query-input\":{\"@type\":\"PropertyValueSpecification\",\"valueRequired\":true,\"valueName\":\"search_term_string\"}}],\"inLanguage\":\"ru-RU\"}]}<\/script>\n<!-- \/ Yoast SEO plugin. -->","yoast_head_json":{"title":"Usc\u0103tor de rufe Whirlpool FFT M11 82B EE, 8, Alb - Sisteme termice in Moldova","robots":{"index":"index","follow":"follow","max-snippet":"max-snippet:-1","max-image-preview":"max-image-preview:large","max-video-preview":"max-video-preview:-1"},"canonical":"https:\/\/vigrand.md\/ru\/produs\/uscator-de-rufe-whirlpool-fft-m11-82b-ee-8-alb\/","og_locale":"ru_RU","og_type":"article","og_title":"Usc\u0103tor de rufe Whirlpool FFT M11 82B EE, 8, Alb - Sisteme termice in Moldova","og_description":"Caracteristici de Baz\u0103 Tip ma\u0219ina Usc\u0103tor de rufe \u00cenc\u0103rcare maxim\u0103 la uscare 8 kg Clasa de uscare A Mod \u00eenc\u0103rcare rufe Frontal\u0103 Clasa de eficien\u021b\u0103 energetic\u0103 A++ Sistem de uscare Condensare cu pomp\u0103 de c\u0103ldur\u0103 Tip instalare Independent\u0103 Culoare u\u0219\u0103 Negru Culoare Alb Control \u0219i Indica\u021bie Start \u00eent\u00e2rziat Da Tip control Cu butoane, tact- rotative&hellip;","og_url":"https:\/\/vigrand.md\/ru\/produs\/uscator-de-rufe-whirlpool-fft-m11-82b-ee-8-alb\/","og_site_name":"Sisteme termice in Moldova","article_modified_time":"2023-03-03T14:46:23+00:00","og_image":[{"width":510,"height":510,"url":"http:\/\/vigrand.md\/wp-content\/uploads\/2022\/12\/7e7a663f-c884-47f7-bc88-1c33cfc3166a.webp","type":"image\/webp"}],"twitter_card":"summary_large_image","twitter_misc":{"\u041f\u0440\u0438\u043c\u0435\u0440\u043d\u043e\u0435 \u0432\u0440\u0435\u043c\u044f \u0434\u043b\u044f \u0447\u0442\u0435\u043d\u0438\u044f":"1 \u043c\u0438\u043d\u0443\u0442\u0430"},"schema":{"@context":"https:\/\/schema.org","@graph":[{"@type":"WebPage","@id":"https:\/\/vigrand.md\/produs\/uscator-de-rufe-whirlpool-fft-m11-82b-ee-8-alb\/","url":"https:\/\/vigrand.md\/produs\/uscator-de-rufe-whirlpool-fft-m11-82b-ee-8-alb\/","name":"Usc\u0103tor de rufe Whirlpool FFT M11 82B EE, 8, Alb - Sisteme termice in Moldova","isPartOf":{"@id":"https:\/\/vigrand.md\/#website"},"primaryImageOfPage":{"@id":"https:\/\/vigrand.md\/produs\/uscator-de-rufe-whirlpool-fft-m11-82b-ee-8-alb\/#primaryimage"},"image":{"@id":"https:\/\/vigrand.md\/produs\/uscator-de-rufe-whirlpool-fft-m11-82b-ee-8-alb\/#primaryimage"},"thumbnailUrl":"https:\/\/vigrand.md\/wp-content\/uploads\/2022\/12\/7e7a663f-c884-47f7-bc88-1c33cfc3166a.webp","datePublished":"2022-12-06T20:06:27+00:00","dateModified":"2023-03-03T14:46:23+00:00","breadcrumb":{"@id":"https:\/\/vigrand.md\/produs\/uscator-de-rufe-whirlpool-fft-m11-82b-ee-8-alb\/#breadcrumb"},"inLanguage":"ru-RU","potentialAction":[{"@type":"ReadAction","target":["https:\/\/vigrand.md\/produs\/uscator-de-rufe-whirlpool-fft-m11-82b-ee-8-alb\/"]}]},{"@type":"ImageObject","inLanguage":"ru-RU","@id":"https:\/\/vigrand.md\/produs\/uscator-de-rufe-whirlpool-fft-m11-82b-ee-8-alb\/#primaryimage","url":"https:\/\/vigrand.md\/wp-content\/uploads\/2022\/12\/7e7a663f-c884-47f7-bc88-1c33cfc3166a.webp","contentUrl":"https:\/\/vigrand.md\/wp-content\/uploads\/2022\/12\/7e7a663f-c884-47f7-bc88-1c33cfc3166a.webp","width":510,"height":510},{"@type":"BreadcrumbList","@id":"https:\/\/vigrand.md\/produs\/uscator-de-rufe-whirlpool-fft-m11-82b-ee-8-alb\/#breadcrumb","itemListElement":[{"@type":"ListItem","position":1,"name":"Prima pagin\u0103","item":"https:\/\/vigrand.md\/"},{"@type":"ListItem","position":2,"name":"Magazin","item":"https:\/\/vigrand.md\/magazin\/"},{"@type":"ListItem","position":3,"name":"Usc\u0103tor de rufe Whirlpool FFT M11 82B EE, 8, Alb"}]},{"@type":"WebSite","@id":"https:\/\/vigrand.md\/#website","url":"https:\/\/vigrand.md\/","name":"Sisteme termice in Moldova","description":"Magazin Online","potentialAction":[{"@type":"SearchAction","target":{"@type":"EntryPoint","urlTemplate":"https:\/\/vigrand.md\/?s={search_term_string}"},"query-input":{"@type":"PropertyValueSpecification","valueRequired":true,"valueName":"search_term_string"}}],"inLanguage":"ru-RU"}]}},"_links":{"self":[{"href":"https:\/\/vigrand.md\/ru\/wp-json\/wp\/v2\/product\/3464","targetHints":{"allow":["GET"]}}],"collection":[{"href":"https:\/\/vigrand.md\/ru\/wp-json\/wp\/v2\/product"}],"about":[{"href":"https:\/\/vigrand.md\/ru\/wp-json\/wp\/v2\/types\/product"}],"wp:featuredmedia":[{"embeddable":true,"href":"https:\/\/vigrand.md\/ru\/wp-json\/wp\/v2\/media\/3465"}],"wp:attachment":[{"href":"https:\/\/vigrand.md\/ru\/wp-json\/wp\/v2\/media?parent=3464"}],"wp:term":[{"taxonomy":"product_cat","embeddable":true,"href":"https:\/\/vigrand.md\/ru\/wp-json\/wp\/v2\/product_cat?post=3464"},{"taxonomy":"product_tag","embeddable":true,"href":"https:\/\/vigrand.md\/ru\/wp-json\/wp\/v2\/product_tag?post=3464"}],"curies":[{"name":"wp","href":"https:\/\/api.w.org\/{rel}","templated":true}]}}