{"id":3480,"date":"2022-12-07T08:19:05","date_gmt":"2022-12-07T08:19:05","guid":{"rendered":"http:\/\/magazin.perfectionagency.com\/?post_type=product&#038;p=3480"},"modified":"2023-03-03T14:45:31","modified_gmt":"2023-03-03T14:45:31","slug":"frigider-samsung-brb267054ww-ua-alb","status":"publish","type":"product","link":"https:\/\/vigrand.md\/ru\/produs\/frigider-samsung-brb267054ww-ua-alb\/","title":{"rendered":"Frigider Samsung BRB267054WW\/UA, Alb"},"content":{"rendered":"<p><strong>Caracteristici de Baz\u0103<\/strong><br \/>\nTip frigider Frigider<br \/>\nTip instalare \u00cencorporabila<br \/>\nConstructia frigiderului Cu dou\u0103 u\u0219i<br \/>\nSistem dezghe\u021bare congelator No Frost<br \/>\nClasa de eficien\u021b\u0103 energetic\u0103 A++<br \/>\nCamere Frigider, Congelator<br \/>\nAmplasare congelator De jos<br \/>\nSistem dezghe\u021bare frigider No Frost<br \/>\nCuloare Alb<br \/>\nNuan\u021b\u0103 culoare Alb<br \/>\n<strong>Design<\/strong><br \/>\nVolumul total util 261 l<br \/>\nM\u00e2nere \u00cencorporabile<br \/>\nAmplasare balamale Reversibile<br \/>\nNum\u0103rul de camere 2<br \/>\nIluminare LED<br \/>\nVolumul util al frigiderului 189 l<br \/>\nVolumul util al congelatorului 72 l<br \/>\nTehnologii No Frost+ Multi Flow<br \/>\n<strong>Control \u0219i Indica\u021bie<\/strong><br \/>\nIndica\u0163ie Da<br \/>\nTip control Electronic\u0103<br \/>\nAmplasare panou de control Afar\u0103<br \/>\nSemnal sonor Da<br \/>\nBlocare pentru copii Da<br \/>\nControl independent al temperaturii Da<br \/>\n<strong>\u041c\u043e\u0440\u043e\u0437\u0438\u043b\u044c\u043d\u0438\u043a<\/strong><br \/>\nMin. temperatura \u00een congelator -22<br \/>\nSupercongelare Da<br \/>\nZona de prospe\u021bime Da<br \/>\nNum\u0103rul rafturi 3<br \/>\nMaterialul rafturilor Sticl\u0103 c\u0103lit\u0103<br \/>\nNum\u0103r rafturi pe u\u0219i 6<br \/>\nSuperracire Da<br \/>\nAcoperire antibacterian\u0103 Da<br \/>\nRaft pentru sticle \u00cen u\u0219\u0103<br \/>\nRaft retractabil Da<br \/>\nSet Tava Pentru Ou\u0103<br \/>\nNum\u0103r compartimente \u00een congelator 3<br \/>\nCapacitate de congelare 9 kg \/zi<br \/>\n<strong>Performan\u021b\u0103 \u0219i energie<\/strong><br \/>\nNivel de zgomot maxim 35 dB<br \/>\nPastrarea autonom\u0103 a frigului 14 ore<br \/>\nTehnologie Inverter Da<br \/>\nNum\u0103rul de compresoare 1<br \/>\nConsum anual energie 238 kWh<br \/>\n<strong>Dimensiuni \u0219i Greutate<\/strong><br \/>\nAd\u00e2ncime 55 cm<br \/>\nGreutate 62 kg<br \/>\nL\u0103\u0163ime 54 cm<br \/>\n\u00cen\u0103l\u0163ime 177.5 cm<\/p>","protected":false},"excerpt":{"rendered":"<p>Caracteristici de Baz\u0103 Tip frigider Frigider Tip instalare \u00cencorporabila Constructia frigiderului Cu dou\u0103 u\u0219i Sistem dezghe\u021bare congelator No Frost Clasa de eficien\u021b\u0103 energetic\u0103 A++ Camere Frigider, Congelator Amplasare congelator De jos Sistem dezghe\u021bare frigider No Frost Culoare Alb Nuan\u021b\u0103 culoare Alb Design Volumul total util 261 l M\u00e2nere \u00cencorporabile Amplasare balamale Reversibile Num\u0103rul de camere&hellip;<\/p>","protected":false},"featured_media":3485,"template":"","meta":[],"product_cat":[163],"product_tag":[],"class_list":{"0":"post-3480","1":"product","2":"type-product","3":"status-publish","4":"has-post-thumbnail","6":"product_brand-samsung","7":"product_cat-frigidere","8":"pa_camere-congelator","9":"pa_camere-frigider","10":"pa_clasa-de-eficienta-a-2","11":"pa_constructia-frigiderului-cu-doua-usi","12":"pa_inverter-da","13":"pa_nivel-de-zgomot-maxim-35-db","14":"pa_sistem-dezghetare-no-frost","15":"pa_sistem-dezghetare-frigider-no-frost","16":"pa_tip-instalare-incorporabila","17":"pa_volumul-total-util-261-l","19":"first","20":"outofstock","21":"shipping-taxable","22":"purchasable","23":"product-type-simple","24":"col-xs-6 col-sm-4","25":"col-md-3 col-lg-3","26":"un-4-cols"},"yoast_head":"<!-- This site is optimized with the Yoast SEO plugin v27.1.1 - https:\/\/yoast.com\/product\/yoast-seo-wordpress\/ -->\n<title>Frigider Samsung BRB267054WW\/UA, Alb - Sisteme termice in Moldova<\/title>\n<meta name=\"robots\" content=\"index, follow, max-snippet:-1, max-image-preview:large, max-video-preview:-1\" \/>\n<link rel=\"canonical\" href=\"https:\/\/vigrand.md\/ru\/produs\/frigider-samsung-brb267054ww-ua-alb\/\" \/>\n<meta property=\"og:locale\" content=\"ru_RU\" \/>\n<meta property=\"og:type\" content=\"article\" \/>\n<meta property=\"og:title\" content=\"Frigider Samsung BRB267054WW\/UA, Alb - Sisteme termice in Moldova\" \/>\n<meta property=\"og:description\" content=\"Caracteristici de Baz\u0103 Tip frigider Frigider Tip instalare \u00cencorporabila Constructia frigiderului Cu dou\u0103 u\u0219i Sistem dezghe\u021bare congelator No Frost Clasa de eficien\u021b\u0103 energetic\u0103 A++ Camere Frigider, Congelator Amplasare congelator De jos Sistem dezghe\u021bare frigider No Frost Culoare Alb Nuan\u021b\u0103 culoare Alb Design Volumul total util 261 l M\u00e2nere \u00cencorporabile Amplasare balamale Reversibile Num\u0103rul de camere&hellip;\" \/>\n<meta property=\"og:url\" content=\"https:\/\/vigrand.md\/ru\/produs\/frigider-samsung-brb267054ww-ua-alb\/\" \/>\n<meta property=\"og:site_name\" content=\"Sisteme termice in Moldova\" \/>\n<meta property=\"article:modified_time\" content=\"2023-03-03T14:45:31+00:00\" \/>\n<meta property=\"og:image\" content=\"http:\/\/vigrand.md\/wp-content\/uploads\/2022\/12\/672913fd-332a-468f-97b2-9d3d82e5821d.webp\" \/>\n\t<meta property=\"og:image:width\" content=\"650\" \/>\n\t<meta property=\"og:image:height\" content=\"650\" \/>\n\t<meta property=\"og:image:type\" content=\"image\/webp\" \/>\n<meta name=\"twitter:card\" content=\"summary_large_image\" \/>\n<meta name=\"twitter:label1\" content=\"\u041f\u0440\u0438\u043c\u0435\u0440\u043d\u043e\u0435 \u0432\u0440\u0435\u043c\u044f \u0434\u043b\u044f \u0447\u0442\u0435\u043d\u0438\u044f\" \/>\n\t<meta name=\"twitter:data1\" content=\"2 \u043c\u0438\u043d\u0443\u0442\u044b\" \/>\n<script type=\"application\/ld+json\" class=\"yoast-schema-graph\">{\"@context\":\"https:\/\/schema.org\",\"@graph\":[{\"@type\":\"WebPage\",\"@id\":\"https:\/\/vigrand.md\/produs\/frigider-samsung-brb267054ww-ua-alb\/\",\"url\":\"https:\/\/vigrand.md\/produs\/frigider-samsung-brb267054ww-ua-alb\/\",\"name\":\"Frigider Samsung BRB267054WW\/UA, Alb - Sisteme termice in Moldova\",\"isPartOf\":{\"@id\":\"https:\/\/vigrand.md\/#website\"},\"primaryImageOfPage\":{\"@id\":\"https:\/\/vigrand.md\/produs\/frigider-samsung-brb267054ww-ua-alb\/#primaryimage\"},\"image\":{\"@id\":\"https:\/\/vigrand.md\/produs\/frigider-samsung-brb267054ww-ua-alb\/#primaryimage\"},\"thumbnailUrl\":\"https:\/\/vigrand.md\/wp-content\/uploads\/2022\/12\/672913fd-332a-468f-97b2-9d3d82e5821d.webp\",\"datePublished\":\"2022-12-07T08:19:05+00:00\",\"dateModified\":\"2023-03-03T14:45:31+00:00\",\"breadcrumb\":{\"@id\":\"https:\/\/vigrand.md\/produs\/frigider-samsung-brb267054ww-ua-alb\/#breadcrumb\"},\"inLanguage\":\"ru-RU\",\"potentialAction\":[{\"@type\":\"ReadAction\",\"target\":[\"https:\/\/vigrand.md\/produs\/frigider-samsung-brb267054ww-ua-alb\/\"]}]},{\"@type\":\"ImageObject\",\"inLanguage\":\"ru-RU\",\"@id\":\"https:\/\/vigrand.md\/produs\/frigider-samsung-brb267054ww-ua-alb\/#primaryimage\",\"url\":\"https:\/\/vigrand.md\/wp-content\/uploads\/2022\/12\/672913fd-332a-468f-97b2-9d3d82e5821d.webp\",\"contentUrl\":\"https:\/\/vigrand.md\/wp-content\/uploads\/2022\/12\/672913fd-332a-468f-97b2-9d3d82e5821d.webp\",\"width\":650,\"height\":650},{\"@type\":\"BreadcrumbList\",\"@id\":\"https:\/\/vigrand.md\/produs\/frigider-samsung-brb267054ww-ua-alb\/#breadcrumb\",\"itemListElement\":[{\"@type\":\"ListItem\",\"position\":1,\"name\":\"Prima pagin\u0103\",\"item\":\"https:\/\/vigrand.md\/\"},{\"@type\":\"ListItem\",\"position\":2,\"name\":\"Magazin\",\"item\":\"https:\/\/vigrand.md\/magazin\/\"},{\"@type\":\"ListItem\",\"position\":3,\"name\":\"Frigider Samsung BRB267054WW\/UA, Alb\"}]},{\"@type\":\"WebSite\",\"@id\":\"https:\/\/vigrand.md\/#website\",\"url\":\"https:\/\/vigrand.md\/\",\"name\":\"Sisteme termice in Moldova\",\"description\":\"Magazin Online\",\"potentialAction\":[{\"@type\":\"SearchAction\",\"target\":{\"@type\":\"EntryPoint\",\"urlTemplate\":\"https:\/\/vigrand.md\/?s={search_term_string}\"},\"query-input\":{\"@type\":\"PropertyValueSpecification\",\"valueRequired\":true,\"valueName\":\"search_term_string\"}}],\"inLanguage\":\"ru-RU\"}]}<\/script>\n<!-- \/ Yoast SEO plugin. -->","yoast_head_json":{"title":"Frigider Samsung BRB267054WW\/UA, Alb - Sisteme termice in Moldova","robots":{"index":"index","follow":"follow","max-snippet":"max-snippet:-1","max-image-preview":"max-image-preview:large","max-video-preview":"max-video-preview:-1"},"canonical":"https:\/\/vigrand.md\/ru\/produs\/frigider-samsung-brb267054ww-ua-alb\/","og_locale":"ru_RU","og_type":"article","og_title":"Frigider Samsung BRB267054WW\/UA, Alb - Sisteme termice in Moldova","og_description":"Caracteristici de Baz\u0103 Tip frigider Frigider Tip instalare \u00cencorporabila Constructia frigiderului Cu dou\u0103 u\u0219i Sistem dezghe\u021bare congelator No Frost Clasa de eficien\u021b\u0103 energetic\u0103 A++ Camere Frigider, Congelator Amplasare congelator De jos Sistem dezghe\u021bare frigider No Frost Culoare Alb Nuan\u021b\u0103 culoare Alb Design Volumul total util 261 l M\u00e2nere \u00cencorporabile Amplasare balamale Reversibile Num\u0103rul de camere&hellip;","og_url":"https:\/\/vigrand.md\/ru\/produs\/frigider-samsung-brb267054ww-ua-alb\/","og_site_name":"Sisteme termice in Moldova","article_modified_time":"2023-03-03T14:45:31+00:00","og_image":[{"width":650,"height":650,"url":"http:\/\/vigrand.md\/wp-content\/uploads\/2022\/12\/672913fd-332a-468f-97b2-9d3d82e5821d.webp","type":"image\/webp"}],"twitter_card":"summary_large_image","twitter_misc":{"\u041f\u0440\u0438\u043c\u0435\u0440\u043d\u043e\u0435 \u0432\u0440\u0435\u043c\u044f \u0434\u043b\u044f \u0447\u0442\u0435\u043d\u0438\u044f":"2 \u043c\u0438\u043d\u0443\u0442\u044b"},"schema":{"@context":"https:\/\/schema.org","@graph":[{"@type":"WebPage","@id":"https:\/\/vigrand.md\/produs\/frigider-samsung-brb267054ww-ua-alb\/","url":"https:\/\/vigrand.md\/produs\/frigider-samsung-brb267054ww-ua-alb\/","name":"Frigider Samsung BRB267054WW\/UA, Alb - Sisteme termice in Moldova","isPartOf":{"@id":"https:\/\/vigrand.md\/#website"},"primaryImageOfPage":{"@id":"https:\/\/vigrand.md\/produs\/frigider-samsung-brb267054ww-ua-alb\/#primaryimage"},"image":{"@id":"https:\/\/vigrand.md\/produs\/frigider-samsung-brb267054ww-ua-alb\/#primaryimage"},"thumbnailUrl":"https:\/\/vigrand.md\/wp-content\/uploads\/2022\/12\/672913fd-332a-468f-97b2-9d3d82e5821d.webp","datePublished":"2022-12-07T08:19:05+00:00","dateModified":"2023-03-03T14:45:31+00:00","breadcrumb":{"@id":"https:\/\/vigrand.md\/produs\/frigider-samsung-brb267054ww-ua-alb\/#breadcrumb"},"inLanguage":"ru-RU","potentialAction":[{"@type":"ReadAction","target":["https:\/\/vigrand.md\/produs\/frigider-samsung-brb267054ww-ua-alb\/"]}]},{"@type":"ImageObject","inLanguage":"ru-RU","@id":"https:\/\/vigrand.md\/produs\/frigider-samsung-brb267054ww-ua-alb\/#primaryimage","url":"https:\/\/vigrand.md\/wp-content\/uploads\/2022\/12\/672913fd-332a-468f-97b2-9d3d82e5821d.webp","contentUrl":"https:\/\/vigrand.md\/wp-content\/uploads\/2022\/12\/672913fd-332a-468f-97b2-9d3d82e5821d.webp","width":650,"height":650},{"@type":"BreadcrumbList","@id":"https:\/\/vigrand.md\/produs\/frigider-samsung-brb267054ww-ua-alb\/#breadcrumb","itemListElement":[{"@type":"ListItem","position":1,"name":"Prima pagin\u0103","item":"https:\/\/vigrand.md\/"},{"@type":"ListItem","position":2,"name":"Magazin","item":"https:\/\/vigrand.md\/magazin\/"},{"@type":"ListItem","position":3,"name":"Frigider Samsung BRB267054WW\/UA, Alb"}]},{"@type":"WebSite","@id":"https:\/\/vigrand.md\/#website","url":"https:\/\/vigrand.md\/","name":"Sisteme termice in Moldova","description":"Magazin Online","potentialAction":[{"@type":"SearchAction","target":{"@type":"EntryPoint","urlTemplate":"https:\/\/vigrand.md\/?s={search_term_string}"},"query-input":{"@type":"PropertyValueSpecification","valueRequired":true,"valueName":"search_term_string"}}],"inLanguage":"ru-RU"}]}},"_links":{"self":[{"href":"https:\/\/vigrand.md\/ru\/wp-json\/wp\/v2\/product\/3480","targetHints":{"allow":["GET"]}}],"collection":[{"href":"https:\/\/vigrand.md\/ru\/wp-json\/wp\/v2\/product"}],"about":[{"href":"https:\/\/vigrand.md\/ru\/wp-json\/wp\/v2\/types\/product"}],"wp:featuredmedia":[{"embeddable":true,"href":"https:\/\/vigrand.md\/ru\/wp-json\/wp\/v2\/media\/3485"}],"wp:attachment":[{"href":"https:\/\/vigrand.md\/ru\/wp-json\/wp\/v2\/media?parent=3480"}],"wp:term":[{"taxonomy":"product_cat","embeddable":true,"href":"https:\/\/vigrand.md\/ru\/wp-json\/wp\/v2\/product_cat?post=3480"},{"taxonomy":"product_tag","embeddable":true,"href":"https:\/\/vigrand.md\/ru\/wp-json\/wp\/v2\/product_tag?post=3480"}],"curies":[{"name":"wp","href":"https:\/\/api.w.org\/{rel}","templated":true}]}}