{"id":3537,"date":"2022-12-07T11:41:46","date_gmt":"2022-12-07T11:41:46","guid":{"rendered":"http:\/\/magazin.perfectionagency.com\/?post_type=product&#038;p=3537"},"modified":"2023-03-03T14:41:55","modified_gmt":"2023-03-03T14:41:55","slug":"frigider-indesit-li8-sn2e-x-gri","status":"publish","type":"product","link":"https:\/\/vigrand.md\/ru\/produs\/frigider-indesit-li8-sn2e-x-gri\/","title":{"rendered":"Frigider Indesit LI8 SN2E X, Gri"},"content":{"rendered":"<p><strong>Parametrii de baz\u0103<\/strong><br \/>\nNum\u0103r de co\u0219uri pentru fructe \u0219i legume 1<br \/>\nM\u00e2nere Ascunse<br \/>\nAmplasare congelator Jos<br \/>\nMaterial rafturi Sticl\u0103<br \/>\nAgent frigorific R600a<br \/>\nNum\u0103rul de compresoare 1<br \/>\nModel LI8 SN2E X<br \/>\nMod operare Electronic<br \/>\nNivelul de zgomot 40 dB<br \/>\nBrand Indesit<br \/>\nTip Cu 2 camere<br \/>\n<strong>Culori<\/strong><br \/>\nCuloarea de baz\u0103 Inox<br \/>\n<strong>Carcas\u0103<\/strong><br \/>\nU\u0219i reversibile Da<br \/>\nTipul de instalare Standart<br \/>\nClasa energetic\u0103<br \/>\nConsum de energie anual 248 kWh<br \/>\nClasa energetic\u0103 E<br \/>\n<strong>Dimensiuni<\/strong><br \/>\n\u00cen\u0103l\u021bimea (cm) 188<br \/>\nAd\u00e2ncimea (cm) 65.5<br \/>\nL\u0103\u021bimea (cm) 59.5<br \/>\n<strong>Volum<\/strong><br \/>\nVolum net congelator 98<br \/>\nVolum net frigider 230<br \/>\nVolum net total 328 l<br \/>\n<strong>Sistem dezghe\u021bare<\/strong><br \/>\nSistem dezghe\u021bare frigider No Frost<br \/>\nSistem dezghe\u021bare congelator No Frost<\/p>","protected":false},"excerpt":{"rendered":"<p>Parametrii de baz\u0103 Num\u0103r de co\u0219uri pentru fructe \u0219i legume 1 M\u00e2nere Ascunse Amplasare congelator Jos Material rafturi Sticl\u0103 Agent frigorific R600a Num\u0103rul de compresoare 1 Model LI8 SN2E X Mod operare Electronic Nivelul de zgomot 40 dB Brand Indesit Tip Cu 2 camere Culori Culoarea de baz\u0103 Inox Carcas\u0103 U\u0219i reversibile Da Tipul de&hellip;<\/p>","protected":false},"featured_media":3538,"template":"","meta":[],"product_cat":[163],"product_tag":[],"class_list":{"0":"post-3537","1":"product","2":"type-product","3":"status-publish","4":"has-post-thumbnail","6":"product_brand-indesit","7":"product_cat-frigidere","8":"pa_camere-congelator","9":"pa_camere-frigider","10":"pa_clasa-de-eficienta-e","11":"pa_constructia-frigiderului-cu-doua-usi","12":"pa_nivel-de-zgomot-maxim-37-db","13":"pa_sistem-dezghetare-no-frost","14":"pa_sistem-dezghetare-frigider-no-frost","15":"pa_tip-instalare-independenta","16":"pa_volumul-total-util-328-l","18":"first","19":"outofstock","20":"shipping-taxable","21":"purchasable","22":"product-type-simple","23":"col-xs-6 col-sm-4","24":"col-md-3 col-lg-3","25":"un-4-cols"},"yoast_head":"<!-- This site is optimized with the Yoast SEO plugin v27.1.1 - https:\/\/yoast.com\/product\/yoast-seo-wordpress\/ -->\n<title>Frigider Indesit LI8 SN2E X, Gri - Sisteme termice in Moldova<\/title>\n<meta name=\"robots\" content=\"index, follow, max-snippet:-1, max-image-preview:large, max-video-preview:-1\" \/>\n<link rel=\"canonical\" href=\"https:\/\/vigrand.md\/ru\/produs\/frigider-indesit-li8-sn2e-x-gri\/\" \/>\n<meta property=\"og:locale\" content=\"ru_RU\" \/>\n<meta property=\"og:type\" content=\"article\" \/>\n<meta property=\"og:title\" content=\"Frigider Indesit LI8 SN2E X, Gri - Sisteme termice in Moldova\" \/>\n<meta property=\"og:description\" content=\"Parametrii de baz\u0103 Num\u0103r de co\u0219uri pentru fructe \u0219i legume 1 M\u00e2nere Ascunse Amplasare congelator Jos Material rafturi Sticl\u0103 Agent frigorific R600a Num\u0103rul de compresoare 1 Model LI8 SN2E X Mod operare Electronic Nivelul de zgomot 40 dB Brand Indesit Tip Cu 2 camere Culori Culoarea de baz\u0103 Inox Carcas\u0103 U\u0219i reversibile Da Tipul de&hellip;\" \/>\n<meta property=\"og:url\" content=\"https:\/\/vigrand.md\/ru\/produs\/frigider-indesit-li8-sn2e-x-gri\/\" \/>\n<meta property=\"og:site_name\" content=\"Sisteme termice in Moldova\" \/>\n<meta property=\"article:modified_time\" content=\"2023-03-03T14:41:55+00:00\" \/>\n<meta property=\"og:image\" content=\"http:\/\/vigrand.md\/wp-content\/uploads\/2022\/12\/92993995-73c0-40a4-8c57-d2255e51416d.jpg\" \/>\n\t<meta property=\"og:image:width\" content=\"450\" \/>\n\t<meta property=\"og:image:height\" content=\"450\" \/>\n\t<meta property=\"og:image:type\" content=\"image\/jpeg\" \/>\n<meta name=\"twitter:card\" content=\"summary_large_image\" \/>\n<meta name=\"twitter:label1\" content=\"\u041f\u0440\u0438\u043c\u0435\u0440\u043d\u043e\u0435 \u0432\u0440\u0435\u043c\u044f \u0434\u043b\u044f \u0447\u0442\u0435\u043d\u0438\u044f\" \/>\n\t<meta name=\"twitter:data1\" content=\"1 \u043c\u0438\u043d\u0443\u0442\u0430\" \/>\n<script type=\"application\/ld+json\" class=\"yoast-schema-graph\">{\"@context\":\"https:\/\/schema.org\",\"@graph\":[{\"@type\":\"WebPage\",\"@id\":\"https:\/\/vigrand.md\/produs\/frigider-indesit-li8-sn2e-x-gri\/\",\"url\":\"https:\/\/vigrand.md\/produs\/frigider-indesit-li8-sn2e-x-gri\/\",\"name\":\"Frigider Indesit LI8 SN2E X, Gri - Sisteme termice in Moldova\",\"isPartOf\":{\"@id\":\"https:\/\/vigrand.md\/#website\"},\"primaryImageOfPage\":{\"@id\":\"https:\/\/vigrand.md\/produs\/frigider-indesit-li8-sn2e-x-gri\/#primaryimage\"},\"image\":{\"@id\":\"https:\/\/vigrand.md\/produs\/frigider-indesit-li8-sn2e-x-gri\/#primaryimage\"},\"thumbnailUrl\":\"https:\/\/vigrand.md\/wp-content\/uploads\/2022\/12\/92993995-73c0-40a4-8c57-d2255e51416d.jpg\",\"datePublished\":\"2022-12-07T11:41:46+00:00\",\"dateModified\":\"2023-03-03T14:41:55+00:00\",\"breadcrumb\":{\"@id\":\"https:\/\/vigrand.md\/produs\/frigider-indesit-li8-sn2e-x-gri\/#breadcrumb\"},\"inLanguage\":\"ru-RU\",\"potentialAction\":[{\"@type\":\"ReadAction\",\"target\":[\"https:\/\/vigrand.md\/produs\/frigider-indesit-li8-sn2e-x-gri\/\"]}]},{\"@type\":\"ImageObject\",\"inLanguage\":\"ru-RU\",\"@id\":\"https:\/\/vigrand.md\/produs\/frigider-indesit-li8-sn2e-x-gri\/#primaryimage\",\"url\":\"https:\/\/vigrand.md\/wp-content\/uploads\/2022\/12\/92993995-73c0-40a4-8c57-d2255e51416d.jpg\",\"contentUrl\":\"https:\/\/vigrand.md\/wp-content\/uploads\/2022\/12\/92993995-73c0-40a4-8c57-d2255e51416d.jpg\",\"width\":450,\"height\":450},{\"@type\":\"BreadcrumbList\",\"@id\":\"https:\/\/vigrand.md\/produs\/frigider-indesit-li8-sn2e-x-gri\/#breadcrumb\",\"itemListElement\":[{\"@type\":\"ListItem\",\"position\":1,\"name\":\"Prima pagin\u0103\",\"item\":\"https:\/\/vigrand.md\/\"},{\"@type\":\"ListItem\",\"position\":2,\"name\":\"Magazin\",\"item\":\"https:\/\/vigrand.md\/magazin\/\"},{\"@type\":\"ListItem\",\"position\":3,\"name\":\"Frigider Indesit LI8 SN2E X, Gri\"}]},{\"@type\":\"WebSite\",\"@id\":\"https:\/\/vigrand.md\/#website\",\"url\":\"https:\/\/vigrand.md\/\",\"name\":\"Sisteme termice in Moldova\",\"description\":\"Magazin Online\",\"potentialAction\":[{\"@type\":\"SearchAction\",\"target\":{\"@type\":\"EntryPoint\",\"urlTemplate\":\"https:\/\/vigrand.md\/?s={search_term_string}\"},\"query-input\":{\"@type\":\"PropertyValueSpecification\",\"valueRequired\":true,\"valueName\":\"search_term_string\"}}],\"inLanguage\":\"ru-RU\"}]}<\/script>\n<!-- \/ Yoast SEO plugin. -->","yoast_head_json":{"title":"Frigider Indesit LI8 SN2E X, Gri - Sisteme termice in Moldova","robots":{"index":"index","follow":"follow","max-snippet":"max-snippet:-1","max-image-preview":"max-image-preview:large","max-video-preview":"max-video-preview:-1"},"canonical":"https:\/\/vigrand.md\/ru\/produs\/frigider-indesit-li8-sn2e-x-gri\/","og_locale":"ru_RU","og_type":"article","og_title":"Frigider Indesit LI8 SN2E X, Gri - Sisteme termice in Moldova","og_description":"Parametrii de baz\u0103 Num\u0103r de co\u0219uri pentru fructe \u0219i legume 1 M\u00e2nere Ascunse Amplasare congelator Jos Material rafturi Sticl\u0103 Agent frigorific R600a Num\u0103rul de compresoare 1 Model LI8 SN2E X Mod operare Electronic Nivelul de zgomot 40 dB Brand Indesit Tip Cu 2 camere Culori Culoarea de baz\u0103 Inox Carcas\u0103 U\u0219i reversibile Da Tipul de&hellip;","og_url":"https:\/\/vigrand.md\/ru\/produs\/frigider-indesit-li8-sn2e-x-gri\/","og_site_name":"Sisteme termice in Moldova","article_modified_time":"2023-03-03T14:41:55+00:00","og_image":[{"width":450,"height":450,"url":"http:\/\/vigrand.md\/wp-content\/uploads\/2022\/12\/92993995-73c0-40a4-8c57-d2255e51416d.jpg","type":"image\/jpeg"}],"twitter_card":"summary_large_image","twitter_misc":{"\u041f\u0440\u0438\u043c\u0435\u0440\u043d\u043e\u0435 \u0432\u0440\u0435\u043c\u044f \u0434\u043b\u044f \u0447\u0442\u0435\u043d\u0438\u044f":"1 \u043c\u0438\u043d\u0443\u0442\u0430"},"schema":{"@context":"https:\/\/schema.org","@graph":[{"@type":"WebPage","@id":"https:\/\/vigrand.md\/produs\/frigider-indesit-li8-sn2e-x-gri\/","url":"https:\/\/vigrand.md\/produs\/frigider-indesit-li8-sn2e-x-gri\/","name":"Frigider Indesit LI8 SN2E X, Gri - Sisteme termice in Moldova","isPartOf":{"@id":"https:\/\/vigrand.md\/#website"},"primaryImageOfPage":{"@id":"https:\/\/vigrand.md\/produs\/frigider-indesit-li8-sn2e-x-gri\/#primaryimage"},"image":{"@id":"https:\/\/vigrand.md\/produs\/frigider-indesit-li8-sn2e-x-gri\/#primaryimage"},"thumbnailUrl":"https:\/\/vigrand.md\/wp-content\/uploads\/2022\/12\/92993995-73c0-40a4-8c57-d2255e51416d.jpg","datePublished":"2022-12-07T11:41:46+00:00","dateModified":"2023-03-03T14:41:55+00:00","breadcrumb":{"@id":"https:\/\/vigrand.md\/produs\/frigider-indesit-li8-sn2e-x-gri\/#breadcrumb"},"inLanguage":"ru-RU","potentialAction":[{"@type":"ReadAction","target":["https:\/\/vigrand.md\/produs\/frigider-indesit-li8-sn2e-x-gri\/"]}]},{"@type":"ImageObject","inLanguage":"ru-RU","@id":"https:\/\/vigrand.md\/produs\/frigider-indesit-li8-sn2e-x-gri\/#primaryimage","url":"https:\/\/vigrand.md\/wp-content\/uploads\/2022\/12\/92993995-73c0-40a4-8c57-d2255e51416d.jpg","contentUrl":"https:\/\/vigrand.md\/wp-content\/uploads\/2022\/12\/92993995-73c0-40a4-8c57-d2255e51416d.jpg","width":450,"height":450},{"@type":"BreadcrumbList","@id":"https:\/\/vigrand.md\/produs\/frigider-indesit-li8-sn2e-x-gri\/#breadcrumb","itemListElement":[{"@type":"ListItem","position":1,"name":"Prima pagin\u0103","item":"https:\/\/vigrand.md\/"},{"@type":"ListItem","position":2,"name":"Magazin","item":"https:\/\/vigrand.md\/magazin\/"},{"@type":"ListItem","position":3,"name":"Frigider Indesit LI8 SN2E X, Gri"}]},{"@type":"WebSite","@id":"https:\/\/vigrand.md\/#website","url":"https:\/\/vigrand.md\/","name":"Sisteme termice in Moldova","description":"Magazin Online","potentialAction":[{"@type":"SearchAction","target":{"@type":"EntryPoint","urlTemplate":"https:\/\/vigrand.md\/?s={search_term_string}"},"query-input":{"@type":"PropertyValueSpecification","valueRequired":true,"valueName":"search_term_string"}}],"inLanguage":"ru-RU"}]}},"_links":{"self":[{"href":"https:\/\/vigrand.md\/ru\/wp-json\/wp\/v2\/product\/3537","targetHints":{"allow":["GET"]}}],"collection":[{"href":"https:\/\/vigrand.md\/ru\/wp-json\/wp\/v2\/product"}],"about":[{"href":"https:\/\/vigrand.md\/ru\/wp-json\/wp\/v2\/types\/product"}],"wp:featuredmedia":[{"embeddable":true,"href":"https:\/\/vigrand.md\/ru\/wp-json\/wp\/v2\/media\/3538"}],"wp:attachment":[{"href":"https:\/\/vigrand.md\/ru\/wp-json\/wp\/v2\/media?parent=3537"}],"wp:term":[{"taxonomy":"product_cat","embeddable":true,"href":"https:\/\/vigrand.md\/ru\/wp-json\/wp\/v2\/product_cat?post=3537"},{"taxonomy":"product_tag","embeddable":true,"href":"https:\/\/vigrand.md\/ru\/wp-json\/wp\/v2\/product_tag?post=3537"}],"curies":[{"name":"wp","href":"https:\/\/api.w.org\/{rel}","templated":true}]}}