{"id":3743,"date":"2022-12-08T06:31:29","date_gmt":"2022-12-08T06:31:29","guid":{"rendered":"http:\/\/magazin.perfectionagency.com\/?post_type=product&#038;p=3743"},"modified":"2023-04-19T15:54:17","modified_gmt":"2023-04-19T15:54:17","slug":"plita-electrica-gorenje-gec-5a10wg-alb","status":"publish","type":"product","link":"https:\/\/vigrand.md\/ru\/produs\/plita-electrica-gorenje-gec-5a10wg-alb\/","title":{"rendered":"Plit\u0103 electric\u0103 Gorenje GEC-5A10WG, Alb"},"content":{"rendered":"<p><strong>Caracteristici de Baz\u0103<\/strong><br \/>\nTip plit\u0103 Plita incorporabil\u0103 electric\u0103<br \/>\nTip Aragaz Plit\u0103 electric\u0103<br \/>\nTip cuptor Cuptor Electric<br \/>\nMaterialul suprafe\u021bei de lucru Vitroceramic\u0103<br \/>\nConsum de energie 0.8 kW<br \/>\nClasa de eficien\u021b\u0103 energetic\u0103 A<br \/>\nCuloare u\u0219\u0103 Negru<br \/>\nCuloare carcas\u0103 Alb<br \/>\nCuloare Alb<br \/>\n<strong>Plit\u0103<\/strong><br \/>\nNum\u0103rul total zone de g\u0103tire \/ zone \u00eenc\u0103lzire 4<br \/>\nTip zone \u00eenc\u0103lzire electric\u0103 Radia\u021bie infraro\u0219ie<br \/>\n<strong>Control \u0219i Indica\u021bie<\/strong><br \/>\nIndica\u0163ie Da<br \/>\nTip control Mecanice rotative<br \/>\nAprindere electric\u0103 Da<br \/>\nDimensiuni \u0219i Greutate<br \/>\nL\u0103\u0163ime 50 cm<br \/>\n\u00cen\u0103l\u0163ime 85 cm<br \/>\nAd\u00e2ncime 59.4 cm<br \/>\nGreutate 35.9 kg<br \/>\n<strong>Cuptor<\/strong><br \/>\nVolumul camerei 68 l<br \/>\nModuri de func\u021bionare \u041a\u043e\u043d\u0432\u0435\u043a\u0446\u0438\u044f<br \/>\nNum\u0103r moduri de \u00eenc\u0103lzire 3<br \/>\nConvec\u021bie Da<br \/>\nAcoperirea intern\u0103 a camerei Email<br \/>\nIluminare camera Da<br \/>\nCuratare Cur\u0103\u021barea cu aburi<br \/>\nSertar pentru vase \u0219i accesorii Da<br \/>\n<strong>Siguran\u021b\u0103<\/strong><br \/>\nIndicator de c\u0103ldur\u0103 rezidual\u0103 Da<br \/>\nBlocare pentru copii Nu<\/p>","protected":false},"excerpt":{"rendered":"<p>Caracteristici de Baz\u0103 Tip plit\u0103 Plita incorporabil\u0103 electric\u0103 Tip Aragaz Plit\u0103 electric\u0103 Tip cuptor Cuptor Electric Materialul suprafe\u021bei de lucru Vitroceramic\u0103 Consum de energie 0.8 kW Clasa de eficien\u021b\u0103 energetic\u0103 A Culoare u\u0219\u0103 Negru Culoare carcas\u0103 Alb Culoare Alb Plit\u0103 Num\u0103rul total zone de g\u0103tire \/ zone \u00eenc\u0103lzire 4 Tip zone \u00eenc\u0103lzire electric\u0103 Radia\u021bie infraro\u0219ie&hellip;<\/p>","protected":false},"featured_media":3748,"template":"","meta":[],"product_cat":[174],"product_tag":[],"class_list":{"0":"post-3743","1":"product","2":"type-product","3":"status-publish","4":"has-post-thumbnail","6":"product_brand-gorenje","7":"product_cat-plite-electrice","8":"pa_aprindere-electrica-da","9":"pa_clasa-de-eficienta-a-3","10":"pa_materialul-suprafetei-vitroceramica","11":"pa_tip-cuptor-cuptor-electric","12":"pa_tip-plita-plita-incorporabila-electrica","13":"pa_volumul-camerei-68-l","15":"first","16":"outofstock","17":"shipping-taxable","18":"purchasable","19":"product-type-simple","20":"col-xs-6 col-sm-4","21":"col-md-3 col-lg-3","22":"un-4-cols"},"yoast_head":"<!-- This site is optimized with the Yoast SEO plugin v27.1.1 - https:\/\/yoast.com\/product\/yoast-seo-wordpress\/ -->\n<title>Plit\u0103 electric\u0103 Gorenje GEC-5A10WG, Alb - Sisteme termice in Moldova<\/title>\n<meta name=\"robots\" content=\"index, follow, max-snippet:-1, max-image-preview:large, max-video-preview:-1\" \/>\n<link rel=\"canonical\" href=\"https:\/\/vigrand.md\/ru\/produs\/plita-electrica-gorenje-gec-5a10wg-alb\/\" \/>\n<meta property=\"og:locale\" content=\"ru_RU\" \/>\n<meta property=\"og:type\" content=\"article\" \/>\n<meta property=\"og:title\" content=\"Plit\u0103 electric\u0103 Gorenje GEC-5A10WG, Alb - Sisteme termice in Moldova\" \/>\n<meta property=\"og:description\" content=\"Caracteristici de Baz\u0103 Tip plit\u0103 Plita incorporabil\u0103 electric\u0103 Tip Aragaz Plit\u0103 electric\u0103 Tip cuptor Cuptor Electric Materialul suprafe\u021bei de lucru Vitroceramic\u0103 Consum de energie 0.8 kW Clasa de eficien\u021b\u0103 energetic\u0103 A Culoare u\u0219\u0103 Negru Culoare carcas\u0103 Alb Culoare Alb Plit\u0103 Num\u0103rul total zone de g\u0103tire \/ zone \u00eenc\u0103lzire 4 Tip zone \u00eenc\u0103lzire electric\u0103 Radia\u021bie infraro\u0219ie&hellip;\" \/>\n<meta property=\"og:url\" content=\"https:\/\/vigrand.md\/ru\/produs\/plita-electrica-gorenje-gec-5a10wg-alb\/\" \/>\n<meta property=\"og:site_name\" content=\"Sisteme termice in Moldova\" \/>\n<meta property=\"article:modified_time\" content=\"2023-04-19T15:54:17+00:00\" \/>\n<meta property=\"og:image\" content=\"https:\/\/vigrand.md\/wp-content\/uploads\/2022\/12\/f77cfec0-9c03-4f3e-93ff-3d5ecf6a44bf.webp\" \/>\n\t<meta property=\"og:image:width\" content=\"800\" \/>\n\t<meta property=\"og:image:height\" content=\"801\" \/>\n\t<meta property=\"og:image:type\" content=\"image\/webp\" \/>\n<meta name=\"twitter:card\" content=\"summary_large_image\" \/>\n<meta name=\"twitter:label1\" content=\"\u041f\u0440\u0438\u043c\u0435\u0440\u043d\u043e\u0435 \u0432\u0440\u0435\u043c\u044f \u0434\u043b\u044f \u0447\u0442\u0435\u043d\u0438\u044f\" \/>\n\t<meta name=\"twitter:data1\" content=\"1 \u043c\u0438\u043d\u0443\u0442\u0430\" \/>\n<script type=\"application\/ld+json\" class=\"yoast-schema-graph\">{\"@context\":\"https:\/\/schema.org\",\"@graph\":[{\"@type\":\"WebPage\",\"@id\":\"https:\/\/vigrand.md\/produs\/plita-electrica-gorenje-gec-5a10wg-alb\/\",\"url\":\"https:\/\/vigrand.md\/produs\/plita-electrica-gorenje-gec-5a10wg-alb\/\",\"name\":\"Plit\u0103 electric\u0103 Gorenje GEC-5A10WG, Alb - Sisteme termice in Moldova\",\"isPartOf\":{\"@id\":\"https:\/\/vigrand.md\/#website\"},\"primaryImageOfPage\":{\"@id\":\"https:\/\/vigrand.md\/produs\/plita-electrica-gorenje-gec-5a10wg-alb\/#primaryimage\"},\"image\":{\"@id\":\"https:\/\/vigrand.md\/produs\/plita-electrica-gorenje-gec-5a10wg-alb\/#primaryimage\"},\"thumbnailUrl\":\"https:\/\/vigrand.md\/wp-content\/uploads\/2022\/12\/f77cfec0-9c03-4f3e-93ff-3d5ecf6a44bf.webp\",\"datePublished\":\"2022-12-08T06:31:29+00:00\",\"dateModified\":\"2023-04-19T15:54:17+00:00\",\"breadcrumb\":{\"@id\":\"https:\/\/vigrand.md\/produs\/plita-electrica-gorenje-gec-5a10wg-alb\/#breadcrumb\"},\"inLanguage\":\"ru-RU\",\"potentialAction\":[{\"@type\":\"ReadAction\",\"target\":[\"https:\/\/vigrand.md\/produs\/plita-electrica-gorenje-gec-5a10wg-alb\/\"]}]},{\"@type\":\"ImageObject\",\"inLanguage\":\"ru-RU\",\"@id\":\"https:\/\/vigrand.md\/produs\/plita-electrica-gorenje-gec-5a10wg-alb\/#primaryimage\",\"url\":\"https:\/\/vigrand.md\/wp-content\/uploads\/2022\/12\/f77cfec0-9c03-4f3e-93ff-3d5ecf6a44bf.webp\",\"contentUrl\":\"https:\/\/vigrand.md\/wp-content\/uploads\/2022\/12\/f77cfec0-9c03-4f3e-93ff-3d5ecf6a44bf.webp\",\"width\":800,\"height\":801},{\"@type\":\"BreadcrumbList\",\"@id\":\"https:\/\/vigrand.md\/produs\/plita-electrica-gorenje-gec-5a10wg-alb\/#breadcrumb\",\"itemListElement\":[{\"@type\":\"ListItem\",\"position\":1,\"name\":\"Prima pagin\u0103\",\"item\":\"https:\/\/vigrand.md\/\"},{\"@type\":\"ListItem\",\"position\":2,\"name\":\"Magazin\",\"item\":\"https:\/\/vigrand.md\/magazin\/\"},{\"@type\":\"ListItem\",\"position\":3,\"name\":\"Plit\u0103 electric\u0103 Gorenje GEC-5A10WG, Alb\"}]},{\"@type\":\"WebSite\",\"@id\":\"https:\/\/vigrand.md\/#website\",\"url\":\"https:\/\/vigrand.md\/\",\"name\":\"Sisteme termice in Moldova\",\"description\":\"Magazin Online\",\"potentialAction\":[{\"@type\":\"SearchAction\",\"target\":{\"@type\":\"EntryPoint\",\"urlTemplate\":\"https:\/\/vigrand.md\/?s={search_term_string}\"},\"query-input\":{\"@type\":\"PropertyValueSpecification\",\"valueRequired\":true,\"valueName\":\"search_term_string\"}}],\"inLanguage\":\"ru-RU\"}]}<\/script>\n<!-- \/ Yoast SEO plugin. -->","yoast_head_json":{"title":"Plit\u0103 electric\u0103 Gorenje GEC-5A10WG, Alb - Sisteme termice in Moldova","robots":{"index":"index","follow":"follow","max-snippet":"max-snippet:-1","max-image-preview":"max-image-preview:large","max-video-preview":"max-video-preview:-1"},"canonical":"https:\/\/vigrand.md\/ru\/produs\/plita-electrica-gorenje-gec-5a10wg-alb\/","og_locale":"ru_RU","og_type":"article","og_title":"Plit\u0103 electric\u0103 Gorenje GEC-5A10WG, Alb - Sisteme termice in Moldova","og_description":"Caracteristici de Baz\u0103 Tip plit\u0103 Plita incorporabil\u0103 electric\u0103 Tip Aragaz Plit\u0103 electric\u0103 Tip cuptor Cuptor Electric Materialul suprafe\u021bei de lucru Vitroceramic\u0103 Consum de energie 0.8 kW Clasa de eficien\u021b\u0103 energetic\u0103 A Culoare u\u0219\u0103 Negru Culoare carcas\u0103 Alb Culoare Alb Plit\u0103 Num\u0103rul total zone de g\u0103tire \/ zone \u00eenc\u0103lzire 4 Tip zone \u00eenc\u0103lzire electric\u0103 Radia\u021bie infraro\u0219ie&hellip;","og_url":"https:\/\/vigrand.md\/ru\/produs\/plita-electrica-gorenje-gec-5a10wg-alb\/","og_site_name":"Sisteme termice in Moldova","article_modified_time":"2023-04-19T15:54:17+00:00","og_image":[{"width":800,"height":801,"url":"https:\/\/vigrand.md\/wp-content\/uploads\/2022\/12\/f77cfec0-9c03-4f3e-93ff-3d5ecf6a44bf.webp","type":"image\/webp"}],"twitter_card":"summary_large_image","twitter_misc":{"\u041f\u0440\u0438\u043c\u0435\u0440\u043d\u043e\u0435 \u0432\u0440\u0435\u043c\u044f \u0434\u043b\u044f \u0447\u0442\u0435\u043d\u0438\u044f":"1 \u043c\u0438\u043d\u0443\u0442\u0430"},"schema":{"@context":"https:\/\/schema.org","@graph":[{"@type":"WebPage","@id":"https:\/\/vigrand.md\/produs\/plita-electrica-gorenje-gec-5a10wg-alb\/","url":"https:\/\/vigrand.md\/produs\/plita-electrica-gorenje-gec-5a10wg-alb\/","name":"Plit\u0103 electric\u0103 Gorenje GEC-5A10WG, Alb - Sisteme termice in Moldova","isPartOf":{"@id":"https:\/\/vigrand.md\/#website"},"primaryImageOfPage":{"@id":"https:\/\/vigrand.md\/produs\/plita-electrica-gorenje-gec-5a10wg-alb\/#primaryimage"},"image":{"@id":"https:\/\/vigrand.md\/produs\/plita-electrica-gorenje-gec-5a10wg-alb\/#primaryimage"},"thumbnailUrl":"https:\/\/vigrand.md\/wp-content\/uploads\/2022\/12\/f77cfec0-9c03-4f3e-93ff-3d5ecf6a44bf.webp","datePublished":"2022-12-08T06:31:29+00:00","dateModified":"2023-04-19T15:54:17+00:00","breadcrumb":{"@id":"https:\/\/vigrand.md\/produs\/plita-electrica-gorenje-gec-5a10wg-alb\/#breadcrumb"},"inLanguage":"ru-RU","potentialAction":[{"@type":"ReadAction","target":["https:\/\/vigrand.md\/produs\/plita-electrica-gorenje-gec-5a10wg-alb\/"]}]},{"@type":"ImageObject","inLanguage":"ru-RU","@id":"https:\/\/vigrand.md\/produs\/plita-electrica-gorenje-gec-5a10wg-alb\/#primaryimage","url":"https:\/\/vigrand.md\/wp-content\/uploads\/2022\/12\/f77cfec0-9c03-4f3e-93ff-3d5ecf6a44bf.webp","contentUrl":"https:\/\/vigrand.md\/wp-content\/uploads\/2022\/12\/f77cfec0-9c03-4f3e-93ff-3d5ecf6a44bf.webp","width":800,"height":801},{"@type":"BreadcrumbList","@id":"https:\/\/vigrand.md\/produs\/plita-electrica-gorenje-gec-5a10wg-alb\/#breadcrumb","itemListElement":[{"@type":"ListItem","position":1,"name":"Prima pagin\u0103","item":"https:\/\/vigrand.md\/"},{"@type":"ListItem","position":2,"name":"Magazin","item":"https:\/\/vigrand.md\/magazin\/"},{"@type":"ListItem","position":3,"name":"Plit\u0103 electric\u0103 Gorenje GEC-5A10WG, Alb"}]},{"@type":"WebSite","@id":"https:\/\/vigrand.md\/#website","url":"https:\/\/vigrand.md\/","name":"Sisteme termice in Moldova","description":"Magazin Online","potentialAction":[{"@type":"SearchAction","target":{"@type":"EntryPoint","urlTemplate":"https:\/\/vigrand.md\/?s={search_term_string}"},"query-input":{"@type":"PropertyValueSpecification","valueRequired":true,"valueName":"search_term_string"}}],"inLanguage":"ru-RU"}]}},"_links":{"self":[{"href":"https:\/\/vigrand.md\/ru\/wp-json\/wp\/v2\/product\/3743","targetHints":{"allow":["GET"]}}],"collection":[{"href":"https:\/\/vigrand.md\/ru\/wp-json\/wp\/v2\/product"}],"about":[{"href":"https:\/\/vigrand.md\/ru\/wp-json\/wp\/v2\/types\/product"}],"wp:featuredmedia":[{"embeddable":true,"href":"https:\/\/vigrand.md\/ru\/wp-json\/wp\/v2\/media\/3748"}],"wp:attachment":[{"href":"https:\/\/vigrand.md\/ru\/wp-json\/wp\/v2\/media?parent=3743"}],"wp:term":[{"taxonomy":"product_cat","embeddable":true,"href":"https:\/\/vigrand.md\/ru\/wp-json\/wp\/v2\/product_cat?post=3743"},{"taxonomy":"product_tag","embeddable":true,"href":"https:\/\/vigrand.md\/ru\/wp-json\/wp\/v2\/product_tag?post=3743"}],"curies":[{"name":"wp","href":"https:\/\/api.w.org\/{rel}","templated":true}]}}