{"id":3749,"date":"2022-12-08T06:34:41","date_gmt":"2022-12-08T06:34:41","guid":{"rendered":"http:\/\/magazin.perfectionagency.com\/?post_type=product&#038;p=3749"},"modified":"2023-04-19T15:54:17","modified_gmt":"2023-04-19T15:54:17","slug":"aragaz-mixt-gorenje-k5351brf-maro-inchis","status":"publish","type":"product","link":"https:\/\/vigrand.md\/ru\/produs\/aragaz-mixt-gorenje-k5351brf-maro-inchis\/","title":{"rendered":"Aragaz Mixt Gorenje K5351BRF, Maro \u00eenchis"},"content":{"rendered":"<p><strong>Caracteristici de Baz\u0103<\/strong><br \/>\nTip Aragaz Aragaz Mixt<br \/>\nTip plit\u0103 Plit\u0103 pe gaz<br \/>\nTip cuptor Cuptor Electric<br \/>\nCuloare Maro<br \/>\nMaterialul suprafe\u021bei de lucru O\u021bel emailat<br \/>\nConsum de energie 3.3 kW<br \/>\nClasa de eficien\u021b\u0103 energetic\u0103 A<br \/>\nCuloare carcas\u0103 Maro \u00eenchis<br \/>\nCuloare u\u0219\u0103 Negru<br \/>\n<strong>Plit\u0103<\/strong><br \/>\nNum\u0103rul total zone de g\u0103tire \/ zone \u00eenc\u0103lzire 4<br \/>\nTip arz\u0103toare pe gaz Standard<br \/>\nCaracteristicile arz\u0103toarelor Suport pentru Ibric<br \/>\nMaterialul Grilei Font\u0103<br \/>\n<strong>Control \u0219i Indica\u021bie<\/strong><br \/>\nTimer pornire\/oprire Da<br \/>\nTip control Mecanice rotative<br \/>\nIndica\u0163ie Afi\u0219aj LED Digital<br \/>\nSemnal sonor Da<br \/>\nAprindere electric\u0103 Da<br \/>\nDimensiuni \u0219i Greutate<br \/>\nL\u0103\u0163ime 50 cm<br \/>\n\u00cen\u0103l\u0163ime 85 cm<br \/>\nAd\u00e2ncime 59 cm<br \/>\nGreutate 45.1 kg<br \/>\n<strong>Cuptor<\/strong><br \/>\nVolumul camerei 70 l<br \/>\nModuri de func\u021bionare Grill, Convec\u021bie<br \/>\nNum\u0103r moduri de \u00eenc\u0103lzire 7<br \/>\nTemperatura maxim\u0103 incalzire 250 \u00b0C<br \/>\nConvec\u021bie Da<br \/>\nTip Grill Electric<br \/>\nGhidaje telescopice La nivelul 1<br \/>\nAcoperirea intern\u0103 a camerei Email pirolitic SilverMatte<br \/>\nAcoperire antibacterian\u0103 Da<br \/>\nVentilator de r\u0103cire Da<br \/>\nIluminare camera Da<br \/>\nCuratare AquaClean<br \/>\nSertar pentru vase \u0219i accesorii Da<br \/>\n<strong>Siguran\u021b\u0103<\/strong><br \/>\nBlocare pentru copii Da<br \/>\nOprire de siguran\u021b\u0103 Da<br \/>\nGaz- control Da<\/p>","protected":false},"excerpt":{"rendered":"<p>Caracteristici de Baz\u0103 Tip Aragaz Aragaz Mixt Tip plit\u0103 Plit\u0103 pe gaz Tip cuptor Cuptor Electric Culoare Maro Materialul suprafe\u021bei de lucru O\u021bel emailat Consum de energie 3.3 kW Clasa de eficien\u021b\u0103 energetic\u0103 A Culoare carcas\u0103 Maro \u00eenchis Culoare u\u0219\u0103 Negru Plit\u0103 Num\u0103rul total zone de g\u0103tire \/ zone \u00eenc\u0103lzire 4 Tip arz\u0103toare pe gaz&hellip;<\/p>","protected":false},"featured_media":3750,"template":"","meta":[],"product_cat":[167],"product_tag":[],"class_list":{"0":"post-3749","1":"product","2":"type-product","3":"status-publish","4":"has-post-thumbnail","6":"product_brand-gorenje","7":"product_cat-aragazuri","8":"pa_aprindere-electrica-da","9":"pa_clasa-de-eficienta-a-3","10":"pa_convectie-da","11":"pa_gaz-control-da","12":"pa_materialul-grilei-fonta","13":"pa_materialul-suprafetei-otel-emailat","14":"pa_tip-cuptor-cuptor-electric","15":"pa_tip-plita-plita-pe-gaz","16":"pa_volumul-camerei-70-l","18":"first","19":"outofstock","20":"shipping-taxable","21":"purchasable","22":"product-type-simple","23":"col-xs-6 col-sm-4","24":"col-md-3 col-lg-3","25":"un-4-cols"},"yoast_head":"<!-- This site is optimized with the Yoast SEO plugin v27.1.1 - https:\/\/yoast.com\/product\/yoast-seo-wordpress\/ -->\n<title>Aragaz Mixt Gorenje K5351BRF, Maro \u00eenchis - Sisteme termice in Moldova<\/title>\n<meta name=\"robots\" content=\"index, follow, max-snippet:-1, max-image-preview:large, max-video-preview:-1\" \/>\n<link rel=\"canonical\" href=\"https:\/\/vigrand.md\/ru\/produs\/aragaz-mixt-gorenje-k5351brf-maro-inchis\/\" \/>\n<meta property=\"og:locale\" content=\"ru_RU\" \/>\n<meta property=\"og:type\" content=\"article\" \/>\n<meta property=\"og:title\" content=\"Aragaz Mixt Gorenje K5351BRF, Maro \u00eenchis - Sisteme termice in Moldova\" \/>\n<meta property=\"og:description\" content=\"Caracteristici de Baz\u0103 Tip Aragaz Aragaz Mixt Tip plit\u0103 Plit\u0103 pe gaz Tip cuptor Cuptor Electric Culoare Maro Materialul suprafe\u021bei de lucru O\u021bel emailat Consum de energie 3.3 kW Clasa de eficien\u021b\u0103 energetic\u0103 A Culoare carcas\u0103 Maro \u00eenchis Culoare u\u0219\u0103 Negru Plit\u0103 Num\u0103rul total zone de g\u0103tire \/ zone \u00eenc\u0103lzire 4 Tip arz\u0103toare pe gaz&hellip;\" \/>\n<meta property=\"og:url\" content=\"https:\/\/vigrand.md\/ru\/produs\/aragaz-mixt-gorenje-k5351brf-maro-inchis\/\" \/>\n<meta property=\"og:site_name\" content=\"Sisteme termice in Moldova\" \/>\n<meta property=\"article:modified_time\" content=\"2023-04-19T15:54:17+00:00\" \/>\n<meta property=\"og:image\" content=\"https:\/\/vigrand.md\/wp-content\/uploads\/2022\/12\/d093da82-cd12-4568-a1d7-322025c8f61d.webp\" \/>\n\t<meta property=\"og:image:width\" content=\"1000\" \/>\n\t<meta property=\"og:image:height\" content=\"1000\" \/>\n\t<meta property=\"og:image:type\" content=\"image\/webp\" \/>\n<meta name=\"twitter:card\" content=\"summary_large_image\" \/>\n<meta name=\"twitter:label1\" content=\"\u041f\u0440\u0438\u043c\u0435\u0440\u043d\u043e\u0435 \u0432\u0440\u0435\u043c\u044f \u0434\u043b\u044f \u0447\u0442\u0435\u043d\u0438\u044f\" \/>\n\t<meta name=\"twitter:data1\" content=\"1 \u043c\u0438\u043d\u0443\u0442\u0430\" \/>\n<script type=\"application\/ld+json\" class=\"yoast-schema-graph\">{\"@context\":\"https:\/\/schema.org\",\"@graph\":[{\"@type\":\"WebPage\",\"@id\":\"https:\/\/vigrand.md\/produs\/aragaz-mixt-gorenje-k5351brf-maro-inchis\/\",\"url\":\"https:\/\/vigrand.md\/produs\/aragaz-mixt-gorenje-k5351brf-maro-inchis\/\",\"name\":\"Aragaz Mixt Gorenje K5351BRF, Maro \u00eenchis - Sisteme termice in Moldova\",\"isPartOf\":{\"@id\":\"https:\/\/vigrand.md\/#website\"},\"primaryImageOfPage\":{\"@id\":\"https:\/\/vigrand.md\/produs\/aragaz-mixt-gorenje-k5351brf-maro-inchis\/#primaryimage\"},\"image\":{\"@id\":\"https:\/\/vigrand.md\/produs\/aragaz-mixt-gorenje-k5351brf-maro-inchis\/#primaryimage\"},\"thumbnailUrl\":\"https:\/\/vigrand.md\/wp-content\/uploads\/2022\/12\/d093da82-cd12-4568-a1d7-322025c8f61d.webp\",\"datePublished\":\"2022-12-08T06:34:41+00:00\",\"dateModified\":\"2023-04-19T15:54:17+00:00\",\"breadcrumb\":{\"@id\":\"https:\/\/vigrand.md\/produs\/aragaz-mixt-gorenje-k5351brf-maro-inchis\/#breadcrumb\"},\"inLanguage\":\"ru-RU\",\"potentialAction\":[{\"@type\":\"ReadAction\",\"target\":[\"https:\/\/vigrand.md\/produs\/aragaz-mixt-gorenje-k5351brf-maro-inchis\/\"]}]},{\"@type\":\"ImageObject\",\"inLanguage\":\"ru-RU\",\"@id\":\"https:\/\/vigrand.md\/produs\/aragaz-mixt-gorenje-k5351brf-maro-inchis\/#primaryimage\",\"url\":\"https:\/\/vigrand.md\/wp-content\/uploads\/2022\/12\/d093da82-cd12-4568-a1d7-322025c8f61d.webp\",\"contentUrl\":\"https:\/\/vigrand.md\/wp-content\/uploads\/2022\/12\/d093da82-cd12-4568-a1d7-322025c8f61d.webp\",\"width\":1000,\"height\":1000},{\"@type\":\"BreadcrumbList\",\"@id\":\"https:\/\/vigrand.md\/produs\/aragaz-mixt-gorenje-k5351brf-maro-inchis\/#breadcrumb\",\"itemListElement\":[{\"@type\":\"ListItem\",\"position\":1,\"name\":\"Prima pagin\u0103\",\"item\":\"https:\/\/vigrand.md\/\"},{\"@type\":\"ListItem\",\"position\":2,\"name\":\"Magazin\",\"item\":\"https:\/\/vigrand.md\/magazin\/\"},{\"@type\":\"ListItem\",\"position\":3,\"name\":\"Aragaz Mixt Gorenje K5351BRF, Maro \u00eenchis\"}]},{\"@type\":\"WebSite\",\"@id\":\"https:\/\/vigrand.md\/#website\",\"url\":\"https:\/\/vigrand.md\/\",\"name\":\"Sisteme termice in Moldova\",\"description\":\"Magazin Online\",\"potentialAction\":[{\"@type\":\"SearchAction\",\"target\":{\"@type\":\"EntryPoint\",\"urlTemplate\":\"https:\/\/vigrand.md\/?s={search_term_string}\"},\"query-input\":{\"@type\":\"PropertyValueSpecification\",\"valueRequired\":true,\"valueName\":\"search_term_string\"}}],\"inLanguage\":\"ru-RU\"}]}<\/script>\n<!-- \/ Yoast SEO plugin. -->","yoast_head_json":{"title":"Aragaz Mixt Gorenje K5351BRF, Maro \u00eenchis - Sisteme termice in Moldova","robots":{"index":"index","follow":"follow","max-snippet":"max-snippet:-1","max-image-preview":"max-image-preview:large","max-video-preview":"max-video-preview:-1"},"canonical":"https:\/\/vigrand.md\/ru\/produs\/aragaz-mixt-gorenje-k5351brf-maro-inchis\/","og_locale":"ru_RU","og_type":"article","og_title":"Aragaz Mixt Gorenje K5351BRF, Maro \u00eenchis - Sisteme termice in Moldova","og_description":"Caracteristici de Baz\u0103 Tip Aragaz Aragaz Mixt Tip plit\u0103 Plit\u0103 pe gaz Tip cuptor Cuptor Electric Culoare Maro Materialul suprafe\u021bei de lucru O\u021bel emailat Consum de energie 3.3 kW Clasa de eficien\u021b\u0103 energetic\u0103 A Culoare carcas\u0103 Maro \u00eenchis Culoare u\u0219\u0103 Negru Plit\u0103 Num\u0103rul total zone de g\u0103tire \/ zone \u00eenc\u0103lzire 4 Tip arz\u0103toare pe gaz&hellip;","og_url":"https:\/\/vigrand.md\/ru\/produs\/aragaz-mixt-gorenje-k5351brf-maro-inchis\/","og_site_name":"Sisteme termice in Moldova","article_modified_time":"2023-04-19T15:54:17+00:00","og_image":[{"width":1000,"height":1000,"url":"https:\/\/vigrand.md\/wp-content\/uploads\/2022\/12\/d093da82-cd12-4568-a1d7-322025c8f61d.webp","type":"image\/webp"}],"twitter_card":"summary_large_image","twitter_misc":{"\u041f\u0440\u0438\u043c\u0435\u0440\u043d\u043e\u0435 \u0432\u0440\u0435\u043c\u044f \u0434\u043b\u044f \u0447\u0442\u0435\u043d\u0438\u044f":"1 \u043c\u0438\u043d\u0443\u0442\u0430"},"schema":{"@context":"https:\/\/schema.org","@graph":[{"@type":"WebPage","@id":"https:\/\/vigrand.md\/produs\/aragaz-mixt-gorenje-k5351brf-maro-inchis\/","url":"https:\/\/vigrand.md\/produs\/aragaz-mixt-gorenje-k5351brf-maro-inchis\/","name":"Aragaz Mixt Gorenje K5351BRF, Maro \u00eenchis - Sisteme termice in Moldova","isPartOf":{"@id":"https:\/\/vigrand.md\/#website"},"primaryImageOfPage":{"@id":"https:\/\/vigrand.md\/produs\/aragaz-mixt-gorenje-k5351brf-maro-inchis\/#primaryimage"},"image":{"@id":"https:\/\/vigrand.md\/produs\/aragaz-mixt-gorenje-k5351brf-maro-inchis\/#primaryimage"},"thumbnailUrl":"https:\/\/vigrand.md\/wp-content\/uploads\/2022\/12\/d093da82-cd12-4568-a1d7-322025c8f61d.webp","datePublished":"2022-12-08T06:34:41+00:00","dateModified":"2023-04-19T15:54:17+00:00","breadcrumb":{"@id":"https:\/\/vigrand.md\/produs\/aragaz-mixt-gorenje-k5351brf-maro-inchis\/#breadcrumb"},"inLanguage":"ru-RU","potentialAction":[{"@type":"ReadAction","target":["https:\/\/vigrand.md\/produs\/aragaz-mixt-gorenje-k5351brf-maro-inchis\/"]}]},{"@type":"ImageObject","inLanguage":"ru-RU","@id":"https:\/\/vigrand.md\/produs\/aragaz-mixt-gorenje-k5351brf-maro-inchis\/#primaryimage","url":"https:\/\/vigrand.md\/wp-content\/uploads\/2022\/12\/d093da82-cd12-4568-a1d7-322025c8f61d.webp","contentUrl":"https:\/\/vigrand.md\/wp-content\/uploads\/2022\/12\/d093da82-cd12-4568-a1d7-322025c8f61d.webp","width":1000,"height":1000},{"@type":"BreadcrumbList","@id":"https:\/\/vigrand.md\/produs\/aragaz-mixt-gorenje-k5351brf-maro-inchis\/#breadcrumb","itemListElement":[{"@type":"ListItem","position":1,"name":"Prima pagin\u0103","item":"https:\/\/vigrand.md\/"},{"@type":"ListItem","position":2,"name":"Magazin","item":"https:\/\/vigrand.md\/magazin\/"},{"@type":"ListItem","position":3,"name":"Aragaz Mixt Gorenje K5351BRF, Maro \u00eenchis"}]},{"@type":"WebSite","@id":"https:\/\/vigrand.md\/#website","url":"https:\/\/vigrand.md\/","name":"Sisteme termice in Moldova","description":"Magazin Online","potentialAction":[{"@type":"SearchAction","target":{"@type":"EntryPoint","urlTemplate":"https:\/\/vigrand.md\/?s={search_term_string}"},"query-input":{"@type":"PropertyValueSpecification","valueRequired":true,"valueName":"search_term_string"}}],"inLanguage":"ru-RU"}]}},"_links":{"self":[{"href":"https:\/\/vigrand.md\/ru\/wp-json\/wp\/v2\/product\/3749","targetHints":{"allow":["GET"]}}],"collection":[{"href":"https:\/\/vigrand.md\/ru\/wp-json\/wp\/v2\/product"}],"about":[{"href":"https:\/\/vigrand.md\/ru\/wp-json\/wp\/v2\/types\/product"}],"wp:featuredmedia":[{"embeddable":true,"href":"https:\/\/vigrand.md\/ru\/wp-json\/wp\/v2\/media\/3750"}],"wp:attachment":[{"href":"https:\/\/vigrand.md\/ru\/wp-json\/wp\/v2\/media?parent=3749"}],"wp:term":[{"taxonomy":"product_cat","embeddable":true,"href":"https:\/\/vigrand.md\/ru\/wp-json\/wp\/v2\/product_cat?post=3749"},{"taxonomy":"product_tag","embeddable":true,"href":"https:\/\/vigrand.md\/ru\/wp-json\/wp\/v2\/product_tag?post=3749"}],"curies":[{"name":"wp","href":"https:\/\/api.w.org\/{rel}","templated":true}]}}