{"id":3759,"date":"2022-12-08T06:43:16","date_gmt":"2022-12-08T06:43:16","guid":{"rendered":"http:\/\/magazin.perfectionagency.com\/?post_type=product&#038;p=3759"},"modified":"2023-03-03T13:31:42","modified_gmt":"2023-03-03T13:31:42","slug":"plita-pe-gaz-gorenje-gktw-642-syb-negru","status":"publish","type":"product","link":"https:\/\/vigrand.md\/ru\/produs\/plita-pe-gaz-gorenje-gktw-642-syb-negru\/","title":{"rendered":"Plit\u0103 pe gaz Gorenje GKTW 642 SYB, Negru"},"content":{"rendered":"<p><strong>Caracteristici de Baz\u0103<\/strong><br \/>\nTip instalare \u00cencorporabila<br \/>\nTip plit\u0103 Plit\u0103 pe gaz<br \/>\nNum\u0103rul total zone de g\u0103tire \/ zone \u00eenc\u0103lzire 4<br \/>\nTip arz\u0103toare pe gaz Standard \/ \u00abCoroan\u0103 Dubl\u0103\u00bb<br \/>\nMaterialul suprafe\u021bei de lucru Sticl\u0103 c\u0103lit\u0103<br \/>\nMaterialul Grilei Font\u0103<br \/>\nNuan\u021b\u0103 culoare Negru<br \/>\n<strong>Control \u0219i Indica\u021bie<\/strong><br \/>\nIndica\u0163ie Da<br \/>\nTimer pornire\/oprire Da<br \/>\nTip control Mecanice rotative<br \/>\nReglarea puterii Da<br \/>\n<strong>Putere<\/strong><br \/>\nClasa de eficien\u021b\u0103 energetic\u0103 A<br \/>\n<strong>Caracteristici<\/strong><br \/>\nCaracteristicile arz\u0103toarelor WOK<br \/>\nAprindere electric\u0103 Da<br \/>\n<strong>Dimensiuni \u0219i Greutate<\/strong><br \/>\nL\u0103\u021bimea ni\u0219ei 56 cm<br \/>\nAd\u00e2ncimea ni\u0219ei 49 cm<br \/>\nL\u0103\u0163ime 60 cm<br \/>\n\u00cen\u0103l\u0163ime 13.6 cm<br \/>\nAd\u00e2ncime 52 cm<br \/>\n<strong>Siguran\u021b\u0103<\/strong><br \/>\nGaz- control Da<br \/>\nDesign \u0219i Culoare<br \/>\nCuloare Negru<\/p>","protected":false},"excerpt":{"rendered":"<p>Caracteristici de Baz\u0103 Tip instalare \u00cencorporabila Tip plit\u0103 Plit\u0103 pe gaz Num\u0103rul total zone de g\u0103tire \/ zone \u00eenc\u0103lzire 4 Tip arz\u0103toare pe gaz Standard \/ \u00abCoroan\u0103 Dubl\u0103\u00bb Materialul suprafe\u021bei de lucru Sticl\u0103 c\u0103lit\u0103 Materialul Grilei Font\u0103 Nuan\u021b\u0103 culoare Negru Control \u0219i Indica\u021bie Indica\u0163ie Da Timer pornire\/oprire Da Tip control Mecanice rotative Reglarea puterii Da&hellip;<\/p>","protected":false},"featured_media":3761,"template":"","meta":[],"product_cat":[433],"product_tag":[],"class_list":{"0":"post-3759","1":"product","2":"type-product","3":"status-publish","4":"has-post-thumbnail","6":"product_brand-gorenje","7":"product_cat-plite-pe-gaz","8":"pa_aprindere-electrica-da","9":"pa_caracteristicile-arzatoare-wok","10":"pa_clasa-de-eficienta-a-3","11":"pa_materialul-grilei-fonta","12":"pa_materialul-suprafetei-sticla-calita","13":"pa_numarul-total-zone-436","14":"pa_tip-plita-plita-pe-gaz","16":"first","17":"outofstock","18":"shipping-taxable","19":"purchasable","20":"product-type-simple","21":"col-xs-6 col-sm-4","22":"col-md-3 col-lg-3","23":"un-4-cols"},"yoast_head":"<!-- This site is optimized with the Yoast SEO plugin v27.1.1 - https:\/\/yoast.com\/product\/yoast-seo-wordpress\/ -->\n<title>Plit\u0103 pe gaz Gorenje GKTW 642 SYB, Negru - Sisteme termice in Moldova<\/title>\n<meta name=\"robots\" content=\"index, follow, max-snippet:-1, max-image-preview:large, max-video-preview:-1\" \/>\n<link rel=\"canonical\" href=\"https:\/\/vigrand.md\/ru\/produs\/plita-pe-gaz-gorenje-gktw-642-syb-negru\/\" \/>\n<meta property=\"og:locale\" content=\"ru_RU\" \/>\n<meta property=\"og:type\" content=\"article\" \/>\n<meta property=\"og:title\" content=\"Plit\u0103 pe gaz Gorenje GKTW 642 SYB, Negru - Sisteme termice in Moldova\" \/>\n<meta property=\"og:description\" content=\"Caracteristici de Baz\u0103 Tip instalare \u00cencorporabila Tip plit\u0103 Plit\u0103 pe gaz Num\u0103rul total zone de g\u0103tire \/ zone \u00eenc\u0103lzire 4 Tip arz\u0103toare pe gaz Standard \/ \u00abCoroan\u0103 Dubl\u0103\u00bb Materialul suprafe\u021bei de lucru Sticl\u0103 c\u0103lit\u0103 Materialul Grilei Font\u0103 Nuan\u021b\u0103 culoare Negru Control \u0219i Indica\u021bie Indica\u0163ie Da Timer pornire\/oprire Da Tip control Mecanice rotative Reglarea puterii Da&hellip;\" \/>\n<meta property=\"og:url\" content=\"https:\/\/vigrand.md\/ru\/produs\/plita-pe-gaz-gorenje-gktw-642-syb-negru\/\" \/>\n<meta property=\"og:site_name\" content=\"Sisteme termice in Moldova\" \/>\n<meta property=\"article:modified_time\" content=\"2023-03-03T13:31:42+00:00\" \/>\n<meta property=\"og:image\" content=\"http:\/\/vigrand.md\/wp-content\/uploads\/2022\/12\/16f2cd33-687e-47f6-8d54-907e4247e47e.webp\" \/>\n\t<meta property=\"og:image:width\" content=\"1000\" \/>\n\t<meta property=\"og:image:height\" content=\"1000\" \/>\n\t<meta property=\"og:image:type\" content=\"image\/webp\" \/>\n<meta name=\"twitter:card\" content=\"summary_large_image\" \/>\n<meta name=\"twitter:label1\" content=\"\u041f\u0440\u0438\u043c\u0435\u0440\u043d\u043e\u0435 \u0432\u0440\u0435\u043c\u044f \u0434\u043b\u044f \u0447\u0442\u0435\u043d\u0438\u044f\" \/>\n\t<meta name=\"twitter:data1\" content=\"1 \u043c\u0438\u043d\u0443\u0442\u0430\" \/>\n<script type=\"application\/ld+json\" class=\"yoast-schema-graph\">{\"@context\":\"https:\/\/schema.org\",\"@graph\":[{\"@type\":\"WebPage\",\"@id\":\"https:\/\/vigrand.md\/produs\/plita-pe-gaz-gorenje-gktw-642-syb-negru\/\",\"url\":\"https:\/\/vigrand.md\/produs\/plita-pe-gaz-gorenje-gktw-642-syb-negru\/\",\"name\":\"Plit\u0103 pe gaz Gorenje GKTW 642 SYB, Negru - Sisteme termice in Moldova\",\"isPartOf\":{\"@id\":\"https:\/\/vigrand.md\/#website\"},\"primaryImageOfPage\":{\"@id\":\"https:\/\/vigrand.md\/produs\/plita-pe-gaz-gorenje-gktw-642-syb-negru\/#primaryimage\"},\"image\":{\"@id\":\"https:\/\/vigrand.md\/produs\/plita-pe-gaz-gorenje-gktw-642-syb-negru\/#primaryimage\"},\"thumbnailUrl\":\"https:\/\/vigrand.md\/wp-content\/uploads\/2022\/12\/16f2cd33-687e-47f6-8d54-907e4247e47e.webp\",\"datePublished\":\"2022-12-08T06:43:16+00:00\",\"dateModified\":\"2023-03-03T13:31:42+00:00\",\"breadcrumb\":{\"@id\":\"https:\/\/vigrand.md\/produs\/plita-pe-gaz-gorenje-gktw-642-syb-negru\/#breadcrumb\"},\"inLanguage\":\"ru-RU\",\"potentialAction\":[{\"@type\":\"ReadAction\",\"target\":[\"https:\/\/vigrand.md\/produs\/plita-pe-gaz-gorenje-gktw-642-syb-negru\/\"]}]},{\"@type\":\"ImageObject\",\"inLanguage\":\"ru-RU\",\"@id\":\"https:\/\/vigrand.md\/produs\/plita-pe-gaz-gorenje-gktw-642-syb-negru\/#primaryimage\",\"url\":\"https:\/\/vigrand.md\/wp-content\/uploads\/2022\/12\/16f2cd33-687e-47f6-8d54-907e4247e47e.webp\",\"contentUrl\":\"https:\/\/vigrand.md\/wp-content\/uploads\/2022\/12\/16f2cd33-687e-47f6-8d54-907e4247e47e.webp\",\"width\":1000,\"height\":1000},{\"@type\":\"BreadcrumbList\",\"@id\":\"https:\/\/vigrand.md\/produs\/plita-pe-gaz-gorenje-gktw-642-syb-negru\/#breadcrumb\",\"itemListElement\":[{\"@type\":\"ListItem\",\"position\":1,\"name\":\"Prima pagin\u0103\",\"item\":\"https:\/\/vigrand.md\/\"},{\"@type\":\"ListItem\",\"position\":2,\"name\":\"Magazin\",\"item\":\"https:\/\/vigrand.md\/magazin\/\"},{\"@type\":\"ListItem\",\"position\":3,\"name\":\"Plit\u0103 pe gaz Gorenje GKTW 642 SYB, Negru\"}]},{\"@type\":\"WebSite\",\"@id\":\"https:\/\/vigrand.md\/#website\",\"url\":\"https:\/\/vigrand.md\/\",\"name\":\"Sisteme termice in Moldova\",\"description\":\"Magazin Online\",\"potentialAction\":[{\"@type\":\"SearchAction\",\"target\":{\"@type\":\"EntryPoint\",\"urlTemplate\":\"https:\/\/vigrand.md\/?s={search_term_string}\"},\"query-input\":{\"@type\":\"PropertyValueSpecification\",\"valueRequired\":true,\"valueName\":\"search_term_string\"}}],\"inLanguage\":\"ru-RU\"}]}<\/script>\n<!-- \/ Yoast SEO plugin. -->","yoast_head_json":{"title":"Plit\u0103 pe gaz Gorenje GKTW 642 SYB, Negru - Sisteme termice in Moldova","robots":{"index":"index","follow":"follow","max-snippet":"max-snippet:-1","max-image-preview":"max-image-preview:large","max-video-preview":"max-video-preview:-1"},"canonical":"https:\/\/vigrand.md\/ru\/produs\/plita-pe-gaz-gorenje-gktw-642-syb-negru\/","og_locale":"ru_RU","og_type":"article","og_title":"Plit\u0103 pe gaz Gorenje GKTW 642 SYB, Negru - Sisteme termice in Moldova","og_description":"Caracteristici de Baz\u0103 Tip instalare \u00cencorporabila Tip plit\u0103 Plit\u0103 pe gaz Num\u0103rul total zone de g\u0103tire \/ zone \u00eenc\u0103lzire 4 Tip arz\u0103toare pe gaz Standard \/ \u00abCoroan\u0103 Dubl\u0103\u00bb Materialul suprafe\u021bei de lucru Sticl\u0103 c\u0103lit\u0103 Materialul Grilei Font\u0103 Nuan\u021b\u0103 culoare Negru Control \u0219i Indica\u021bie Indica\u0163ie Da Timer pornire\/oprire Da Tip control Mecanice rotative Reglarea puterii Da&hellip;","og_url":"https:\/\/vigrand.md\/ru\/produs\/plita-pe-gaz-gorenje-gktw-642-syb-negru\/","og_site_name":"Sisteme termice in Moldova","article_modified_time":"2023-03-03T13:31:42+00:00","og_image":[{"width":1000,"height":1000,"url":"http:\/\/vigrand.md\/wp-content\/uploads\/2022\/12\/16f2cd33-687e-47f6-8d54-907e4247e47e.webp","type":"image\/webp"}],"twitter_card":"summary_large_image","twitter_misc":{"\u041f\u0440\u0438\u043c\u0435\u0440\u043d\u043e\u0435 \u0432\u0440\u0435\u043c\u044f \u0434\u043b\u044f \u0447\u0442\u0435\u043d\u0438\u044f":"1 \u043c\u0438\u043d\u0443\u0442\u0430"},"schema":{"@context":"https:\/\/schema.org","@graph":[{"@type":"WebPage","@id":"https:\/\/vigrand.md\/produs\/plita-pe-gaz-gorenje-gktw-642-syb-negru\/","url":"https:\/\/vigrand.md\/produs\/plita-pe-gaz-gorenje-gktw-642-syb-negru\/","name":"Plit\u0103 pe gaz Gorenje GKTW 642 SYB, Negru - Sisteme termice in Moldova","isPartOf":{"@id":"https:\/\/vigrand.md\/#website"},"primaryImageOfPage":{"@id":"https:\/\/vigrand.md\/produs\/plita-pe-gaz-gorenje-gktw-642-syb-negru\/#primaryimage"},"image":{"@id":"https:\/\/vigrand.md\/produs\/plita-pe-gaz-gorenje-gktw-642-syb-negru\/#primaryimage"},"thumbnailUrl":"https:\/\/vigrand.md\/wp-content\/uploads\/2022\/12\/16f2cd33-687e-47f6-8d54-907e4247e47e.webp","datePublished":"2022-12-08T06:43:16+00:00","dateModified":"2023-03-03T13:31:42+00:00","breadcrumb":{"@id":"https:\/\/vigrand.md\/produs\/plita-pe-gaz-gorenje-gktw-642-syb-negru\/#breadcrumb"},"inLanguage":"ru-RU","potentialAction":[{"@type":"ReadAction","target":["https:\/\/vigrand.md\/produs\/plita-pe-gaz-gorenje-gktw-642-syb-negru\/"]}]},{"@type":"ImageObject","inLanguage":"ru-RU","@id":"https:\/\/vigrand.md\/produs\/plita-pe-gaz-gorenje-gktw-642-syb-negru\/#primaryimage","url":"https:\/\/vigrand.md\/wp-content\/uploads\/2022\/12\/16f2cd33-687e-47f6-8d54-907e4247e47e.webp","contentUrl":"https:\/\/vigrand.md\/wp-content\/uploads\/2022\/12\/16f2cd33-687e-47f6-8d54-907e4247e47e.webp","width":1000,"height":1000},{"@type":"BreadcrumbList","@id":"https:\/\/vigrand.md\/produs\/plita-pe-gaz-gorenje-gktw-642-syb-negru\/#breadcrumb","itemListElement":[{"@type":"ListItem","position":1,"name":"Prima pagin\u0103","item":"https:\/\/vigrand.md\/"},{"@type":"ListItem","position":2,"name":"Magazin","item":"https:\/\/vigrand.md\/magazin\/"},{"@type":"ListItem","position":3,"name":"Plit\u0103 pe gaz Gorenje GKTW 642 SYB, Negru"}]},{"@type":"WebSite","@id":"https:\/\/vigrand.md\/#website","url":"https:\/\/vigrand.md\/","name":"Sisteme termice in Moldova","description":"Magazin Online","potentialAction":[{"@type":"SearchAction","target":{"@type":"EntryPoint","urlTemplate":"https:\/\/vigrand.md\/?s={search_term_string}"},"query-input":{"@type":"PropertyValueSpecification","valueRequired":true,"valueName":"search_term_string"}}],"inLanguage":"ru-RU"}]}},"_links":{"self":[{"href":"https:\/\/vigrand.md\/ru\/wp-json\/wp\/v2\/product\/3759","targetHints":{"allow":["GET"]}}],"collection":[{"href":"https:\/\/vigrand.md\/ru\/wp-json\/wp\/v2\/product"}],"about":[{"href":"https:\/\/vigrand.md\/ru\/wp-json\/wp\/v2\/types\/product"}],"wp:featuredmedia":[{"embeddable":true,"href":"https:\/\/vigrand.md\/ru\/wp-json\/wp\/v2\/media\/3761"}],"wp:attachment":[{"href":"https:\/\/vigrand.md\/ru\/wp-json\/wp\/v2\/media?parent=3759"}],"wp:term":[{"taxonomy":"product_cat","embeddable":true,"href":"https:\/\/vigrand.md\/ru\/wp-json\/wp\/v2\/product_cat?post=3759"},{"taxonomy":"product_tag","embeddable":true,"href":"https:\/\/vigrand.md\/ru\/wp-json\/wp\/v2\/product_tag?post=3759"}],"curies":[{"name":"wp","href":"https:\/\/api.w.org\/{rel}","templated":true}]}}