{"id":3779,"date":"2022-12-08T07:12:02","date_gmt":"2022-12-08T07:12:02","guid":{"rendered":"http:\/\/magazin.perfectionagency.com\/?post_type=product&#038;p=3779"},"modified":"2023-03-03T13:35:57","modified_gmt":"2023-03-03T13:35:57","slug":"plita-pe-gaz-hotpoint-ariston-hags-61f-bk-negru","status":"publish","type":"product","link":"https:\/\/vigrand.md\/ru\/produs\/plita-pe-gaz-hotpoint-ariston-hags-61f-bk-negru\/","title":{"rendered":"Plit\u0103 pe gaz Hotpoint-Ariston HAGS 61F\/BK, Negru"},"content":{"rendered":"<p><strong>Caracteristici de Baz\u0103<\/strong><br \/>\nTip instalare \u00cencorporabila<br \/>\nTip plit\u0103 Plit\u0103 pe gaz<br \/>\nNum\u0103rul total zone de g\u0103tire \/ zone \u00eenc\u0103lzire 4<br \/>\nTip arz\u0103toare pe gaz Standard<br \/>\nMaterialul suprafe\u021bei de lucru Sticl\u0103<br \/>\nMaterialul Grilei Font\u0103<br \/>\nNuan\u021b\u0103 culoare Negru<br \/>\n<strong>Putere<\/strong><br \/>\nConsum de energie 7.3 kW<br \/>\n<strong>Control \u0219i Indica\u021bie<\/strong><br \/>\nIndica\u0163ie Da<br \/>\nTip control Mecanice rotative<br \/>\nReglarea puterii Pe corp<br \/>\nNum\u0103r niveluri de putere 9<br \/>\n<strong>Caracteristici<\/strong><br \/>\nAprindere electric\u0103 Da<br \/>\nDimensiuni \u0219i Greutate<br \/>\nL\u0103\u021bimea ni\u0219ei 55 cm<br \/>\nAd\u00e2ncimea ni\u0219ei 47 cm<br \/>\nL\u0103\u0163ime 59.6 cm<br \/>\n\u00cen\u0103l\u0163ime 5.1 cm<br \/>\nAd\u00e2ncime 51 cm<br \/>\n<strong>Siguran\u021b\u0103<\/strong><br \/>\nGaz- control Da<br \/>\nDesign \u0219i Culoare<br \/>\nCuloare Negru<\/p>","protected":false},"excerpt":{"rendered":"<p>Caracteristici de Baz\u0103 Tip instalare \u00cencorporabila Tip plit\u0103 Plit\u0103 pe gaz Num\u0103rul total zone de g\u0103tire \/ zone \u00eenc\u0103lzire 4 Tip arz\u0103toare pe gaz Standard Materialul suprafe\u021bei de lucru Sticl\u0103 Materialul Grilei Font\u0103 Nuan\u021b\u0103 culoare Negru Putere Consum de energie 7.3 kW Control \u0219i Indica\u021bie Indica\u0163ie Da Tip control Mecanice rotative Reglarea puterii Pe corp&hellip;<\/p>","protected":false},"featured_media":3781,"template":"","meta":[],"product_cat":[433],"product_tag":[],"class_list":{"0":"post-3779","1":"product","2":"type-product","3":"status-publish","4":"has-post-thumbnail","6":"product_brand-hotpoint-ariston","7":"product_cat-plite-pe-gaz","8":"pa_aprindere-electrica-da","9":"pa_consum-energie-73-kw","10":"pa_materialul-grilei-fonta","11":"pa_materialul-suprafetei-sticla","12":"pa_numarul-total-zone-436","13":"pa_tip-plita-plita-pe-gaz","15":"first","16":"outofstock","17":"shipping-taxable","18":"purchasable","19":"product-type-simple","20":"col-xs-6 col-sm-4","21":"col-md-3 col-lg-3","22":"un-4-cols"},"yoast_head":"<!-- This site is optimized with the Yoast SEO plugin v27.1.1 - https:\/\/yoast.com\/product\/yoast-seo-wordpress\/ -->\n<title>Plit\u0103 pe gaz Hotpoint-Ariston HAGS 61F\/BK, Negru - Sisteme termice in Moldova<\/title>\n<meta name=\"robots\" content=\"index, follow, max-snippet:-1, max-image-preview:large, max-video-preview:-1\" \/>\n<link rel=\"canonical\" href=\"https:\/\/vigrand.md\/ru\/produs\/plita-pe-gaz-hotpoint-ariston-hags-61f-bk-negru\/\" \/>\n<meta property=\"og:locale\" content=\"ru_RU\" \/>\n<meta property=\"og:type\" content=\"article\" \/>\n<meta property=\"og:title\" content=\"Plit\u0103 pe gaz Hotpoint-Ariston HAGS 61F\/BK, Negru - Sisteme termice in Moldova\" \/>\n<meta property=\"og:description\" content=\"Caracteristici de Baz\u0103 Tip instalare \u00cencorporabila Tip plit\u0103 Plit\u0103 pe gaz Num\u0103rul total zone de g\u0103tire \/ zone \u00eenc\u0103lzire 4 Tip arz\u0103toare pe gaz Standard Materialul suprafe\u021bei de lucru Sticl\u0103 Materialul Grilei Font\u0103 Nuan\u021b\u0103 culoare Negru Putere Consum de energie 7.3 kW Control \u0219i Indica\u021bie Indica\u0163ie Da Tip control Mecanice rotative Reglarea puterii Pe corp&hellip;\" \/>\n<meta property=\"og:url\" content=\"https:\/\/vigrand.md\/ru\/produs\/plita-pe-gaz-hotpoint-ariston-hags-61f-bk-negru\/\" \/>\n<meta property=\"og:site_name\" content=\"Sisteme termice in Moldova\" \/>\n<meta property=\"article:modified_time\" content=\"2023-03-03T13:35:57+00:00\" \/>\n<meta property=\"og:image\" content=\"http:\/\/vigrand.md\/wp-content\/uploads\/2022\/12\/8a558660-795a-4e8b-96f8-9ea81a394a12.webp\" \/>\n\t<meta property=\"og:image:width\" content=\"1000\" \/>\n\t<meta property=\"og:image:height\" content=\"730\" \/>\n\t<meta property=\"og:image:type\" content=\"image\/webp\" \/>\n<meta name=\"twitter:card\" content=\"summary_large_image\" \/>\n<meta name=\"twitter:label1\" content=\"\u041f\u0440\u0438\u043c\u0435\u0440\u043d\u043e\u0435 \u0432\u0440\u0435\u043c\u044f \u0434\u043b\u044f \u0447\u0442\u0435\u043d\u0438\u044f\" \/>\n\t<meta name=\"twitter:data1\" content=\"1 \u043c\u0438\u043d\u0443\u0442\u0430\" \/>\n<script type=\"application\/ld+json\" class=\"yoast-schema-graph\">{\"@context\":\"https:\/\/schema.org\",\"@graph\":[{\"@type\":\"WebPage\",\"@id\":\"https:\/\/vigrand.md\/produs\/plita-pe-gaz-hotpoint-ariston-hags-61f-bk-negru\/\",\"url\":\"https:\/\/vigrand.md\/produs\/plita-pe-gaz-hotpoint-ariston-hags-61f-bk-negru\/\",\"name\":\"Plit\u0103 pe gaz Hotpoint-Ariston HAGS 61F\/BK, Negru - Sisteme termice in Moldova\",\"isPartOf\":{\"@id\":\"https:\/\/vigrand.md\/#website\"},\"primaryImageOfPage\":{\"@id\":\"https:\/\/vigrand.md\/produs\/plita-pe-gaz-hotpoint-ariston-hags-61f-bk-negru\/#primaryimage\"},\"image\":{\"@id\":\"https:\/\/vigrand.md\/produs\/plita-pe-gaz-hotpoint-ariston-hags-61f-bk-negru\/#primaryimage\"},\"thumbnailUrl\":\"https:\/\/vigrand.md\/wp-content\/uploads\/2022\/12\/8a558660-795a-4e8b-96f8-9ea81a394a12.webp\",\"datePublished\":\"2022-12-08T07:12:02+00:00\",\"dateModified\":\"2023-03-03T13:35:57+00:00\",\"breadcrumb\":{\"@id\":\"https:\/\/vigrand.md\/produs\/plita-pe-gaz-hotpoint-ariston-hags-61f-bk-negru\/#breadcrumb\"},\"inLanguage\":\"ru-RU\",\"potentialAction\":[{\"@type\":\"ReadAction\",\"target\":[\"https:\/\/vigrand.md\/produs\/plita-pe-gaz-hotpoint-ariston-hags-61f-bk-negru\/\"]}]},{\"@type\":\"ImageObject\",\"inLanguage\":\"ru-RU\",\"@id\":\"https:\/\/vigrand.md\/produs\/plita-pe-gaz-hotpoint-ariston-hags-61f-bk-negru\/#primaryimage\",\"url\":\"https:\/\/vigrand.md\/wp-content\/uploads\/2022\/12\/8a558660-795a-4e8b-96f8-9ea81a394a12.webp\",\"contentUrl\":\"https:\/\/vigrand.md\/wp-content\/uploads\/2022\/12\/8a558660-795a-4e8b-96f8-9ea81a394a12.webp\",\"width\":1000,\"height\":730},{\"@type\":\"BreadcrumbList\",\"@id\":\"https:\/\/vigrand.md\/produs\/plita-pe-gaz-hotpoint-ariston-hags-61f-bk-negru\/#breadcrumb\",\"itemListElement\":[{\"@type\":\"ListItem\",\"position\":1,\"name\":\"Prima pagin\u0103\",\"item\":\"https:\/\/vigrand.md\/\"},{\"@type\":\"ListItem\",\"position\":2,\"name\":\"Magazin\",\"item\":\"https:\/\/vigrand.md\/magazin\/\"},{\"@type\":\"ListItem\",\"position\":3,\"name\":\"Plit\u0103 pe gaz Hotpoint-Ariston HAGS 61F\/BK, Negru\"}]},{\"@type\":\"WebSite\",\"@id\":\"https:\/\/vigrand.md\/#website\",\"url\":\"https:\/\/vigrand.md\/\",\"name\":\"Sisteme termice in Moldova\",\"description\":\"Magazin Online\",\"potentialAction\":[{\"@type\":\"SearchAction\",\"target\":{\"@type\":\"EntryPoint\",\"urlTemplate\":\"https:\/\/vigrand.md\/?s={search_term_string}\"},\"query-input\":{\"@type\":\"PropertyValueSpecification\",\"valueRequired\":true,\"valueName\":\"search_term_string\"}}],\"inLanguage\":\"ru-RU\"}]}<\/script>\n<!-- \/ Yoast SEO plugin. -->","yoast_head_json":{"title":"Plit\u0103 pe gaz Hotpoint-Ariston HAGS 61F\/BK, Negru - Sisteme termice in Moldova","robots":{"index":"index","follow":"follow","max-snippet":"max-snippet:-1","max-image-preview":"max-image-preview:large","max-video-preview":"max-video-preview:-1"},"canonical":"https:\/\/vigrand.md\/ru\/produs\/plita-pe-gaz-hotpoint-ariston-hags-61f-bk-negru\/","og_locale":"ru_RU","og_type":"article","og_title":"Plit\u0103 pe gaz Hotpoint-Ariston HAGS 61F\/BK, Negru - Sisteme termice in Moldova","og_description":"Caracteristici de Baz\u0103 Tip instalare \u00cencorporabila Tip plit\u0103 Plit\u0103 pe gaz Num\u0103rul total zone de g\u0103tire \/ zone \u00eenc\u0103lzire 4 Tip arz\u0103toare pe gaz Standard Materialul suprafe\u021bei de lucru Sticl\u0103 Materialul Grilei Font\u0103 Nuan\u021b\u0103 culoare Negru Putere Consum de energie 7.3 kW Control \u0219i Indica\u021bie Indica\u0163ie Da Tip control Mecanice rotative Reglarea puterii Pe corp&hellip;","og_url":"https:\/\/vigrand.md\/ru\/produs\/plita-pe-gaz-hotpoint-ariston-hags-61f-bk-negru\/","og_site_name":"Sisteme termice in Moldova","article_modified_time":"2023-03-03T13:35:57+00:00","og_image":[{"width":1000,"height":730,"url":"http:\/\/vigrand.md\/wp-content\/uploads\/2022\/12\/8a558660-795a-4e8b-96f8-9ea81a394a12.webp","type":"image\/webp"}],"twitter_card":"summary_large_image","twitter_misc":{"\u041f\u0440\u0438\u043c\u0435\u0440\u043d\u043e\u0435 \u0432\u0440\u0435\u043c\u044f \u0434\u043b\u044f \u0447\u0442\u0435\u043d\u0438\u044f":"1 \u043c\u0438\u043d\u0443\u0442\u0430"},"schema":{"@context":"https:\/\/schema.org","@graph":[{"@type":"WebPage","@id":"https:\/\/vigrand.md\/produs\/plita-pe-gaz-hotpoint-ariston-hags-61f-bk-negru\/","url":"https:\/\/vigrand.md\/produs\/plita-pe-gaz-hotpoint-ariston-hags-61f-bk-negru\/","name":"Plit\u0103 pe gaz Hotpoint-Ariston HAGS 61F\/BK, Negru - Sisteme termice in Moldova","isPartOf":{"@id":"https:\/\/vigrand.md\/#website"},"primaryImageOfPage":{"@id":"https:\/\/vigrand.md\/produs\/plita-pe-gaz-hotpoint-ariston-hags-61f-bk-negru\/#primaryimage"},"image":{"@id":"https:\/\/vigrand.md\/produs\/plita-pe-gaz-hotpoint-ariston-hags-61f-bk-negru\/#primaryimage"},"thumbnailUrl":"https:\/\/vigrand.md\/wp-content\/uploads\/2022\/12\/8a558660-795a-4e8b-96f8-9ea81a394a12.webp","datePublished":"2022-12-08T07:12:02+00:00","dateModified":"2023-03-03T13:35:57+00:00","breadcrumb":{"@id":"https:\/\/vigrand.md\/produs\/plita-pe-gaz-hotpoint-ariston-hags-61f-bk-negru\/#breadcrumb"},"inLanguage":"ru-RU","potentialAction":[{"@type":"ReadAction","target":["https:\/\/vigrand.md\/produs\/plita-pe-gaz-hotpoint-ariston-hags-61f-bk-negru\/"]}]},{"@type":"ImageObject","inLanguage":"ru-RU","@id":"https:\/\/vigrand.md\/produs\/plita-pe-gaz-hotpoint-ariston-hags-61f-bk-negru\/#primaryimage","url":"https:\/\/vigrand.md\/wp-content\/uploads\/2022\/12\/8a558660-795a-4e8b-96f8-9ea81a394a12.webp","contentUrl":"https:\/\/vigrand.md\/wp-content\/uploads\/2022\/12\/8a558660-795a-4e8b-96f8-9ea81a394a12.webp","width":1000,"height":730},{"@type":"BreadcrumbList","@id":"https:\/\/vigrand.md\/produs\/plita-pe-gaz-hotpoint-ariston-hags-61f-bk-negru\/#breadcrumb","itemListElement":[{"@type":"ListItem","position":1,"name":"Prima pagin\u0103","item":"https:\/\/vigrand.md\/"},{"@type":"ListItem","position":2,"name":"Magazin","item":"https:\/\/vigrand.md\/magazin\/"},{"@type":"ListItem","position":3,"name":"Plit\u0103 pe gaz Hotpoint-Ariston HAGS 61F\/BK, Negru"}]},{"@type":"WebSite","@id":"https:\/\/vigrand.md\/#website","url":"https:\/\/vigrand.md\/","name":"Sisteme termice in Moldova","description":"Magazin Online","potentialAction":[{"@type":"SearchAction","target":{"@type":"EntryPoint","urlTemplate":"https:\/\/vigrand.md\/?s={search_term_string}"},"query-input":{"@type":"PropertyValueSpecification","valueRequired":true,"valueName":"search_term_string"}}],"inLanguage":"ru-RU"}]}},"_links":{"self":[{"href":"https:\/\/vigrand.md\/ru\/wp-json\/wp\/v2\/product\/3779","targetHints":{"allow":["GET"]}}],"collection":[{"href":"https:\/\/vigrand.md\/ru\/wp-json\/wp\/v2\/product"}],"about":[{"href":"https:\/\/vigrand.md\/ru\/wp-json\/wp\/v2\/types\/product"}],"wp:featuredmedia":[{"embeddable":true,"href":"https:\/\/vigrand.md\/ru\/wp-json\/wp\/v2\/media\/3781"}],"wp:attachment":[{"href":"https:\/\/vigrand.md\/ru\/wp-json\/wp\/v2\/media?parent=3779"}],"wp:term":[{"taxonomy":"product_cat","embeddable":true,"href":"https:\/\/vigrand.md\/ru\/wp-json\/wp\/v2\/product_cat?post=3779"},{"taxonomy":"product_tag","embeddable":true,"href":"https:\/\/vigrand.md\/ru\/wp-json\/wp\/v2\/product_tag?post=3779"}],"curies":[{"name":"wp","href":"https:\/\/api.w.org\/{rel}","templated":true}]}}