{"id":3956,"date":"2022-12-08T13:21:12","date_gmt":"2022-12-08T13:21:12","guid":{"rendered":"https:\/\/magazin.perfectionagency.com\/?post_type=product&#038;p=3956"},"modified":"2023-04-19T15:54:35","modified_gmt":"2023-04-19T15:54:35","slug":"cuptor-electric-samsung-nv68r2340rs-wt-otel-inoxidabil","status":"publish","type":"product","link":"https:\/\/vigrand.md\/ru\/produs\/cuptor-electric-samsung-nv68r2340rs-wt-otel-inoxidabil\/","title":{"rendered":"Cuptor Electric Samsung NV68R2340RS\/WT, O\u021bel inoxidabil"},"content":{"rendered":"<p>Caracteristici de Baz\u0103<br \/>\nTip instalare \u00cencorporabila<br \/>\nVolumul camerei 68 l<br \/>\nTip cuptor Cuptor Electric<br \/>\nCuloare Verde<br \/>\nModuri de func\u021bionare Grill, Convec\u021bie<br \/>\nTip Grill Electric<br \/>\nClasa de eficien\u021b\u0103 energetic\u0103 A<br \/>\nCuloare u\u0219\u0103 Negru<br \/>\nPutere<br \/>\nTemperatura maxim\u0103 incalzire 250 \u00b0C<br \/>\nPutere grill 1600 W<br \/>\nDesign<br \/>\nTipul usei Se apleac\u0103 \u00eenapoi \u00een jos<br \/>\nIluminare camera Da<br \/>\nMaterialul u\u0219ii Sticl\u0103<br \/>\nMaterialul panoului de control Sticl\u0103<br \/>\nAcoperirea intern\u0103 a camerei Bio Ceramic\u0103 emailat\u0103<br \/>\nNiveluri de instalare a rafturilor 5<br \/>\nAcoperire antibacterian\u0103 Da<br \/>\nGhidaje telescopice La nivelul 1<br \/>\nRoti\u0219or Nu<br \/>\nVentilator de r\u0103cire Da<br \/>\nNumar geamuri de protec\u0163ie la u\u015f\u0103 3<br \/>\nSertar pentru vase \u0219i accesorii Nu<br \/>\nSet Tav\u0103 de copt, gr\u0103tar<br \/>\nControl \u0219i Indica\u021bie<br \/>\nCeas Da<br \/>\nIndica\u0163ie Afi\u0219aj LED Digital<br \/>\nSemnal sonor Da<br \/>\nBlocare pentru copii Da<br \/>\nTip control Tact- rotative<br \/>\nFunc\u021bii<br \/>\nNum\u0103r Programe Automate 20<br \/>\nCuratare Catalitic\u0103<br \/>\nDimensiuni \u0219i Greutate<br \/>\nL\u0103\u0163ime 59.5 cm<br \/>\nAd\u00e2ncime 57 cm<br \/>\nGreutate 34.2 kg<br \/>\n\u00cen\u0103l\u0163ime 59.5 cm<\/p>","protected":false},"excerpt":{"rendered":"<p>Caracteristici de Baz\u0103 Tip instalare \u00cencorporabila Volumul camerei 68 l Tip cuptor Cuptor Electric Culoare Verde Moduri de func\u021bionare Grill, Convec\u021bie Tip Grill Electric Clasa de eficien\u021b\u0103 energetic\u0103 A Culoare u\u0219\u0103 Negru Putere Temperatura maxim\u0103 incalzire 250 \u00b0C Putere grill 1600 W Design Tipul usei Se apleac\u0103 \u00eenapoi \u00een jos Iluminare camera Da Materialul u\u0219ii&hellip;<\/p>","protected":false},"featured_media":3958,"template":"","meta":[],"product_cat":[169],"product_tag":[],"class_list":{"0":"post-3956","1":"product","2":"type-product","3":"status-publish","4":"has-post-thumbnail","6":"product_brand-samsung","7":"product_cat-cuptoare-electrice-incorporabile","8":"pa_clasa-de-eficienta-a-3","9":"pa_ghidaje-telescopice-la-nivelul-1","10":"pa_numar-de-programe-503","11":"pa_numar-geamuri-de-protectie-481","12":"pa_temperatura-de-incalzire-250-","13":"pa_tip-cuptor-cuptor-electric","14":"pa_ventilator-de-racire-da","15":"pa_volumul-camerei-68-l","17":"first","18":"outofstock","19":"shipping-taxable","20":"purchasable","21":"product-type-simple","22":"col-xs-6 col-sm-4","23":"col-md-3 col-lg-3","24":"un-4-cols"},"yoast_head":"<!-- This site is optimized with the Yoast SEO plugin v27.1.1 - https:\/\/yoast.com\/product\/yoast-seo-wordpress\/ -->\n<title>Cuptor Electric Samsung NV68R2340RS\/WT, O\u021bel inoxidabil - Sisteme termice in Moldova<\/title>\n<meta name=\"robots\" content=\"index, follow, max-snippet:-1, max-image-preview:large, max-video-preview:-1\" \/>\n<link rel=\"canonical\" href=\"https:\/\/vigrand.md\/ru\/produs\/cuptor-electric-samsung-nv68r2340rs-wt-otel-inoxidabil\/\" \/>\n<meta property=\"og:locale\" content=\"ru_RU\" \/>\n<meta property=\"og:type\" content=\"article\" \/>\n<meta property=\"og:title\" content=\"Cuptor Electric Samsung NV68R2340RS\/WT, O\u021bel inoxidabil - Sisteme termice in Moldova\" \/>\n<meta property=\"og:description\" content=\"Caracteristici de Baz\u0103 Tip instalare \u00cencorporabila Volumul camerei 68 l Tip cuptor Cuptor Electric Culoare Verde Moduri de func\u021bionare Grill, Convec\u021bie Tip Grill Electric Clasa de eficien\u021b\u0103 energetic\u0103 A Culoare u\u0219\u0103 Negru Putere Temperatura maxim\u0103 incalzire 250 \u00b0C Putere grill 1600 W Design Tipul usei Se apleac\u0103 \u00eenapoi \u00een jos Iluminare camera Da Materialul u\u0219ii&hellip;\" \/>\n<meta property=\"og:url\" content=\"https:\/\/vigrand.md\/ru\/produs\/cuptor-electric-samsung-nv68r2340rs-wt-otel-inoxidabil\/\" \/>\n<meta property=\"og:site_name\" content=\"Sisteme termice in Moldova\" \/>\n<meta property=\"article:modified_time\" content=\"2023-04-19T15:54:35+00:00\" \/>\n<meta property=\"og:image\" content=\"https:\/\/vigrand.md\/wp-content\/uploads\/2022\/12\/d5f5ceaa-e629-4398-b46f-00c7719fbabe.webp\" \/>\n\t<meta property=\"og:image:width\" content=\"1000\" \/>\n\t<meta property=\"og:image:height\" content=\"964\" \/>\n\t<meta property=\"og:image:type\" content=\"image\/webp\" \/>\n<meta name=\"twitter:card\" content=\"summary_large_image\" \/>\n<meta name=\"twitter:label1\" content=\"\u041f\u0440\u0438\u043c\u0435\u0440\u043d\u043e\u0435 \u0432\u0440\u0435\u043c\u044f \u0434\u043b\u044f \u0447\u0442\u0435\u043d\u0438\u044f\" \/>\n\t<meta name=\"twitter:data1\" content=\"1 \u043c\u0438\u043d\u0443\u0442\u0430\" \/>\n<script type=\"application\/ld+json\" class=\"yoast-schema-graph\">{\"@context\":\"https:\/\/schema.org\",\"@graph\":[{\"@type\":\"WebPage\",\"@id\":\"https:\/\/vigrand.md\/produs\/cuptor-electric-samsung-nv68r2340rs-wt-otel-inoxidabil\/\",\"url\":\"https:\/\/vigrand.md\/produs\/cuptor-electric-samsung-nv68r2340rs-wt-otel-inoxidabil\/\",\"name\":\"Cuptor Electric Samsung NV68R2340RS\/WT, O\u021bel inoxidabil - Sisteme termice in Moldova\",\"isPartOf\":{\"@id\":\"https:\/\/vigrand.md\/#website\"},\"primaryImageOfPage\":{\"@id\":\"https:\/\/vigrand.md\/produs\/cuptor-electric-samsung-nv68r2340rs-wt-otel-inoxidabil\/#primaryimage\"},\"image\":{\"@id\":\"https:\/\/vigrand.md\/produs\/cuptor-electric-samsung-nv68r2340rs-wt-otel-inoxidabil\/#primaryimage\"},\"thumbnailUrl\":\"https:\/\/vigrand.md\/wp-content\/uploads\/2022\/12\/d5f5ceaa-e629-4398-b46f-00c7719fbabe.webp\",\"datePublished\":\"2022-12-08T13:21:12+00:00\",\"dateModified\":\"2023-04-19T15:54:35+00:00\",\"breadcrumb\":{\"@id\":\"https:\/\/vigrand.md\/produs\/cuptor-electric-samsung-nv68r2340rs-wt-otel-inoxidabil\/#breadcrumb\"},\"inLanguage\":\"ru-RU\",\"potentialAction\":[{\"@type\":\"ReadAction\",\"target\":[\"https:\/\/vigrand.md\/produs\/cuptor-electric-samsung-nv68r2340rs-wt-otel-inoxidabil\/\"]}]},{\"@type\":\"ImageObject\",\"inLanguage\":\"ru-RU\",\"@id\":\"https:\/\/vigrand.md\/produs\/cuptor-electric-samsung-nv68r2340rs-wt-otel-inoxidabil\/#primaryimage\",\"url\":\"https:\/\/vigrand.md\/wp-content\/uploads\/2022\/12\/d5f5ceaa-e629-4398-b46f-00c7719fbabe.webp\",\"contentUrl\":\"https:\/\/vigrand.md\/wp-content\/uploads\/2022\/12\/d5f5ceaa-e629-4398-b46f-00c7719fbabe.webp\",\"width\":1000,\"height\":964},{\"@type\":\"BreadcrumbList\",\"@id\":\"https:\/\/vigrand.md\/produs\/cuptor-electric-samsung-nv68r2340rs-wt-otel-inoxidabil\/#breadcrumb\",\"itemListElement\":[{\"@type\":\"ListItem\",\"position\":1,\"name\":\"Prima pagin\u0103\",\"item\":\"https:\/\/vigrand.md\/\"},{\"@type\":\"ListItem\",\"position\":2,\"name\":\"Magazin\",\"item\":\"https:\/\/vigrand.md\/magazin\/\"},{\"@type\":\"ListItem\",\"position\":3,\"name\":\"Cuptor Electric Samsung NV68R2340RS\/WT, O\u021bel inoxidabil\"}]},{\"@type\":\"WebSite\",\"@id\":\"https:\/\/vigrand.md\/#website\",\"url\":\"https:\/\/vigrand.md\/\",\"name\":\"Sisteme termice in Moldova\",\"description\":\"Magazin Online\",\"potentialAction\":[{\"@type\":\"SearchAction\",\"target\":{\"@type\":\"EntryPoint\",\"urlTemplate\":\"https:\/\/vigrand.md\/?s={search_term_string}\"},\"query-input\":{\"@type\":\"PropertyValueSpecification\",\"valueRequired\":true,\"valueName\":\"search_term_string\"}}],\"inLanguage\":\"ru-RU\"}]}<\/script>\n<!-- \/ Yoast SEO plugin. -->","yoast_head_json":{"title":"Cuptor Electric Samsung NV68R2340RS\/WT, O\u021bel inoxidabil - Sisteme termice in Moldova","robots":{"index":"index","follow":"follow","max-snippet":"max-snippet:-1","max-image-preview":"max-image-preview:large","max-video-preview":"max-video-preview:-1"},"canonical":"https:\/\/vigrand.md\/ru\/produs\/cuptor-electric-samsung-nv68r2340rs-wt-otel-inoxidabil\/","og_locale":"ru_RU","og_type":"article","og_title":"Cuptor Electric Samsung NV68R2340RS\/WT, O\u021bel inoxidabil - Sisteme termice in Moldova","og_description":"Caracteristici de Baz\u0103 Tip instalare \u00cencorporabila Volumul camerei 68 l Tip cuptor Cuptor Electric Culoare Verde Moduri de func\u021bionare Grill, Convec\u021bie Tip Grill Electric Clasa de eficien\u021b\u0103 energetic\u0103 A Culoare u\u0219\u0103 Negru Putere Temperatura maxim\u0103 incalzire 250 \u00b0C Putere grill 1600 W Design Tipul usei Se apleac\u0103 \u00eenapoi \u00een jos Iluminare camera Da Materialul u\u0219ii&hellip;","og_url":"https:\/\/vigrand.md\/ru\/produs\/cuptor-electric-samsung-nv68r2340rs-wt-otel-inoxidabil\/","og_site_name":"Sisteme termice in Moldova","article_modified_time":"2023-04-19T15:54:35+00:00","og_image":[{"width":1000,"height":964,"url":"https:\/\/vigrand.md\/wp-content\/uploads\/2022\/12\/d5f5ceaa-e629-4398-b46f-00c7719fbabe.webp","type":"image\/webp"}],"twitter_card":"summary_large_image","twitter_misc":{"\u041f\u0440\u0438\u043c\u0435\u0440\u043d\u043e\u0435 \u0432\u0440\u0435\u043c\u044f \u0434\u043b\u044f \u0447\u0442\u0435\u043d\u0438\u044f":"1 \u043c\u0438\u043d\u0443\u0442\u0430"},"schema":{"@context":"https:\/\/schema.org","@graph":[{"@type":"WebPage","@id":"https:\/\/vigrand.md\/produs\/cuptor-electric-samsung-nv68r2340rs-wt-otel-inoxidabil\/","url":"https:\/\/vigrand.md\/produs\/cuptor-electric-samsung-nv68r2340rs-wt-otel-inoxidabil\/","name":"Cuptor Electric Samsung NV68R2340RS\/WT, O\u021bel inoxidabil - Sisteme termice in Moldova","isPartOf":{"@id":"https:\/\/vigrand.md\/#website"},"primaryImageOfPage":{"@id":"https:\/\/vigrand.md\/produs\/cuptor-electric-samsung-nv68r2340rs-wt-otel-inoxidabil\/#primaryimage"},"image":{"@id":"https:\/\/vigrand.md\/produs\/cuptor-electric-samsung-nv68r2340rs-wt-otel-inoxidabil\/#primaryimage"},"thumbnailUrl":"https:\/\/vigrand.md\/wp-content\/uploads\/2022\/12\/d5f5ceaa-e629-4398-b46f-00c7719fbabe.webp","datePublished":"2022-12-08T13:21:12+00:00","dateModified":"2023-04-19T15:54:35+00:00","breadcrumb":{"@id":"https:\/\/vigrand.md\/produs\/cuptor-electric-samsung-nv68r2340rs-wt-otel-inoxidabil\/#breadcrumb"},"inLanguage":"ru-RU","potentialAction":[{"@type":"ReadAction","target":["https:\/\/vigrand.md\/produs\/cuptor-electric-samsung-nv68r2340rs-wt-otel-inoxidabil\/"]}]},{"@type":"ImageObject","inLanguage":"ru-RU","@id":"https:\/\/vigrand.md\/produs\/cuptor-electric-samsung-nv68r2340rs-wt-otel-inoxidabil\/#primaryimage","url":"https:\/\/vigrand.md\/wp-content\/uploads\/2022\/12\/d5f5ceaa-e629-4398-b46f-00c7719fbabe.webp","contentUrl":"https:\/\/vigrand.md\/wp-content\/uploads\/2022\/12\/d5f5ceaa-e629-4398-b46f-00c7719fbabe.webp","width":1000,"height":964},{"@type":"BreadcrumbList","@id":"https:\/\/vigrand.md\/produs\/cuptor-electric-samsung-nv68r2340rs-wt-otel-inoxidabil\/#breadcrumb","itemListElement":[{"@type":"ListItem","position":1,"name":"Prima pagin\u0103","item":"https:\/\/vigrand.md\/"},{"@type":"ListItem","position":2,"name":"Magazin","item":"https:\/\/vigrand.md\/magazin\/"},{"@type":"ListItem","position":3,"name":"Cuptor Electric Samsung NV68R2340RS\/WT, O\u021bel inoxidabil"}]},{"@type":"WebSite","@id":"https:\/\/vigrand.md\/#website","url":"https:\/\/vigrand.md\/","name":"Sisteme termice in Moldova","description":"Magazin Online","potentialAction":[{"@type":"SearchAction","target":{"@type":"EntryPoint","urlTemplate":"https:\/\/vigrand.md\/?s={search_term_string}"},"query-input":{"@type":"PropertyValueSpecification","valueRequired":true,"valueName":"search_term_string"}}],"inLanguage":"ru-RU"}]}},"_links":{"self":[{"href":"https:\/\/vigrand.md\/ru\/wp-json\/wp\/v2\/product\/3956","targetHints":{"allow":["GET"]}}],"collection":[{"href":"https:\/\/vigrand.md\/ru\/wp-json\/wp\/v2\/product"}],"about":[{"href":"https:\/\/vigrand.md\/ru\/wp-json\/wp\/v2\/types\/product"}],"wp:featuredmedia":[{"embeddable":true,"href":"https:\/\/vigrand.md\/ru\/wp-json\/wp\/v2\/media\/3958"}],"wp:attachment":[{"href":"https:\/\/vigrand.md\/ru\/wp-json\/wp\/v2\/media?parent=3956"}],"wp:term":[{"taxonomy":"product_cat","embeddable":true,"href":"https:\/\/vigrand.md\/ru\/wp-json\/wp\/v2\/product_cat?post=3956"},{"taxonomy":"product_tag","embeddable":true,"href":"https:\/\/vigrand.md\/ru\/wp-json\/wp\/v2\/product_tag?post=3956"}],"curies":[{"name":"wp","href":"https:\/\/api.w.org\/{rel}","templated":true}]}}