{"id":3976,"date":"2022-12-08T13:44:03","date_gmt":"2022-12-08T13:44:03","guid":{"rendered":"https:\/\/magazin.perfectionagency.com\/?post_type=product&#038;p=3976"},"modified":"2023-04-19T15:54:35","modified_gmt":"2023-04-19T15:54:35","slug":"fier-de-calcat-polaris-pir2668ak-2600w-roz","status":"publish","type":"product","link":"https:\/\/vigrand.md\/ru\/produs\/fier-de-calcat-polaris-pir2668ak-2600w-roz\/","title":{"rendered":"Fier de c\u0103lcat Polaris PIR2668AK, 2600W, Roz"},"content":{"rendered":"<p>Caracteristici de Baz\u0103<br \/>\nTip Fier de c\u0103lcat Fier de c\u0103lcat<br \/>\nMaterial talpa Ceramic\u0103<br \/>\nConsum energie 2600 W<br \/>\nDebit de abur constant Da<br \/>\nSpray Da<br \/>\nCuloare Roz<br \/>\nNuan\u021b\u0103 culoare Roz<br \/>\nFunc\u021bii<br \/>\nDeconectare automat\u0103 Da<br \/>\nProtec\u021bie anti-calcar Da<br \/>\nAutocur\u0103\u021bare Da<br \/>\nSistem anti-picurare Da<br \/>\nAbur<br \/>\nControl de debit de abur Da<br \/>\nJet de abur Da<br \/>\nLovitura de aburi 190 g\/min<br \/>\nAburire verticala Da<br \/>\nDebit de abur 50 g\/min<br \/>\nDesign<br \/>\nPlasarea controlerului pe carcas\u0103<br \/>\nLungime cablu alimentare 3 m<br \/>\nVolumul rezervorului de ap\u0103 350 ml<br \/>\nCanelur\u0103 pentru nasturi Da<br \/>\nSet Cup\u0103 de m\u0103surare<\/p>","protected":false},"excerpt":{"rendered":"<p>Caracteristici de Baz\u0103 Tip Fier de c\u0103lcat Fier de c\u0103lcat Material talpa Ceramic\u0103 Consum energie 2600 W Debit de abur constant Da Spray Da Culoare Roz Nuan\u021b\u0103 culoare Roz Func\u021bii Deconectare automat\u0103 Da Protec\u021bie anti-calcar Da Autocur\u0103\u021bare Da Sistem anti-picurare Da Abur Control de debit de abur Da Jet de abur Da Lovitura de aburi&hellip;<\/p>","protected":false},"featured_media":3981,"template":"","meta":[],"product_cat":[175],"product_tag":[],"class_list":{"0":"post-3976","1":"product","2":"type-product","3":"status-publish","4":"has-post-thumbnail","6":"product_brand-polaris","7":"product_cat-fier-de-calcat","8":"pa_aburire-verticala-da","9":"pa_consum-energie-2600-w","10":"pa_debit-de-abur-50-g-min","11":"pa_deconectare-automata-da","12":"pa_lovitura-de-aburi-190-g-min","13":"pa_material-talpa-ceramica","14":"pa_sistem-anti-picurare-da","15":"pa_spray-da","16":"pa_volumul-rezervorului-de-ap-350-ml","18":"first","19":"outofstock","20":"shipping-taxable","21":"purchasable","22":"product-type-simple","23":"col-xs-6 col-sm-4","24":"col-md-3 col-lg-3","25":"un-4-cols"},"yoast_head":"<!-- This site is optimized with the Yoast SEO plugin v27.1.1 - https:\/\/yoast.com\/product\/yoast-seo-wordpress\/ -->\n<title>Fier de c\u0103lcat Polaris PIR2668AK, 2600W, Roz - Sisteme termice in Moldova<\/title>\n<meta name=\"robots\" content=\"index, follow, max-snippet:-1, max-image-preview:large, max-video-preview:-1\" \/>\n<link rel=\"canonical\" href=\"https:\/\/vigrand.md\/ru\/produs\/fier-de-calcat-polaris-pir2668ak-2600w-roz\/\" \/>\n<meta property=\"og:locale\" content=\"ru_RU\" \/>\n<meta property=\"og:type\" content=\"article\" \/>\n<meta property=\"og:title\" content=\"Fier de c\u0103lcat Polaris PIR2668AK, 2600W, Roz - Sisteme termice in Moldova\" \/>\n<meta property=\"og:description\" content=\"Caracteristici de Baz\u0103 Tip Fier de c\u0103lcat Fier de c\u0103lcat Material talpa Ceramic\u0103 Consum energie 2600 W Debit de abur constant Da Spray Da Culoare Roz Nuan\u021b\u0103 culoare Roz Func\u021bii Deconectare automat\u0103 Da Protec\u021bie anti-calcar Da Autocur\u0103\u021bare Da Sistem anti-picurare Da Abur Control de debit de abur Da Jet de abur Da Lovitura de aburi&hellip;\" \/>\n<meta property=\"og:url\" content=\"https:\/\/vigrand.md\/ru\/produs\/fier-de-calcat-polaris-pir2668ak-2600w-roz\/\" \/>\n<meta property=\"og:site_name\" content=\"Sisteme termice in Moldova\" \/>\n<meta property=\"article:modified_time\" content=\"2023-04-19T15:54:35+00:00\" \/>\n<meta property=\"og:image\" content=\"https:\/\/vigrand.md\/wp-content\/uploads\/2022\/12\/c315571e-b119-4ff6-9989-a8cf692d9e61.webp\" \/>\n\t<meta property=\"og:image:width\" content=\"1000\" \/>\n\t<meta property=\"og:image:height\" content=\"1000\" \/>\n\t<meta property=\"og:image:type\" content=\"image\/webp\" \/>\n<meta name=\"twitter:card\" content=\"summary_large_image\" \/>\n<meta name=\"twitter:label1\" content=\"\u041f\u0440\u0438\u043c\u0435\u0440\u043d\u043e\u0435 \u0432\u0440\u0435\u043c\u044f \u0434\u043b\u044f \u0447\u0442\u0435\u043d\u0438\u044f\" \/>\n\t<meta name=\"twitter:data1\" content=\"1 \u043c\u0438\u043d\u0443\u0442\u0430\" \/>\n<script type=\"application\/ld+json\" class=\"yoast-schema-graph\">{\"@context\":\"https:\/\/schema.org\",\"@graph\":[{\"@type\":\"WebPage\",\"@id\":\"https:\/\/vigrand.md\/produs\/fier-de-calcat-polaris-pir2668ak-2600w-roz\/\",\"url\":\"https:\/\/vigrand.md\/produs\/fier-de-calcat-polaris-pir2668ak-2600w-roz\/\",\"name\":\"Fier de c\u0103lcat Polaris PIR2668AK, 2600W, Roz - Sisteme termice in Moldova\",\"isPartOf\":{\"@id\":\"https:\/\/vigrand.md\/#website\"},\"primaryImageOfPage\":{\"@id\":\"https:\/\/vigrand.md\/produs\/fier-de-calcat-polaris-pir2668ak-2600w-roz\/#primaryimage\"},\"image\":{\"@id\":\"https:\/\/vigrand.md\/produs\/fier-de-calcat-polaris-pir2668ak-2600w-roz\/#primaryimage\"},\"thumbnailUrl\":\"https:\/\/vigrand.md\/wp-content\/uploads\/2022\/12\/c315571e-b119-4ff6-9989-a8cf692d9e61.webp\",\"datePublished\":\"2022-12-08T13:44:03+00:00\",\"dateModified\":\"2023-04-19T15:54:35+00:00\",\"breadcrumb\":{\"@id\":\"https:\/\/vigrand.md\/produs\/fier-de-calcat-polaris-pir2668ak-2600w-roz\/#breadcrumb\"},\"inLanguage\":\"ru-RU\",\"potentialAction\":[{\"@type\":\"ReadAction\",\"target\":[\"https:\/\/vigrand.md\/produs\/fier-de-calcat-polaris-pir2668ak-2600w-roz\/\"]}]},{\"@type\":\"ImageObject\",\"inLanguage\":\"ru-RU\",\"@id\":\"https:\/\/vigrand.md\/produs\/fier-de-calcat-polaris-pir2668ak-2600w-roz\/#primaryimage\",\"url\":\"https:\/\/vigrand.md\/wp-content\/uploads\/2022\/12\/c315571e-b119-4ff6-9989-a8cf692d9e61.webp\",\"contentUrl\":\"https:\/\/vigrand.md\/wp-content\/uploads\/2022\/12\/c315571e-b119-4ff6-9989-a8cf692d9e61.webp\",\"width\":1000,\"height\":1000},{\"@type\":\"BreadcrumbList\",\"@id\":\"https:\/\/vigrand.md\/produs\/fier-de-calcat-polaris-pir2668ak-2600w-roz\/#breadcrumb\",\"itemListElement\":[{\"@type\":\"ListItem\",\"position\":1,\"name\":\"Prima pagin\u0103\",\"item\":\"https:\/\/vigrand.md\/\"},{\"@type\":\"ListItem\",\"position\":2,\"name\":\"Magazin\",\"item\":\"https:\/\/vigrand.md\/magazin\/\"},{\"@type\":\"ListItem\",\"position\":3,\"name\":\"Fier de c\u0103lcat Polaris PIR2668AK, 2600W, Roz\"}]},{\"@type\":\"WebSite\",\"@id\":\"https:\/\/vigrand.md\/#website\",\"url\":\"https:\/\/vigrand.md\/\",\"name\":\"Sisteme termice in Moldova\",\"description\":\"Magazin Online\",\"potentialAction\":[{\"@type\":\"SearchAction\",\"target\":{\"@type\":\"EntryPoint\",\"urlTemplate\":\"https:\/\/vigrand.md\/?s={search_term_string}\"},\"query-input\":{\"@type\":\"PropertyValueSpecification\",\"valueRequired\":true,\"valueName\":\"search_term_string\"}}],\"inLanguage\":\"ru-RU\"}]}<\/script>\n<!-- \/ Yoast SEO plugin. -->","yoast_head_json":{"title":"Fier de c\u0103lcat Polaris PIR2668AK, 2600W, Roz - Sisteme termice in Moldova","robots":{"index":"index","follow":"follow","max-snippet":"max-snippet:-1","max-image-preview":"max-image-preview:large","max-video-preview":"max-video-preview:-1"},"canonical":"https:\/\/vigrand.md\/ru\/produs\/fier-de-calcat-polaris-pir2668ak-2600w-roz\/","og_locale":"ru_RU","og_type":"article","og_title":"Fier de c\u0103lcat Polaris PIR2668AK, 2600W, Roz - Sisteme termice in Moldova","og_description":"Caracteristici de Baz\u0103 Tip Fier de c\u0103lcat Fier de c\u0103lcat Material talpa Ceramic\u0103 Consum energie 2600 W Debit de abur constant Da Spray Da Culoare Roz Nuan\u021b\u0103 culoare Roz Func\u021bii Deconectare automat\u0103 Da Protec\u021bie anti-calcar Da Autocur\u0103\u021bare Da Sistem anti-picurare Da Abur Control de debit de abur Da Jet de abur Da Lovitura de aburi&hellip;","og_url":"https:\/\/vigrand.md\/ru\/produs\/fier-de-calcat-polaris-pir2668ak-2600w-roz\/","og_site_name":"Sisteme termice in Moldova","article_modified_time":"2023-04-19T15:54:35+00:00","og_image":[{"width":1000,"height":1000,"url":"https:\/\/vigrand.md\/wp-content\/uploads\/2022\/12\/c315571e-b119-4ff6-9989-a8cf692d9e61.webp","type":"image\/webp"}],"twitter_card":"summary_large_image","twitter_misc":{"\u041f\u0440\u0438\u043c\u0435\u0440\u043d\u043e\u0435 \u0432\u0440\u0435\u043c\u044f \u0434\u043b\u044f \u0447\u0442\u0435\u043d\u0438\u044f":"1 \u043c\u0438\u043d\u0443\u0442\u0430"},"schema":{"@context":"https:\/\/schema.org","@graph":[{"@type":"WebPage","@id":"https:\/\/vigrand.md\/produs\/fier-de-calcat-polaris-pir2668ak-2600w-roz\/","url":"https:\/\/vigrand.md\/produs\/fier-de-calcat-polaris-pir2668ak-2600w-roz\/","name":"Fier de c\u0103lcat Polaris PIR2668AK, 2600W, Roz - Sisteme termice in Moldova","isPartOf":{"@id":"https:\/\/vigrand.md\/#website"},"primaryImageOfPage":{"@id":"https:\/\/vigrand.md\/produs\/fier-de-calcat-polaris-pir2668ak-2600w-roz\/#primaryimage"},"image":{"@id":"https:\/\/vigrand.md\/produs\/fier-de-calcat-polaris-pir2668ak-2600w-roz\/#primaryimage"},"thumbnailUrl":"https:\/\/vigrand.md\/wp-content\/uploads\/2022\/12\/c315571e-b119-4ff6-9989-a8cf692d9e61.webp","datePublished":"2022-12-08T13:44:03+00:00","dateModified":"2023-04-19T15:54:35+00:00","breadcrumb":{"@id":"https:\/\/vigrand.md\/produs\/fier-de-calcat-polaris-pir2668ak-2600w-roz\/#breadcrumb"},"inLanguage":"ru-RU","potentialAction":[{"@type":"ReadAction","target":["https:\/\/vigrand.md\/produs\/fier-de-calcat-polaris-pir2668ak-2600w-roz\/"]}]},{"@type":"ImageObject","inLanguage":"ru-RU","@id":"https:\/\/vigrand.md\/produs\/fier-de-calcat-polaris-pir2668ak-2600w-roz\/#primaryimage","url":"https:\/\/vigrand.md\/wp-content\/uploads\/2022\/12\/c315571e-b119-4ff6-9989-a8cf692d9e61.webp","contentUrl":"https:\/\/vigrand.md\/wp-content\/uploads\/2022\/12\/c315571e-b119-4ff6-9989-a8cf692d9e61.webp","width":1000,"height":1000},{"@type":"BreadcrumbList","@id":"https:\/\/vigrand.md\/produs\/fier-de-calcat-polaris-pir2668ak-2600w-roz\/#breadcrumb","itemListElement":[{"@type":"ListItem","position":1,"name":"Prima pagin\u0103","item":"https:\/\/vigrand.md\/"},{"@type":"ListItem","position":2,"name":"Magazin","item":"https:\/\/vigrand.md\/magazin\/"},{"@type":"ListItem","position":3,"name":"Fier de c\u0103lcat Polaris PIR2668AK, 2600W, Roz"}]},{"@type":"WebSite","@id":"https:\/\/vigrand.md\/#website","url":"https:\/\/vigrand.md\/","name":"Sisteme termice in Moldova","description":"Magazin Online","potentialAction":[{"@type":"SearchAction","target":{"@type":"EntryPoint","urlTemplate":"https:\/\/vigrand.md\/?s={search_term_string}"},"query-input":{"@type":"PropertyValueSpecification","valueRequired":true,"valueName":"search_term_string"}}],"inLanguage":"ru-RU"}]}},"_links":{"self":[{"href":"https:\/\/vigrand.md\/ru\/wp-json\/wp\/v2\/product\/3976","targetHints":{"allow":["GET"]}}],"collection":[{"href":"https:\/\/vigrand.md\/ru\/wp-json\/wp\/v2\/product"}],"about":[{"href":"https:\/\/vigrand.md\/ru\/wp-json\/wp\/v2\/types\/product"}],"wp:featuredmedia":[{"embeddable":true,"href":"https:\/\/vigrand.md\/ru\/wp-json\/wp\/v2\/media\/3981"}],"wp:attachment":[{"href":"https:\/\/vigrand.md\/ru\/wp-json\/wp\/v2\/media?parent=3976"}],"wp:term":[{"taxonomy":"product_cat","embeddable":true,"href":"https:\/\/vigrand.md\/ru\/wp-json\/wp\/v2\/product_cat?post=3976"},{"taxonomy":"product_tag","embeddable":true,"href":"https:\/\/vigrand.md\/ru\/wp-json\/wp\/v2\/product_tag?post=3976"}],"curies":[{"name":"wp","href":"https:\/\/api.w.org\/{rel}","templated":true}]}}