{"id":4067,"date":"2022-12-08T15:16:00","date_gmt":"2022-12-08T15:16:00","guid":{"rendered":"https:\/\/magazin.perfectionagency.com\/?post_type=product&#038;p=4067"},"modified":"2023-03-03T13:27:23","modified_gmt":"2023-03-03T13:27:23","slug":"umidificator-de-aer-electrolux-ehu-3500d-uv-alb","status":"publish","type":"product","link":"https:\/\/vigrand.md\/ru\/produs\/umidificator-de-aer-electrolux-ehu-3500d-uv-alb\/","title":{"rendered":"Umidificator de aer Electrolux EHU-3500D UV, Alb"},"content":{"rendered":"<p>Caracteristici de Baz\u0103<br \/>\nTipul dispozitivului de climatizare Umidificator de aer<br \/>\nSuprafa\u021ba deservit\u0103 recomandat\u0103 35 m2<br \/>\nVolumul rezervorului de ap\u0103 5 l<br \/>\nMetoda de instalare De masa<br \/>\nConsum maxim de ap\u0103 400 ml\/h<br \/>\nMaterialul carcasei Plastic<br \/>\nCuloare Alb<br \/>\nNuan\u021b\u0103 culoare Alb<br \/>\nAlimentare \u0219i acumulator<br \/>\nSurs\u0103 de alimentare Re\u021bea electric\u0103<br \/>\nConsum energie 24 W<br \/>\nFunc\u021bii<br \/>\nAromatizator \u00eencorporat Da<br \/>\nControl \u0219i Indica\u021bie<br \/>\nIndica\u0163ie Da<br \/>\nHigrostat \/ Higrometru Higrostat<br \/>\nTip control Electronic\u0103<br \/>\nDimensiuni \u0219i Greutate<br \/>\nL\u0103\u0163ime 20 cm<br \/>\n\u00cen\u0103l\u0163ime 38.6 cm<br \/>\nAd\u00e2ncime 19.6 cm<br \/>\nGreutate 2.38 kg<\/p>","protected":false},"excerpt":{"rendered":"<p>Caracteristici de Baz\u0103 Tipul dispozitivului de climatizare Umidificator de aer Suprafa\u021ba deservit\u0103 recomandat\u0103 35 m2 Volumul rezervorului de ap\u0103 5 l Metoda de instalare De masa Consum maxim de ap\u0103 400 ml\/h Materialul carcasei Plastic Culoare Alb Nuan\u021b\u0103 culoare Alb Alimentare \u0219i acumulator Surs\u0103 de alimentare Re\u021bea electric\u0103 Consum energie 24 W Func\u021bii Aromatizator \u00eencorporat&hellip;<\/p>","protected":false},"featured_media":4068,"template":"","meta":[],"product_cat":[162,900],"product_tag":[],"class_list":{"0":"post-4067","1":"product","2":"type-product","3":"status-publish","4":"has-post-thumbnail","6":"product_brand-electrolux","7":"product_cat-tehnica-de-uz-casnic","8":"product_cat-umidificatore","9":"pa_consumul-de-apa-400-ml-h","10":"pa_metoda-de-instalar-de-masa","11":"pa_suprafata-deservita-35-m2","12":"pa_tip-control-electronic","13":"pa_volumul-rezervorului-de-ap-5-l","15":"first","16":"outofstock","17":"shipping-taxable","18":"purchasable","19":"product-type-simple","20":"col-xs-6 col-sm-4","21":"col-md-3 col-lg-3","22":"un-4-cols"},"yoast_head":"<!-- This site is optimized with the Yoast SEO plugin v27.1.1 - https:\/\/yoast.com\/product\/yoast-seo-wordpress\/ -->\n<title>Umidificator de aer Electrolux EHU-3500D UV, Alb - Sisteme termice in Moldova<\/title>\n<meta name=\"robots\" content=\"index, follow, max-snippet:-1, max-image-preview:large, max-video-preview:-1\" \/>\n<link rel=\"canonical\" href=\"https:\/\/vigrand.md\/ru\/produs\/umidificator-de-aer-electrolux-ehu-3500d-uv-alb\/\" \/>\n<meta property=\"og:locale\" content=\"ru_RU\" \/>\n<meta property=\"og:type\" content=\"article\" \/>\n<meta property=\"og:title\" content=\"Umidificator de aer Electrolux EHU-3500D UV, Alb - Sisteme termice in Moldova\" \/>\n<meta property=\"og:description\" content=\"Caracteristici de Baz\u0103 Tipul dispozitivului de climatizare Umidificator de aer Suprafa\u021ba deservit\u0103 recomandat\u0103 35 m2 Volumul rezervorului de ap\u0103 5 l Metoda de instalare De masa Consum maxim de ap\u0103 400 ml\/h Materialul carcasei Plastic Culoare Alb Nuan\u021b\u0103 culoare Alb Alimentare \u0219i acumulator Surs\u0103 de alimentare Re\u021bea electric\u0103 Consum energie 24 W Func\u021bii Aromatizator \u00eencorporat&hellip;\" \/>\n<meta property=\"og:url\" content=\"https:\/\/vigrand.md\/ru\/produs\/umidificator-de-aer-electrolux-ehu-3500d-uv-alb\/\" \/>\n<meta property=\"og:site_name\" content=\"Sisteme termice in Moldova\" \/>\n<meta property=\"article:modified_time\" content=\"2023-03-03T13:27:23+00:00\" \/>\n<meta property=\"og:image\" content=\"http:\/\/vigrand.md\/wp-content\/uploads\/2022\/12\/0d51b58f-e64b-4115-85e6-eca8ae8627fe-1.webp\" \/>\n\t<meta property=\"og:image:width\" content=\"1000\" \/>\n\t<meta property=\"og:image:height\" content=\"1000\" \/>\n\t<meta property=\"og:image:type\" content=\"image\/webp\" \/>\n<meta name=\"twitter:card\" content=\"summary_large_image\" \/>\n<meta name=\"twitter:label1\" content=\"\u041f\u0440\u0438\u043c\u0435\u0440\u043d\u043e\u0435 \u0432\u0440\u0435\u043c\u044f \u0434\u043b\u044f \u0447\u0442\u0435\u043d\u0438\u044f\" \/>\n\t<meta name=\"twitter:data1\" content=\"1 \u043c\u0438\u043d\u0443\u0442\u0430\" \/>\n<script type=\"application\/ld+json\" class=\"yoast-schema-graph\">{\"@context\":\"https:\/\/schema.org\",\"@graph\":[{\"@type\":\"WebPage\",\"@id\":\"https:\/\/vigrand.md\/produs\/umidificator-de-aer-electrolux-ehu-3500d-uv-alb\/\",\"url\":\"https:\/\/vigrand.md\/produs\/umidificator-de-aer-electrolux-ehu-3500d-uv-alb\/\",\"name\":\"Umidificator de aer Electrolux EHU-3500D UV, Alb - Sisteme termice in Moldova\",\"isPartOf\":{\"@id\":\"https:\/\/vigrand.md\/#website\"},\"primaryImageOfPage\":{\"@id\":\"https:\/\/vigrand.md\/produs\/umidificator-de-aer-electrolux-ehu-3500d-uv-alb\/#primaryimage\"},\"image\":{\"@id\":\"https:\/\/vigrand.md\/produs\/umidificator-de-aer-electrolux-ehu-3500d-uv-alb\/#primaryimage\"},\"thumbnailUrl\":\"https:\/\/vigrand.md\/wp-content\/uploads\/2022\/12\/0d51b58f-e64b-4115-85e6-eca8ae8627fe-1.webp\",\"datePublished\":\"2022-12-08T15:16:00+00:00\",\"dateModified\":\"2023-03-03T13:27:23+00:00\",\"breadcrumb\":{\"@id\":\"https:\/\/vigrand.md\/produs\/umidificator-de-aer-electrolux-ehu-3500d-uv-alb\/#breadcrumb\"},\"inLanguage\":\"ru-RU\",\"potentialAction\":[{\"@type\":\"ReadAction\",\"target\":[\"https:\/\/vigrand.md\/produs\/umidificator-de-aer-electrolux-ehu-3500d-uv-alb\/\"]}]},{\"@type\":\"ImageObject\",\"inLanguage\":\"ru-RU\",\"@id\":\"https:\/\/vigrand.md\/produs\/umidificator-de-aer-electrolux-ehu-3500d-uv-alb\/#primaryimage\",\"url\":\"https:\/\/vigrand.md\/wp-content\/uploads\/2022\/12\/0d51b58f-e64b-4115-85e6-eca8ae8627fe-1.webp\",\"contentUrl\":\"https:\/\/vigrand.md\/wp-content\/uploads\/2022\/12\/0d51b58f-e64b-4115-85e6-eca8ae8627fe-1.webp\",\"width\":1000,\"height\":1000},{\"@type\":\"BreadcrumbList\",\"@id\":\"https:\/\/vigrand.md\/produs\/umidificator-de-aer-electrolux-ehu-3500d-uv-alb\/#breadcrumb\",\"itemListElement\":[{\"@type\":\"ListItem\",\"position\":1,\"name\":\"Prima pagin\u0103\",\"item\":\"https:\/\/vigrand.md\/\"},{\"@type\":\"ListItem\",\"position\":2,\"name\":\"Magazin\",\"item\":\"https:\/\/vigrand.md\/magazin\/\"},{\"@type\":\"ListItem\",\"position\":3,\"name\":\"Umidificator de aer Electrolux EHU-3500D UV, Alb\"}]},{\"@type\":\"WebSite\",\"@id\":\"https:\/\/vigrand.md\/#website\",\"url\":\"https:\/\/vigrand.md\/\",\"name\":\"Sisteme termice in Moldova\",\"description\":\"Magazin Online\",\"potentialAction\":[{\"@type\":\"SearchAction\",\"target\":{\"@type\":\"EntryPoint\",\"urlTemplate\":\"https:\/\/vigrand.md\/?s={search_term_string}\"},\"query-input\":{\"@type\":\"PropertyValueSpecification\",\"valueRequired\":true,\"valueName\":\"search_term_string\"}}],\"inLanguage\":\"ru-RU\"}]}<\/script>\n<!-- \/ Yoast SEO plugin. -->","yoast_head_json":{"title":"Umidificator de aer Electrolux EHU-3500D UV, Alb - Sisteme termice in Moldova","robots":{"index":"index","follow":"follow","max-snippet":"max-snippet:-1","max-image-preview":"max-image-preview:large","max-video-preview":"max-video-preview:-1"},"canonical":"https:\/\/vigrand.md\/ru\/produs\/umidificator-de-aer-electrolux-ehu-3500d-uv-alb\/","og_locale":"ru_RU","og_type":"article","og_title":"Umidificator de aer Electrolux EHU-3500D UV, Alb - Sisteme termice in Moldova","og_description":"Caracteristici de Baz\u0103 Tipul dispozitivului de climatizare Umidificator de aer Suprafa\u021ba deservit\u0103 recomandat\u0103 35 m2 Volumul rezervorului de ap\u0103 5 l Metoda de instalare De masa Consum maxim de ap\u0103 400 ml\/h Materialul carcasei Plastic Culoare Alb Nuan\u021b\u0103 culoare Alb Alimentare \u0219i acumulator Surs\u0103 de alimentare Re\u021bea electric\u0103 Consum energie 24 W Func\u021bii Aromatizator \u00eencorporat&hellip;","og_url":"https:\/\/vigrand.md\/ru\/produs\/umidificator-de-aer-electrolux-ehu-3500d-uv-alb\/","og_site_name":"Sisteme termice in Moldova","article_modified_time":"2023-03-03T13:27:23+00:00","og_image":[{"width":1000,"height":1000,"url":"http:\/\/vigrand.md\/wp-content\/uploads\/2022\/12\/0d51b58f-e64b-4115-85e6-eca8ae8627fe-1.webp","type":"image\/webp"}],"twitter_card":"summary_large_image","twitter_misc":{"\u041f\u0440\u0438\u043c\u0435\u0440\u043d\u043e\u0435 \u0432\u0440\u0435\u043c\u044f \u0434\u043b\u044f \u0447\u0442\u0435\u043d\u0438\u044f":"1 \u043c\u0438\u043d\u0443\u0442\u0430"},"schema":{"@context":"https:\/\/schema.org","@graph":[{"@type":"WebPage","@id":"https:\/\/vigrand.md\/produs\/umidificator-de-aer-electrolux-ehu-3500d-uv-alb\/","url":"https:\/\/vigrand.md\/produs\/umidificator-de-aer-electrolux-ehu-3500d-uv-alb\/","name":"Umidificator de aer Electrolux EHU-3500D UV, Alb - Sisteme termice in Moldova","isPartOf":{"@id":"https:\/\/vigrand.md\/#website"},"primaryImageOfPage":{"@id":"https:\/\/vigrand.md\/produs\/umidificator-de-aer-electrolux-ehu-3500d-uv-alb\/#primaryimage"},"image":{"@id":"https:\/\/vigrand.md\/produs\/umidificator-de-aer-electrolux-ehu-3500d-uv-alb\/#primaryimage"},"thumbnailUrl":"https:\/\/vigrand.md\/wp-content\/uploads\/2022\/12\/0d51b58f-e64b-4115-85e6-eca8ae8627fe-1.webp","datePublished":"2022-12-08T15:16:00+00:00","dateModified":"2023-03-03T13:27:23+00:00","breadcrumb":{"@id":"https:\/\/vigrand.md\/produs\/umidificator-de-aer-electrolux-ehu-3500d-uv-alb\/#breadcrumb"},"inLanguage":"ru-RU","potentialAction":[{"@type":"ReadAction","target":["https:\/\/vigrand.md\/produs\/umidificator-de-aer-electrolux-ehu-3500d-uv-alb\/"]}]},{"@type":"ImageObject","inLanguage":"ru-RU","@id":"https:\/\/vigrand.md\/produs\/umidificator-de-aer-electrolux-ehu-3500d-uv-alb\/#primaryimage","url":"https:\/\/vigrand.md\/wp-content\/uploads\/2022\/12\/0d51b58f-e64b-4115-85e6-eca8ae8627fe-1.webp","contentUrl":"https:\/\/vigrand.md\/wp-content\/uploads\/2022\/12\/0d51b58f-e64b-4115-85e6-eca8ae8627fe-1.webp","width":1000,"height":1000},{"@type":"BreadcrumbList","@id":"https:\/\/vigrand.md\/produs\/umidificator-de-aer-electrolux-ehu-3500d-uv-alb\/#breadcrumb","itemListElement":[{"@type":"ListItem","position":1,"name":"Prima pagin\u0103","item":"https:\/\/vigrand.md\/"},{"@type":"ListItem","position":2,"name":"Magazin","item":"https:\/\/vigrand.md\/magazin\/"},{"@type":"ListItem","position":3,"name":"Umidificator de aer Electrolux EHU-3500D UV, Alb"}]},{"@type":"WebSite","@id":"https:\/\/vigrand.md\/#website","url":"https:\/\/vigrand.md\/","name":"Sisteme termice in Moldova","description":"Magazin Online","potentialAction":[{"@type":"SearchAction","target":{"@type":"EntryPoint","urlTemplate":"https:\/\/vigrand.md\/?s={search_term_string}"},"query-input":{"@type":"PropertyValueSpecification","valueRequired":true,"valueName":"search_term_string"}}],"inLanguage":"ru-RU"}]}},"_links":{"self":[{"href":"https:\/\/vigrand.md\/ru\/wp-json\/wp\/v2\/product\/4067","targetHints":{"allow":["GET"]}}],"collection":[{"href":"https:\/\/vigrand.md\/ru\/wp-json\/wp\/v2\/product"}],"about":[{"href":"https:\/\/vigrand.md\/ru\/wp-json\/wp\/v2\/types\/product"}],"wp:featuredmedia":[{"embeddable":true,"href":"https:\/\/vigrand.md\/ru\/wp-json\/wp\/v2\/media\/4068"}],"wp:attachment":[{"href":"https:\/\/vigrand.md\/ru\/wp-json\/wp\/v2\/media?parent=4067"}],"wp:term":[{"taxonomy":"product_cat","embeddable":true,"href":"https:\/\/vigrand.md\/ru\/wp-json\/wp\/v2\/product_cat?post=4067"},{"taxonomy":"product_tag","embeddable":true,"href":"https:\/\/vigrand.md\/ru\/wp-json\/wp\/v2\/product_tag?post=4067"}],"curies":[{"name":"wp","href":"https:\/\/api.w.org\/{rel}","templated":true}]}}