{"id":4098,"date":"2022-12-09T06:44:45","date_gmt":"2022-12-09T06:44:45","guid":{"rendered":"https:\/\/magazin.perfectionagency.com\/?post_type=product&#038;p=4098"},"modified":"2023-03-03T14:18:27","modified_gmt":"2023-03-03T14:18:27","slug":"sistem-split-midea-ag-12n8c2f-i-ag-12n8c2f-oag-11n8c2f-i-12kbtu-h-alb","status":"publish","type":"product","link":"https:\/\/vigrand.md\/ru\/produs\/sistem-split-midea-ag-12n8c2f-i-ag-12n8c2f-oag-11n8c2f-i-12kbtu-h-alb\/","title":{"rendered":"Sistem Split Midea AG-12N8C2F-I\/AG-12N8C2F-O(AG-11N8C2F-I), 12kBTU\/h, Alb"},"content":{"rendered":"<p>Caracteristici de Baz\u0103<br \/>\nTip aparat Sistem Split<br \/>\nTipul bloculuii interior Se monteaz\u0103 pe perete<br \/>\nFunctii climatizare R\u0103cire, \u00cenc\u0103lzire<br \/>\nSuprafa\u0163a acoperit\u0103 p\u00eena 35 m2<br \/>\nAgent frigorific R-32<br \/>\nCuloare Alb<br \/>\nNuan\u021b\u0103 culoare Alb<br \/>\nPerforman\u021b\u0103 \u0219i energie<br \/>\nCapacitate de r\u0103cire 12 kBTU\/h<br \/>\nCapacitate r\u0103cire 3.8 kW<br \/>\nCapacitate \u00eenc\u0103lzire 4 kW<br \/>\nDebit aer maxim 506 m3\/h<br \/>\nTehnologie Inverter Da<br \/>\nNivel de zgomot maxim 38 dB<br \/>\nModuri de gestionare \u0219i operare<br \/>\nIndica\u0163ie Da<br \/>\nMod auto Da<br \/>\nDezumidificarea aerului Da<br \/>\nAutocur\u0103\u021bare Da<br \/>\nAuto-diagnoza Da<br \/>\nTimer pornire \/ oprire Da<br \/>\nDesign<br \/>\nLungime maxim\u0103 traseu 25 m<br \/>\nDiferen\u021ba maxim\u0103 de nivel 10 m<br \/>\nDimensiuni \u0219i Greutate<br \/>\nL\u0103\u021bimea blocului interior 72.9 cm<br \/>\nAd\u00e2ncimea blocului interior 20 cm<br \/>\n\u00cen\u0103l\u021bimea blocului interior 29.2 cm<br \/>\nGreutatea blocului interior 8.1 kg<br \/>\nL\u0103\u021bimea blocului exterior 72 cm<br \/>\nAd\u00e2ncimea blocului exterior 27 cm<br \/>\n\u00cen\u0103l\u021bimea blocului exterior 49.5 cm<br \/>\nGreutatea blocului exterior 23.7 kg<\/p>","protected":false},"excerpt":{"rendered":"<p>Caracteristici de Baz\u0103 Tip aparat Sistem Split Tipul bloculuii interior Se monteaz\u0103 pe perete Functii climatizare R\u0103cire, \u00cenc\u0103lzire Suprafa\u0163a acoperit\u0103 p\u00eena 35 m2 Agent frigorific R-32 Culoare Alb Nuan\u021b\u0103 culoare Alb Performan\u021b\u0103 \u0219i energie Capacitate de r\u0103cire 12 kBTU\/h Capacitate r\u0103cire 3.8 kW Capacitate \u00eenc\u0103lzire 4 kW Debit aer maxim 506 m3\/h Tehnologie Inverter Da&hellip;<\/p>","protected":false},"featured_media":4100,"template":"","meta":[],"product_cat":[216],"product_tag":[],"class_list":{"0":"post-4098","1":"product","2":"type-product","3":"status-publish","4":"has-post-thumbnail","6":"product_brand-midea","7":"product_cat-conditionere","8":"pa_capacitate-de-racire-12-kbtu-h","9":"pa_functii-climatizare-incalzire","10":"pa_functii-climatizare-racire","11":"pa_inverter-da","12":"pa_suprafata-deservita-pina-35-m2","14":"first","15":"instock","16":"shipping-taxable","17":"purchasable","18":"product-type-simple","19":"col-xs-6 col-sm-4","20":"col-md-3 col-lg-3","21":"un-4-cols"},"yoast_head":"<!-- This site is optimized with the Yoast SEO plugin v27.1.1 - https:\/\/yoast.com\/product\/yoast-seo-wordpress\/ -->\n<title>Sistem Split Midea AG-12N8C2F-I\/AG-12N8C2F-O(AG-11N8C2F-I), 12kBTU\/h, Alb - Sisteme termice in Moldova<\/title>\n<meta name=\"robots\" content=\"index, follow, max-snippet:-1, max-image-preview:large, max-video-preview:-1\" \/>\n<link rel=\"canonical\" href=\"https:\/\/vigrand.md\/ru\/produs\/sistem-split-midea-ag-12n8c2f-i-ag-12n8c2f-oag-11n8c2f-i-12kbtu-h-alb\/\" \/>\n<meta property=\"og:locale\" content=\"ru_RU\" \/>\n<meta property=\"og:type\" content=\"article\" \/>\n<meta property=\"og:title\" content=\"Sistem Split Midea AG-12N8C2F-I\/AG-12N8C2F-O(AG-11N8C2F-I), 12kBTU\/h, Alb - Sisteme termice in Moldova\" \/>\n<meta property=\"og:description\" content=\"Caracteristici de Baz\u0103 Tip aparat Sistem Split Tipul bloculuii interior Se monteaz\u0103 pe perete Functii climatizare R\u0103cire, \u00cenc\u0103lzire Suprafa\u0163a acoperit\u0103 p\u00eena 35 m2 Agent frigorific R-32 Culoare Alb Nuan\u021b\u0103 culoare Alb Performan\u021b\u0103 \u0219i energie Capacitate de r\u0103cire 12 kBTU\/h Capacitate r\u0103cire 3.8 kW Capacitate \u00eenc\u0103lzire 4 kW Debit aer maxim 506 m3\/h Tehnologie Inverter Da&hellip;\" \/>\n<meta property=\"og:url\" content=\"https:\/\/vigrand.md\/ru\/produs\/sistem-split-midea-ag-12n8c2f-i-ag-12n8c2f-oag-11n8c2f-i-12kbtu-h-alb\/\" \/>\n<meta property=\"og:site_name\" content=\"Sisteme termice in Moldova\" \/>\n<meta property=\"article:modified_time\" content=\"2023-03-03T14:18:27+00:00\" \/>\n<meta property=\"og:image\" content=\"http:\/\/vigrand.md\/wp-content\/uploads\/2022\/12\/03de4085-2b35-4086-94be-51a7f1e04d16.webp\" \/>\n\t<meta property=\"og:image:width\" content=\"700\" \/>\n\t<meta property=\"og:image:height\" content=\"500\" \/>\n\t<meta property=\"og:image:type\" content=\"image\/webp\" \/>\n<meta name=\"twitter:card\" content=\"summary_large_image\" \/>\n<meta name=\"twitter:label1\" content=\"\u041f\u0440\u0438\u043c\u0435\u0440\u043d\u043e\u0435 \u0432\u0440\u0435\u043c\u044f \u0434\u043b\u044f \u0447\u0442\u0435\u043d\u0438\u044f\" \/>\n\t<meta name=\"twitter:data1\" content=\"1 \u043c\u0438\u043d\u0443\u0442\u0430\" \/>\n<script type=\"application\/ld+json\" class=\"yoast-schema-graph\">{\"@context\":\"https:\/\/schema.org\",\"@graph\":[{\"@type\":\"WebPage\",\"@id\":\"https:\/\/vigrand.md\/produs\/sistem-split-midea-ag-12n8c2f-i-ag-12n8c2f-oag-11n8c2f-i-12kbtu-h-alb\/\",\"url\":\"https:\/\/vigrand.md\/produs\/sistem-split-midea-ag-12n8c2f-i-ag-12n8c2f-oag-11n8c2f-i-12kbtu-h-alb\/\",\"name\":\"Sistem Split Midea AG-12N8C2F-I\/AG-12N8C2F-O(AG-11N8C2F-I), 12kBTU\/h, Alb - Sisteme termice in Moldova\",\"isPartOf\":{\"@id\":\"https:\/\/vigrand.md\/#website\"},\"primaryImageOfPage\":{\"@id\":\"https:\/\/vigrand.md\/produs\/sistem-split-midea-ag-12n8c2f-i-ag-12n8c2f-oag-11n8c2f-i-12kbtu-h-alb\/#primaryimage\"},\"image\":{\"@id\":\"https:\/\/vigrand.md\/produs\/sistem-split-midea-ag-12n8c2f-i-ag-12n8c2f-oag-11n8c2f-i-12kbtu-h-alb\/#primaryimage\"},\"thumbnailUrl\":\"https:\/\/vigrand.md\/wp-content\/uploads\/2022\/12\/03de4085-2b35-4086-94be-51a7f1e04d16.webp\",\"datePublished\":\"2022-12-09T06:44:45+00:00\",\"dateModified\":\"2023-03-03T14:18:27+00:00\",\"breadcrumb\":{\"@id\":\"https:\/\/vigrand.md\/produs\/sistem-split-midea-ag-12n8c2f-i-ag-12n8c2f-oag-11n8c2f-i-12kbtu-h-alb\/#breadcrumb\"},\"inLanguage\":\"ru-RU\",\"potentialAction\":[{\"@type\":\"ReadAction\",\"target\":[\"https:\/\/vigrand.md\/produs\/sistem-split-midea-ag-12n8c2f-i-ag-12n8c2f-oag-11n8c2f-i-12kbtu-h-alb\/\"]}]},{\"@type\":\"ImageObject\",\"inLanguage\":\"ru-RU\",\"@id\":\"https:\/\/vigrand.md\/produs\/sistem-split-midea-ag-12n8c2f-i-ag-12n8c2f-oag-11n8c2f-i-12kbtu-h-alb\/#primaryimage\",\"url\":\"https:\/\/vigrand.md\/wp-content\/uploads\/2022\/12\/03de4085-2b35-4086-94be-51a7f1e04d16.webp\",\"contentUrl\":\"https:\/\/vigrand.md\/wp-content\/uploads\/2022\/12\/03de4085-2b35-4086-94be-51a7f1e04d16.webp\",\"width\":700,\"height\":500},{\"@type\":\"BreadcrumbList\",\"@id\":\"https:\/\/vigrand.md\/produs\/sistem-split-midea-ag-12n8c2f-i-ag-12n8c2f-oag-11n8c2f-i-12kbtu-h-alb\/#breadcrumb\",\"itemListElement\":[{\"@type\":\"ListItem\",\"position\":1,\"name\":\"Prima pagin\u0103\",\"item\":\"https:\/\/vigrand.md\/\"},{\"@type\":\"ListItem\",\"position\":2,\"name\":\"Magazin\",\"item\":\"https:\/\/vigrand.md\/magazin\/\"},{\"@type\":\"ListItem\",\"position\":3,\"name\":\"Sistem Split Midea AG-12N8C2F-I\/AG-12N8C2F-O(AG-11N8C2F-I), 12kBTU\/h, Alb\"}]},{\"@type\":\"WebSite\",\"@id\":\"https:\/\/vigrand.md\/#website\",\"url\":\"https:\/\/vigrand.md\/\",\"name\":\"Sisteme termice in Moldova\",\"description\":\"Magazin Online\",\"potentialAction\":[{\"@type\":\"SearchAction\",\"target\":{\"@type\":\"EntryPoint\",\"urlTemplate\":\"https:\/\/vigrand.md\/?s={search_term_string}\"},\"query-input\":{\"@type\":\"PropertyValueSpecification\",\"valueRequired\":true,\"valueName\":\"search_term_string\"}}],\"inLanguage\":\"ru-RU\"}]}<\/script>\n<!-- \/ Yoast SEO plugin. -->","yoast_head_json":{"title":"Sistem Split Midea AG-12N8C2F-I\/AG-12N8C2F-O(AG-11N8C2F-I), 12kBTU\/h, Alb - Sisteme termice in Moldova","robots":{"index":"index","follow":"follow","max-snippet":"max-snippet:-1","max-image-preview":"max-image-preview:large","max-video-preview":"max-video-preview:-1"},"canonical":"https:\/\/vigrand.md\/ru\/produs\/sistem-split-midea-ag-12n8c2f-i-ag-12n8c2f-oag-11n8c2f-i-12kbtu-h-alb\/","og_locale":"ru_RU","og_type":"article","og_title":"Sistem Split Midea AG-12N8C2F-I\/AG-12N8C2F-O(AG-11N8C2F-I), 12kBTU\/h, Alb - Sisteme termice in Moldova","og_description":"Caracteristici de Baz\u0103 Tip aparat Sistem Split Tipul bloculuii interior Se monteaz\u0103 pe perete Functii climatizare R\u0103cire, \u00cenc\u0103lzire Suprafa\u0163a acoperit\u0103 p\u00eena 35 m2 Agent frigorific R-32 Culoare Alb Nuan\u021b\u0103 culoare Alb Performan\u021b\u0103 \u0219i energie Capacitate de r\u0103cire 12 kBTU\/h Capacitate r\u0103cire 3.8 kW Capacitate \u00eenc\u0103lzire 4 kW Debit aer maxim 506 m3\/h Tehnologie Inverter Da&hellip;","og_url":"https:\/\/vigrand.md\/ru\/produs\/sistem-split-midea-ag-12n8c2f-i-ag-12n8c2f-oag-11n8c2f-i-12kbtu-h-alb\/","og_site_name":"Sisteme termice in Moldova","article_modified_time":"2023-03-03T14:18:27+00:00","og_image":[{"width":700,"height":500,"url":"http:\/\/vigrand.md\/wp-content\/uploads\/2022\/12\/03de4085-2b35-4086-94be-51a7f1e04d16.webp","type":"image\/webp"}],"twitter_card":"summary_large_image","twitter_misc":{"\u041f\u0440\u0438\u043c\u0435\u0440\u043d\u043e\u0435 \u0432\u0440\u0435\u043c\u044f \u0434\u043b\u044f \u0447\u0442\u0435\u043d\u0438\u044f":"1 \u043c\u0438\u043d\u0443\u0442\u0430"},"schema":{"@context":"https:\/\/schema.org","@graph":[{"@type":"WebPage","@id":"https:\/\/vigrand.md\/produs\/sistem-split-midea-ag-12n8c2f-i-ag-12n8c2f-oag-11n8c2f-i-12kbtu-h-alb\/","url":"https:\/\/vigrand.md\/produs\/sistem-split-midea-ag-12n8c2f-i-ag-12n8c2f-oag-11n8c2f-i-12kbtu-h-alb\/","name":"Sistem Split Midea AG-12N8C2F-I\/AG-12N8C2F-O(AG-11N8C2F-I), 12kBTU\/h, Alb - Sisteme termice in Moldova","isPartOf":{"@id":"https:\/\/vigrand.md\/#website"},"primaryImageOfPage":{"@id":"https:\/\/vigrand.md\/produs\/sistem-split-midea-ag-12n8c2f-i-ag-12n8c2f-oag-11n8c2f-i-12kbtu-h-alb\/#primaryimage"},"image":{"@id":"https:\/\/vigrand.md\/produs\/sistem-split-midea-ag-12n8c2f-i-ag-12n8c2f-oag-11n8c2f-i-12kbtu-h-alb\/#primaryimage"},"thumbnailUrl":"https:\/\/vigrand.md\/wp-content\/uploads\/2022\/12\/03de4085-2b35-4086-94be-51a7f1e04d16.webp","datePublished":"2022-12-09T06:44:45+00:00","dateModified":"2023-03-03T14:18:27+00:00","breadcrumb":{"@id":"https:\/\/vigrand.md\/produs\/sistem-split-midea-ag-12n8c2f-i-ag-12n8c2f-oag-11n8c2f-i-12kbtu-h-alb\/#breadcrumb"},"inLanguage":"ru-RU","potentialAction":[{"@type":"ReadAction","target":["https:\/\/vigrand.md\/produs\/sistem-split-midea-ag-12n8c2f-i-ag-12n8c2f-oag-11n8c2f-i-12kbtu-h-alb\/"]}]},{"@type":"ImageObject","inLanguage":"ru-RU","@id":"https:\/\/vigrand.md\/produs\/sistem-split-midea-ag-12n8c2f-i-ag-12n8c2f-oag-11n8c2f-i-12kbtu-h-alb\/#primaryimage","url":"https:\/\/vigrand.md\/wp-content\/uploads\/2022\/12\/03de4085-2b35-4086-94be-51a7f1e04d16.webp","contentUrl":"https:\/\/vigrand.md\/wp-content\/uploads\/2022\/12\/03de4085-2b35-4086-94be-51a7f1e04d16.webp","width":700,"height":500},{"@type":"BreadcrumbList","@id":"https:\/\/vigrand.md\/produs\/sistem-split-midea-ag-12n8c2f-i-ag-12n8c2f-oag-11n8c2f-i-12kbtu-h-alb\/#breadcrumb","itemListElement":[{"@type":"ListItem","position":1,"name":"Prima pagin\u0103","item":"https:\/\/vigrand.md\/"},{"@type":"ListItem","position":2,"name":"Magazin","item":"https:\/\/vigrand.md\/magazin\/"},{"@type":"ListItem","position":3,"name":"Sistem Split Midea AG-12N8C2F-I\/AG-12N8C2F-O(AG-11N8C2F-I), 12kBTU\/h, Alb"}]},{"@type":"WebSite","@id":"https:\/\/vigrand.md\/#website","url":"https:\/\/vigrand.md\/","name":"Sisteme termice in Moldova","description":"Magazin Online","potentialAction":[{"@type":"SearchAction","target":{"@type":"EntryPoint","urlTemplate":"https:\/\/vigrand.md\/?s={search_term_string}"},"query-input":{"@type":"PropertyValueSpecification","valueRequired":true,"valueName":"search_term_string"}}],"inLanguage":"ru-RU"}]}},"_links":{"self":[{"href":"https:\/\/vigrand.md\/ru\/wp-json\/wp\/v2\/product\/4098","targetHints":{"allow":["GET"]}}],"collection":[{"href":"https:\/\/vigrand.md\/ru\/wp-json\/wp\/v2\/product"}],"about":[{"href":"https:\/\/vigrand.md\/ru\/wp-json\/wp\/v2\/types\/product"}],"wp:featuredmedia":[{"embeddable":true,"href":"https:\/\/vigrand.md\/ru\/wp-json\/wp\/v2\/media\/4100"}],"wp:attachment":[{"href":"https:\/\/vigrand.md\/ru\/wp-json\/wp\/v2\/media?parent=4098"}],"wp:term":[{"taxonomy":"product_cat","embeddable":true,"href":"https:\/\/vigrand.md\/ru\/wp-json\/wp\/v2\/product_cat?post=4098"},{"taxonomy":"product_tag","embeddable":true,"href":"https:\/\/vigrand.md\/ru\/wp-json\/wp\/v2\/product_tag?post=4098"}],"curies":[{"name":"wp","href":"https:\/\/api.w.org\/{rel}","templated":true}]}}