{"id":4142,"date":"2022-12-09T09:21:37","date_gmt":"2022-12-09T09:21:37","guid":{"rendered":"https:\/\/magazin.perfectionagency.com\/?post_type=product&#038;p=4142"},"modified":"2023-06-10T10:15:07","modified_gmt":"2023-06-10T10:15:07","slug":"radiator-fonta-konner-modern-500","status":"publish","type":"product","link":"https:\/\/vigrand.md\/ru\/produs\/radiator-fonta-konner-modern-500\/","title":{"rendered":"Radiator fonta Konner Modern 500"},"content":{"rendered":"<div class=\"woocommerce-product-details__short-description\">\n<p>Radiator font\u0103 Konner Modern 500 sunt radiatoare ale noii genera\u021bii Konner, sec\u021bionate de \u00eenalt\u0103 calitate pentru sisteme de \u00eenc\u0103lzire cu circula\u021bie natural\u0103 sau for\u021bat\u0103 a apei, care \u00eendeplinesc cele mai moderne cerin\u021be estetice \u0219i au o calitate ridicat\u0103 \u021bi un pre\u021b rezonabil.<\/p>\n<\/div>\n<div class=\"product_meta\"><\/div>","protected":false},"excerpt":{"rendered":"<p>Radiator font\u0103 Konner Modern 500 sunt radiatoare ale noii genera\u021bii Konner, sec\u021bionate de \u00eenalt\u0103 calitate pentru sisteme de \u00eenc\u0103lzire cu circula\u021bie natural\u0103 sau for\u021bat\u0103 a apei, care \u00eendeplinesc cele mai moderne cerin\u021be estetice \u0219i au o calitate ridicat\u0103 \u021bi un pre\u021b rezonabil.<\/p>","protected":false},"featured_media":4143,"template":"","meta":[],"product_cat":[231],"product_tag":[],"class_list":{"0":"post-4142","1":"product","2":"type-product","3":"status-publish","4":"has-post-thumbnail","6":"product_cat-radiatoare","7":"pa_capacitatea-de-apa-l-620","8":"pa_dimensiuni-mm-600x58x90","9":"pa_presiunea-de-lucru-bar-12-bar","10":"pa_puterea-w-621","11":"pa_tip-in-sectiuni","13":"first","14":"instock","15":"shipping-taxable","16":"purchasable","17":"product-type-simple","18":"col-xs-6 col-sm-4","19":"col-md-3 col-lg-3","20":"un-4-cols"},"yoast_head":"<!-- This site is optimized with the Yoast SEO plugin v27.1.1 - https:\/\/yoast.com\/product\/yoast-seo-wordpress\/ -->\n<title>Radiator fonta Konner Modern 500 - Sisteme termice in Moldova<\/title>\n<meta name=\"robots\" content=\"index, follow, max-snippet:-1, max-image-preview:large, max-video-preview:-1\" \/>\n<link rel=\"canonical\" href=\"https:\/\/vigrand.md\/ru\/produs\/radiator-fonta-konner-modern-500\/\" \/>\n<meta property=\"og:locale\" content=\"ru_RU\" \/>\n<meta property=\"og:type\" content=\"article\" \/>\n<meta property=\"og:title\" content=\"Radiator fonta Konner Modern 500 - Sisteme termice in Moldova\" \/>\n<meta property=\"og:description\" content=\"Radiator font\u0103 Konner Modern 500 sunt radiatoare ale noii genera\u021bii Konner, sec\u021bionate de \u00eenalt\u0103 calitate pentru sisteme de \u00eenc\u0103lzire cu circula\u021bie natural\u0103 sau for\u021bat\u0103 a apei, care \u00eendeplinesc cele mai moderne cerin\u021be estetice \u0219i au o calitate ridicat\u0103 \u021bi un pre\u021b rezonabil.\" \/>\n<meta property=\"og:url\" content=\"https:\/\/vigrand.md\/ru\/produs\/radiator-fonta-konner-modern-500\/\" \/>\n<meta property=\"og:site_name\" content=\"Sisteme termice in Moldova\" \/>\n<meta property=\"article:modified_time\" content=\"2023-06-10T10:15:07+00:00\" \/>\n<meta property=\"og:image\" content=\"https:\/\/vigrand.md\/wp-content\/uploads\/2022\/12\/140-1014.jpg\" \/>\n\t<meta property=\"og:image:width\" content=\"600\" \/>\n\t<meta property=\"og:image:height\" content=\"800\" \/>\n\t<meta property=\"og:image:type\" content=\"image\/jpeg\" \/>\n<meta name=\"twitter:card\" content=\"summary_large_image\" \/>\n<meta name=\"twitter:label1\" content=\"\u041f\u0440\u0438\u043c\u0435\u0440\u043d\u043e\u0435 \u0432\u0440\u0435\u043c\u044f \u0434\u043b\u044f \u0447\u0442\u0435\u043d\u0438\u044f\" \/>\n\t<meta name=\"twitter:data1\" content=\"1 \u043c\u0438\u043d\u0443\u0442\u0430\" \/>\n<script type=\"application\/ld+json\" class=\"yoast-schema-graph\">{\"@context\":\"https:\/\/schema.org\",\"@graph\":[{\"@type\":\"WebPage\",\"@id\":\"https:\/\/vigrand.md\/produs\/radiator-fonta-konner-modern-500\/\",\"url\":\"https:\/\/vigrand.md\/produs\/radiator-fonta-konner-modern-500\/\",\"name\":\"Radiator fonta Konner Modern 500 - Sisteme termice in Moldova\",\"isPartOf\":{\"@id\":\"https:\/\/vigrand.md\/#website\"},\"primaryImageOfPage\":{\"@id\":\"https:\/\/vigrand.md\/produs\/radiator-fonta-konner-modern-500\/#primaryimage\"},\"image\":{\"@id\":\"https:\/\/vigrand.md\/produs\/radiator-fonta-konner-modern-500\/#primaryimage\"},\"thumbnailUrl\":\"https:\/\/vigrand.md\/wp-content\/uploads\/2022\/12\/140-1014.jpg\",\"datePublished\":\"2022-12-09T09:21:37+00:00\",\"dateModified\":\"2023-06-10T10:15:07+00:00\",\"breadcrumb\":{\"@id\":\"https:\/\/vigrand.md\/produs\/radiator-fonta-konner-modern-500\/#breadcrumb\"},\"inLanguage\":\"ru-RU\",\"potentialAction\":[{\"@type\":\"ReadAction\",\"target\":[\"https:\/\/vigrand.md\/produs\/radiator-fonta-konner-modern-500\/\"]}]},{\"@type\":\"ImageObject\",\"inLanguage\":\"ru-RU\",\"@id\":\"https:\/\/vigrand.md\/produs\/radiator-fonta-konner-modern-500\/#primaryimage\",\"url\":\"https:\/\/vigrand.md\/wp-content\/uploads\/2022\/12\/140-1014.jpg\",\"contentUrl\":\"https:\/\/vigrand.md\/wp-content\/uploads\/2022\/12\/140-1014.jpg\",\"width\":600,\"height\":800},{\"@type\":\"BreadcrumbList\",\"@id\":\"https:\/\/vigrand.md\/produs\/radiator-fonta-konner-modern-500\/#breadcrumb\",\"itemListElement\":[{\"@type\":\"ListItem\",\"position\":1,\"name\":\"Prima pagin\u0103\",\"item\":\"https:\/\/vigrand.md\/\"},{\"@type\":\"ListItem\",\"position\":2,\"name\":\"Magazin\",\"item\":\"https:\/\/vigrand.md\/magazin\/\"},{\"@type\":\"ListItem\",\"position\":3,\"name\":\"Radiator fonta Konner Modern 500\"}]},{\"@type\":\"WebSite\",\"@id\":\"https:\/\/vigrand.md\/#website\",\"url\":\"https:\/\/vigrand.md\/\",\"name\":\"Sisteme termice in Moldova\",\"description\":\"Magazin Online\",\"potentialAction\":[{\"@type\":\"SearchAction\",\"target\":{\"@type\":\"EntryPoint\",\"urlTemplate\":\"https:\/\/vigrand.md\/?s={search_term_string}\"},\"query-input\":{\"@type\":\"PropertyValueSpecification\",\"valueRequired\":true,\"valueName\":\"search_term_string\"}}],\"inLanguage\":\"ru-RU\"}]}<\/script>\n<!-- \/ Yoast SEO plugin. -->","yoast_head_json":{"title":"Radiator fonta Konner Modern 500 - Sisteme termice in Moldova","robots":{"index":"index","follow":"follow","max-snippet":"max-snippet:-1","max-image-preview":"max-image-preview:large","max-video-preview":"max-video-preview:-1"},"canonical":"https:\/\/vigrand.md\/ru\/produs\/radiator-fonta-konner-modern-500\/","og_locale":"ru_RU","og_type":"article","og_title":"Radiator fonta Konner Modern 500 - Sisteme termice in Moldova","og_description":"Radiator font\u0103 Konner Modern 500 sunt radiatoare ale noii genera\u021bii Konner, sec\u021bionate de \u00eenalt\u0103 calitate pentru sisteme de \u00eenc\u0103lzire cu circula\u021bie natural\u0103 sau for\u021bat\u0103 a apei, care \u00eendeplinesc cele mai moderne cerin\u021be estetice \u0219i au o calitate ridicat\u0103 \u021bi un pre\u021b rezonabil.","og_url":"https:\/\/vigrand.md\/ru\/produs\/radiator-fonta-konner-modern-500\/","og_site_name":"Sisteme termice in Moldova","article_modified_time":"2023-06-10T10:15:07+00:00","og_image":[{"width":600,"height":800,"url":"https:\/\/vigrand.md\/wp-content\/uploads\/2022\/12\/140-1014.jpg","type":"image\/jpeg"}],"twitter_card":"summary_large_image","twitter_misc":{"\u041f\u0440\u0438\u043c\u0435\u0440\u043d\u043e\u0435 \u0432\u0440\u0435\u043c\u044f \u0434\u043b\u044f \u0447\u0442\u0435\u043d\u0438\u044f":"1 \u043c\u0438\u043d\u0443\u0442\u0430"},"schema":{"@context":"https:\/\/schema.org","@graph":[{"@type":"WebPage","@id":"https:\/\/vigrand.md\/produs\/radiator-fonta-konner-modern-500\/","url":"https:\/\/vigrand.md\/produs\/radiator-fonta-konner-modern-500\/","name":"Radiator fonta Konner Modern 500 - Sisteme termice in Moldova","isPartOf":{"@id":"https:\/\/vigrand.md\/#website"},"primaryImageOfPage":{"@id":"https:\/\/vigrand.md\/produs\/radiator-fonta-konner-modern-500\/#primaryimage"},"image":{"@id":"https:\/\/vigrand.md\/produs\/radiator-fonta-konner-modern-500\/#primaryimage"},"thumbnailUrl":"https:\/\/vigrand.md\/wp-content\/uploads\/2022\/12\/140-1014.jpg","datePublished":"2022-12-09T09:21:37+00:00","dateModified":"2023-06-10T10:15:07+00:00","breadcrumb":{"@id":"https:\/\/vigrand.md\/produs\/radiator-fonta-konner-modern-500\/#breadcrumb"},"inLanguage":"ru-RU","potentialAction":[{"@type":"ReadAction","target":["https:\/\/vigrand.md\/produs\/radiator-fonta-konner-modern-500\/"]}]},{"@type":"ImageObject","inLanguage":"ru-RU","@id":"https:\/\/vigrand.md\/produs\/radiator-fonta-konner-modern-500\/#primaryimage","url":"https:\/\/vigrand.md\/wp-content\/uploads\/2022\/12\/140-1014.jpg","contentUrl":"https:\/\/vigrand.md\/wp-content\/uploads\/2022\/12\/140-1014.jpg","width":600,"height":800},{"@type":"BreadcrumbList","@id":"https:\/\/vigrand.md\/produs\/radiator-fonta-konner-modern-500\/#breadcrumb","itemListElement":[{"@type":"ListItem","position":1,"name":"Prima pagin\u0103","item":"https:\/\/vigrand.md\/"},{"@type":"ListItem","position":2,"name":"Magazin","item":"https:\/\/vigrand.md\/magazin\/"},{"@type":"ListItem","position":3,"name":"Radiator fonta Konner Modern 500"}]},{"@type":"WebSite","@id":"https:\/\/vigrand.md\/#website","url":"https:\/\/vigrand.md\/","name":"Sisteme termice in Moldova","description":"Magazin Online","potentialAction":[{"@type":"SearchAction","target":{"@type":"EntryPoint","urlTemplate":"https:\/\/vigrand.md\/?s={search_term_string}"},"query-input":{"@type":"PropertyValueSpecification","valueRequired":true,"valueName":"search_term_string"}}],"inLanguage":"ru-RU"}]}},"_links":{"self":[{"href":"https:\/\/vigrand.md\/ru\/wp-json\/wp\/v2\/product\/4142","targetHints":{"allow":["GET"]}}],"collection":[{"href":"https:\/\/vigrand.md\/ru\/wp-json\/wp\/v2\/product"}],"about":[{"href":"https:\/\/vigrand.md\/ru\/wp-json\/wp\/v2\/types\/product"}],"wp:featuredmedia":[{"embeddable":true,"href":"https:\/\/vigrand.md\/ru\/wp-json\/wp\/v2\/media\/4143"}],"wp:attachment":[{"href":"https:\/\/vigrand.md\/ru\/wp-json\/wp\/v2\/media?parent=4142"}],"wp:term":[{"taxonomy":"product_cat","embeddable":true,"href":"https:\/\/vigrand.md\/ru\/wp-json\/wp\/v2\/product_cat?post=4142"},{"taxonomy":"product_tag","embeddable":true,"href":"https:\/\/vigrand.md\/ru\/wp-json\/wp\/v2\/product_tag?post=4142"}],"curies":[{"name":"wp","href":"https:\/\/api.w.org\/{rel}","templated":true}]}}