{"id":4144,"date":"2022-12-09T09:23:42","date_gmt":"2022-12-09T09:23:42","guid":{"rendered":"https:\/\/magazin.perfectionagency.com\/?post_type=product&#038;p=4144"},"modified":"2023-06-10T10:15:16","modified_gmt":"2023-06-10T10:15:16","slug":"radiator-fonta-cehia-kolor-3350-160","status":"publish","type":"product","link":"https:\/\/vigrand.md\/ru\/produs\/radiator-fonta-cehia-kolor-3350-160\/","title":{"rendered":"Radiator fonta Cehia Kolor 3350\/160"},"content":{"rendered":"<div class=\"woocommerce-product-details__short-description\">\n<p>Radiator fonta Cehia Kolor 3 350\/160 din font\u0103 are un design clasic, se utilizeaz\u0103 pentru \u00eenc\u0103lzirea spa\u021biilor, garant\u00e2nd un transfer de c\u0103ldur\u0103 foarte bun.<\/p>\n<\/div>\n<div class=\"product_meta\"><\/div>","protected":false},"excerpt":{"rendered":"<p>Radiator fonta Cehia Kolor 3 350\/160 din font\u0103 are un design clasic, se utilizeaz\u0103 pentru \u00eenc\u0103lzirea spa\u021biilor, garant\u00e2nd un transfer de c\u0103ldur\u0103 foarte bun.<\/p>","protected":false},"featured_media":4145,"template":"","meta":[],"product_cat":[231],"product_tag":[],"class_list":{"0":"post-4144","1":"product","2":"type-product","3":"status-publish","4":"has-post-thumbnail","6":"product_cat-radiatoare","7":"pa_capacitatea-de-apa-l-624","8":"pa_dimensiuni-mm-250x430x160","9":"pa_presiunea-de-lucru-bar-20-bar","10":"pa_puterea-w-625","11":"pa_tip-sectional","13":"first","14":"instock","15":"shipping-taxable","16":"purchasable","17":"product-type-simple","18":"col-xs-6 col-sm-4","19":"col-md-3 col-lg-3","20":"un-4-cols"},"yoast_head":"<!-- This site is optimized with the Yoast SEO plugin v27.1.1 - https:\/\/yoast.com\/product\/yoast-seo-wordpress\/ -->\n<title>Radiator fonta Cehia Kolor 3350\/160 - Sisteme termice in Moldova<\/title>\n<meta name=\"robots\" content=\"index, follow, max-snippet:-1, max-image-preview:large, max-video-preview:-1\" \/>\n<link rel=\"canonical\" href=\"https:\/\/vigrand.md\/ru\/produs\/radiator-fonta-cehia-kolor-3350-160\/\" \/>\n<meta property=\"og:locale\" content=\"ru_RU\" \/>\n<meta property=\"og:type\" content=\"article\" \/>\n<meta property=\"og:title\" content=\"Radiator fonta Cehia Kolor 3350\/160 - Sisteme termice in Moldova\" \/>\n<meta property=\"og:description\" content=\"Radiator fonta Cehia Kolor 3 350\/160 din font\u0103 are un design clasic, se utilizeaz\u0103 pentru \u00eenc\u0103lzirea spa\u021biilor, garant\u00e2nd un transfer de c\u0103ldur\u0103 foarte bun.\" \/>\n<meta property=\"og:url\" content=\"https:\/\/vigrand.md\/ru\/produs\/radiator-fonta-cehia-kolor-3350-160\/\" \/>\n<meta property=\"og:site_name\" content=\"Sisteme termice in Moldova\" \/>\n<meta property=\"article:modified_time\" content=\"2023-06-10T10:15:16+00:00\" \/>\n<meta property=\"og:image\" content=\"https:\/\/vigrand.md\/wp-content\/uploads\/2022\/12\/140-1006.jpg\" \/>\n\t<meta property=\"og:image:width\" content=\"600\" \/>\n\t<meta property=\"og:image:height\" content=\"800\" \/>\n\t<meta property=\"og:image:type\" content=\"image\/jpeg\" \/>\n<meta name=\"twitter:card\" content=\"summary_large_image\" \/>\n<meta name=\"twitter:label1\" content=\"\u041f\u0440\u0438\u043c\u0435\u0440\u043d\u043e\u0435 \u0432\u0440\u0435\u043c\u044f \u0434\u043b\u044f \u0447\u0442\u0435\u043d\u0438\u044f\" \/>\n\t<meta name=\"twitter:data1\" content=\"1 \u043c\u0438\u043d\u0443\u0442\u0430\" \/>\n<script type=\"application\/ld+json\" class=\"yoast-schema-graph\">{\"@context\":\"https:\/\/schema.org\",\"@graph\":[{\"@type\":\"WebPage\",\"@id\":\"https:\/\/vigrand.md\/produs\/radiator-fonta-cehia-kolor-3350-160\/\",\"url\":\"https:\/\/vigrand.md\/produs\/radiator-fonta-cehia-kolor-3350-160\/\",\"name\":\"Radiator fonta Cehia Kolor 3350\/160 - Sisteme termice in Moldova\",\"isPartOf\":{\"@id\":\"https:\/\/vigrand.md\/#website\"},\"primaryImageOfPage\":{\"@id\":\"https:\/\/vigrand.md\/produs\/radiator-fonta-cehia-kolor-3350-160\/#primaryimage\"},\"image\":{\"@id\":\"https:\/\/vigrand.md\/produs\/radiator-fonta-cehia-kolor-3350-160\/#primaryimage\"},\"thumbnailUrl\":\"https:\/\/vigrand.md\/wp-content\/uploads\/2022\/12\/140-1006.jpg\",\"datePublished\":\"2022-12-09T09:23:42+00:00\",\"dateModified\":\"2023-06-10T10:15:16+00:00\",\"breadcrumb\":{\"@id\":\"https:\/\/vigrand.md\/produs\/radiator-fonta-cehia-kolor-3350-160\/#breadcrumb\"},\"inLanguage\":\"ru-RU\",\"potentialAction\":[{\"@type\":\"ReadAction\",\"target\":[\"https:\/\/vigrand.md\/produs\/radiator-fonta-cehia-kolor-3350-160\/\"]}]},{\"@type\":\"ImageObject\",\"inLanguage\":\"ru-RU\",\"@id\":\"https:\/\/vigrand.md\/produs\/radiator-fonta-cehia-kolor-3350-160\/#primaryimage\",\"url\":\"https:\/\/vigrand.md\/wp-content\/uploads\/2022\/12\/140-1006.jpg\",\"contentUrl\":\"https:\/\/vigrand.md\/wp-content\/uploads\/2022\/12\/140-1006.jpg\",\"width\":600,\"height\":800},{\"@type\":\"BreadcrumbList\",\"@id\":\"https:\/\/vigrand.md\/produs\/radiator-fonta-cehia-kolor-3350-160\/#breadcrumb\",\"itemListElement\":[{\"@type\":\"ListItem\",\"position\":1,\"name\":\"Prima pagin\u0103\",\"item\":\"https:\/\/vigrand.md\/\"},{\"@type\":\"ListItem\",\"position\":2,\"name\":\"Magazin\",\"item\":\"https:\/\/vigrand.md\/magazin\/\"},{\"@type\":\"ListItem\",\"position\":3,\"name\":\"Radiator fonta Cehia Kolor 3350\/160\"}]},{\"@type\":\"WebSite\",\"@id\":\"https:\/\/vigrand.md\/#website\",\"url\":\"https:\/\/vigrand.md\/\",\"name\":\"Sisteme termice in Moldova\",\"description\":\"Magazin Online\",\"potentialAction\":[{\"@type\":\"SearchAction\",\"target\":{\"@type\":\"EntryPoint\",\"urlTemplate\":\"https:\/\/vigrand.md\/?s={search_term_string}\"},\"query-input\":{\"@type\":\"PropertyValueSpecification\",\"valueRequired\":true,\"valueName\":\"search_term_string\"}}],\"inLanguage\":\"ru-RU\"}]}<\/script>\n<!-- \/ Yoast SEO plugin. -->","yoast_head_json":{"title":"Radiator fonta Cehia Kolor 3350\/160 - Sisteme termice in Moldova","robots":{"index":"index","follow":"follow","max-snippet":"max-snippet:-1","max-image-preview":"max-image-preview:large","max-video-preview":"max-video-preview:-1"},"canonical":"https:\/\/vigrand.md\/ru\/produs\/radiator-fonta-cehia-kolor-3350-160\/","og_locale":"ru_RU","og_type":"article","og_title":"Radiator fonta Cehia Kolor 3350\/160 - Sisteme termice in Moldova","og_description":"Radiator fonta Cehia Kolor 3 350\/160 din font\u0103 are un design clasic, se utilizeaz\u0103 pentru \u00eenc\u0103lzirea spa\u021biilor, garant\u00e2nd un transfer de c\u0103ldur\u0103 foarte bun.","og_url":"https:\/\/vigrand.md\/ru\/produs\/radiator-fonta-cehia-kolor-3350-160\/","og_site_name":"Sisteme termice in Moldova","article_modified_time":"2023-06-10T10:15:16+00:00","og_image":[{"width":600,"height":800,"url":"https:\/\/vigrand.md\/wp-content\/uploads\/2022\/12\/140-1006.jpg","type":"image\/jpeg"}],"twitter_card":"summary_large_image","twitter_misc":{"\u041f\u0440\u0438\u043c\u0435\u0440\u043d\u043e\u0435 \u0432\u0440\u0435\u043c\u044f \u0434\u043b\u044f \u0447\u0442\u0435\u043d\u0438\u044f":"1 \u043c\u0438\u043d\u0443\u0442\u0430"},"schema":{"@context":"https:\/\/schema.org","@graph":[{"@type":"WebPage","@id":"https:\/\/vigrand.md\/produs\/radiator-fonta-cehia-kolor-3350-160\/","url":"https:\/\/vigrand.md\/produs\/radiator-fonta-cehia-kolor-3350-160\/","name":"Radiator fonta Cehia Kolor 3350\/160 - Sisteme termice in Moldova","isPartOf":{"@id":"https:\/\/vigrand.md\/#website"},"primaryImageOfPage":{"@id":"https:\/\/vigrand.md\/produs\/radiator-fonta-cehia-kolor-3350-160\/#primaryimage"},"image":{"@id":"https:\/\/vigrand.md\/produs\/radiator-fonta-cehia-kolor-3350-160\/#primaryimage"},"thumbnailUrl":"https:\/\/vigrand.md\/wp-content\/uploads\/2022\/12\/140-1006.jpg","datePublished":"2022-12-09T09:23:42+00:00","dateModified":"2023-06-10T10:15:16+00:00","breadcrumb":{"@id":"https:\/\/vigrand.md\/produs\/radiator-fonta-cehia-kolor-3350-160\/#breadcrumb"},"inLanguage":"ru-RU","potentialAction":[{"@type":"ReadAction","target":["https:\/\/vigrand.md\/produs\/radiator-fonta-cehia-kolor-3350-160\/"]}]},{"@type":"ImageObject","inLanguage":"ru-RU","@id":"https:\/\/vigrand.md\/produs\/radiator-fonta-cehia-kolor-3350-160\/#primaryimage","url":"https:\/\/vigrand.md\/wp-content\/uploads\/2022\/12\/140-1006.jpg","contentUrl":"https:\/\/vigrand.md\/wp-content\/uploads\/2022\/12\/140-1006.jpg","width":600,"height":800},{"@type":"BreadcrumbList","@id":"https:\/\/vigrand.md\/produs\/radiator-fonta-cehia-kolor-3350-160\/#breadcrumb","itemListElement":[{"@type":"ListItem","position":1,"name":"Prima pagin\u0103","item":"https:\/\/vigrand.md\/"},{"@type":"ListItem","position":2,"name":"Magazin","item":"https:\/\/vigrand.md\/magazin\/"},{"@type":"ListItem","position":3,"name":"Radiator fonta Cehia Kolor 3350\/160"}]},{"@type":"WebSite","@id":"https:\/\/vigrand.md\/#website","url":"https:\/\/vigrand.md\/","name":"Sisteme termice in Moldova","description":"Magazin Online","potentialAction":[{"@type":"SearchAction","target":{"@type":"EntryPoint","urlTemplate":"https:\/\/vigrand.md\/?s={search_term_string}"},"query-input":{"@type":"PropertyValueSpecification","valueRequired":true,"valueName":"search_term_string"}}],"inLanguage":"ru-RU"}]}},"_links":{"self":[{"href":"https:\/\/vigrand.md\/ru\/wp-json\/wp\/v2\/product\/4144","targetHints":{"allow":["GET"]}}],"collection":[{"href":"https:\/\/vigrand.md\/ru\/wp-json\/wp\/v2\/product"}],"about":[{"href":"https:\/\/vigrand.md\/ru\/wp-json\/wp\/v2\/types\/product"}],"wp:featuredmedia":[{"embeddable":true,"href":"https:\/\/vigrand.md\/ru\/wp-json\/wp\/v2\/media\/4145"}],"wp:attachment":[{"href":"https:\/\/vigrand.md\/ru\/wp-json\/wp\/v2\/media?parent=4144"}],"wp:term":[{"taxonomy":"product_cat","embeddable":true,"href":"https:\/\/vigrand.md\/ru\/wp-json\/wp\/v2\/product_cat?post=4144"},{"taxonomy":"product_tag","embeddable":true,"href":"https:\/\/vigrand.md\/ru\/wp-json\/wp\/v2\/product_tag?post=4144"}],"curies":[{"name":"wp","href":"https:\/\/api.w.org\/{rel}","templated":true}]}}