{"id":4153,"date":"2022-12-09T09:32:10","date_gmt":"2022-12-09T09:32:10","guid":{"rendered":"https:\/\/magazin.perfectionagency.com\/?post_type=product&#038;p=4153"},"modified":"2023-06-10T10:15:35","modified_gmt":"2023-06-10T10:15:35","slug":"radiator-otel-pkkpkp-33-300x700","status":"publish","type":"product","link":"https:\/\/vigrand.md\/ru\/produs\/radiator-otel-pkkpkp-33-300x700\/","title":{"rendered":"Radiator o\u021bel PKKPKP\/33 300\u00d7700"},"content":{"rendered":"<div class=\"woocommerce-product-details__short-description\">\n<p>Radiator PKKPKP\/33 300\u00d7700 din o\u021bel, transfer\u0103 foarte u\u0219or c\u0103ldura \u0219i asta \u00eel face foarte eficient. Lucrul acesta ajut\u0103 s\u0103 economise\u0219ti energie. Are un aspect elegant ce se \u00eencadreaz\u0103 perfect \u00een locuin\u021ba dumneavoastr\u0103 indiferent de design, partea frontal\u0103 a radiatorului permite ob\u021binerea unui efect de finisare estetic, f\u0103r\u0103 a pierde din caracteristicile oferite de cele mai \u00eenalte standarte privind rezisten\u021ba la ac\u021biunea presiunii ridicate.<\/p>\n<\/div>\n<div class=\"product_meta\"><\/div>","protected":false},"excerpt":{"rendered":"<p>Radiator PKKPKP\/33 300\u00d7700 din o\u021bel, transfer\u0103 foarte u\u0219or c\u0103ldura \u0219i asta \u00eel face foarte eficient. Lucrul acesta ajut\u0103 s\u0103 economise\u0219ti energie. Are un aspect elegant ce se \u00eencadreaz\u0103 perfect \u00een locuin\u021ba dumneavoastr\u0103 indiferent de design, partea frontal\u0103 a radiatorului permite ob\u021binerea unui efect de finisare estetic, f\u0103r\u0103 a pierde din caracteristicile oferite de cele mai&hellip;<\/p>","protected":false},"featured_media":4154,"template":"","meta":[],"product_cat":[231],"product_tag":[],"class_list":{"0":"post-4153","1":"product","2":"type-product","3":"status-publish","4":"has-post-thumbnail","6":"product_cat-radiatoare","8":"first","9":"instock","10":"shipping-taxable","11":"purchasable","12":"product-type-simple","13":"col-xs-6 col-sm-4","14":"col-md-3 col-lg-3","15":"un-4-cols"},"yoast_head":"<!-- This site is optimized with the Yoast SEO plugin v27.1.1 - https:\/\/yoast.com\/product\/yoast-seo-wordpress\/ -->\n<title>Radiator o\u021bel PKKPKP\/33 300\u00d7700 - Sisteme termice in Moldova<\/title>\n<meta name=\"robots\" content=\"index, follow, max-snippet:-1, max-image-preview:large, max-video-preview:-1\" \/>\n<link rel=\"canonical\" href=\"https:\/\/vigrand.md\/ru\/produs\/radiator-otel-pkkpkp-33-300x700\/\" \/>\n<meta property=\"og:locale\" content=\"ru_RU\" \/>\n<meta property=\"og:type\" content=\"article\" \/>\n<meta property=\"og:title\" content=\"Radiator o\u021bel PKKPKP\/33 300\u00d7700 - Sisteme termice in Moldova\" \/>\n<meta property=\"og:description\" content=\"Radiator PKKPKP\/33 300\u00d7700 din o\u021bel, transfer\u0103 foarte u\u0219or c\u0103ldura \u0219i asta \u00eel face foarte eficient. Lucrul acesta ajut\u0103 s\u0103 economise\u0219ti energie. Are un aspect elegant ce se \u00eencadreaz\u0103 perfect \u00een locuin\u021ba dumneavoastr\u0103 indiferent de design, partea frontal\u0103 a radiatorului permite ob\u021binerea unui efect de finisare estetic, f\u0103r\u0103 a pierde din caracteristicile oferite de cele mai&hellip;\" \/>\n<meta property=\"og:url\" content=\"https:\/\/vigrand.md\/ru\/produs\/radiator-otel-pkkpkp-33-300x700\/\" \/>\n<meta property=\"og:site_name\" content=\"Sisteme termice in Moldova\" \/>\n<meta property=\"article:modified_time\" content=\"2023-06-10T10:15:35+00:00\" \/>\n<meta property=\"og:image\" content=\"https:\/\/vigrand.md\/wp-content\/uploads\/2022\/12\/61-155.jpg\" \/>\n\t<meta property=\"og:image:width\" content=\"600\" \/>\n\t<meta property=\"og:image:height\" content=\"800\" \/>\n\t<meta property=\"og:image:type\" content=\"image\/jpeg\" \/>\n<meta name=\"twitter:card\" content=\"summary_large_image\" \/>\n<meta name=\"twitter:label1\" content=\"\u041f\u0440\u0438\u043c\u0435\u0440\u043d\u043e\u0435 \u0432\u0440\u0435\u043c\u044f \u0434\u043b\u044f \u0447\u0442\u0435\u043d\u0438\u044f\" \/>\n\t<meta name=\"twitter:data1\" content=\"1 \u043c\u0438\u043d\u0443\u0442\u0430\" \/>\n<script type=\"application\/ld+json\" class=\"yoast-schema-graph\">{\"@context\":\"https:\/\/schema.org\",\"@graph\":[{\"@type\":\"WebPage\",\"@id\":\"https:\/\/vigrand.md\/produs\/radiator-otel-pkkpkp-33-300x700\/\",\"url\":\"https:\/\/vigrand.md\/produs\/radiator-otel-pkkpkp-33-300x700\/\",\"name\":\"Radiator o\u021bel PKKPKP\/33 300\u00d7700 - Sisteme termice in Moldova\",\"isPartOf\":{\"@id\":\"https:\/\/vigrand.md\/#website\"},\"primaryImageOfPage\":{\"@id\":\"https:\/\/vigrand.md\/produs\/radiator-otel-pkkpkp-33-300x700\/#primaryimage\"},\"image\":{\"@id\":\"https:\/\/vigrand.md\/produs\/radiator-otel-pkkpkp-33-300x700\/#primaryimage\"},\"thumbnailUrl\":\"https:\/\/vigrand.md\/wp-content\/uploads\/2022\/12\/61-155.jpg\",\"datePublished\":\"2022-12-09T09:32:10+00:00\",\"dateModified\":\"2023-06-10T10:15:35+00:00\",\"breadcrumb\":{\"@id\":\"https:\/\/vigrand.md\/produs\/radiator-otel-pkkpkp-33-300x700\/#breadcrumb\"},\"inLanguage\":\"ru-RU\",\"potentialAction\":[{\"@type\":\"ReadAction\",\"target\":[\"https:\/\/vigrand.md\/produs\/radiator-otel-pkkpkp-33-300x700\/\"]}]},{\"@type\":\"ImageObject\",\"inLanguage\":\"ru-RU\",\"@id\":\"https:\/\/vigrand.md\/produs\/radiator-otel-pkkpkp-33-300x700\/#primaryimage\",\"url\":\"https:\/\/vigrand.md\/wp-content\/uploads\/2022\/12\/61-155.jpg\",\"contentUrl\":\"https:\/\/vigrand.md\/wp-content\/uploads\/2022\/12\/61-155.jpg\",\"width\":600,\"height\":800},{\"@type\":\"BreadcrumbList\",\"@id\":\"https:\/\/vigrand.md\/produs\/radiator-otel-pkkpkp-33-300x700\/#breadcrumb\",\"itemListElement\":[{\"@type\":\"ListItem\",\"position\":1,\"name\":\"Prima pagin\u0103\",\"item\":\"https:\/\/vigrand.md\/\"},{\"@type\":\"ListItem\",\"position\":2,\"name\":\"Magazin\",\"item\":\"https:\/\/vigrand.md\/magazin\/\"},{\"@type\":\"ListItem\",\"position\":3,\"name\":\"Radiator o\u021bel PKKPKP\/33 300\u00d7700\"}]},{\"@type\":\"WebSite\",\"@id\":\"https:\/\/vigrand.md\/#website\",\"url\":\"https:\/\/vigrand.md\/\",\"name\":\"Sisteme termice in Moldova\",\"description\":\"Magazin Online\",\"potentialAction\":[{\"@type\":\"SearchAction\",\"target\":{\"@type\":\"EntryPoint\",\"urlTemplate\":\"https:\/\/vigrand.md\/?s={search_term_string}\"},\"query-input\":{\"@type\":\"PropertyValueSpecification\",\"valueRequired\":true,\"valueName\":\"search_term_string\"}}],\"inLanguage\":\"ru-RU\"}]}<\/script>\n<!-- \/ Yoast SEO plugin. -->","yoast_head_json":{"title":"Radiator o\u021bel PKKPKP\/33 300\u00d7700 - Sisteme termice in Moldova","robots":{"index":"index","follow":"follow","max-snippet":"max-snippet:-1","max-image-preview":"max-image-preview:large","max-video-preview":"max-video-preview:-1"},"canonical":"https:\/\/vigrand.md\/ru\/produs\/radiator-otel-pkkpkp-33-300x700\/","og_locale":"ru_RU","og_type":"article","og_title":"Radiator o\u021bel PKKPKP\/33 300\u00d7700 - Sisteme termice in Moldova","og_description":"Radiator PKKPKP\/33 300\u00d7700 din o\u021bel, transfer\u0103 foarte u\u0219or c\u0103ldura \u0219i asta \u00eel face foarte eficient. Lucrul acesta ajut\u0103 s\u0103 economise\u0219ti energie. Are un aspect elegant ce se \u00eencadreaz\u0103 perfect \u00een locuin\u021ba dumneavoastr\u0103 indiferent de design, partea frontal\u0103 a radiatorului permite ob\u021binerea unui efect de finisare estetic, f\u0103r\u0103 a pierde din caracteristicile oferite de cele mai&hellip;","og_url":"https:\/\/vigrand.md\/ru\/produs\/radiator-otel-pkkpkp-33-300x700\/","og_site_name":"Sisteme termice in Moldova","article_modified_time":"2023-06-10T10:15:35+00:00","og_image":[{"width":600,"height":800,"url":"https:\/\/vigrand.md\/wp-content\/uploads\/2022\/12\/61-155.jpg","type":"image\/jpeg"}],"twitter_card":"summary_large_image","twitter_misc":{"\u041f\u0440\u0438\u043c\u0435\u0440\u043d\u043e\u0435 \u0432\u0440\u0435\u043c\u044f \u0434\u043b\u044f \u0447\u0442\u0435\u043d\u0438\u044f":"1 \u043c\u0438\u043d\u0443\u0442\u0430"},"schema":{"@context":"https:\/\/schema.org","@graph":[{"@type":"WebPage","@id":"https:\/\/vigrand.md\/produs\/radiator-otel-pkkpkp-33-300x700\/","url":"https:\/\/vigrand.md\/produs\/radiator-otel-pkkpkp-33-300x700\/","name":"Radiator o\u021bel PKKPKP\/33 300\u00d7700 - Sisteme termice in Moldova","isPartOf":{"@id":"https:\/\/vigrand.md\/#website"},"primaryImageOfPage":{"@id":"https:\/\/vigrand.md\/produs\/radiator-otel-pkkpkp-33-300x700\/#primaryimage"},"image":{"@id":"https:\/\/vigrand.md\/produs\/radiator-otel-pkkpkp-33-300x700\/#primaryimage"},"thumbnailUrl":"https:\/\/vigrand.md\/wp-content\/uploads\/2022\/12\/61-155.jpg","datePublished":"2022-12-09T09:32:10+00:00","dateModified":"2023-06-10T10:15:35+00:00","breadcrumb":{"@id":"https:\/\/vigrand.md\/produs\/radiator-otel-pkkpkp-33-300x700\/#breadcrumb"},"inLanguage":"ru-RU","potentialAction":[{"@type":"ReadAction","target":["https:\/\/vigrand.md\/produs\/radiator-otel-pkkpkp-33-300x700\/"]}]},{"@type":"ImageObject","inLanguage":"ru-RU","@id":"https:\/\/vigrand.md\/produs\/radiator-otel-pkkpkp-33-300x700\/#primaryimage","url":"https:\/\/vigrand.md\/wp-content\/uploads\/2022\/12\/61-155.jpg","contentUrl":"https:\/\/vigrand.md\/wp-content\/uploads\/2022\/12\/61-155.jpg","width":600,"height":800},{"@type":"BreadcrumbList","@id":"https:\/\/vigrand.md\/produs\/radiator-otel-pkkpkp-33-300x700\/#breadcrumb","itemListElement":[{"@type":"ListItem","position":1,"name":"Prima pagin\u0103","item":"https:\/\/vigrand.md\/"},{"@type":"ListItem","position":2,"name":"Magazin","item":"https:\/\/vigrand.md\/magazin\/"},{"@type":"ListItem","position":3,"name":"Radiator o\u021bel PKKPKP\/33 300\u00d7700"}]},{"@type":"WebSite","@id":"https:\/\/vigrand.md\/#website","url":"https:\/\/vigrand.md\/","name":"Sisteme termice in Moldova","description":"Magazin Online","potentialAction":[{"@type":"SearchAction","target":{"@type":"EntryPoint","urlTemplate":"https:\/\/vigrand.md\/?s={search_term_string}"},"query-input":{"@type":"PropertyValueSpecification","valueRequired":true,"valueName":"search_term_string"}}],"inLanguage":"ru-RU"}]}},"_links":{"self":[{"href":"https:\/\/vigrand.md\/ru\/wp-json\/wp\/v2\/product\/4153","targetHints":{"allow":["GET"]}}],"collection":[{"href":"https:\/\/vigrand.md\/ru\/wp-json\/wp\/v2\/product"}],"about":[{"href":"https:\/\/vigrand.md\/ru\/wp-json\/wp\/v2\/types\/product"}],"wp:featuredmedia":[{"embeddable":true,"href":"https:\/\/vigrand.md\/ru\/wp-json\/wp\/v2\/media\/4154"}],"wp:attachment":[{"href":"https:\/\/vigrand.md\/ru\/wp-json\/wp\/v2\/media?parent=4153"}],"wp:term":[{"taxonomy":"product_cat","embeddable":true,"href":"https:\/\/vigrand.md\/ru\/wp-json\/wp\/v2\/product_cat?post=4153"},{"taxonomy":"product_tag","embeddable":true,"href":"https:\/\/vigrand.md\/ru\/wp-json\/wp\/v2\/product_tag?post=4153"}],"curies":[{"name":"wp","href":"https:\/\/api.w.org\/{rel}","templated":true}]}}