{"id":4192,"date":"2022-12-09T10:41:59","date_gmt":"2022-12-09T10:41:59","guid":{"rendered":"https:\/\/magazin.perfectionagency.com\/?post_type=product&#038;p=4192"},"modified":"2023-06-10T10:17:13","modified_gmt":"2023-06-10T10:17:13","slug":"centrala-termica-ariston-cares-x-24-ff","status":"publish","type":"product","link":"https:\/\/vigrand.md\/ru\/produs\/centrala-termica-ariston-cares-x-24-ff\/","title":{"rendered":"Central\u0103 termic\u0103 Ariston Cares X 24 FF"},"content":{"rendered":"<p>Centrala termic\u0103 cu tiraj for\u021bat Ariston CARES X 24 FF are o putere termica de 24 kw, func\u021bioneaz\u0103 pe combustibil gazos \u0219i se amplaseaz\u0103 mural. Face parte din gama centralelor conventionale \u0219i este destinat\u0103 pentru \u00eenc\u0103lzirea \u0219i prepararea apei calde menajere.<br \/>\nRecomand\u0103m:<br \/>\n\u2013 Pentru a economisi consumul de gaz \u0219i pentru a reduce considerabil valoarea facturii lunare v\u0103 recomand\u0103m Termostat.<br \/>\n\u2013 Pentru a proteja utilajul de varia\u021biile de tensiune electric\u0103 sistematice si asigurarea garan\u021biei v\u0103 recomand\u0103m Stabilizator.<br \/>\n\u2013 Pentru controlul \u0219i prevenirea scurgerilor de gaze, care prezint\u0103 un pericol iminent pentru familia Dumneavoastr\u0103 v\u0103 recomand\u0103m Detector \u0219i Clapeta de gaz.<\/p>","protected":false},"excerpt":{"rendered":"<p>Centrala termic\u0103 cu tiraj for\u021bat Ariston CARES X 24 FF are o putere termica de 24 kw, func\u021bioneaz\u0103 pe combustibil gazos \u0219i se amplaseaz\u0103 mural. Face parte din gama centralelor conventionale \u0219i este destinat\u0103 pentru \u00eenc\u0103lzirea \u0219i prepararea apei calde menajere. Recomand\u0103m: \u2013 Pentru a economisi consumul de gaz \u0219i pentru a reduce considerabil valoarea&hellip;<\/p>","protected":false},"featured_media":4193,"template":"","meta":[],"product_cat":[228],"product_tag":[],"class_list":{"0":"post-4192","1":"product","2":"type-product","3":"status-publish","4":"has-post-thumbnail","6":"product_brand-ariston","7":"product_cat-cazan-pe-gaz","8":"pa_capacitatea-vas-expansiune-674","9":"pa_clasa-nox-677","10":"pa_dimensiuni-mm-770x400x315","11":"pa_producator-italia","12":"pa_puterea-nominala-kw-241","13":"pa_puterea-utila-maxima-acm-23-6-10-0","14":"pa_randamentul-676","15":"pa_schimbator-de-caldura-673","16":"pa_temperatura-min-max-acm-c-36-60","17":"pa_tip-conventional","18":"pa_tiraj-fortat","20":"first","21":"instock","22":"shipping-taxable","23":"purchasable","24":"product-type-simple","25":"col-xs-6 col-sm-4","26":"col-md-3 col-lg-3","27":"un-4-cols"},"yoast_head":"<!-- This site is optimized with the Yoast SEO plugin v27.1.1 - https:\/\/yoast.com\/product\/yoast-seo-wordpress\/ -->\n<title>Central\u0103 termic\u0103 Ariston Cares X 24 FF - Sisteme termice in Moldova<\/title>\n<meta name=\"robots\" content=\"index, follow, max-snippet:-1, max-image-preview:large, max-video-preview:-1\" \/>\n<link rel=\"canonical\" href=\"https:\/\/vigrand.md\/ru\/produs\/centrala-termica-ariston-cares-x-24-ff\/\" \/>\n<meta property=\"og:locale\" content=\"ru_RU\" \/>\n<meta property=\"og:type\" content=\"article\" \/>\n<meta property=\"og:title\" content=\"Central\u0103 termic\u0103 Ariston Cares X 24 FF - Sisteme termice in Moldova\" \/>\n<meta property=\"og:description\" content=\"Centrala termic\u0103 cu tiraj for\u021bat Ariston CARES X 24 FF are o putere termica de 24 kw, func\u021bioneaz\u0103 pe combustibil gazos \u0219i se amplaseaz\u0103 mural. Face parte din gama centralelor conventionale \u0219i este destinat\u0103 pentru \u00eenc\u0103lzirea \u0219i prepararea apei calde menajere. Recomand\u0103m: \u2013 Pentru a economisi consumul de gaz \u0219i pentru a reduce considerabil valoarea&hellip;\" \/>\n<meta property=\"og:url\" content=\"https:\/\/vigrand.md\/ru\/produs\/centrala-termica-ariston-cares-x-24-ff\/\" \/>\n<meta property=\"og:site_name\" content=\"Sisteme termice in Moldova\" \/>\n<meta property=\"article:modified_time\" content=\"2023-06-10T10:17:13+00:00\" \/>\n<meta property=\"og:image\" content=\"https:\/\/vigrand.md\/wp-content\/uploads\/2022\/12\/25-631x.jpg\" \/>\n\t<meta property=\"og:image:width\" content=\"600\" \/>\n\t<meta property=\"og:image:height\" content=\"800\" \/>\n\t<meta property=\"og:image:type\" content=\"image\/jpeg\" \/>\n<meta name=\"twitter:card\" content=\"summary_large_image\" \/>\n<meta name=\"twitter:label1\" content=\"\u041f\u0440\u0438\u043c\u0435\u0440\u043d\u043e\u0435 \u0432\u0440\u0435\u043c\u044f \u0434\u043b\u044f \u0447\u0442\u0435\u043d\u0438\u044f\" \/>\n\t<meta name=\"twitter:data1\" content=\"1 \u043c\u0438\u043d\u0443\u0442\u0430\" \/>\n<script type=\"application\/ld+json\" class=\"yoast-schema-graph\">{\"@context\":\"https:\/\/schema.org\",\"@graph\":[{\"@type\":\"WebPage\",\"@id\":\"https:\/\/vigrand.md\/produs\/centrala-termica-ariston-cares-x-24-ff\/\",\"url\":\"https:\/\/vigrand.md\/produs\/centrala-termica-ariston-cares-x-24-ff\/\",\"name\":\"Central\u0103 termic\u0103 Ariston Cares X 24 FF - Sisteme termice in Moldova\",\"isPartOf\":{\"@id\":\"https:\/\/vigrand.md\/#website\"},\"primaryImageOfPage\":{\"@id\":\"https:\/\/vigrand.md\/produs\/centrala-termica-ariston-cares-x-24-ff\/#primaryimage\"},\"image\":{\"@id\":\"https:\/\/vigrand.md\/produs\/centrala-termica-ariston-cares-x-24-ff\/#primaryimage\"},\"thumbnailUrl\":\"https:\/\/vigrand.md\/wp-content\/uploads\/2022\/12\/25-631x.jpg\",\"datePublished\":\"2022-12-09T10:41:59+00:00\",\"dateModified\":\"2023-06-10T10:17:13+00:00\",\"breadcrumb\":{\"@id\":\"https:\/\/vigrand.md\/produs\/centrala-termica-ariston-cares-x-24-ff\/#breadcrumb\"},\"inLanguage\":\"ru-RU\",\"potentialAction\":[{\"@type\":\"ReadAction\",\"target\":[\"https:\/\/vigrand.md\/produs\/centrala-termica-ariston-cares-x-24-ff\/\"]}]},{\"@type\":\"ImageObject\",\"inLanguage\":\"ru-RU\",\"@id\":\"https:\/\/vigrand.md\/produs\/centrala-termica-ariston-cares-x-24-ff\/#primaryimage\",\"url\":\"https:\/\/vigrand.md\/wp-content\/uploads\/2022\/12\/25-631x.jpg\",\"contentUrl\":\"https:\/\/vigrand.md\/wp-content\/uploads\/2022\/12\/25-631x.jpg\",\"width\":600,\"height\":800},{\"@type\":\"BreadcrumbList\",\"@id\":\"https:\/\/vigrand.md\/produs\/centrala-termica-ariston-cares-x-24-ff\/#breadcrumb\",\"itemListElement\":[{\"@type\":\"ListItem\",\"position\":1,\"name\":\"Prima pagin\u0103\",\"item\":\"https:\/\/vigrand.md\/\"},{\"@type\":\"ListItem\",\"position\":2,\"name\":\"Magazin\",\"item\":\"https:\/\/vigrand.md\/magazin\/\"},{\"@type\":\"ListItem\",\"position\":3,\"name\":\"Central\u0103 termic\u0103 Ariston Cares X 24 FF\"}]},{\"@type\":\"WebSite\",\"@id\":\"https:\/\/vigrand.md\/#website\",\"url\":\"https:\/\/vigrand.md\/\",\"name\":\"Sisteme termice in Moldova\",\"description\":\"Magazin Online\",\"potentialAction\":[{\"@type\":\"SearchAction\",\"target\":{\"@type\":\"EntryPoint\",\"urlTemplate\":\"https:\/\/vigrand.md\/?s={search_term_string}\"},\"query-input\":{\"@type\":\"PropertyValueSpecification\",\"valueRequired\":true,\"valueName\":\"search_term_string\"}}],\"inLanguage\":\"ru-RU\"}]}<\/script>\n<!-- \/ Yoast SEO plugin. -->","yoast_head_json":{"title":"Central\u0103 termic\u0103 Ariston Cares X 24 FF - Sisteme termice in Moldova","robots":{"index":"index","follow":"follow","max-snippet":"max-snippet:-1","max-image-preview":"max-image-preview:large","max-video-preview":"max-video-preview:-1"},"canonical":"https:\/\/vigrand.md\/ru\/produs\/centrala-termica-ariston-cares-x-24-ff\/","og_locale":"ru_RU","og_type":"article","og_title":"Central\u0103 termic\u0103 Ariston Cares X 24 FF - Sisteme termice in Moldova","og_description":"Centrala termic\u0103 cu tiraj for\u021bat Ariston CARES X 24 FF are o putere termica de 24 kw, func\u021bioneaz\u0103 pe combustibil gazos \u0219i se amplaseaz\u0103 mural. Face parte din gama centralelor conventionale \u0219i este destinat\u0103 pentru \u00eenc\u0103lzirea \u0219i prepararea apei calde menajere. Recomand\u0103m: \u2013 Pentru a economisi consumul de gaz \u0219i pentru a reduce considerabil valoarea&hellip;","og_url":"https:\/\/vigrand.md\/ru\/produs\/centrala-termica-ariston-cares-x-24-ff\/","og_site_name":"Sisteme termice in Moldova","article_modified_time":"2023-06-10T10:17:13+00:00","og_image":[{"width":600,"height":800,"url":"https:\/\/vigrand.md\/wp-content\/uploads\/2022\/12\/25-631x.jpg","type":"image\/jpeg"}],"twitter_card":"summary_large_image","twitter_misc":{"\u041f\u0440\u0438\u043c\u0435\u0440\u043d\u043e\u0435 \u0432\u0440\u0435\u043c\u044f \u0434\u043b\u044f \u0447\u0442\u0435\u043d\u0438\u044f":"1 \u043c\u0438\u043d\u0443\u0442\u0430"},"schema":{"@context":"https:\/\/schema.org","@graph":[{"@type":"WebPage","@id":"https:\/\/vigrand.md\/produs\/centrala-termica-ariston-cares-x-24-ff\/","url":"https:\/\/vigrand.md\/produs\/centrala-termica-ariston-cares-x-24-ff\/","name":"Central\u0103 termic\u0103 Ariston Cares X 24 FF - Sisteme termice in Moldova","isPartOf":{"@id":"https:\/\/vigrand.md\/#website"},"primaryImageOfPage":{"@id":"https:\/\/vigrand.md\/produs\/centrala-termica-ariston-cares-x-24-ff\/#primaryimage"},"image":{"@id":"https:\/\/vigrand.md\/produs\/centrala-termica-ariston-cares-x-24-ff\/#primaryimage"},"thumbnailUrl":"https:\/\/vigrand.md\/wp-content\/uploads\/2022\/12\/25-631x.jpg","datePublished":"2022-12-09T10:41:59+00:00","dateModified":"2023-06-10T10:17:13+00:00","breadcrumb":{"@id":"https:\/\/vigrand.md\/produs\/centrala-termica-ariston-cares-x-24-ff\/#breadcrumb"},"inLanguage":"ru-RU","potentialAction":[{"@type":"ReadAction","target":["https:\/\/vigrand.md\/produs\/centrala-termica-ariston-cares-x-24-ff\/"]}]},{"@type":"ImageObject","inLanguage":"ru-RU","@id":"https:\/\/vigrand.md\/produs\/centrala-termica-ariston-cares-x-24-ff\/#primaryimage","url":"https:\/\/vigrand.md\/wp-content\/uploads\/2022\/12\/25-631x.jpg","contentUrl":"https:\/\/vigrand.md\/wp-content\/uploads\/2022\/12\/25-631x.jpg","width":600,"height":800},{"@type":"BreadcrumbList","@id":"https:\/\/vigrand.md\/produs\/centrala-termica-ariston-cares-x-24-ff\/#breadcrumb","itemListElement":[{"@type":"ListItem","position":1,"name":"Prima pagin\u0103","item":"https:\/\/vigrand.md\/"},{"@type":"ListItem","position":2,"name":"Magazin","item":"https:\/\/vigrand.md\/magazin\/"},{"@type":"ListItem","position":3,"name":"Central\u0103 termic\u0103 Ariston Cares X 24 FF"}]},{"@type":"WebSite","@id":"https:\/\/vigrand.md\/#website","url":"https:\/\/vigrand.md\/","name":"Sisteme termice in Moldova","description":"Magazin Online","potentialAction":[{"@type":"SearchAction","target":{"@type":"EntryPoint","urlTemplate":"https:\/\/vigrand.md\/?s={search_term_string}"},"query-input":{"@type":"PropertyValueSpecification","valueRequired":true,"valueName":"search_term_string"}}],"inLanguage":"ru-RU"}]}},"_links":{"self":[{"href":"https:\/\/vigrand.md\/ru\/wp-json\/wp\/v2\/product\/4192","targetHints":{"allow":["GET"]}}],"collection":[{"href":"https:\/\/vigrand.md\/ru\/wp-json\/wp\/v2\/product"}],"about":[{"href":"https:\/\/vigrand.md\/ru\/wp-json\/wp\/v2\/types\/product"}],"wp:featuredmedia":[{"embeddable":true,"href":"https:\/\/vigrand.md\/ru\/wp-json\/wp\/v2\/media\/4193"}],"wp:attachment":[{"href":"https:\/\/vigrand.md\/ru\/wp-json\/wp\/v2\/media?parent=4192"}],"wp:term":[{"taxonomy":"product_cat","embeddable":true,"href":"https:\/\/vigrand.md\/ru\/wp-json\/wp\/v2\/product_cat?post=4192"},{"taxonomy":"product_tag","embeddable":true,"href":"https:\/\/vigrand.md\/ru\/wp-json\/wp\/v2\/product_tag?post=4192"}],"curies":[{"name":"wp","href":"https:\/\/api.w.org\/{rel}","templated":true}]}}