{"id":4200,"date":"2022-12-09T11:03:02","date_gmt":"2022-12-09T11:03:02","guid":{"rendered":"https:\/\/magazin.perfectionagency.com\/?post_type=product&#038;p=4200"},"modified":"2023-06-10T10:18:07","modified_gmt":"2023-06-10T10:18:07","slug":"cazan-ariston-clas-xc-system-32ff-3301681","status":"publish","type":"product","link":"https:\/\/vigrand.md\/ru\/produs\/cazan-ariston-clas-xc-system-32ff-3301681\/","title":{"rendered":"Cazan Ariston Clas XC System 32FF \/3301681"},"content":{"rendered":"<p>Centrala termic\u0103 cu tiraj for\u021bat Ariston Clas XC System are o putere termic\u0103 de 32kW, func\u021bioneaz\u0103 pe combustibil gazos \u0219i se amplaseaz\u0103 mural. Face parte din gama centralelor conven\u021bionale \u0219i este destinat\u0103 pentru \u00eenc\u0103lzire. Prepararea apei calde menajere se produce prin intermediul unui boiler extern, achizitionat separat.<br \/>\nRecomand\u0103m:<br \/>\n\u2013 Pentru a economisi consumul de gaz \u0219i pentru a reduce considerabil valoarea facturii lunare v\u0103 recomand\u0103m Termostat<br \/>\n\u2013 Pentru a proteja utilajul de varia\u021biile de tensiune electric\u0103 sistematice \u0219i asigurarea garan\u021biei v\u0103 recomand\u0103m Stabilizator<br \/>\n\u2013 Pentru controlul \u0219i prevenirea scurgerilor de gaze, care prezint\u0103 un pericol iminent pentru familia Dumneavoastr\u0103 v\u0103 recomand\u0103m Detector \u0219i Clapeta de gaz.<\/p>","protected":false},"excerpt":{"rendered":"<p>Centrala termic\u0103 cu tiraj for\u021bat Ariston Clas XC System are o putere termic\u0103 de 32kW, func\u021bioneaz\u0103 pe combustibil gazos \u0219i se amplaseaz\u0103 mural. Face parte din gama centralelor conven\u021bionale \u0219i este destinat\u0103 pentru \u00eenc\u0103lzire. Prepararea apei calde menajere se produce prin intermediul unui boiler extern, achizitionat separat. Recomand\u0103m: \u2013 Pentru a economisi consumul de gaz&hellip;<\/p>","protected":false},"featured_media":4201,"template":"","meta":[],"product_cat":[228],"product_tag":[],"class_list":{"0":"post-4200","1":"product","2":"type-product","3":"status-publish","4":"has-post-thumbnail","6":"product_brand-ariston","7":"product_cat-cazan-pe-gaz","8":"pa_capacitatea-vas-expansiune-674","9":"pa_clasa-nox-677","10":"pa_dimensiuni-mm-745x440x315","11":"pa_producator-italia","12":"pa_puterea-nominala-kw-685","13":"pa_randamentul-676","14":"pa_schimbator-de-caldura-684","15":"pa_tip-conventional","16":"pa_tiraj-fortat","18":"first","19":"instock","20":"shipping-taxable","21":"purchasable","22":"product-type-simple","23":"col-xs-6 col-sm-4","24":"col-md-3 col-lg-3","25":"un-4-cols"},"yoast_head":"<!-- This site is optimized with the Yoast SEO plugin v27.1.1 - https:\/\/yoast.com\/product\/yoast-seo-wordpress\/ -->\n<title>Cazan Ariston Clas XC System 32FF \/3301681 - Sisteme termice in Moldova<\/title>\n<meta name=\"robots\" content=\"index, follow, max-snippet:-1, max-image-preview:large, max-video-preview:-1\" \/>\n<link rel=\"canonical\" href=\"https:\/\/vigrand.md\/ru\/produs\/cazan-ariston-clas-xc-system-32ff-3301681\/\" \/>\n<meta property=\"og:locale\" content=\"ru_RU\" \/>\n<meta property=\"og:type\" content=\"article\" \/>\n<meta property=\"og:title\" content=\"Cazan Ariston Clas XC System 32FF \/3301681 - Sisteme termice in Moldova\" \/>\n<meta property=\"og:description\" content=\"Centrala termic\u0103 cu tiraj for\u021bat Ariston Clas XC System are o putere termic\u0103 de 32kW, func\u021bioneaz\u0103 pe combustibil gazos \u0219i se amplaseaz\u0103 mural. Face parte din gama centralelor conven\u021bionale \u0219i este destinat\u0103 pentru \u00eenc\u0103lzire. Prepararea apei calde menajere se produce prin intermediul unui boiler extern, achizitionat separat. Recomand\u0103m: \u2013 Pentru a economisi consumul de gaz&hellip;\" \/>\n<meta property=\"og:url\" content=\"https:\/\/vigrand.md\/ru\/produs\/cazan-ariston-clas-xc-system-32ff-3301681\/\" \/>\n<meta property=\"og:site_name\" content=\"Sisteme termice in Moldova\" \/>\n<meta property=\"article:modified_time\" content=\"2023-06-10T10:18:07+00:00\" \/>\n<meta property=\"og:image\" content=\"https:\/\/vigrand.md\/wp-content\/uploads\/2022\/12\/25-570xc-2.jpg\" \/>\n\t<meta property=\"og:image:width\" content=\"600\" \/>\n\t<meta property=\"og:image:height\" content=\"800\" \/>\n\t<meta property=\"og:image:type\" content=\"image\/jpeg\" \/>\n<meta name=\"twitter:card\" content=\"summary_large_image\" \/>\n<meta name=\"twitter:label1\" content=\"\u041f\u0440\u0438\u043c\u0435\u0440\u043d\u043e\u0435 \u0432\u0440\u0435\u043c\u044f \u0434\u043b\u044f \u0447\u0442\u0435\u043d\u0438\u044f\" \/>\n\t<meta name=\"twitter:data1\" content=\"1 \u043c\u0438\u043d\u0443\u0442\u0430\" \/>\n<script type=\"application\/ld+json\" class=\"yoast-schema-graph\">{\"@context\":\"https:\/\/schema.org\",\"@graph\":[{\"@type\":\"WebPage\",\"@id\":\"https:\/\/vigrand.md\/produs\/cazan-ariston-clas-xc-system-32ff-3301681\/\",\"url\":\"https:\/\/vigrand.md\/produs\/cazan-ariston-clas-xc-system-32ff-3301681\/\",\"name\":\"Cazan Ariston Clas XC System 32FF \/3301681 - Sisteme termice in Moldova\",\"isPartOf\":{\"@id\":\"https:\/\/vigrand.md\/#website\"},\"primaryImageOfPage\":{\"@id\":\"https:\/\/vigrand.md\/produs\/cazan-ariston-clas-xc-system-32ff-3301681\/#primaryimage\"},\"image\":{\"@id\":\"https:\/\/vigrand.md\/produs\/cazan-ariston-clas-xc-system-32ff-3301681\/#primaryimage\"},\"thumbnailUrl\":\"https:\/\/vigrand.md\/wp-content\/uploads\/2022\/12\/25-570xc-2.jpg\",\"datePublished\":\"2022-12-09T11:03:02+00:00\",\"dateModified\":\"2023-06-10T10:18:07+00:00\",\"breadcrumb\":{\"@id\":\"https:\/\/vigrand.md\/produs\/cazan-ariston-clas-xc-system-32ff-3301681\/#breadcrumb\"},\"inLanguage\":\"ru-RU\",\"potentialAction\":[{\"@type\":\"ReadAction\",\"target\":[\"https:\/\/vigrand.md\/produs\/cazan-ariston-clas-xc-system-32ff-3301681\/\"]}]},{\"@type\":\"ImageObject\",\"inLanguage\":\"ru-RU\",\"@id\":\"https:\/\/vigrand.md\/produs\/cazan-ariston-clas-xc-system-32ff-3301681\/#primaryimage\",\"url\":\"https:\/\/vigrand.md\/wp-content\/uploads\/2022\/12\/25-570xc-2.jpg\",\"contentUrl\":\"https:\/\/vigrand.md\/wp-content\/uploads\/2022\/12\/25-570xc-2.jpg\",\"width\":600,\"height\":800},{\"@type\":\"BreadcrumbList\",\"@id\":\"https:\/\/vigrand.md\/produs\/cazan-ariston-clas-xc-system-32ff-3301681\/#breadcrumb\",\"itemListElement\":[{\"@type\":\"ListItem\",\"position\":1,\"name\":\"Prima pagin\u0103\",\"item\":\"https:\/\/vigrand.md\/\"},{\"@type\":\"ListItem\",\"position\":2,\"name\":\"Magazin\",\"item\":\"https:\/\/vigrand.md\/magazin\/\"},{\"@type\":\"ListItem\",\"position\":3,\"name\":\"Cazan Ariston Clas XC System 32FF \/3301681\"}]},{\"@type\":\"WebSite\",\"@id\":\"https:\/\/vigrand.md\/#website\",\"url\":\"https:\/\/vigrand.md\/\",\"name\":\"Sisteme termice in Moldova\",\"description\":\"Magazin Online\",\"potentialAction\":[{\"@type\":\"SearchAction\",\"target\":{\"@type\":\"EntryPoint\",\"urlTemplate\":\"https:\/\/vigrand.md\/?s={search_term_string}\"},\"query-input\":{\"@type\":\"PropertyValueSpecification\",\"valueRequired\":true,\"valueName\":\"search_term_string\"}}],\"inLanguage\":\"ru-RU\"}]}<\/script>\n<!-- \/ Yoast SEO plugin. -->","yoast_head_json":{"title":"Cazan Ariston Clas XC System 32FF \/3301681 - Sisteme termice in Moldova","robots":{"index":"index","follow":"follow","max-snippet":"max-snippet:-1","max-image-preview":"max-image-preview:large","max-video-preview":"max-video-preview:-1"},"canonical":"https:\/\/vigrand.md\/ru\/produs\/cazan-ariston-clas-xc-system-32ff-3301681\/","og_locale":"ru_RU","og_type":"article","og_title":"Cazan Ariston Clas XC System 32FF \/3301681 - Sisteme termice in Moldova","og_description":"Centrala termic\u0103 cu tiraj for\u021bat Ariston Clas XC System are o putere termic\u0103 de 32kW, func\u021bioneaz\u0103 pe combustibil gazos \u0219i se amplaseaz\u0103 mural. Face parte din gama centralelor conven\u021bionale \u0219i este destinat\u0103 pentru \u00eenc\u0103lzire. Prepararea apei calde menajere se produce prin intermediul unui boiler extern, achizitionat separat. Recomand\u0103m: \u2013 Pentru a economisi consumul de gaz&hellip;","og_url":"https:\/\/vigrand.md\/ru\/produs\/cazan-ariston-clas-xc-system-32ff-3301681\/","og_site_name":"Sisteme termice in Moldova","article_modified_time":"2023-06-10T10:18:07+00:00","og_image":[{"width":600,"height":800,"url":"https:\/\/vigrand.md\/wp-content\/uploads\/2022\/12\/25-570xc-2.jpg","type":"image\/jpeg"}],"twitter_card":"summary_large_image","twitter_misc":{"\u041f\u0440\u0438\u043c\u0435\u0440\u043d\u043e\u0435 \u0432\u0440\u0435\u043c\u044f \u0434\u043b\u044f \u0447\u0442\u0435\u043d\u0438\u044f":"1 \u043c\u0438\u043d\u0443\u0442\u0430"},"schema":{"@context":"https:\/\/schema.org","@graph":[{"@type":"WebPage","@id":"https:\/\/vigrand.md\/produs\/cazan-ariston-clas-xc-system-32ff-3301681\/","url":"https:\/\/vigrand.md\/produs\/cazan-ariston-clas-xc-system-32ff-3301681\/","name":"Cazan Ariston Clas XC System 32FF \/3301681 - Sisteme termice in Moldova","isPartOf":{"@id":"https:\/\/vigrand.md\/#website"},"primaryImageOfPage":{"@id":"https:\/\/vigrand.md\/produs\/cazan-ariston-clas-xc-system-32ff-3301681\/#primaryimage"},"image":{"@id":"https:\/\/vigrand.md\/produs\/cazan-ariston-clas-xc-system-32ff-3301681\/#primaryimage"},"thumbnailUrl":"https:\/\/vigrand.md\/wp-content\/uploads\/2022\/12\/25-570xc-2.jpg","datePublished":"2022-12-09T11:03:02+00:00","dateModified":"2023-06-10T10:18:07+00:00","breadcrumb":{"@id":"https:\/\/vigrand.md\/produs\/cazan-ariston-clas-xc-system-32ff-3301681\/#breadcrumb"},"inLanguage":"ru-RU","potentialAction":[{"@type":"ReadAction","target":["https:\/\/vigrand.md\/produs\/cazan-ariston-clas-xc-system-32ff-3301681\/"]}]},{"@type":"ImageObject","inLanguage":"ru-RU","@id":"https:\/\/vigrand.md\/produs\/cazan-ariston-clas-xc-system-32ff-3301681\/#primaryimage","url":"https:\/\/vigrand.md\/wp-content\/uploads\/2022\/12\/25-570xc-2.jpg","contentUrl":"https:\/\/vigrand.md\/wp-content\/uploads\/2022\/12\/25-570xc-2.jpg","width":600,"height":800},{"@type":"BreadcrumbList","@id":"https:\/\/vigrand.md\/produs\/cazan-ariston-clas-xc-system-32ff-3301681\/#breadcrumb","itemListElement":[{"@type":"ListItem","position":1,"name":"Prima pagin\u0103","item":"https:\/\/vigrand.md\/"},{"@type":"ListItem","position":2,"name":"Magazin","item":"https:\/\/vigrand.md\/magazin\/"},{"@type":"ListItem","position":3,"name":"Cazan Ariston Clas XC System 32FF \/3301681"}]},{"@type":"WebSite","@id":"https:\/\/vigrand.md\/#website","url":"https:\/\/vigrand.md\/","name":"Sisteme termice in Moldova","description":"Magazin Online","potentialAction":[{"@type":"SearchAction","target":{"@type":"EntryPoint","urlTemplate":"https:\/\/vigrand.md\/?s={search_term_string}"},"query-input":{"@type":"PropertyValueSpecification","valueRequired":true,"valueName":"search_term_string"}}],"inLanguage":"ru-RU"}]}},"_links":{"self":[{"href":"https:\/\/vigrand.md\/ru\/wp-json\/wp\/v2\/product\/4200","targetHints":{"allow":["GET"]}}],"collection":[{"href":"https:\/\/vigrand.md\/ru\/wp-json\/wp\/v2\/product"}],"about":[{"href":"https:\/\/vigrand.md\/ru\/wp-json\/wp\/v2\/types\/product"}],"wp:featuredmedia":[{"embeddable":true,"href":"https:\/\/vigrand.md\/ru\/wp-json\/wp\/v2\/media\/4201"}],"wp:attachment":[{"href":"https:\/\/vigrand.md\/ru\/wp-json\/wp\/v2\/media?parent=4200"}],"wp:term":[{"taxonomy":"product_cat","embeddable":true,"href":"https:\/\/vigrand.md\/ru\/wp-json\/wp\/v2\/product_cat?post=4200"},{"taxonomy":"product_tag","embeddable":true,"href":"https:\/\/vigrand.md\/ru\/wp-json\/wp\/v2\/product_tag?post=4200"}],"curies":[{"name":"wp","href":"https:\/\/api.w.org\/{rel}","templated":true}]}}