{"id":4815,"date":"2023-04-06T15:48:15","date_gmt":"2023-04-06T15:48:15","guid":{"rendered":"https:\/\/vigrand.md\/?post_type=product&#038;p=4815"},"modified":"2023-05-11T09:50:20","modified_gmt":"2023-05-11T09:50:20","slug":"aspirator-vertical-dyson-v15-detect-nichel-galben","status":"publish","type":"product","link":"https:\/\/vigrand.md\/ru\/produs\/aspirator-vertical-dyson-v15-detect-nichel-galben\/","title":{"rendered":"Aspirator Vertical Dyson V15 Detect, Nichel | Galben"},"content":{"rendered":"<ul class=\"text-gray text-sm leading-loose\">\n<li>Aspirator vertical f\u0103r\u0103 fir<\/li>\n<li>Consum energie:<span class=\"font-bold text-black\">\u00a0660 W<\/span><\/li>\n<li>Puterea de aspirare :<span class=\"font-bold text-black\">\u00a0240 W<\/span><\/li>\n<li>Op\u021biuni de cur\u0103\u021bare:<span class=\"font-bold text-black\">\u00a0\u0421\u0443\u0445\u043e\u0439<\/span><\/li>\n<li>Tip colector de praf:<span class=\"font-bold text-black\">\u00a0\u041a\u043e\u043d\u0442\u0435\u0439\u043d\u0435\u0440<\/span><\/li>\n<li>Volum container de praf :<span class=\"font-bold text-black\">\u00a00,77 L<\/span><\/li>\n<li>Nivel de zgomot maxim :<span class=\"font-bold text-black\">\u00a075 dB<\/span><\/li>\n<li>Indicator baterie desc\u0103rcat\u0103<\/li>\n<li>Senzor de indentificare a particulelor de praf<\/li>\n<li>Duz\u0103 anti-\u00eencurcare pentru aspirarea p\u0103rului<\/li>\n<\/ul>","protected":false},"excerpt":{"rendered":"<p>Aspirator vertical f\u0103r\u0103 fir Consum energie:\u00a0660 W Puterea de aspirare :\u00a0240 W Op\u021biuni de cur\u0103\u021bare:\u00a0Uscata Tip colector de praf:\u00a0Container Volum container de praf :\u00a00,77 L Nivel de zgomot maxim :\u00a075 dB Indicator baterie desc\u0103rcat\u0103 Senzor de indentificare a particulelor de praf Duz\u0103 anti-\u00eencurcare pentru aspirarea p\u0103rului<\/p>","protected":false},"featured_media":4816,"template":"","meta":[],"product_cat":[168],"product_tag":[],"class_list":{"0":"post-4815","1":"product","2":"type-product","3":"status-publish","4":"has-post-thumbnail","6":"product_brand-dyson","7":"product_cat-aspiratoare","8":"pa_consum-energie-660-w","9":"pa_nivel-de-zgomot-maxim-75-db","10":"pa_optiuni-de-curatare-uscata","11":"pa_puterea-de-aspirare-240-w","12":"pa_tip-colector-de-praf-container","13":"pa_volum-container-de-praf-077-l","15":"first","16":"outofstock","17":"shipping-taxable","18":"purchasable","19":"product-type-simple","20":"col-xs-6 col-sm-4","21":"col-md-3 col-lg-3","22":"un-4-cols"},"yoast_head":"<!-- This site is optimized with the Yoast SEO plugin v27.1.1 - https:\/\/yoast.com\/product\/yoast-seo-wordpress\/ -->\n<title>Aspirator Vertical Dyson V15 Detect, Nichel | Galben - Sisteme termice in Moldova<\/title>\n<meta name=\"robots\" content=\"index, follow, max-snippet:-1, max-image-preview:large, max-video-preview:-1\" \/>\n<link rel=\"canonical\" href=\"https:\/\/vigrand.md\/ru\/produs\/aspirator-vertical-dyson-v15-detect-nichel-galben\/\" \/>\n<meta property=\"og:locale\" content=\"ru_RU\" \/>\n<meta property=\"og:type\" content=\"article\" \/>\n<meta property=\"og:title\" content=\"Aspirator Vertical Dyson V15 Detect, Nichel | Galben - Sisteme termice in Moldova\" \/>\n<meta property=\"og:description\" content=\"Aspirator vertical f\u0103r\u0103 fir Consum energie:\u00a0660 W Puterea de aspirare :\u00a0240 W Op\u021biuni de cur\u0103\u021bare:\u00a0Uscata Tip colector de praf:\u00a0Container Volum container de praf :\u00a00,77 L Nivel de zgomot maxim :\u00a075 dB Indicator baterie desc\u0103rcat\u0103 Senzor de indentificare a particulelor de praf Duz\u0103 anti-\u00eencurcare pentru aspirarea p\u0103rului\" \/>\n<meta property=\"og:url\" content=\"https:\/\/vigrand.md\/ru\/produs\/aspirator-vertical-dyson-v15-detect-nichel-galben\/\" \/>\n<meta property=\"og:site_name\" content=\"Sisteme termice in Moldova\" \/>\n<meta property=\"article:modified_time\" content=\"2023-05-11T09:50:20+00:00\" \/>\n<meta property=\"og:image\" content=\"https:\/\/vigrand.md\/wp-content\/uploads\/2023\/04\/a56e4354-a40c-4f21-a013-d3c2504235c7.webp\" \/>\n\t<meta property=\"og:image:width\" content=\"800\" \/>\n\t<meta property=\"og:image:height\" content=\"800\" \/>\n\t<meta property=\"og:image:type\" content=\"image\/webp\" \/>\n<meta name=\"twitter:card\" content=\"summary_large_image\" \/>\n<meta name=\"twitter:label1\" content=\"\u041f\u0440\u0438\u043c\u0435\u0440\u043d\u043e\u0435 \u0432\u0440\u0435\u043c\u044f \u0434\u043b\u044f \u0447\u0442\u0435\u043d\u0438\u044f\" \/>\n\t<meta name=\"twitter:data1\" content=\"1 \u043c\u0438\u043d\u0443\u0442\u0430\" \/>\n<script type=\"application\/ld+json\" class=\"yoast-schema-graph\">{\"@context\":\"https:\/\/schema.org\",\"@graph\":[{\"@type\":\"WebPage\",\"@id\":\"https:\/\/vigrand.md\/produs\/aspirator-vertical-dyson-v15-detect-nichel-galben\/\",\"url\":\"https:\/\/vigrand.md\/produs\/aspirator-vertical-dyson-v15-detect-nichel-galben\/\",\"name\":\"Aspirator Vertical Dyson V15 Detect, Nichel | Galben - Sisteme termice in Moldova\",\"isPartOf\":{\"@id\":\"https:\/\/vigrand.md\/#website\"},\"primaryImageOfPage\":{\"@id\":\"https:\/\/vigrand.md\/produs\/aspirator-vertical-dyson-v15-detect-nichel-galben\/#primaryimage\"},\"image\":{\"@id\":\"https:\/\/vigrand.md\/produs\/aspirator-vertical-dyson-v15-detect-nichel-galben\/#primaryimage\"},\"thumbnailUrl\":\"https:\/\/vigrand.md\/wp-content\/uploads\/2023\/04\/a56e4354-a40c-4f21-a013-d3c2504235c7.webp\",\"datePublished\":\"2023-04-06T15:48:15+00:00\",\"dateModified\":\"2023-05-11T09:50:20+00:00\",\"breadcrumb\":{\"@id\":\"https:\/\/vigrand.md\/produs\/aspirator-vertical-dyson-v15-detect-nichel-galben\/#breadcrumb\"},\"inLanguage\":\"ru-RU\",\"potentialAction\":[{\"@type\":\"ReadAction\",\"target\":[\"https:\/\/vigrand.md\/produs\/aspirator-vertical-dyson-v15-detect-nichel-galben\/\"]}]},{\"@type\":\"ImageObject\",\"inLanguage\":\"ru-RU\",\"@id\":\"https:\/\/vigrand.md\/produs\/aspirator-vertical-dyson-v15-detect-nichel-galben\/#primaryimage\",\"url\":\"https:\/\/vigrand.md\/wp-content\/uploads\/2023\/04\/a56e4354-a40c-4f21-a013-d3c2504235c7.webp\",\"contentUrl\":\"https:\/\/vigrand.md\/wp-content\/uploads\/2023\/04\/a56e4354-a40c-4f21-a013-d3c2504235c7.webp\",\"width\":800,\"height\":800},{\"@type\":\"BreadcrumbList\",\"@id\":\"https:\/\/vigrand.md\/produs\/aspirator-vertical-dyson-v15-detect-nichel-galben\/#breadcrumb\",\"itemListElement\":[{\"@type\":\"ListItem\",\"position\":1,\"name\":\"Prima pagin\u0103\",\"item\":\"https:\/\/vigrand.md\/\"},{\"@type\":\"ListItem\",\"position\":2,\"name\":\"Magazin\",\"item\":\"https:\/\/vigrand.md\/magazin\/\"},{\"@type\":\"ListItem\",\"position\":3,\"name\":\"Aspirator Vertical Dyson V15 Detect, Nichel | Galben\"}]},{\"@type\":\"WebSite\",\"@id\":\"https:\/\/vigrand.md\/#website\",\"url\":\"https:\/\/vigrand.md\/\",\"name\":\"Sisteme termice in Moldova\",\"description\":\"Magazin Online\",\"potentialAction\":[{\"@type\":\"SearchAction\",\"target\":{\"@type\":\"EntryPoint\",\"urlTemplate\":\"https:\/\/vigrand.md\/?s={search_term_string}\"},\"query-input\":{\"@type\":\"PropertyValueSpecification\",\"valueRequired\":true,\"valueName\":\"search_term_string\"}}],\"inLanguage\":\"ru-RU\"}]}<\/script>\n<!-- \/ Yoast SEO plugin. -->","yoast_head_json":{"title":"Aspirator Vertical Dyson V15 Detect, Nichel | Galben - Sisteme termice in Moldova","robots":{"index":"index","follow":"follow","max-snippet":"max-snippet:-1","max-image-preview":"max-image-preview:large","max-video-preview":"max-video-preview:-1"},"canonical":"https:\/\/vigrand.md\/ru\/produs\/aspirator-vertical-dyson-v15-detect-nichel-galben\/","og_locale":"ru_RU","og_type":"article","og_title":"Aspirator Vertical Dyson V15 Detect, Nichel | Galben - Sisteme termice in Moldova","og_description":"Aspirator vertical f\u0103r\u0103 fir Consum energie:\u00a0660 W Puterea de aspirare :\u00a0240 W Op\u021biuni de cur\u0103\u021bare:\u00a0Uscata Tip colector de praf:\u00a0Container Volum container de praf :\u00a00,77 L Nivel de zgomot maxim :\u00a075 dB Indicator baterie desc\u0103rcat\u0103 Senzor de indentificare a particulelor de praf Duz\u0103 anti-\u00eencurcare pentru aspirarea p\u0103rului","og_url":"https:\/\/vigrand.md\/ru\/produs\/aspirator-vertical-dyson-v15-detect-nichel-galben\/","og_site_name":"Sisteme termice in Moldova","article_modified_time":"2023-05-11T09:50:20+00:00","og_image":[{"width":800,"height":800,"url":"https:\/\/vigrand.md\/wp-content\/uploads\/2023\/04\/a56e4354-a40c-4f21-a013-d3c2504235c7.webp","type":"image\/webp"}],"twitter_card":"summary_large_image","twitter_misc":{"\u041f\u0440\u0438\u043c\u0435\u0440\u043d\u043e\u0435 \u0432\u0440\u0435\u043c\u044f \u0434\u043b\u044f \u0447\u0442\u0435\u043d\u0438\u044f":"1 \u043c\u0438\u043d\u0443\u0442\u0430"},"schema":{"@context":"https:\/\/schema.org","@graph":[{"@type":"WebPage","@id":"https:\/\/vigrand.md\/produs\/aspirator-vertical-dyson-v15-detect-nichel-galben\/","url":"https:\/\/vigrand.md\/produs\/aspirator-vertical-dyson-v15-detect-nichel-galben\/","name":"Aspirator Vertical Dyson V15 Detect, Nichel | Galben - Sisteme termice in Moldova","isPartOf":{"@id":"https:\/\/vigrand.md\/#website"},"primaryImageOfPage":{"@id":"https:\/\/vigrand.md\/produs\/aspirator-vertical-dyson-v15-detect-nichel-galben\/#primaryimage"},"image":{"@id":"https:\/\/vigrand.md\/produs\/aspirator-vertical-dyson-v15-detect-nichel-galben\/#primaryimage"},"thumbnailUrl":"https:\/\/vigrand.md\/wp-content\/uploads\/2023\/04\/a56e4354-a40c-4f21-a013-d3c2504235c7.webp","datePublished":"2023-04-06T15:48:15+00:00","dateModified":"2023-05-11T09:50:20+00:00","breadcrumb":{"@id":"https:\/\/vigrand.md\/produs\/aspirator-vertical-dyson-v15-detect-nichel-galben\/#breadcrumb"},"inLanguage":"ru-RU","potentialAction":[{"@type":"ReadAction","target":["https:\/\/vigrand.md\/produs\/aspirator-vertical-dyson-v15-detect-nichel-galben\/"]}]},{"@type":"ImageObject","inLanguage":"ru-RU","@id":"https:\/\/vigrand.md\/produs\/aspirator-vertical-dyson-v15-detect-nichel-galben\/#primaryimage","url":"https:\/\/vigrand.md\/wp-content\/uploads\/2023\/04\/a56e4354-a40c-4f21-a013-d3c2504235c7.webp","contentUrl":"https:\/\/vigrand.md\/wp-content\/uploads\/2023\/04\/a56e4354-a40c-4f21-a013-d3c2504235c7.webp","width":800,"height":800},{"@type":"BreadcrumbList","@id":"https:\/\/vigrand.md\/produs\/aspirator-vertical-dyson-v15-detect-nichel-galben\/#breadcrumb","itemListElement":[{"@type":"ListItem","position":1,"name":"Prima pagin\u0103","item":"https:\/\/vigrand.md\/"},{"@type":"ListItem","position":2,"name":"Magazin","item":"https:\/\/vigrand.md\/magazin\/"},{"@type":"ListItem","position":3,"name":"Aspirator Vertical Dyson V15 Detect, Nichel | Galben"}]},{"@type":"WebSite","@id":"https:\/\/vigrand.md\/#website","url":"https:\/\/vigrand.md\/","name":"Sisteme termice in Moldova","description":"Magazin Online","potentialAction":[{"@type":"SearchAction","target":{"@type":"EntryPoint","urlTemplate":"https:\/\/vigrand.md\/?s={search_term_string}"},"query-input":{"@type":"PropertyValueSpecification","valueRequired":true,"valueName":"search_term_string"}}],"inLanguage":"ru-RU"}]}},"_links":{"self":[{"href":"https:\/\/vigrand.md\/ru\/wp-json\/wp\/v2\/product\/4815","targetHints":{"allow":["GET"]}}],"collection":[{"href":"https:\/\/vigrand.md\/ru\/wp-json\/wp\/v2\/product"}],"about":[{"href":"https:\/\/vigrand.md\/ru\/wp-json\/wp\/v2\/types\/product"}],"wp:featuredmedia":[{"embeddable":true,"href":"https:\/\/vigrand.md\/ru\/wp-json\/wp\/v2\/media\/4816"}],"wp:attachment":[{"href":"https:\/\/vigrand.md\/ru\/wp-json\/wp\/v2\/media?parent=4815"}],"wp:term":[{"taxonomy":"product_cat","embeddable":true,"href":"https:\/\/vigrand.md\/ru\/wp-json\/wp\/v2\/product_cat?post=4815"},{"taxonomy":"product_tag","embeddable":true,"href":"https:\/\/vigrand.md\/ru\/wp-json\/wp\/v2\/product_tag?post=4815"}],"curies":[{"name":"wp","href":"https:\/\/api.w.org\/{rel}","templated":true}]}}