{"id":5765,"date":"2023-04-21T14:17:44","date_gmt":"2023-04-21T14:17:44","guid":{"rendered":"https:\/\/vigrand.md\/?post_type=product&#038;p=5765"},"modified":"2023-04-22T09:14:47","modified_gmt":"2023-04-22T09:14:47","slug":"humidifier-vitek-vt-2349","status":"publish","type":"product","link":"https:\/\/vigrand.md\/ru\/produs\/humidifier-vitek-vt-2349\/","title":{"rendered":"Humidifier VITEK VT-2349"},"content":{"rendered":"<p>Tipul dispozitivului de climatizare: Umidificator de aer<br \/>\nSuprafa\u021ba deservit\u0103 recomandat\u0103 : 35 m2<br \/>\nMetoda de instalare: De masa<br \/>\nVolumul rezervorului de ap\u0103 : 6 L<br \/>\nConsum maxim de ap\u0103 : 300 ml\/h<br \/>\nTip control: Electronic\u0103<br \/>\nTelecomand\u0103<br \/>\nTimer pornire\/oprire:<br \/>\nIluminare: Da<\/p>","protected":false},"excerpt":{"rendered":"<p>Tipul dispozitivului de climatizare: Umidificator de aer Suprafa\u021ba deservit\u0103 recomandat\u0103 : 35 m2 Metoda de instalare: De masa Volumul rezervorului de ap\u0103 : 6 L Consum maxim de ap\u0103 : 300 ml\/h Tip control: Electronic\u0103 Telecomand\u0103 Timer pornire\/oprire: Iluminare: Da<\/p>","protected":false},"featured_media":5766,"template":"","meta":[],"product_cat":[900],"product_tag":[],"class_list":{"0":"post-5765","1":"product","2":"type-product","3":"status-publish","4":"has-post-thumbnail","6":"product_brand-vitek","7":"product_cat-umidificatore","8":"pa_consum-maxim-de-apa-300-ml-h","9":"pa_metoda-de-instalar-de-masa","10":"pa_tip-control-electronic","11":"pa_volumul-rezervorului-de-ap-6-l","13":"first","14":"outofstock","15":"shipping-taxable","16":"purchasable","17":"product-type-simple","18":"col-xs-6 col-sm-4","19":"col-md-3 col-lg-3","20":"un-4-cols"},"yoast_head":"<!-- This site is optimized with the Yoast SEO plugin v27.1.1 - https:\/\/yoast.com\/product\/yoast-seo-wordpress\/ -->\n<title>Humidifier VITEK VT-2349 - Sisteme termice in Moldova<\/title>\n<meta name=\"robots\" content=\"index, follow, max-snippet:-1, max-image-preview:large, max-video-preview:-1\" \/>\n<link rel=\"canonical\" href=\"https:\/\/vigrand.md\/ru\/produs\/humidifier-vitek-vt-2349\/\" \/>\n<meta property=\"og:locale\" content=\"ru_RU\" \/>\n<meta property=\"og:type\" content=\"article\" \/>\n<meta property=\"og:title\" content=\"Humidifier VITEK VT-2349 - Sisteme termice in Moldova\" \/>\n<meta property=\"og:description\" content=\"Tipul dispozitivului de climatizare: Umidificator de aer Suprafa\u021ba deservit\u0103 recomandat\u0103 : 35 m2 Metoda de instalare: De masa Volumul rezervorului de ap\u0103 : 6 L Consum maxim de ap\u0103 : 300 ml\/h Tip control: Electronic\u0103 Telecomand\u0103 Timer pornire\/oprire: Iluminare: Da\" \/>\n<meta property=\"og:url\" content=\"https:\/\/vigrand.md\/ru\/produs\/humidifier-vitek-vt-2349\/\" \/>\n<meta property=\"og:site_name\" content=\"Sisteme termice in Moldova\" \/>\n<meta property=\"article:modified_time\" content=\"2023-04-22T09:14:47+00:00\" \/>\n<meta property=\"og:image\" content=\"https:\/\/vigrand.md\/wp-content\/uploads\/2023\/04\/c7a8fbcc-e530-4cd1-9d2a-41fefa668e36.jpg\" \/>\n\t<meta property=\"og:image:width\" content=\"800\" \/>\n\t<meta property=\"og:image:height\" content=\"800\" \/>\n\t<meta property=\"og:image:type\" content=\"image\/jpeg\" \/>\n<meta name=\"twitter:card\" content=\"summary_large_image\" \/>\n<meta name=\"twitter:label1\" content=\"\u041f\u0440\u0438\u043c\u0435\u0440\u043d\u043e\u0435 \u0432\u0440\u0435\u043c\u044f \u0434\u043b\u044f \u0447\u0442\u0435\u043d\u0438\u044f\" \/>\n\t<meta name=\"twitter:data1\" content=\"1 \u043c\u0438\u043d\u0443\u0442\u0430\" \/>\n<script type=\"application\/ld+json\" class=\"yoast-schema-graph\">{\"@context\":\"https:\/\/schema.org\",\"@graph\":[{\"@type\":\"WebPage\",\"@id\":\"https:\/\/vigrand.md\/produs\/humidifier-vitek-vt-2349\/\",\"url\":\"https:\/\/vigrand.md\/produs\/humidifier-vitek-vt-2349\/\",\"name\":\"Humidifier VITEK VT-2349 - Sisteme termice in Moldova\",\"isPartOf\":{\"@id\":\"https:\/\/vigrand.md\/#website\"},\"primaryImageOfPage\":{\"@id\":\"https:\/\/vigrand.md\/produs\/humidifier-vitek-vt-2349\/#primaryimage\"},\"image\":{\"@id\":\"https:\/\/vigrand.md\/produs\/humidifier-vitek-vt-2349\/#primaryimage\"},\"thumbnailUrl\":\"https:\/\/vigrand.md\/wp-content\/uploads\/2023\/04\/c7a8fbcc-e530-4cd1-9d2a-41fefa668e36.jpg\",\"datePublished\":\"2023-04-21T14:17:44+00:00\",\"dateModified\":\"2023-04-22T09:14:47+00:00\",\"breadcrumb\":{\"@id\":\"https:\/\/vigrand.md\/produs\/humidifier-vitek-vt-2349\/#breadcrumb\"},\"inLanguage\":\"ru-RU\",\"potentialAction\":[{\"@type\":\"ReadAction\",\"target\":[\"https:\/\/vigrand.md\/produs\/humidifier-vitek-vt-2349\/\"]}]},{\"@type\":\"ImageObject\",\"inLanguage\":\"ru-RU\",\"@id\":\"https:\/\/vigrand.md\/produs\/humidifier-vitek-vt-2349\/#primaryimage\",\"url\":\"https:\/\/vigrand.md\/wp-content\/uploads\/2023\/04\/c7a8fbcc-e530-4cd1-9d2a-41fefa668e36.jpg\",\"contentUrl\":\"https:\/\/vigrand.md\/wp-content\/uploads\/2023\/04\/c7a8fbcc-e530-4cd1-9d2a-41fefa668e36.jpg\",\"width\":800,\"height\":800},{\"@type\":\"BreadcrumbList\",\"@id\":\"https:\/\/vigrand.md\/produs\/humidifier-vitek-vt-2349\/#breadcrumb\",\"itemListElement\":[{\"@type\":\"ListItem\",\"position\":1,\"name\":\"Prima pagin\u0103\",\"item\":\"https:\/\/vigrand.md\/\"},{\"@type\":\"ListItem\",\"position\":2,\"name\":\"Magazin\",\"item\":\"https:\/\/vigrand.md\/magazin\/\"},{\"@type\":\"ListItem\",\"position\":3,\"name\":\"Humidifier VITEK VT-2349\"}]},{\"@type\":\"WebSite\",\"@id\":\"https:\/\/vigrand.md\/#website\",\"url\":\"https:\/\/vigrand.md\/\",\"name\":\"Sisteme termice in Moldova\",\"description\":\"Magazin Online\",\"potentialAction\":[{\"@type\":\"SearchAction\",\"target\":{\"@type\":\"EntryPoint\",\"urlTemplate\":\"https:\/\/vigrand.md\/?s={search_term_string}\"},\"query-input\":{\"@type\":\"PropertyValueSpecification\",\"valueRequired\":true,\"valueName\":\"search_term_string\"}}],\"inLanguage\":\"ru-RU\"}]}<\/script>\n<!-- \/ Yoast SEO plugin. -->","yoast_head_json":{"title":"Humidifier VITEK VT-2349 - Sisteme termice in Moldova","robots":{"index":"index","follow":"follow","max-snippet":"max-snippet:-1","max-image-preview":"max-image-preview:large","max-video-preview":"max-video-preview:-1"},"canonical":"https:\/\/vigrand.md\/ru\/produs\/humidifier-vitek-vt-2349\/","og_locale":"ru_RU","og_type":"article","og_title":"Humidifier VITEK VT-2349 - Sisteme termice in Moldova","og_description":"Tipul dispozitivului de climatizare: Umidificator de aer Suprafa\u021ba deservit\u0103 recomandat\u0103 : 35 m2 Metoda de instalare: De masa Volumul rezervorului de ap\u0103 : 6 L Consum maxim de ap\u0103 : 300 ml\/h Tip control: Electronic\u0103 Telecomand\u0103 Timer pornire\/oprire: Iluminare: Da","og_url":"https:\/\/vigrand.md\/ru\/produs\/humidifier-vitek-vt-2349\/","og_site_name":"Sisteme termice in Moldova","article_modified_time":"2023-04-22T09:14:47+00:00","og_image":[{"width":800,"height":800,"url":"https:\/\/vigrand.md\/wp-content\/uploads\/2023\/04\/c7a8fbcc-e530-4cd1-9d2a-41fefa668e36.jpg","type":"image\/jpeg"}],"twitter_card":"summary_large_image","twitter_misc":{"\u041f\u0440\u0438\u043c\u0435\u0440\u043d\u043e\u0435 \u0432\u0440\u0435\u043c\u044f \u0434\u043b\u044f \u0447\u0442\u0435\u043d\u0438\u044f":"1 \u043c\u0438\u043d\u0443\u0442\u0430"},"schema":{"@context":"https:\/\/schema.org","@graph":[{"@type":"WebPage","@id":"https:\/\/vigrand.md\/produs\/humidifier-vitek-vt-2349\/","url":"https:\/\/vigrand.md\/produs\/humidifier-vitek-vt-2349\/","name":"Humidifier VITEK VT-2349 - Sisteme termice in Moldova","isPartOf":{"@id":"https:\/\/vigrand.md\/#website"},"primaryImageOfPage":{"@id":"https:\/\/vigrand.md\/produs\/humidifier-vitek-vt-2349\/#primaryimage"},"image":{"@id":"https:\/\/vigrand.md\/produs\/humidifier-vitek-vt-2349\/#primaryimage"},"thumbnailUrl":"https:\/\/vigrand.md\/wp-content\/uploads\/2023\/04\/c7a8fbcc-e530-4cd1-9d2a-41fefa668e36.jpg","datePublished":"2023-04-21T14:17:44+00:00","dateModified":"2023-04-22T09:14:47+00:00","breadcrumb":{"@id":"https:\/\/vigrand.md\/produs\/humidifier-vitek-vt-2349\/#breadcrumb"},"inLanguage":"ru-RU","potentialAction":[{"@type":"ReadAction","target":["https:\/\/vigrand.md\/produs\/humidifier-vitek-vt-2349\/"]}]},{"@type":"ImageObject","inLanguage":"ru-RU","@id":"https:\/\/vigrand.md\/produs\/humidifier-vitek-vt-2349\/#primaryimage","url":"https:\/\/vigrand.md\/wp-content\/uploads\/2023\/04\/c7a8fbcc-e530-4cd1-9d2a-41fefa668e36.jpg","contentUrl":"https:\/\/vigrand.md\/wp-content\/uploads\/2023\/04\/c7a8fbcc-e530-4cd1-9d2a-41fefa668e36.jpg","width":800,"height":800},{"@type":"BreadcrumbList","@id":"https:\/\/vigrand.md\/produs\/humidifier-vitek-vt-2349\/#breadcrumb","itemListElement":[{"@type":"ListItem","position":1,"name":"Prima pagin\u0103","item":"https:\/\/vigrand.md\/"},{"@type":"ListItem","position":2,"name":"Magazin","item":"https:\/\/vigrand.md\/magazin\/"},{"@type":"ListItem","position":3,"name":"Humidifier VITEK VT-2349"}]},{"@type":"WebSite","@id":"https:\/\/vigrand.md\/#website","url":"https:\/\/vigrand.md\/","name":"Sisteme termice in Moldova","description":"Magazin Online","potentialAction":[{"@type":"SearchAction","target":{"@type":"EntryPoint","urlTemplate":"https:\/\/vigrand.md\/?s={search_term_string}"},"query-input":{"@type":"PropertyValueSpecification","valueRequired":true,"valueName":"search_term_string"}}],"inLanguage":"ru-RU"}]}},"_links":{"self":[{"href":"https:\/\/vigrand.md\/ru\/wp-json\/wp\/v2\/product\/5765","targetHints":{"allow":["GET"]}}],"collection":[{"href":"https:\/\/vigrand.md\/ru\/wp-json\/wp\/v2\/product"}],"about":[{"href":"https:\/\/vigrand.md\/ru\/wp-json\/wp\/v2\/types\/product"}],"wp:featuredmedia":[{"embeddable":true,"href":"https:\/\/vigrand.md\/ru\/wp-json\/wp\/v2\/media\/5766"}],"wp:attachment":[{"href":"https:\/\/vigrand.md\/ru\/wp-json\/wp\/v2\/media?parent=5765"}],"wp:term":[{"taxonomy":"product_cat","embeddable":true,"href":"https:\/\/vigrand.md\/ru\/wp-json\/wp\/v2\/product_cat?post=5765"},{"taxonomy":"product_tag","embeddable":true,"href":"https:\/\/vigrand.md\/ru\/wp-json\/wp\/v2\/product_tag?post=5765"}],"curies":[{"name":"wp","href":"https:\/\/api.w.org\/{rel}","templated":true}]}}