{"id":5784,"date":"2023-04-22T08:08:50","date_gmt":"2023-04-22T08:08:50","guid":{"rendered":"https:\/\/vigrand.md\/?post_type=product&#038;p=5784"},"modified":"2023-04-22T09:02:29","modified_gmt":"2023-04-22T09:02:29","slug":"dryer-sharp-kdnha8s7gw21ee","status":"publish","type":"product","link":"https:\/\/vigrand.md\/ru\/produs\/dryer-sharp-kdnha8s7gw21ee\/","title":{"rendered":"Dryer Sharp KDNHA8S7GW21EE"},"content":{"rendered":"<p>Tip ma\u0219ina: Usc\u0103tor de rufe<br \/>\n\u00cenc\u0103rcare maxim\u0103 la uscare : 8 kg<br \/>\nClasa de uscare: B<br \/>\nSistem de uscare: Condensare cu pomp\u0103 de c\u0103ldur\u0103<br \/>\nTip instalare: Independent\u0103<br \/>\nClasa de eficien\u021b\u0103 energetic\u0103: A++<br \/>\nStart \u00eent\u00e2rziat<br \/>\nBlocare pentru copii<br \/>\nNumar de programe: 15<\/p>","protected":false},"excerpt":{"rendered":"<p>Tip ma\u0219ina: Usc\u0103tor de rufe \u00cenc\u0103rcare maxim\u0103 la uscare : 8 kg Clasa de uscare: B Sistem de uscare: Condensare cu pomp\u0103 de c\u0103ldur\u0103 Tip instalare: Independent\u0103 Clasa de eficien\u021b\u0103 energetic\u0103: A++ Start \u00eent\u00e2rziat Blocare pentru copii Numar de programe: 15<\/p>","protected":false},"featured_media":5785,"template":"","meta":[],"product_cat":[318],"product_tag":[],"class_list":{"0":"post-5784","1":"product","2":"type-product","3":"status-publish","4":"has-post-thumbnail","6":"product_brand-sharp","7":"product_cat-uscatoare-de-rufe","8":"pa_clasa-de-eficienta-a-2","9":"pa_incarcare-maxima-8-kg","10":"pa_sistem-de-uscare-condensare-cu-pompa-de-caldura","11":"pa_tip-instalare-independenta","13":"first","14":"instock","15":"shipping-taxable","16":"purchasable","17":"product-type-simple","18":"col-xs-6 col-sm-4","19":"col-md-3 col-lg-3","20":"un-4-cols"},"yoast_head":"<!-- This site is optimized with the Yoast SEO plugin v27.1.1 - https:\/\/yoast.com\/product\/yoast-seo-wordpress\/ -->\n<title>Dryer Sharp KDNHA8S7GW21EE - Sisteme termice in Moldova<\/title>\n<meta name=\"robots\" content=\"index, follow, max-snippet:-1, max-image-preview:large, max-video-preview:-1\" \/>\n<link rel=\"canonical\" href=\"https:\/\/vigrand.md\/ru\/produs\/dryer-sharp-kdnha8s7gw21ee\/\" \/>\n<meta property=\"og:locale\" content=\"ru_RU\" \/>\n<meta property=\"og:type\" content=\"article\" \/>\n<meta property=\"og:title\" content=\"Dryer Sharp KDNHA8S7GW21EE - Sisteme termice in Moldova\" \/>\n<meta property=\"og:description\" content=\"Tip ma\u0219ina: Usc\u0103tor de rufe \u00cenc\u0103rcare maxim\u0103 la uscare : 8 kg Clasa de uscare: B Sistem de uscare: Condensare cu pomp\u0103 de c\u0103ldur\u0103 Tip instalare: Independent\u0103 Clasa de eficien\u021b\u0103 energetic\u0103: A++ Start \u00eent\u00e2rziat Blocare pentru copii Numar de programe: 15\" \/>\n<meta property=\"og:url\" content=\"https:\/\/vigrand.md\/ru\/produs\/dryer-sharp-kdnha8s7gw21ee\/\" \/>\n<meta property=\"og:site_name\" content=\"Sisteme termice in Moldova\" \/>\n<meta property=\"article:modified_time\" content=\"2023-04-22T09:02:29+00:00\" \/>\n<meta property=\"og:image\" content=\"https:\/\/vigrand.md\/wp-content\/uploads\/2023\/04\/859728d9-b108-43a2-ac73-3a7fa0f5c1f7.jpg\" \/>\n\t<meta property=\"og:image:width\" content=\"800\" \/>\n\t<meta property=\"og:image:height\" content=\"800\" \/>\n\t<meta property=\"og:image:type\" content=\"image\/jpeg\" \/>\n<meta name=\"twitter:card\" content=\"summary_large_image\" \/>\n<meta name=\"twitter:label1\" content=\"\u041f\u0440\u0438\u043c\u0435\u0440\u043d\u043e\u0435 \u0432\u0440\u0435\u043c\u044f \u0434\u043b\u044f \u0447\u0442\u0435\u043d\u0438\u044f\" \/>\n\t<meta name=\"twitter:data1\" content=\"1 \u043c\u0438\u043d\u0443\u0442\u0430\" \/>\n<script type=\"application\/ld+json\" class=\"yoast-schema-graph\">{\"@context\":\"https:\/\/schema.org\",\"@graph\":[{\"@type\":\"WebPage\",\"@id\":\"https:\/\/vigrand.md\/produs\/dryer-sharp-kdnha8s7gw21ee\/\",\"url\":\"https:\/\/vigrand.md\/produs\/dryer-sharp-kdnha8s7gw21ee\/\",\"name\":\"Dryer Sharp KDNHA8S7GW21EE - Sisteme termice in Moldova\",\"isPartOf\":{\"@id\":\"https:\/\/vigrand.md\/#website\"},\"primaryImageOfPage\":{\"@id\":\"https:\/\/vigrand.md\/produs\/dryer-sharp-kdnha8s7gw21ee\/#primaryimage\"},\"image\":{\"@id\":\"https:\/\/vigrand.md\/produs\/dryer-sharp-kdnha8s7gw21ee\/#primaryimage\"},\"thumbnailUrl\":\"https:\/\/vigrand.md\/wp-content\/uploads\/2023\/04\/859728d9-b108-43a2-ac73-3a7fa0f5c1f7.jpg\",\"datePublished\":\"2023-04-22T08:08:50+00:00\",\"dateModified\":\"2023-04-22T09:02:29+00:00\",\"breadcrumb\":{\"@id\":\"https:\/\/vigrand.md\/produs\/dryer-sharp-kdnha8s7gw21ee\/#breadcrumb\"},\"inLanguage\":\"ru-RU\",\"potentialAction\":[{\"@type\":\"ReadAction\",\"target\":[\"https:\/\/vigrand.md\/produs\/dryer-sharp-kdnha8s7gw21ee\/\"]}]},{\"@type\":\"ImageObject\",\"inLanguage\":\"ru-RU\",\"@id\":\"https:\/\/vigrand.md\/produs\/dryer-sharp-kdnha8s7gw21ee\/#primaryimage\",\"url\":\"https:\/\/vigrand.md\/wp-content\/uploads\/2023\/04\/859728d9-b108-43a2-ac73-3a7fa0f5c1f7.jpg\",\"contentUrl\":\"https:\/\/vigrand.md\/wp-content\/uploads\/2023\/04\/859728d9-b108-43a2-ac73-3a7fa0f5c1f7.jpg\",\"width\":800,\"height\":800},{\"@type\":\"BreadcrumbList\",\"@id\":\"https:\/\/vigrand.md\/produs\/dryer-sharp-kdnha8s7gw21ee\/#breadcrumb\",\"itemListElement\":[{\"@type\":\"ListItem\",\"position\":1,\"name\":\"Prima pagin\u0103\",\"item\":\"https:\/\/vigrand.md\/\"},{\"@type\":\"ListItem\",\"position\":2,\"name\":\"Magazin\",\"item\":\"https:\/\/vigrand.md\/magazin\/\"},{\"@type\":\"ListItem\",\"position\":3,\"name\":\"Dryer Sharp KDNHA8S7GW21EE\"}]},{\"@type\":\"WebSite\",\"@id\":\"https:\/\/vigrand.md\/#website\",\"url\":\"https:\/\/vigrand.md\/\",\"name\":\"Sisteme termice in Moldova\",\"description\":\"Magazin Online\",\"potentialAction\":[{\"@type\":\"SearchAction\",\"target\":{\"@type\":\"EntryPoint\",\"urlTemplate\":\"https:\/\/vigrand.md\/?s={search_term_string}\"},\"query-input\":{\"@type\":\"PropertyValueSpecification\",\"valueRequired\":true,\"valueName\":\"search_term_string\"}}],\"inLanguage\":\"ru-RU\"}]}<\/script>\n<!-- \/ Yoast SEO plugin. -->","yoast_head_json":{"title":"Dryer Sharp KDNHA8S7GW21EE - Sisteme termice in Moldova","robots":{"index":"index","follow":"follow","max-snippet":"max-snippet:-1","max-image-preview":"max-image-preview:large","max-video-preview":"max-video-preview:-1"},"canonical":"https:\/\/vigrand.md\/ru\/produs\/dryer-sharp-kdnha8s7gw21ee\/","og_locale":"ru_RU","og_type":"article","og_title":"Dryer Sharp KDNHA8S7GW21EE - Sisteme termice in Moldova","og_description":"Tip ma\u0219ina: Usc\u0103tor de rufe \u00cenc\u0103rcare maxim\u0103 la uscare : 8 kg Clasa de uscare: B Sistem de uscare: Condensare cu pomp\u0103 de c\u0103ldur\u0103 Tip instalare: Independent\u0103 Clasa de eficien\u021b\u0103 energetic\u0103: A++ Start \u00eent\u00e2rziat Blocare pentru copii Numar de programe: 15","og_url":"https:\/\/vigrand.md\/ru\/produs\/dryer-sharp-kdnha8s7gw21ee\/","og_site_name":"Sisteme termice in Moldova","article_modified_time":"2023-04-22T09:02:29+00:00","og_image":[{"width":800,"height":800,"url":"https:\/\/vigrand.md\/wp-content\/uploads\/2023\/04\/859728d9-b108-43a2-ac73-3a7fa0f5c1f7.jpg","type":"image\/jpeg"}],"twitter_card":"summary_large_image","twitter_misc":{"\u041f\u0440\u0438\u043c\u0435\u0440\u043d\u043e\u0435 \u0432\u0440\u0435\u043c\u044f \u0434\u043b\u044f \u0447\u0442\u0435\u043d\u0438\u044f":"1 \u043c\u0438\u043d\u0443\u0442\u0430"},"schema":{"@context":"https:\/\/schema.org","@graph":[{"@type":"WebPage","@id":"https:\/\/vigrand.md\/produs\/dryer-sharp-kdnha8s7gw21ee\/","url":"https:\/\/vigrand.md\/produs\/dryer-sharp-kdnha8s7gw21ee\/","name":"Dryer Sharp KDNHA8S7GW21EE - Sisteme termice in Moldova","isPartOf":{"@id":"https:\/\/vigrand.md\/#website"},"primaryImageOfPage":{"@id":"https:\/\/vigrand.md\/produs\/dryer-sharp-kdnha8s7gw21ee\/#primaryimage"},"image":{"@id":"https:\/\/vigrand.md\/produs\/dryer-sharp-kdnha8s7gw21ee\/#primaryimage"},"thumbnailUrl":"https:\/\/vigrand.md\/wp-content\/uploads\/2023\/04\/859728d9-b108-43a2-ac73-3a7fa0f5c1f7.jpg","datePublished":"2023-04-22T08:08:50+00:00","dateModified":"2023-04-22T09:02:29+00:00","breadcrumb":{"@id":"https:\/\/vigrand.md\/produs\/dryer-sharp-kdnha8s7gw21ee\/#breadcrumb"},"inLanguage":"ru-RU","potentialAction":[{"@type":"ReadAction","target":["https:\/\/vigrand.md\/produs\/dryer-sharp-kdnha8s7gw21ee\/"]}]},{"@type":"ImageObject","inLanguage":"ru-RU","@id":"https:\/\/vigrand.md\/produs\/dryer-sharp-kdnha8s7gw21ee\/#primaryimage","url":"https:\/\/vigrand.md\/wp-content\/uploads\/2023\/04\/859728d9-b108-43a2-ac73-3a7fa0f5c1f7.jpg","contentUrl":"https:\/\/vigrand.md\/wp-content\/uploads\/2023\/04\/859728d9-b108-43a2-ac73-3a7fa0f5c1f7.jpg","width":800,"height":800},{"@type":"BreadcrumbList","@id":"https:\/\/vigrand.md\/produs\/dryer-sharp-kdnha8s7gw21ee\/#breadcrumb","itemListElement":[{"@type":"ListItem","position":1,"name":"Prima pagin\u0103","item":"https:\/\/vigrand.md\/"},{"@type":"ListItem","position":2,"name":"Magazin","item":"https:\/\/vigrand.md\/magazin\/"},{"@type":"ListItem","position":3,"name":"Dryer Sharp KDNHA8S7GW21EE"}]},{"@type":"WebSite","@id":"https:\/\/vigrand.md\/#website","url":"https:\/\/vigrand.md\/","name":"Sisteme termice in Moldova","description":"Magazin Online","potentialAction":[{"@type":"SearchAction","target":{"@type":"EntryPoint","urlTemplate":"https:\/\/vigrand.md\/?s={search_term_string}"},"query-input":{"@type":"PropertyValueSpecification","valueRequired":true,"valueName":"search_term_string"}}],"inLanguage":"ru-RU"}]}},"_links":{"self":[{"href":"https:\/\/vigrand.md\/ru\/wp-json\/wp\/v2\/product\/5784","targetHints":{"allow":["GET"]}}],"collection":[{"href":"https:\/\/vigrand.md\/ru\/wp-json\/wp\/v2\/product"}],"about":[{"href":"https:\/\/vigrand.md\/ru\/wp-json\/wp\/v2\/types\/product"}],"wp:featuredmedia":[{"embeddable":true,"href":"https:\/\/vigrand.md\/ru\/wp-json\/wp\/v2\/media\/5785"}],"wp:attachment":[{"href":"https:\/\/vigrand.md\/ru\/wp-json\/wp\/v2\/media?parent=5784"}],"wp:term":[{"taxonomy":"product_cat","embeddable":true,"href":"https:\/\/vigrand.md\/ru\/wp-json\/wp\/v2\/product_cat?post=5784"},{"taxonomy":"product_tag","embeddable":true,"href":"https:\/\/vigrand.md\/ru\/wp-json\/wp\/v2\/product_tag?post=5784"}],"curies":[{"name":"wp","href":"https:\/\/api.w.org\/{rel}","templated":true}]}}