{"id":5921,"date":"2023-05-07T18:27:27","date_gmt":"2023-05-07T18:27:27","guid":{"rendered":"https:\/\/vigrand.md\/?post_type=product&#038;p=5921"},"modified":"2023-06-10T10:28:55","modified_gmt":"2023-06-10T10:28:55","slug":"pompa-de-circulatie-perfetto-grs25-6","status":"publish","type":"product","link":"https:\/\/vigrand.md\/ru\/produs\/pompa-de-circulatie-perfetto-grs25-6\/","title":{"rendered":"Pompa de circulatie Perfetto GRS25-6"},"content":{"rendered":"<div class=\"woocommerce-product-details__short-description\">\n<p>Pompa de circulatie Perfetto GRS25-6 este proiectat pentru a circula lichidul de r\u0103cire \u00een sisteme de \u00eenc\u0103lzire, r\u0103cire \u0219i climatizare, sistemele de \u00eenc\u0103lzire prin pardooseal\u0103, alimentare cu ap\u0103 cald\u0103 a caselor de locuit, obiecte casnice \u0219i al\u021bi consumatori. Aceste pompe pot fi instalate \u00een sisteme \u00eenchise \u0219i deschise.<\/p>\n<\/div>\n<div class=\"product_meta\">\n<ul>\n<li>Confort termic datorit\u0103 fluxului constant;<\/li>\n<li>Ap\u0103 cald\u0103 menajer\u0103 \u00een mod continuu;<\/li>\n<li>Cre\u0219terea eficien\u021bei energetice \u0219i economii cuprinse \u00eentre 50-80% la resurse de ap\u0103 \u0219i combustibil;<\/li>\n<li>Instalarea cu u\u0219urin\u021b\u0103;<\/li>\n<li>Ap\u0103 cald\u0103 circul\u0103 \u00een bucl\u0103 \u0219i nu consum\u0103 energie termic\u0103 pentru \u00eenc\u0103lzire, implicit, nu mai utilizeaz\u0103 combustibil.<\/li>\n<\/ul>\n<table class=\"woocommerce-product-attributes shop_attributes\">\n<tbody>\n<tr class=\"woocommerce-product-attributes-item woocommerce-product-attributes-item--attribute_pa_putere-kw\">\n<th class=\"woocommerce-product-attributes-item__label\">Putere, kW<\/th>\n<td class=\"woocommerce-product-attributes-item__value\">0,09<\/td>\n<\/tr>\n<tr class=\"woocommerce-product-attributes-item woocommerce-product-attributes-item--attribute_pa_presiunea-maxima-bar\">\n<th class=\"woocommerce-product-attributes-item__label\">Presiunea maxim\u0103, bar<\/th>\n<td class=\"woocommerce-product-attributes-item__value\">10<\/td>\n<\/tr>\n<tr class=\"woocommerce-product-attributes-item woocommerce-product-attributes-item--attribute_pa_productivitate-m%c2%b3-h\">\n<th class=\"woocommerce-product-attributes-item__label\">Productivitate, m\u00b3\/h<\/th>\n<td class=\"woocommerce-product-attributes-item__value\">2,4<\/td>\n<\/tr>\n<tr class=\"woocommerce-product-attributes-item woocommerce-product-attributes-item--attribute_pa_temperatura-ambianta-maxima-c\">\n<th class=\"woocommerce-product-attributes-item__label\">Temperatura ambiant\u0103 maxim\u0103, \u00b0C<\/th>\n<td class=\"woocommerce-product-attributes-item__value\">40<\/td>\n<\/tr>\n<tr class=\"woocommerce-product-attributes-item woocommerce-product-attributes-item--attribute_pa_gradul-de-protectie\">\n<th class=\"woocommerce-product-attributes-item__label\">Gradul de protec\u021bie<\/th>\n<td class=\"woocommerce-product-attributes-item__value\">IP42<\/td>\n<\/tr>\n<tr class=\"woocommerce-product-attributes-item woocommerce-product-attributes-item--attribute_pa_material\">\n<th class=\"woocommerce-product-attributes-item__label\">Material<\/th>\n<td class=\"woocommerce-product-attributes-item__value\">\u0427\u0443\u0433\u0443\u043d<\/td>\n<\/tr>\n<tr class=\"woocommerce-product-attributes-item woocommerce-product-attributes-item--attribute_pa_greutate-kg\">\n<th class=\"woocommerce-product-attributes-item__label\">Greutate, kg<\/th>\n<td class=\"woocommerce-product-attributes-item__value\">3,63<\/td>\n<\/tr>\n<tr class=\"woocommerce-product-attributes-item woocommerce-product-attributes-item--attribute_pa_brand\">\n<th class=\"woocommerce-product-attributes-item__label\">Brand<\/th>\n<td class=\"woocommerce-product-attributes-item__value\">Perfetto<\/td>\n<\/tr>\n<tr class=\"woocommerce-product-attributes-item woocommerce-product-attributes-item--attribute_pa_producator\">\n<th class=\"woocommerce-product-attributes-item__label\">Produc\u0103tor<\/th>\n<td class=\"woocommerce-product-attributes-item__value\">Italia<\/td>\n<\/tr>\n<\/tbody>\n<\/table>\n<\/div>","protected":false},"excerpt":{"rendered":"<p>Pompa de circulatie Perfetto GRS25-6 este proiectat pentru a circula lichidul de r\u0103cire \u00een sisteme de \u00eenc\u0103lzire, r\u0103cire \u0219i climatizare, sistemele de \u00eenc\u0103lzire prin pardooseal\u0103, alimentare cu ap\u0103 cald\u0103 a caselor de locuit, obiecte casnice \u0219i al\u021bi consumatori. Aceste pompe pot fi instalate \u00een sisteme \u00eenchise \u0219i deschise. Confort termic datorit\u0103 fluxului constant; Ap\u0103 cald\u0103&hellip;<\/p>","protected":false},"featured_media":5922,"template":"","meta":[],"product_cat":[898],"product_tag":[],"class_list":{"0":"post-5921","1":"product","2":"type-product","3":"status-publish","4":"has-post-thumbnail","6":"product_brand-perfetto","7":"product_cat-pompa-de-circulatie","9":"first","10":"instock","11":"shipping-taxable","12":"purchasable","13":"product-type-simple","14":"col-xs-6 col-sm-4","15":"col-md-3 col-lg-3","16":"un-4-cols"},"yoast_head":"<!-- This site is optimized with the Yoast SEO plugin v27.1.1 - https:\/\/yoast.com\/product\/yoast-seo-wordpress\/ -->\n<title>Pompa de circulatie Perfetto GRS25-6 - Sisteme termice in Moldova<\/title>\n<meta name=\"robots\" content=\"index, follow, max-snippet:-1, max-image-preview:large, max-video-preview:-1\" \/>\n<link rel=\"canonical\" href=\"https:\/\/vigrand.md\/ru\/produs\/pompa-de-circulatie-perfetto-grs25-6\/\" \/>\n<meta property=\"og:locale\" content=\"ru_RU\" \/>\n<meta property=\"og:type\" content=\"article\" \/>\n<meta property=\"og:title\" content=\"Pompa de circulatie Perfetto GRS25-6 - Sisteme termice in Moldova\" \/>\n<meta property=\"og:description\" content=\"Pompa de circulatie Perfetto GRS25-6 este proiectat pentru a circula lichidul de r\u0103cire \u00een sisteme de \u00eenc\u0103lzire, r\u0103cire \u0219i climatizare, sistemele de \u00eenc\u0103lzire prin pardooseal\u0103, alimentare cu ap\u0103 cald\u0103 a caselor de locuit, obiecte casnice \u0219i al\u021bi consumatori. Aceste pompe pot fi instalate \u00een sisteme \u00eenchise \u0219i deschise. Confort termic datorit\u0103 fluxului constant; Ap\u0103 cald\u0103&hellip;\" \/>\n<meta property=\"og:url\" content=\"https:\/\/vigrand.md\/ru\/produs\/pompa-de-circulatie-perfetto-grs25-6\/\" \/>\n<meta property=\"og:site_name\" content=\"Sisteme termice in Moldova\" \/>\n<meta property=\"article:modified_time\" content=\"2023-06-10T10:28:55+00:00\" \/>\n<meta property=\"og:image\" content=\"https:\/\/vigrand.md\/wp-content\/uploads\/2023\/05\/53-671.jpg.webp\" \/>\n\t<meta property=\"og:image:width\" content=\"600\" \/>\n\t<meta property=\"og:image:height\" content=\"800\" \/>\n\t<meta property=\"og:image:type\" content=\"image\/webp\" \/>\n<meta name=\"twitter:card\" content=\"summary_large_image\" \/>\n<meta name=\"twitter:label1\" content=\"\u041f\u0440\u0438\u043c\u0435\u0440\u043d\u043e\u0435 \u0432\u0440\u0435\u043c\u044f \u0434\u043b\u044f \u0447\u0442\u0435\u043d\u0438\u044f\" \/>\n\t<meta name=\"twitter:data1\" content=\"1 \u043c\u0438\u043d\u0443\u0442\u0430\" \/>\n<script type=\"application\/ld+json\" class=\"yoast-schema-graph\">{\"@context\":\"https:\/\/schema.org\",\"@graph\":[{\"@type\":\"WebPage\",\"@id\":\"https:\/\/vigrand.md\/produs\/pompa-de-circulatie-perfetto-grs25-6\/\",\"url\":\"https:\/\/vigrand.md\/produs\/pompa-de-circulatie-perfetto-grs25-6\/\",\"name\":\"Pompa de circulatie Perfetto GRS25-6 - Sisteme termice in Moldova\",\"isPartOf\":{\"@id\":\"https:\/\/vigrand.md\/#website\"},\"primaryImageOfPage\":{\"@id\":\"https:\/\/vigrand.md\/produs\/pompa-de-circulatie-perfetto-grs25-6\/#primaryimage\"},\"image\":{\"@id\":\"https:\/\/vigrand.md\/produs\/pompa-de-circulatie-perfetto-grs25-6\/#primaryimage\"},\"thumbnailUrl\":\"https:\/\/vigrand.md\/wp-content\/uploads\/2023\/05\/53-671.jpg.webp\",\"datePublished\":\"2023-05-07T18:27:27+00:00\",\"dateModified\":\"2023-06-10T10:28:55+00:00\",\"breadcrumb\":{\"@id\":\"https:\/\/vigrand.md\/produs\/pompa-de-circulatie-perfetto-grs25-6\/#breadcrumb\"},\"inLanguage\":\"ru-RU\",\"potentialAction\":[{\"@type\":\"ReadAction\",\"target\":[\"https:\/\/vigrand.md\/produs\/pompa-de-circulatie-perfetto-grs25-6\/\"]}]},{\"@type\":\"ImageObject\",\"inLanguage\":\"ru-RU\",\"@id\":\"https:\/\/vigrand.md\/produs\/pompa-de-circulatie-perfetto-grs25-6\/#primaryimage\",\"url\":\"https:\/\/vigrand.md\/wp-content\/uploads\/2023\/05\/53-671.jpg.webp\",\"contentUrl\":\"https:\/\/vigrand.md\/wp-content\/uploads\/2023\/05\/53-671.jpg.webp\",\"width\":600,\"height\":800},{\"@type\":\"BreadcrumbList\",\"@id\":\"https:\/\/vigrand.md\/produs\/pompa-de-circulatie-perfetto-grs25-6\/#breadcrumb\",\"itemListElement\":[{\"@type\":\"ListItem\",\"position\":1,\"name\":\"Prima pagin\u0103\",\"item\":\"https:\/\/vigrand.md\/\"},{\"@type\":\"ListItem\",\"position\":2,\"name\":\"Magazin\",\"item\":\"https:\/\/vigrand.md\/magazin\/\"},{\"@type\":\"ListItem\",\"position\":3,\"name\":\"Pompa de circulatie Perfetto GRS25-6\"}]},{\"@type\":\"WebSite\",\"@id\":\"https:\/\/vigrand.md\/#website\",\"url\":\"https:\/\/vigrand.md\/\",\"name\":\"Sisteme termice in Moldova\",\"description\":\"Magazin Online\",\"potentialAction\":[{\"@type\":\"SearchAction\",\"target\":{\"@type\":\"EntryPoint\",\"urlTemplate\":\"https:\/\/vigrand.md\/?s={search_term_string}\"},\"query-input\":{\"@type\":\"PropertyValueSpecification\",\"valueRequired\":true,\"valueName\":\"search_term_string\"}}],\"inLanguage\":\"ru-RU\"}]}<\/script>\n<!-- \/ Yoast SEO plugin. -->","yoast_head_json":{"title":"Pompa de circulatie Perfetto GRS25-6 - Sisteme termice in Moldova","robots":{"index":"index","follow":"follow","max-snippet":"max-snippet:-1","max-image-preview":"max-image-preview:large","max-video-preview":"max-video-preview:-1"},"canonical":"https:\/\/vigrand.md\/ru\/produs\/pompa-de-circulatie-perfetto-grs25-6\/","og_locale":"ru_RU","og_type":"article","og_title":"Pompa de circulatie Perfetto GRS25-6 - Sisteme termice in Moldova","og_description":"Pompa de circulatie Perfetto GRS25-6 este proiectat pentru a circula lichidul de r\u0103cire \u00een sisteme de \u00eenc\u0103lzire, r\u0103cire \u0219i climatizare, sistemele de \u00eenc\u0103lzire prin pardooseal\u0103, alimentare cu ap\u0103 cald\u0103 a caselor de locuit, obiecte casnice \u0219i al\u021bi consumatori. Aceste pompe pot fi instalate \u00een sisteme \u00eenchise \u0219i deschise. Confort termic datorit\u0103 fluxului constant; Ap\u0103 cald\u0103&hellip;","og_url":"https:\/\/vigrand.md\/ru\/produs\/pompa-de-circulatie-perfetto-grs25-6\/","og_site_name":"Sisteme termice in Moldova","article_modified_time":"2023-06-10T10:28:55+00:00","og_image":[{"width":600,"height":800,"url":"https:\/\/vigrand.md\/wp-content\/uploads\/2023\/05\/53-671.jpg.webp","type":"image\/webp"}],"twitter_card":"summary_large_image","twitter_misc":{"\u041f\u0440\u0438\u043c\u0435\u0440\u043d\u043e\u0435 \u0432\u0440\u0435\u043c\u044f \u0434\u043b\u044f \u0447\u0442\u0435\u043d\u0438\u044f":"1 \u043c\u0438\u043d\u0443\u0442\u0430"},"schema":{"@context":"https:\/\/schema.org","@graph":[{"@type":"WebPage","@id":"https:\/\/vigrand.md\/produs\/pompa-de-circulatie-perfetto-grs25-6\/","url":"https:\/\/vigrand.md\/produs\/pompa-de-circulatie-perfetto-grs25-6\/","name":"Pompa de circulatie Perfetto GRS25-6 - Sisteme termice in Moldova","isPartOf":{"@id":"https:\/\/vigrand.md\/#website"},"primaryImageOfPage":{"@id":"https:\/\/vigrand.md\/produs\/pompa-de-circulatie-perfetto-grs25-6\/#primaryimage"},"image":{"@id":"https:\/\/vigrand.md\/produs\/pompa-de-circulatie-perfetto-grs25-6\/#primaryimage"},"thumbnailUrl":"https:\/\/vigrand.md\/wp-content\/uploads\/2023\/05\/53-671.jpg.webp","datePublished":"2023-05-07T18:27:27+00:00","dateModified":"2023-06-10T10:28:55+00:00","breadcrumb":{"@id":"https:\/\/vigrand.md\/produs\/pompa-de-circulatie-perfetto-grs25-6\/#breadcrumb"},"inLanguage":"ru-RU","potentialAction":[{"@type":"ReadAction","target":["https:\/\/vigrand.md\/produs\/pompa-de-circulatie-perfetto-grs25-6\/"]}]},{"@type":"ImageObject","inLanguage":"ru-RU","@id":"https:\/\/vigrand.md\/produs\/pompa-de-circulatie-perfetto-grs25-6\/#primaryimage","url":"https:\/\/vigrand.md\/wp-content\/uploads\/2023\/05\/53-671.jpg.webp","contentUrl":"https:\/\/vigrand.md\/wp-content\/uploads\/2023\/05\/53-671.jpg.webp","width":600,"height":800},{"@type":"BreadcrumbList","@id":"https:\/\/vigrand.md\/produs\/pompa-de-circulatie-perfetto-grs25-6\/#breadcrumb","itemListElement":[{"@type":"ListItem","position":1,"name":"Prima pagin\u0103","item":"https:\/\/vigrand.md\/"},{"@type":"ListItem","position":2,"name":"Magazin","item":"https:\/\/vigrand.md\/magazin\/"},{"@type":"ListItem","position":3,"name":"Pompa de circulatie Perfetto GRS25-6"}]},{"@type":"WebSite","@id":"https:\/\/vigrand.md\/#website","url":"https:\/\/vigrand.md\/","name":"Sisteme termice in Moldova","description":"Magazin Online","potentialAction":[{"@type":"SearchAction","target":{"@type":"EntryPoint","urlTemplate":"https:\/\/vigrand.md\/?s={search_term_string}"},"query-input":{"@type":"PropertyValueSpecification","valueRequired":true,"valueName":"search_term_string"}}],"inLanguage":"ru-RU"}]}},"_links":{"self":[{"href":"https:\/\/vigrand.md\/ru\/wp-json\/wp\/v2\/product\/5921","targetHints":{"allow":["GET"]}}],"collection":[{"href":"https:\/\/vigrand.md\/ru\/wp-json\/wp\/v2\/product"}],"about":[{"href":"https:\/\/vigrand.md\/ru\/wp-json\/wp\/v2\/types\/product"}],"wp:featuredmedia":[{"embeddable":true,"href":"https:\/\/vigrand.md\/ru\/wp-json\/wp\/v2\/media\/5922"}],"wp:attachment":[{"href":"https:\/\/vigrand.md\/ru\/wp-json\/wp\/v2\/media?parent=5921"}],"wp:term":[{"taxonomy":"product_cat","embeddable":true,"href":"https:\/\/vigrand.md\/ru\/wp-json\/wp\/v2\/product_cat?post=5921"},{"taxonomy":"product_tag","embeddable":true,"href":"https:\/\/vigrand.md\/ru\/wp-json\/wp\/v2\/product_tag?post=5921"}],"curies":[{"name":"wp","href":"https:\/\/api.w.org\/{rel}","templated":true}]}}