{"id":6005,"date":"2023-05-08T09:49:06","date_gmt":"2023-05-08T09:49:06","guid":{"rendered":"https:\/\/vigrand.md\/?post_type=product&#038;p=6005"},"modified":"2023-06-10T09:55:07","modified_gmt":"2023-06-10T09:55:07","slug":"motopompa-makita-ew2051h-700-l-min-43-kw-benzina","status":"publish","type":"product","link":"https:\/\/vigrand.md\/ru\/produs\/motopompa-makita-ew2051h-700-l-min-43-kw-benzina\/","title":{"rendered":"Motopomp\u0103 Makita EW2051H 700 l\/min 4,3 kW benzin\u0103"},"content":{"rendered":"<div class=\"details__item\">\n<div class=\"key\">Puterea (W)<\/div>\n<div class=\"value\">4,3 kW<\/div>\n<\/div>\n<div class=\"details__item\">\n<div class=\"key\">Tip carburant<\/div>\n<div class=\"value\">Benzin\u0103<\/div>\n<\/div>\n<div class=\"details__item\">\n<div class=\"key\">Capacitatea de pompare<\/div>\n<div class=\"value\">700 l\/min<\/div>\n<\/div>\n<div class=\"details__item\">\n<div class=\"key\">\u00cen\u0103l\u0163imea de ridicare<\/div>\n<div class=\"value\">23 m<\/div>\n<\/div>\n<div class=\"details__item\">\n<div class=\"key\">Capacitate cilindric\u0103<\/div>\n<div class=\"value\">169 cm\u00b3<\/div>\n<\/div>\n<div class=\"details__item\">\n<div class=\"key\">Capacitatea rezervorului de combustibil<\/div>\n<div class=\"value\">3.2 l<\/div>\n<\/div>","protected":false},"excerpt":{"rendered":"<p>Puterea (W) 4,3 kW Tip carburant Benzin\u0103 Capacitatea de pompare 700 l\/min \u00cen\u0103l\u0163imea de ridicare 23 m Capacitate cilindric\u0103 169 cm\u00b3 Capacitatea rezervorului de combustibil 3.2 l<\/p>","protected":false},"featured_media":6006,"template":"","meta":[],"product_cat":[183],"product_tag":[],"class_list":{"0":"post-6005","1":"product","2":"type-product","3":"status-publish","4":"has-post-thumbnail","6":"product_brand-makita","7":"product_cat-motopompe","9":"first","10":"instock","11":"shipping-taxable","12":"purchasable","13":"product-type-simple","14":"col-xs-6 col-sm-4","15":"col-md-3 col-lg-3","16":"un-4-cols"},"yoast_head":"<!-- This site is optimized with the Yoast SEO plugin v27.1.1 - https:\/\/yoast.com\/product\/yoast-seo-wordpress\/ -->\n<title>Motopomp\u0103 Makita EW2051H 700 l\/min 4,3 kW benzin\u0103 - Sisteme termice in Moldova<\/title>\n<meta name=\"robots\" content=\"index, follow, max-snippet:-1, max-image-preview:large, max-video-preview:-1\" \/>\n<link rel=\"canonical\" href=\"https:\/\/vigrand.md\/ru\/produs\/motopompa-makita-ew2051h-700-l-min-43-kw-benzina\/\" \/>\n<meta property=\"og:locale\" content=\"ru_RU\" \/>\n<meta property=\"og:type\" content=\"article\" \/>\n<meta property=\"og:title\" content=\"Motopomp\u0103 Makita EW2051H 700 l\/min 4,3 kW benzin\u0103 - Sisteme termice in Moldova\" \/>\n<meta property=\"og:description\" content=\"Puterea (W) 4,3 kW Tip carburant Benzin\u0103 Capacitatea de pompare 700 l\/min \u00cen\u0103l\u0163imea de ridicare 23 m Capacitate cilindric\u0103 169 cm\u00b3 Capacitatea rezervorului de combustibil 3.2 l\" \/>\n<meta property=\"og:url\" content=\"https:\/\/vigrand.md\/ru\/produs\/motopompa-makita-ew2051h-700-l-min-43-kw-benzina\/\" \/>\n<meta property=\"og:site_name\" content=\"Sisteme termice in Moldova\" \/>\n<meta property=\"article:modified_time\" content=\"2023-06-10T09:55:07+00:00\" \/>\n<meta property=\"og:image\" content=\"https:\/\/vigrand.md\/wp-content\/uploads\/2023\/05\/2e8b0608-9102-11ea-8468-1866daf62419_1.webp\" \/>\n\t<meta property=\"og:image:width\" content=\"640\" \/>\n\t<meta property=\"og:image:height\" content=\"640\" \/>\n\t<meta property=\"og:image:type\" content=\"image\/webp\" \/>\n<meta name=\"twitter:card\" content=\"summary_large_image\" \/>\n<meta name=\"twitter:label1\" content=\"\u041f\u0440\u0438\u043c\u0435\u0440\u043d\u043e\u0435 \u0432\u0440\u0435\u043c\u044f \u0434\u043b\u044f \u0447\u0442\u0435\u043d\u0438\u044f\" \/>\n\t<meta name=\"twitter:data1\" content=\"1 \u043c\u0438\u043d\u0443\u0442\u0430\" \/>\n<script type=\"application\/ld+json\" class=\"yoast-schema-graph\">{\"@context\":\"https:\/\/schema.org\",\"@graph\":[{\"@type\":\"WebPage\",\"@id\":\"https:\/\/vigrand.md\/produs\/motopompa-makita-ew2051h-700-l-min-43-kw-benzina\/\",\"url\":\"https:\/\/vigrand.md\/produs\/motopompa-makita-ew2051h-700-l-min-43-kw-benzina\/\",\"name\":\"Motopomp\u0103 Makita EW2051H 700 l\/min 4,3 kW benzin\u0103 - Sisteme termice in Moldova\",\"isPartOf\":{\"@id\":\"https:\/\/vigrand.md\/#website\"},\"primaryImageOfPage\":{\"@id\":\"https:\/\/vigrand.md\/produs\/motopompa-makita-ew2051h-700-l-min-43-kw-benzina\/#primaryimage\"},\"image\":{\"@id\":\"https:\/\/vigrand.md\/produs\/motopompa-makita-ew2051h-700-l-min-43-kw-benzina\/#primaryimage\"},\"thumbnailUrl\":\"https:\/\/vigrand.md\/wp-content\/uploads\/2023\/05\/2e8b0608-9102-11ea-8468-1866daf62419_1.webp\",\"datePublished\":\"2023-05-08T09:49:06+00:00\",\"dateModified\":\"2023-06-10T09:55:07+00:00\",\"breadcrumb\":{\"@id\":\"https:\/\/vigrand.md\/produs\/motopompa-makita-ew2051h-700-l-min-43-kw-benzina\/#breadcrumb\"},\"inLanguage\":\"ru-RU\",\"potentialAction\":[{\"@type\":\"ReadAction\",\"target\":[\"https:\/\/vigrand.md\/produs\/motopompa-makita-ew2051h-700-l-min-43-kw-benzina\/\"]}]},{\"@type\":\"ImageObject\",\"inLanguage\":\"ru-RU\",\"@id\":\"https:\/\/vigrand.md\/produs\/motopompa-makita-ew2051h-700-l-min-43-kw-benzina\/#primaryimage\",\"url\":\"https:\/\/vigrand.md\/wp-content\/uploads\/2023\/05\/2e8b0608-9102-11ea-8468-1866daf62419_1.webp\",\"contentUrl\":\"https:\/\/vigrand.md\/wp-content\/uploads\/2023\/05\/2e8b0608-9102-11ea-8468-1866daf62419_1.webp\",\"width\":640,\"height\":640},{\"@type\":\"BreadcrumbList\",\"@id\":\"https:\/\/vigrand.md\/produs\/motopompa-makita-ew2051h-700-l-min-43-kw-benzina\/#breadcrumb\",\"itemListElement\":[{\"@type\":\"ListItem\",\"position\":1,\"name\":\"Prima pagin\u0103\",\"item\":\"https:\/\/vigrand.md\/\"},{\"@type\":\"ListItem\",\"position\":2,\"name\":\"Magazin\",\"item\":\"https:\/\/vigrand.md\/magazin\/\"},{\"@type\":\"ListItem\",\"position\":3,\"name\":\"Motopomp\u0103 Makita EW2051H 700 l\/min 4,3 kW benzin\u0103\"}]},{\"@type\":\"WebSite\",\"@id\":\"https:\/\/vigrand.md\/#website\",\"url\":\"https:\/\/vigrand.md\/\",\"name\":\"Sisteme termice in Moldova\",\"description\":\"Magazin Online\",\"potentialAction\":[{\"@type\":\"SearchAction\",\"target\":{\"@type\":\"EntryPoint\",\"urlTemplate\":\"https:\/\/vigrand.md\/?s={search_term_string}\"},\"query-input\":{\"@type\":\"PropertyValueSpecification\",\"valueRequired\":true,\"valueName\":\"search_term_string\"}}],\"inLanguage\":\"ru-RU\"}]}<\/script>\n<!-- \/ Yoast SEO plugin. -->","yoast_head_json":{"title":"Motopomp\u0103 Makita EW2051H 700 l\/min 4,3 kW benzin\u0103 - Sisteme termice in Moldova","robots":{"index":"index","follow":"follow","max-snippet":"max-snippet:-1","max-image-preview":"max-image-preview:large","max-video-preview":"max-video-preview:-1"},"canonical":"https:\/\/vigrand.md\/ru\/produs\/motopompa-makita-ew2051h-700-l-min-43-kw-benzina\/","og_locale":"ru_RU","og_type":"article","og_title":"Motopomp\u0103 Makita EW2051H 700 l\/min 4,3 kW benzin\u0103 - Sisteme termice in Moldova","og_description":"Puterea (W) 4,3 kW Tip carburant Benzin\u0103 Capacitatea de pompare 700 l\/min \u00cen\u0103l\u0163imea de ridicare 23 m Capacitate cilindric\u0103 169 cm\u00b3 Capacitatea rezervorului de combustibil 3.2 l","og_url":"https:\/\/vigrand.md\/ru\/produs\/motopompa-makita-ew2051h-700-l-min-43-kw-benzina\/","og_site_name":"Sisteme termice in Moldova","article_modified_time":"2023-06-10T09:55:07+00:00","og_image":[{"width":640,"height":640,"url":"https:\/\/vigrand.md\/wp-content\/uploads\/2023\/05\/2e8b0608-9102-11ea-8468-1866daf62419_1.webp","type":"image\/webp"}],"twitter_card":"summary_large_image","twitter_misc":{"\u041f\u0440\u0438\u043c\u0435\u0440\u043d\u043e\u0435 \u0432\u0440\u0435\u043c\u044f \u0434\u043b\u044f \u0447\u0442\u0435\u043d\u0438\u044f":"1 \u043c\u0438\u043d\u0443\u0442\u0430"},"schema":{"@context":"https:\/\/schema.org","@graph":[{"@type":"WebPage","@id":"https:\/\/vigrand.md\/produs\/motopompa-makita-ew2051h-700-l-min-43-kw-benzina\/","url":"https:\/\/vigrand.md\/produs\/motopompa-makita-ew2051h-700-l-min-43-kw-benzina\/","name":"Motopomp\u0103 Makita EW2051H 700 l\/min 4,3 kW benzin\u0103 - Sisteme termice in Moldova","isPartOf":{"@id":"https:\/\/vigrand.md\/#website"},"primaryImageOfPage":{"@id":"https:\/\/vigrand.md\/produs\/motopompa-makita-ew2051h-700-l-min-43-kw-benzina\/#primaryimage"},"image":{"@id":"https:\/\/vigrand.md\/produs\/motopompa-makita-ew2051h-700-l-min-43-kw-benzina\/#primaryimage"},"thumbnailUrl":"https:\/\/vigrand.md\/wp-content\/uploads\/2023\/05\/2e8b0608-9102-11ea-8468-1866daf62419_1.webp","datePublished":"2023-05-08T09:49:06+00:00","dateModified":"2023-06-10T09:55:07+00:00","breadcrumb":{"@id":"https:\/\/vigrand.md\/produs\/motopompa-makita-ew2051h-700-l-min-43-kw-benzina\/#breadcrumb"},"inLanguage":"ru-RU","potentialAction":[{"@type":"ReadAction","target":["https:\/\/vigrand.md\/produs\/motopompa-makita-ew2051h-700-l-min-43-kw-benzina\/"]}]},{"@type":"ImageObject","inLanguage":"ru-RU","@id":"https:\/\/vigrand.md\/produs\/motopompa-makita-ew2051h-700-l-min-43-kw-benzina\/#primaryimage","url":"https:\/\/vigrand.md\/wp-content\/uploads\/2023\/05\/2e8b0608-9102-11ea-8468-1866daf62419_1.webp","contentUrl":"https:\/\/vigrand.md\/wp-content\/uploads\/2023\/05\/2e8b0608-9102-11ea-8468-1866daf62419_1.webp","width":640,"height":640},{"@type":"BreadcrumbList","@id":"https:\/\/vigrand.md\/produs\/motopompa-makita-ew2051h-700-l-min-43-kw-benzina\/#breadcrumb","itemListElement":[{"@type":"ListItem","position":1,"name":"Prima pagin\u0103","item":"https:\/\/vigrand.md\/"},{"@type":"ListItem","position":2,"name":"Magazin","item":"https:\/\/vigrand.md\/magazin\/"},{"@type":"ListItem","position":3,"name":"Motopomp\u0103 Makita EW2051H 700 l\/min 4,3 kW benzin\u0103"}]},{"@type":"WebSite","@id":"https:\/\/vigrand.md\/#website","url":"https:\/\/vigrand.md\/","name":"Sisteme termice in Moldova","description":"Magazin Online","potentialAction":[{"@type":"SearchAction","target":{"@type":"EntryPoint","urlTemplate":"https:\/\/vigrand.md\/?s={search_term_string}"},"query-input":{"@type":"PropertyValueSpecification","valueRequired":true,"valueName":"search_term_string"}}],"inLanguage":"ru-RU"}]}},"_links":{"self":[{"href":"https:\/\/vigrand.md\/ru\/wp-json\/wp\/v2\/product\/6005","targetHints":{"allow":["GET"]}}],"collection":[{"href":"https:\/\/vigrand.md\/ru\/wp-json\/wp\/v2\/product"}],"about":[{"href":"https:\/\/vigrand.md\/ru\/wp-json\/wp\/v2\/types\/product"}],"wp:featuredmedia":[{"embeddable":true,"href":"https:\/\/vigrand.md\/ru\/wp-json\/wp\/v2\/media\/6006"}],"wp:attachment":[{"href":"https:\/\/vigrand.md\/ru\/wp-json\/wp\/v2\/media?parent=6005"}],"wp:term":[{"taxonomy":"product_cat","embeddable":true,"href":"https:\/\/vigrand.md\/ru\/wp-json\/wp\/v2\/product_cat?post=6005"},{"taxonomy":"product_tag","embeddable":true,"href":"https:\/\/vigrand.md\/ru\/wp-json\/wp\/v2\/product_tag?post=6005"}],"curies":[{"name":"wp","href":"https:\/\/api.w.org\/{rel}","templated":true}]}}