{"id":6493,"date":"2023-05-21T17:42:57","date_gmt":"2023-05-21T17:42:57","guid":{"rendered":"https:\/\/vigrand.md\/?post_type=product&#038;p=6493"},"modified":"2023-06-10T10:30:02","modified_gmt":"2023-06-10T10:30:02","slug":"termostat-perfetto-cu-programare","status":"publish","type":"product","link":"https:\/\/vigrand.md\/ru\/produs\/termostat-perfetto-cu-programare\/","title":{"rendered":"Termostat Perfetto cu programare"},"content":{"rendered":"<p>Termostatul este un reglator de temperatur\u0103 cu programare, echipat cu un display ce comand\u0103 pornirea \u0219i opirea sistemului de \u00eenc\u0103lzire. Termostatul percepe temperatura aerului din \u00eenc\u0103pere \u0219i c\u00e2nd aceasta scade la o valoare sub cea reglat\u0103 la termostat, las\u0103 sistemul de \u00eenc\u0103lzire s\u0103 func\u021bioneze, iar c\u00e2nd temperatura aerului atinge valoarea setat\u0103 la termostat, \u00eenchide \u00eenc\u0103lzirea (sau echipamentul pe care \u00eel coman\u0103 centrala termic\u0103, pompa de circula\u021bie, arz\u0103torul, etc.)<\/p>\n<ul>\n<li>Consum rentabil \u0219i un cost rezonabil;<\/li>\n<li>Temperaturile pot fi stabilite \u00een func\u021bie de necesit\u0103\u021ble \u0219i preferin\u021bele fiec\u0103ruia.<\/li>\n<\/ul>\n<p>Programabil<br \/>\nOre\/Zile\/Saptaminal<\/p>\n<p>Modul WiFi<br \/>\n\u041d\u0435\u0442<\/p>\n<p>Tip conectare<br \/>\nFir<\/p>\n<p>Dimensiuni, mm<br \/>\n130x90x30<\/p>\n<p>Sensibilitatea, \u00b0C<br \/>\n0,1<\/p>","protected":false},"excerpt":{"rendered":"<p>Termostatul este un reglator de temperatur\u0103 cu programare, echipat cu un display ce comand\u0103 pornirea \u0219i opirea sistemului de \u00eenc\u0103lzire. Termostatul percepe temperatura aerului din \u00eenc\u0103pere \u0219i c\u00e2nd aceasta scade la o valoare sub cea reglat\u0103 la termostat, las\u0103 sistemul de \u00eenc\u0103lzire s\u0103 func\u021bioneze, iar c\u00e2nd temperatura aerului atinge valoarea setat\u0103 la termostat, \u00eenchide \u00eenc\u0103lzirea&hellip;<\/p>","protected":false},"featured_media":6494,"template":"","meta":[],"product_cat":[1248],"product_tag":[],"class_list":{"0":"post-6493","1":"product","2":"type-product","3":"status-publish","4":"has-post-thumbnail","6":"product_brand-perfetto","7":"product_cat-termostate","8":"pa_dimensiuni-mm-130x90x30","9":"pa_modul-wifi-nu","10":"pa_programabil-ore-zile-saptaminal","11":"pa_tip-conectare-fir","13":"first","14":"instock","15":"shipping-taxable","16":"purchasable","17":"product-type-simple","18":"col-xs-6 col-sm-4","19":"col-md-3 col-lg-3","20":"un-4-cols"},"yoast_head":"<!-- This site is optimized with the Yoast SEO plugin v27.1.1 - https:\/\/yoast.com\/product\/yoast-seo-wordpress\/ -->\n<title>Termostat Perfetto cu programare - Sisteme termice in Moldova<\/title>\n<meta name=\"robots\" content=\"index, follow, max-snippet:-1, max-image-preview:large, max-video-preview:-1\" \/>\n<link rel=\"canonical\" href=\"https:\/\/vigrand.md\/ru\/produs\/termostat-perfetto-cu-programare\/\" \/>\n<meta property=\"og:locale\" content=\"ru_RU\" \/>\n<meta property=\"og:type\" content=\"article\" \/>\n<meta property=\"og:title\" content=\"Termostat Perfetto cu programare - Sisteme termice in Moldova\" \/>\n<meta property=\"og:description\" content=\"Termostatul este un reglator de temperatur\u0103 cu programare, echipat cu un display ce comand\u0103 pornirea \u0219i opirea sistemului de \u00eenc\u0103lzire. Termostatul percepe temperatura aerului din \u00eenc\u0103pere \u0219i c\u00e2nd aceasta scade la o valoare sub cea reglat\u0103 la termostat, las\u0103 sistemul de \u00eenc\u0103lzire s\u0103 func\u021bioneze, iar c\u00e2nd temperatura aerului atinge valoarea setat\u0103 la termostat, \u00eenchide \u00eenc\u0103lzirea&hellip;\" \/>\n<meta property=\"og:url\" content=\"https:\/\/vigrand.md\/ru\/produs\/termostat-perfetto-cu-programare\/\" \/>\n<meta property=\"og:site_name\" content=\"Sisteme termice in Moldova\" \/>\n<meta property=\"article:modified_time\" content=\"2023-06-10T10:30:02+00:00\" \/>\n<meta property=\"og:image\" content=\"https:\/\/vigrand.md\/wp-content\/uploads\/2023\/05\/53-812.jpg.webp\" \/>\n\t<meta property=\"og:image:width\" content=\"600\" \/>\n\t<meta property=\"og:image:height\" content=\"800\" \/>\n\t<meta property=\"og:image:type\" content=\"image\/webp\" \/>\n<meta name=\"twitter:card\" content=\"summary_large_image\" \/>\n<meta name=\"twitter:label1\" content=\"\u041f\u0440\u0438\u043c\u0435\u0440\u043d\u043e\u0435 \u0432\u0440\u0435\u043c\u044f \u0434\u043b\u044f \u0447\u0442\u0435\u043d\u0438\u044f\" \/>\n\t<meta name=\"twitter:data1\" content=\"1 \u043c\u0438\u043d\u0443\u0442\u0430\" \/>\n<script type=\"application\/ld+json\" class=\"yoast-schema-graph\">{\"@context\":\"https:\/\/schema.org\",\"@graph\":[{\"@type\":\"WebPage\",\"@id\":\"https:\/\/vigrand.md\/produs\/termostat-perfetto-cu-programare\/\",\"url\":\"https:\/\/vigrand.md\/produs\/termostat-perfetto-cu-programare\/\",\"name\":\"Termostat Perfetto cu programare - Sisteme termice in Moldova\",\"isPartOf\":{\"@id\":\"https:\/\/vigrand.md\/#website\"},\"primaryImageOfPage\":{\"@id\":\"https:\/\/vigrand.md\/produs\/termostat-perfetto-cu-programare\/#primaryimage\"},\"image\":{\"@id\":\"https:\/\/vigrand.md\/produs\/termostat-perfetto-cu-programare\/#primaryimage\"},\"thumbnailUrl\":\"https:\/\/vigrand.md\/wp-content\/uploads\/2023\/05\/53-812.jpg.webp\",\"datePublished\":\"2023-05-21T17:42:57+00:00\",\"dateModified\":\"2023-06-10T10:30:02+00:00\",\"breadcrumb\":{\"@id\":\"https:\/\/vigrand.md\/produs\/termostat-perfetto-cu-programare\/#breadcrumb\"},\"inLanguage\":\"ru-RU\",\"potentialAction\":[{\"@type\":\"ReadAction\",\"target\":[\"https:\/\/vigrand.md\/produs\/termostat-perfetto-cu-programare\/\"]}]},{\"@type\":\"ImageObject\",\"inLanguage\":\"ru-RU\",\"@id\":\"https:\/\/vigrand.md\/produs\/termostat-perfetto-cu-programare\/#primaryimage\",\"url\":\"https:\/\/vigrand.md\/wp-content\/uploads\/2023\/05\/53-812.jpg.webp\",\"contentUrl\":\"https:\/\/vigrand.md\/wp-content\/uploads\/2023\/05\/53-812.jpg.webp\",\"width\":600,\"height\":800},{\"@type\":\"BreadcrumbList\",\"@id\":\"https:\/\/vigrand.md\/produs\/termostat-perfetto-cu-programare\/#breadcrumb\",\"itemListElement\":[{\"@type\":\"ListItem\",\"position\":1,\"name\":\"Prima pagin\u0103\",\"item\":\"https:\/\/vigrand.md\/\"},{\"@type\":\"ListItem\",\"position\":2,\"name\":\"Magazin\",\"item\":\"https:\/\/vigrand.md\/magazin\/\"},{\"@type\":\"ListItem\",\"position\":3,\"name\":\"Termostat Perfetto cu programare\"}]},{\"@type\":\"WebSite\",\"@id\":\"https:\/\/vigrand.md\/#website\",\"url\":\"https:\/\/vigrand.md\/\",\"name\":\"Sisteme termice in Moldova\",\"description\":\"Magazin Online\",\"potentialAction\":[{\"@type\":\"SearchAction\",\"target\":{\"@type\":\"EntryPoint\",\"urlTemplate\":\"https:\/\/vigrand.md\/?s={search_term_string}\"},\"query-input\":{\"@type\":\"PropertyValueSpecification\",\"valueRequired\":true,\"valueName\":\"search_term_string\"}}],\"inLanguage\":\"ru-RU\"}]}<\/script>\n<!-- \/ Yoast SEO plugin. -->","yoast_head_json":{"title":"Termostat Perfetto cu programare - Sisteme termice in Moldova","robots":{"index":"index","follow":"follow","max-snippet":"max-snippet:-1","max-image-preview":"max-image-preview:large","max-video-preview":"max-video-preview:-1"},"canonical":"https:\/\/vigrand.md\/ru\/produs\/termostat-perfetto-cu-programare\/","og_locale":"ru_RU","og_type":"article","og_title":"Termostat Perfetto cu programare - Sisteme termice in Moldova","og_description":"Termostatul este un reglator de temperatur\u0103 cu programare, echipat cu un display ce comand\u0103 pornirea \u0219i opirea sistemului de \u00eenc\u0103lzire. Termostatul percepe temperatura aerului din \u00eenc\u0103pere \u0219i c\u00e2nd aceasta scade la o valoare sub cea reglat\u0103 la termostat, las\u0103 sistemul de \u00eenc\u0103lzire s\u0103 func\u021bioneze, iar c\u00e2nd temperatura aerului atinge valoarea setat\u0103 la termostat, \u00eenchide \u00eenc\u0103lzirea&hellip;","og_url":"https:\/\/vigrand.md\/ru\/produs\/termostat-perfetto-cu-programare\/","og_site_name":"Sisteme termice in Moldova","article_modified_time":"2023-06-10T10:30:02+00:00","og_image":[{"width":600,"height":800,"url":"https:\/\/vigrand.md\/wp-content\/uploads\/2023\/05\/53-812.jpg.webp","type":"image\/webp"}],"twitter_card":"summary_large_image","twitter_misc":{"\u041f\u0440\u0438\u043c\u0435\u0440\u043d\u043e\u0435 \u0432\u0440\u0435\u043c\u044f \u0434\u043b\u044f \u0447\u0442\u0435\u043d\u0438\u044f":"1 \u043c\u0438\u043d\u0443\u0442\u0430"},"schema":{"@context":"https:\/\/schema.org","@graph":[{"@type":"WebPage","@id":"https:\/\/vigrand.md\/produs\/termostat-perfetto-cu-programare\/","url":"https:\/\/vigrand.md\/produs\/termostat-perfetto-cu-programare\/","name":"Termostat Perfetto cu programare - Sisteme termice in Moldova","isPartOf":{"@id":"https:\/\/vigrand.md\/#website"},"primaryImageOfPage":{"@id":"https:\/\/vigrand.md\/produs\/termostat-perfetto-cu-programare\/#primaryimage"},"image":{"@id":"https:\/\/vigrand.md\/produs\/termostat-perfetto-cu-programare\/#primaryimage"},"thumbnailUrl":"https:\/\/vigrand.md\/wp-content\/uploads\/2023\/05\/53-812.jpg.webp","datePublished":"2023-05-21T17:42:57+00:00","dateModified":"2023-06-10T10:30:02+00:00","breadcrumb":{"@id":"https:\/\/vigrand.md\/produs\/termostat-perfetto-cu-programare\/#breadcrumb"},"inLanguage":"ru-RU","potentialAction":[{"@type":"ReadAction","target":["https:\/\/vigrand.md\/produs\/termostat-perfetto-cu-programare\/"]}]},{"@type":"ImageObject","inLanguage":"ru-RU","@id":"https:\/\/vigrand.md\/produs\/termostat-perfetto-cu-programare\/#primaryimage","url":"https:\/\/vigrand.md\/wp-content\/uploads\/2023\/05\/53-812.jpg.webp","contentUrl":"https:\/\/vigrand.md\/wp-content\/uploads\/2023\/05\/53-812.jpg.webp","width":600,"height":800},{"@type":"BreadcrumbList","@id":"https:\/\/vigrand.md\/produs\/termostat-perfetto-cu-programare\/#breadcrumb","itemListElement":[{"@type":"ListItem","position":1,"name":"Prima pagin\u0103","item":"https:\/\/vigrand.md\/"},{"@type":"ListItem","position":2,"name":"Magazin","item":"https:\/\/vigrand.md\/magazin\/"},{"@type":"ListItem","position":3,"name":"Termostat Perfetto cu programare"}]},{"@type":"WebSite","@id":"https:\/\/vigrand.md\/#website","url":"https:\/\/vigrand.md\/","name":"Sisteme termice in Moldova","description":"Magazin Online","potentialAction":[{"@type":"SearchAction","target":{"@type":"EntryPoint","urlTemplate":"https:\/\/vigrand.md\/?s={search_term_string}"},"query-input":{"@type":"PropertyValueSpecification","valueRequired":true,"valueName":"search_term_string"}}],"inLanguage":"ru-RU"}]}},"_links":{"self":[{"href":"https:\/\/vigrand.md\/ru\/wp-json\/wp\/v2\/product\/6493","targetHints":{"allow":["GET"]}}],"collection":[{"href":"https:\/\/vigrand.md\/ru\/wp-json\/wp\/v2\/product"}],"about":[{"href":"https:\/\/vigrand.md\/ru\/wp-json\/wp\/v2\/types\/product"}],"wp:featuredmedia":[{"embeddable":true,"href":"https:\/\/vigrand.md\/ru\/wp-json\/wp\/v2\/media\/6494"}],"wp:attachment":[{"href":"https:\/\/vigrand.md\/ru\/wp-json\/wp\/v2\/media?parent=6493"}],"wp:term":[{"taxonomy":"product_cat","embeddable":true,"href":"https:\/\/vigrand.md\/ru\/wp-json\/wp\/v2\/product_cat?post=6493"},{"taxonomy":"product_tag","embeddable":true,"href":"https:\/\/vigrand.md\/ru\/wp-json\/wp\/v2\/product_tag?post=6493"}],"curies":[{"name":"wp","href":"https:\/\/api.w.org\/{rel}","templated":true}]}}