{"id":6497,"date":"2023-05-21T17:50:50","date_gmt":"2023-05-21T17:50:50","guid":{"rendered":"https:\/\/vigrand.md\/?post_type=product&#038;p=6497"},"modified":"2023-06-10T10:30:17","modified_gmt":"2023-06-10T10:30:17","slug":"ariston-cube-room-sensor-fara-fir","status":"publish","type":"product","link":"https:\/\/vigrand.md\/ru\/produs\/ariston-cube-room-sensor-fara-fir\/","title":{"rendered":"Ariston Cube room sensor f\u0103r\u0103 fir"},"content":{"rendered":"<div class=\"woocommerce-product-details__short-description\">\n<p>Termostat Ariston CUBE S NET este un accesoriu de termoreglare WiFi care permite controlul de la distan\u021b\u0103 prin aplica\u021bia Ariston NET.<\/p>\n<\/div>\n<div class=\"product_meta\">\n<p>Display<br \/>\n\u0414\u0430<\/p>\n<p>Tip conectare<br \/>\nF\u0103r\u0103 fir<\/p>\n<p>Modul WiFi<br \/>\n\u0414\u0430<\/p>\n<p>Dimensiuni, mm<br \/>\n93x88x24<\/p>\n<p>Brand<br \/>\nAriston<\/p>\n<p>Produc\u0103tor<br \/>\nItalia<\/p>\n<p>&nbsp;<\/p>\n<\/div>","protected":false},"excerpt":{"rendered":"<p>Termostat Ariston CUBE S NET este un accesoriu de termoreglare WiFi care permite controlul de la distan\u021b\u0103 prin aplica\u021bia Ariston NET. Display Da Tip conectare F\u0103r\u0103 fir Modul WiFi Da Dimensiuni, mm 93x88x24 Brand Ariston Produc\u0103tor Italia &nbsp;<\/p>","protected":false},"featured_media":6498,"template":"","meta":[],"product_cat":[1248],"product_tag":[],"class_list":{"0":"post-6497","1":"product","2":"type-product","3":"status-publish","4":"has-post-thumbnail","6":"product_brand-ariston","7":"product_cat-termostate","8":"pa_dimensiuni-mm-93x88x24","9":"pa_modul-wifi-da","10":"pa_tip-conectare-fara-fir","12":"first","13":"instock","14":"shipping-taxable","15":"purchasable","16":"product-type-simple","17":"col-xs-6 col-sm-4","18":"col-md-3 col-lg-3","19":"un-4-cols"},"yoast_head":"<!-- This site is optimized with the Yoast SEO plugin v27.1.1 - https:\/\/yoast.com\/product\/yoast-seo-wordpress\/ -->\n<title>Ariston Cube room sensor f\u0103r\u0103 fir - Sisteme termice in Moldova<\/title>\n<meta name=\"robots\" content=\"index, follow, max-snippet:-1, max-image-preview:large, max-video-preview:-1\" \/>\n<link rel=\"canonical\" href=\"https:\/\/vigrand.md\/ru\/produs\/ariston-cube-room-sensor-fara-fir\/\" \/>\n<meta property=\"og:locale\" content=\"ru_RU\" \/>\n<meta property=\"og:type\" content=\"article\" \/>\n<meta property=\"og:title\" content=\"Ariston Cube room sensor f\u0103r\u0103 fir - Sisteme termice in Moldova\" \/>\n<meta property=\"og:description\" content=\"Termostat Ariston CUBE S NET este un accesoriu de termoreglare WiFi care permite controlul de la distan\u021b\u0103 prin aplica\u021bia Ariston NET. Display Da Tip conectare F\u0103r\u0103 fir Modul WiFi Da Dimensiuni, mm 93x88x24 Brand Ariston Produc\u0103tor Italia &nbsp;\" \/>\n<meta property=\"og:url\" content=\"https:\/\/vigrand.md\/ru\/produs\/ariston-cube-room-sensor-fara-fir\/\" \/>\n<meta property=\"og:site_name\" content=\"Sisteme termice in Moldova\" \/>\n<meta property=\"article:modified_time\" content=\"2023-06-10T10:30:17+00:00\" \/>\n<meta property=\"og:image\" content=\"https:\/\/vigrand.md\/wp-content\/uploads\/2023\/05\/25-2509.jpg.webp\" \/>\n\t<meta property=\"og:image:width\" content=\"600\" \/>\n\t<meta property=\"og:image:height\" content=\"800\" \/>\n\t<meta property=\"og:image:type\" content=\"image\/webp\" \/>\n<meta name=\"twitter:card\" content=\"summary_large_image\" \/>\n<meta name=\"twitter:label1\" content=\"\u041f\u0440\u0438\u043c\u0435\u0440\u043d\u043e\u0435 \u0432\u0440\u0435\u043c\u044f \u0434\u043b\u044f \u0447\u0442\u0435\u043d\u0438\u044f\" \/>\n\t<meta name=\"twitter:data1\" content=\"1 \u043c\u0438\u043d\u0443\u0442\u0430\" \/>\n<script type=\"application\/ld+json\" class=\"yoast-schema-graph\">{\"@context\":\"https:\/\/schema.org\",\"@graph\":[{\"@type\":\"WebPage\",\"@id\":\"https:\/\/vigrand.md\/produs\/ariston-cube-room-sensor-fara-fir\/\",\"url\":\"https:\/\/vigrand.md\/produs\/ariston-cube-room-sensor-fara-fir\/\",\"name\":\"Ariston Cube room sensor f\u0103r\u0103 fir - Sisteme termice in Moldova\",\"isPartOf\":{\"@id\":\"https:\/\/vigrand.md\/#website\"},\"primaryImageOfPage\":{\"@id\":\"https:\/\/vigrand.md\/produs\/ariston-cube-room-sensor-fara-fir\/#primaryimage\"},\"image\":{\"@id\":\"https:\/\/vigrand.md\/produs\/ariston-cube-room-sensor-fara-fir\/#primaryimage\"},\"thumbnailUrl\":\"https:\/\/vigrand.md\/wp-content\/uploads\/2023\/05\/25-2509.jpg.webp\",\"datePublished\":\"2023-05-21T17:50:50+00:00\",\"dateModified\":\"2023-06-10T10:30:17+00:00\",\"breadcrumb\":{\"@id\":\"https:\/\/vigrand.md\/produs\/ariston-cube-room-sensor-fara-fir\/#breadcrumb\"},\"inLanguage\":\"ru-RU\",\"potentialAction\":[{\"@type\":\"ReadAction\",\"target\":[\"https:\/\/vigrand.md\/produs\/ariston-cube-room-sensor-fara-fir\/\"]}]},{\"@type\":\"ImageObject\",\"inLanguage\":\"ru-RU\",\"@id\":\"https:\/\/vigrand.md\/produs\/ariston-cube-room-sensor-fara-fir\/#primaryimage\",\"url\":\"https:\/\/vigrand.md\/wp-content\/uploads\/2023\/05\/25-2509.jpg.webp\",\"contentUrl\":\"https:\/\/vigrand.md\/wp-content\/uploads\/2023\/05\/25-2509.jpg.webp\",\"width\":600,\"height\":800},{\"@type\":\"BreadcrumbList\",\"@id\":\"https:\/\/vigrand.md\/produs\/ariston-cube-room-sensor-fara-fir\/#breadcrumb\",\"itemListElement\":[{\"@type\":\"ListItem\",\"position\":1,\"name\":\"Prima pagin\u0103\",\"item\":\"https:\/\/vigrand.md\/\"},{\"@type\":\"ListItem\",\"position\":2,\"name\":\"Magazin\",\"item\":\"https:\/\/vigrand.md\/magazin\/\"},{\"@type\":\"ListItem\",\"position\":3,\"name\":\"Ariston Cube room sensor f\u0103r\u0103 fir\"}]},{\"@type\":\"WebSite\",\"@id\":\"https:\/\/vigrand.md\/#website\",\"url\":\"https:\/\/vigrand.md\/\",\"name\":\"Sisteme termice in Moldova\",\"description\":\"Magazin Online\",\"potentialAction\":[{\"@type\":\"SearchAction\",\"target\":{\"@type\":\"EntryPoint\",\"urlTemplate\":\"https:\/\/vigrand.md\/?s={search_term_string}\"},\"query-input\":{\"@type\":\"PropertyValueSpecification\",\"valueRequired\":true,\"valueName\":\"search_term_string\"}}],\"inLanguage\":\"ru-RU\"}]}<\/script>\n<!-- \/ Yoast SEO plugin. -->","yoast_head_json":{"title":"Ariston Cube room sensor f\u0103r\u0103 fir - Sisteme termice in Moldova","robots":{"index":"index","follow":"follow","max-snippet":"max-snippet:-1","max-image-preview":"max-image-preview:large","max-video-preview":"max-video-preview:-1"},"canonical":"https:\/\/vigrand.md\/ru\/produs\/ariston-cube-room-sensor-fara-fir\/","og_locale":"ru_RU","og_type":"article","og_title":"Ariston Cube room sensor f\u0103r\u0103 fir - Sisteme termice in Moldova","og_description":"Termostat Ariston CUBE S NET este un accesoriu de termoreglare WiFi care permite controlul de la distan\u021b\u0103 prin aplica\u021bia Ariston NET. Display Da Tip conectare F\u0103r\u0103 fir Modul WiFi Da Dimensiuni, mm 93x88x24 Brand Ariston Produc\u0103tor Italia &nbsp;","og_url":"https:\/\/vigrand.md\/ru\/produs\/ariston-cube-room-sensor-fara-fir\/","og_site_name":"Sisteme termice in Moldova","article_modified_time":"2023-06-10T10:30:17+00:00","og_image":[{"width":600,"height":800,"url":"https:\/\/vigrand.md\/wp-content\/uploads\/2023\/05\/25-2509.jpg.webp","type":"image\/webp"}],"twitter_card":"summary_large_image","twitter_misc":{"\u041f\u0440\u0438\u043c\u0435\u0440\u043d\u043e\u0435 \u0432\u0440\u0435\u043c\u044f \u0434\u043b\u044f \u0447\u0442\u0435\u043d\u0438\u044f":"1 \u043c\u0438\u043d\u0443\u0442\u0430"},"schema":{"@context":"https:\/\/schema.org","@graph":[{"@type":"WebPage","@id":"https:\/\/vigrand.md\/produs\/ariston-cube-room-sensor-fara-fir\/","url":"https:\/\/vigrand.md\/produs\/ariston-cube-room-sensor-fara-fir\/","name":"Ariston Cube room sensor f\u0103r\u0103 fir - Sisteme termice in Moldova","isPartOf":{"@id":"https:\/\/vigrand.md\/#website"},"primaryImageOfPage":{"@id":"https:\/\/vigrand.md\/produs\/ariston-cube-room-sensor-fara-fir\/#primaryimage"},"image":{"@id":"https:\/\/vigrand.md\/produs\/ariston-cube-room-sensor-fara-fir\/#primaryimage"},"thumbnailUrl":"https:\/\/vigrand.md\/wp-content\/uploads\/2023\/05\/25-2509.jpg.webp","datePublished":"2023-05-21T17:50:50+00:00","dateModified":"2023-06-10T10:30:17+00:00","breadcrumb":{"@id":"https:\/\/vigrand.md\/produs\/ariston-cube-room-sensor-fara-fir\/#breadcrumb"},"inLanguage":"ru-RU","potentialAction":[{"@type":"ReadAction","target":["https:\/\/vigrand.md\/produs\/ariston-cube-room-sensor-fara-fir\/"]}]},{"@type":"ImageObject","inLanguage":"ru-RU","@id":"https:\/\/vigrand.md\/produs\/ariston-cube-room-sensor-fara-fir\/#primaryimage","url":"https:\/\/vigrand.md\/wp-content\/uploads\/2023\/05\/25-2509.jpg.webp","contentUrl":"https:\/\/vigrand.md\/wp-content\/uploads\/2023\/05\/25-2509.jpg.webp","width":600,"height":800},{"@type":"BreadcrumbList","@id":"https:\/\/vigrand.md\/produs\/ariston-cube-room-sensor-fara-fir\/#breadcrumb","itemListElement":[{"@type":"ListItem","position":1,"name":"Prima pagin\u0103","item":"https:\/\/vigrand.md\/"},{"@type":"ListItem","position":2,"name":"Magazin","item":"https:\/\/vigrand.md\/magazin\/"},{"@type":"ListItem","position":3,"name":"Ariston Cube room sensor f\u0103r\u0103 fir"}]},{"@type":"WebSite","@id":"https:\/\/vigrand.md\/#website","url":"https:\/\/vigrand.md\/","name":"Sisteme termice in Moldova","description":"Magazin Online","potentialAction":[{"@type":"SearchAction","target":{"@type":"EntryPoint","urlTemplate":"https:\/\/vigrand.md\/?s={search_term_string}"},"query-input":{"@type":"PropertyValueSpecification","valueRequired":true,"valueName":"search_term_string"}}],"inLanguage":"ru-RU"}]}},"_links":{"self":[{"href":"https:\/\/vigrand.md\/ru\/wp-json\/wp\/v2\/product\/6497","targetHints":{"allow":["GET"]}}],"collection":[{"href":"https:\/\/vigrand.md\/ru\/wp-json\/wp\/v2\/product"}],"about":[{"href":"https:\/\/vigrand.md\/ru\/wp-json\/wp\/v2\/types\/product"}],"wp:featuredmedia":[{"embeddable":true,"href":"https:\/\/vigrand.md\/ru\/wp-json\/wp\/v2\/media\/6498"}],"wp:attachment":[{"href":"https:\/\/vigrand.md\/ru\/wp-json\/wp\/v2\/media?parent=6497"}],"wp:term":[{"taxonomy":"product_cat","embeddable":true,"href":"https:\/\/vigrand.md\/ru\/wp-json\/wp\/v2\/product_cat?post=6497"},{"taxonomy":"product_tag","embeddable":true,"href":"https:\/\/vigrand.md\/ru\/wp-json\/wp\/v2\/product_tag?post=6497"}],"curies":[{"name":"wp","href":"https:\/\/api.w.org\/{rel}","templated":true}]}}