{"id":6499,"date":"2023-05-21T17:56:09","date_gmt":"2023-05-21T17:56:09","guid":{"rendered":"https:\/\/vigrand.md\/?post_type=product&#038;p=6499"},"modified":"2023-06-10T10:30:23","modified_gmt":"2023-06-10T10:30:23","slug":"cap-termostatic-cherbros","status":"publish","type":"product","link":"https:\/\/vigrand.md\/ru\/produs\/cap-termostatic-cherbros\/","title":{"rendered":"Cap termostatic CherBros"},"content":{"rendered":"<div class=\"woocommerce-product-details__short-description\">\n<p>Cap termostat este destinat\u0103 pentru reglarea automat\u0103 a fluxului agentului termic prin radiator, \u00een func\u021bie de temperatura aerului din \u00eenc\u0103pere.<\/p>\n<\/div>\n<div class=\"product_meta\">\n<p>Tip<br \/>\n\u041c\u0435\u0445\u0430\u043d\u0438\u043a<\/p>\n<p>Presiunea maxim\u0103, bar<br \/>\n30<\/p>\n<p>Diametrul, \u00d8<br \/>\n1\/2<\/p>\n<p>Material<br \/>\nAlam\u0103<\/p>\n<p>Brand<br \/>\nCherBros<\/p>\n<p>Produc\u0103tor<br \/>\nGrecia<\/p>\n<p>&nbsp;<\/p>\n<\/div>","protected":false},"excerpt":{"rendered":"<p>Cap termostat este destinat\u0103 pentru reglarea automat\u0103 a fluxului agentului termic prin radiator, \u00een func\u021bie de temperatura aerului din \u00eenc\u0103pere. Tip Mecanic Presiunea maxim\u0103, bar 30 Diametrul, \u00d8 1\/2 Material Alam\u0103 Brand CherBros Produc\u0103tor Grecia &nbsp;<\/p>","protected":false},"featured_media":6500,"template":"","meta":[],"product_cat":[1248],"product_tag":[],"class_list":{"0":"post-6499","1":"product","2":"type-product","3":"status-publish","4":"has-post-thumbnail","6":"product_brand-cherbros","7":"product_cat-termostate","8":"pa_diametrul-o-1-2","9":"pa_material-alama","10":"pa_presiune-maxima-bar-30","11":"pa_tip-mecanic","13":"first","14":"instock","15":"shipping-taxable","16":"purchasable","17":"product-type-simple","18":"col-xs-6 col-sm-4","19":"col-md-3 col-lg-3","20":"un-4-cols"},"yoast_head":"<!-- This site is optimized with the Yoast SEO plugin v27.1.1 - https:\/\/yoast.com\/product\/yoast-seo-wordpress\/ -->\n<title>Cap termostatic CherBros - Sisteme termice in Moldova<\/title>\n<meta name=\"robots\" content=\"index, follow, max-snippet:-1, max-image-preview:large, max-video-preview:-1\" \/>\n<link rel=\"canonical\" href=\"https:\/\/vigrand.md\/ru\/produs\/cap-termostatic-cherbros\/\" \/>\n<meta property=\"og:locale\" content=\"ru_RU\" \/>\n<meta property=\"og:type\" content=\"article\" \/>\n<meta property=\"og:title\" content=\"Cap termostatic CherBros - Sisteme termice in Moldova\" \/>\n<meta property=\"og:description\" content=\"Cap termostat este destinat\u0103 pentru reglarea automat\u0103 a fluxului agentului termic prin radiator, \u00een func\u021bie de temperatura aerului din \u00eenc\u0103pere. Tip Mecanic Presiunea maxim\u0103, bar 30 Diametrul, \u00d8 1\/2 Material Alam\u0103 Brand CherBros Produc\u0103tor Grecia &nbsp;\" \/>\n<meta property=\"og:url\" content=\"https:\/\/vigrand.md\/ru\/produs\/cap-termostatic-cherbros\/\" \/>\n<meta property=\"og:site_name\" content=\"Sisteme termice in Moldova\" \/>\n<meta property=\"article:modified_time\" content=\"2023-06-10T10:30:23+00:00\" \/>\n<meta property=\"og:image\" content=\"https:\/\/vigrand.md\/wp-content\/uploads\/2023\/05\/22-1245.jpg.webp\" \/>\n\t<meta property=\"og:image:width\" content=\"600\" \/>\n\t<meta property=\"og:image:height\" content=\"800\" \/>\n\t<meta property=\"og:image:type\" content=\"image\/webp\" \/>\n<meta name=\"twitter:card\" content=\"summary_large_image\" \/>\n<meta name=\"twitter:label1\" content=\"\u041f\u0440\u0438\u043c\u0435\u0440\u043d\u043e\u0435 \u0432\u0440\u0435\u043c\u044f \u0434\u043b\u044f \u0447\u0442\u0435\u043d\u0438\u044f\" \/>\n\t<meta name=\"twitter:data1\" content=\"1 \u043c\u0438\u043d\u0443\u0442\u0430\" \/>\n<script type=\"application\/ld+json\" class=\"yoast-schema-graph\">{\"@context\":\"https:\/\/schema.org\",\"@graph\":[{\"@type\":\"WebPage\",\"@id\":\"https:\/\/vigrand.md\/produs\/cap-termostatic-cherbros\/\",\"url\":\"https:\/\/vigrand.md\/produs\/cap-termostatic-cherbros\/\",\"name\":\"Cap termostatic CherBros - Sisteme termice in Moldova\",\"isPartOf\":{\"@id\":\"https:\/\/vigrand.md\/#website\"},\"primaryImageOfPage\":{\"@id\":\"https:\/\/vigrand.md\/produs\/cap-termostatic-cherbros\/#primaryimage\"},\"image\":{\"@id\":\"https:\/\/vigrand.md\/produs\/cap-termostatic-cherbros\/#primaryimage\"},\"thumbnailUrl\":\"https:\/\/vigrand.md\/wp-content\/uploads\/2023\/05\/22-1245.jpg.webp\",\"datePublished\":\"2023-05-21T17:56:09+00:00\",\"dateModified\":\"2023-06-10T10:30:23+00:00\",\"breadcrumb\":{\"@id\":\"https:\/\/vigrand.md\/produs\/cap-termostatic-cherbros\/#breadcrumb\"},\"inLanguage\":\"ru-RU\",\"potentialAction\":[{\"@type\":\"ReadAction\",\"target\":[\"https:\/\/vigrand.md\/produs\/cap-termostatic-cherbros\/\"]}]},{\"@type\":\"ImageObject\",\"inLanguage\":\"ru-RU\",\"@id\":\"https:\/\/vigrand.md\/produs\/cap-termostatic-cherbros\/#primaryimage\",\"url\":\"https:\/\/vigrand.md\/wp-content\/uploads\/2023\/05\/22-1245.jpg.webp\",\"contentUrl\":\"https:\/\/vigrand.md\/wp-content\/uploads\/2023\/05\/22-1245.jpg.webp\",\"width\":600,\"height\":800},{\"@type\":\"BreadcrumbList\",\"@id\":\"https:\/\/vigrand.md\/produs\/cap-termostatic-cherbros\/#breadcrumb\",\"itemListElement\":[{\"@type\":\"ListItem\",\"position\":1,\"name\":\"Prima pagin\u0103\",\"item\":\"https:\/\/vigrand.md\/\"},{\"@type\":\"ListItem\",\"position\":2,\"name\":\"Magazin\",\"item\":\"https:\/\/vigrand.md\/magazin\/\"},{\"@type\":\"ListItem\",\"position\":3,\"name\":\"Cap termostatic CherBros\"}]},{\"@type\":\"WebSite\",\"@id\":\"https:\/\/vigrand.md\/#website\",\"url\":\"https:\/\/vigrand.md\/\",\"name\":\"Sisteme termice in Moldova\",\"description\":\"Magazin Online\",\"potentialAction\":[{\"@type\":\"SearchAction\",\"target\":{\"@type\":\"EntryPoint\",\"urlTemplate\":\"https:\/\/vigrand.md\/?s={search_term_string}\"},\"query-input\":{\"@type\":\"PropertyValueSpecification\",\"valueRequired\":true,\"valueName\":\"search_term_string\"}}],\"inLanguage\":\"ru-RU\"}]}<\/script>\n<!-- \/ Yoast SEO plugin. -->","yoast_head_json":{"title":"Cap termostatic CherBros - Sisteme termice in Moldova","robots":{"index":"index","follow":"follow","max-snippet":"max-snippet:-1","max-image-preview":"max-image-preview:large","max-video-preview":"max-video-preview:-1"},"canonical":"https:\/\/vigrand.md\/ru\/produs\/cap-termostatic-cherbros\/","og_locale":"ru_RU","og_type":"article","og_title":"Cap termostatic CherBros - Sisteme termice in Moldova","og_description":"Cap termostat este destinat\u0103 pentru reglarea automat\u0103 a fluxului agentului termic prin radiator, \u00een func\u021bie de temperatura aerului din \u00eenc\u0103pere. Tip Mecanic Presiunea maxim\u0103, bar 30 Diametrul, \u00d8 1\/2 Material Alam\u0103 Brand CherBros Produc\u0103tor Grecia &nbsp;","og_url":"https:\/\/vigrand.md\/ru\/produs\/cap-termostatic-cherbros\/","og_site_name":"Sisteme termice in Moldova","article_modified_time":"2023-06-10T10:30:23+00:00","og_image":[{"width":600,"height":800,"url":"https:\/\/vigrand.md\/wp-content\/uploads\/2023\/05\/22-1245.jpg.webp","type":"image\/webp"}],"twitter_card":"summary_large_image","twitter_misc":{"\u041f\u0440\u0438\u043c\u0435\u0440\u043d\u043e\u0435 \u0432\u0440\u0435\u043c\u044f \u0434\u043b\u044f \u0447\u0442\u0435\u043d\u0438\u044f":"1 \u043c\u0438\u043d\u0443\u0442\u0430"},"schema":{"@context":"https:\/\/schema.org","@graph":[{"@type":"WebPage","@id":"https:\/\/vigrand.md\/produs\/cap-termostatic-cherbros\/","url":"https:\/\/vigrand.md\/produs\/cap-termostatic-cherbros\/","name":"Cap termostatic CherBros - Sisteme termice in Moldova","isPartOf":{"@id":"https:\/\/vigrand.md\/#website"},"primaryImageOfPage":{"@id":"https:\/\/vigrand.md\/produs\/cap-termostatic-cherbros\/#primaryimage"},"image":{"@id":"https:\/\/vigrand.md\/produs\/cap-termostatic-cherbros\/#primaryimage"},"thumbnailUrl":"https:\/\/vigrand.md\/wp-content\/uploads\/2023\/05\/22-1245.jpg.webp","datePublished":"2023-05-21T17:56:09+00:00","dateModified":"2023-06-10T10:30:23+00:00","breadcrumb":{"@id":"https:\/\/vigrand.md\/produs\/cap-termostatic-cherbros\/#breadcrumb"},"inLanguage":"ru-RU","potentialAction":[{"@type":"ReadAction","target":["https:\/\/vigrand.md\/produs\/cap-termostatic-cherbros\/"]}]},{"@type":"ImageObject","inLanguage":"ru-RU","@id":"https:\/\/vigrand.md\/produs\/cap-termostatic-cherbros\/#primaryimage","url":"https:\/\/vigrand.md\/wp-content\/uploads\/2023\/05\/22-1245.jpg.webp","contentUrl":"https:\/\/vigrand.md\/wp-content\/uploads\/2023\/05\/22-1245.jpg.webp","width":600,"height":800},{"@type":"BreadcrumbList","@id":"https:\/\/vigrand.md\/produs\/cap-termostatic-cherbros\/#breadcrumb","itemListElement":[{"@type":"ListItem","position":1,"name":"Prima pagin\u0103","item":"https:\/\/vigrand.md\/"},{"@type":"ListItem","position":2,"name":"Magazin","item":"https:\/\/vigrand.md\/magazin\/"},{"@type":"ListItem","position":3,"name":"Cap termostatic CherBros"}]},{"@type":"WebSite","@id":"https:\/\/vigrand.md\/#website","url":"https:\/\/vigrand.md\/","name":"Sisteme termice in Moldova","description":"Magazin Online","potentialAction":[{"@type":"SearchAction","target":{"@type":"EntryPoint","urlTemplate":"https:\/\/vigrand.md\/?s={search_term_string}"},"query-input":{"@type":"PropertyValueSpecification","valueRequired":true,"valueName":"search_term_string"}}],"inLanguage":"ru-RU"}]}},"_links":{"self":[{"href":"https:\/\/vigrand.md\/ru\/wp-json\/wp\/v2\/product\/6499","targetHints":{"allow":["GET"]}}],"collection":[{"href":"https:\/\/vigrand.md\/ru\/wp-json\/wp\/v2\/product"}],"about":[{"href":"https:\/\/vigrand.md\/ru\/wp-json\/wp\/v2\/types\/product"}],"wp:featuredmedia":[{"embeddable":true,"href":"https:\/\/vigrand.md\/ru\/wp-json\/wp\/v2\/media\/6500"}],"wp:attachment":[{"href":"https:\/\/vigrand.md\/ru\/wp-json\/wp\/v2\/media?parent=6499"}],"wp:term":[{"taxonomy":"product_cat","embeddable":true,"href":"https:\/\/vigrand.md\/ru\/wp-json\/wp\/v2\/product_cat?post=6499"},{"taxonomy":"product_tag","embeddable":true,"href":"https:\/\/vigrand.md\/ru\/wp-json\/wp\/v2\/product_tag?post=6499"}],"curies":[{"name":"wp","href":"https:\/\/api.w.org\/{rel}","templated":true}]}}