{"id":6514,"date":"2023-05-21T18:34:28","date_gmt":"2023-05-21T18:34:28","guid":{"rendered":"https:\/\/vigrand.md\/?post_type=product&#038;p=6514"},"modified":"2023-06-10T10:31:19","modified_gmt":"2023-06-10T10:31:19","slug":"smart-termostat-ariston-cube-s-net-3319126","status":"publish","type":"product","link":"https:\/\/vigrand.md\/ru\/produs\/smart-termostat-ariston-cube-s-net-3319126\/","title":{"rendered":"Smart Termostat Ariston CUBE S NET \/3319126"},"content":{"rendered":"<div class=\"woocommerce-product-details__short-description\">\n<p>Termostat Ariston CUBE S NET este un accesoriu de termoreglare WiFi care permite controlul de la distan\u021b\u0103 prin aplica\u021bia Ariston NET.<\/p>\n<\/div>\n<div class=\"product_meta\">\n<ul>\n<li>Conecteaz\u0103 Genus ONE \u0219i Clas ONE la aplica\u021bia ARISTON NET;<\/li>\n<li>Tehnologie de modulare;<\/li>\n<li>Ajustare temperatur\u0103 \u00een func\u021bie de condi\u021biile meteo;<\/li>\n<li>Instalare Plug &amp; Play;<\/li>\n<li>Stil italian de \u00eenalt\u0103 tehnologie;<\/li>\n<li>Afisaj de \u00eenalt\u0103 rezolu\u021bie cu butoane tactile.<\/li>\n<\/ul>\n<p>Programabil<br \/>\nCu o singura Programare<\/p>\n<p>Modul WiFi<br \/>\n\u0414\u0430<\/p>\n<p>Tip conectare<br \/>\nF\u0103r\u0103 fir<\/p>\n<p>Dimensiuni, mm<br \/>\n103x103x19,1<\/p>\n<p>Temperatura de operare, \u00b0C<br \/>\n-10..+.45 (cu baterie)\/-20\u2026+70 (f\u0103r\u0103 baterie)<\/p>\n<p>&nbsp;<\/p>\n<\/div>","protected":false},"excerpt":{"rendered":"<p>Termostat Ariston CUBE S NET este un accesoriu de termoreglare WiFi care permite controlul de la distan\u021b\u0103 prin aplica\u021bia Ariston NET. Conecteaz\u0103 Genus ONE \u0219i Clas ONE la aplica\u021bia ARISTON NET; Tehnologie de modulare; Ajustare temperatur\u0103 \u00een func\u021bie de condi\u021biile meteo; Instalare Plug &amp; Play; Stil italian de \u00eenalt\u0103 tehnologie; Afisaj de \u00eenalt\u0103 rezolu\u021bie cu&hellip;<\/p>","protected":false},"featured_media":6515,"template":"","meta":[],"product_cat":[1248],"product_tag":[],"class_list":{"0":"post-6514","1":"product","2":"type-product","3":"status-publish","4":"has-post-thumbnail","6":"product_brand-ariston","7":"product_cat-termostate","8":"pa_dimensiuni-mm-103x103x191","9":"pa_modul-wifi-da","10":"pa_programabil-cu-o-singura-programare","11":"pa_tip-conectare-fara-fir","13":"first","14":"instock","15":"shipping-taxable","16":"purchasable","17":"product-type-simple","18":"col-xs-6 col-sm-4","19":"col-md-3 col-lg-3","20":"un-4-cols"},"yoast_head":"<!-- This site is optimized with the Yoast SEO plugin v27.1.1 - https:\/\/yoast.com\/product\/yoast-seo-wordpress\/ -->\n<title>Smart Termostat Ariston CUBE S NET \/3319126 - Sisteme termice in Moldova<\/title>\n<meta name=\"robots\" content=\"index, follow, max-snippet:-1, max-image-preview:large, max-video-preview:-1\" \/>\n<link rel=\"canonical\" href=\"https:\/\/vigrand.md\/ru\/produs\/smart-termostat-ariston-cube-s-net-3319126\/\" \/>\n<meta property=\"og:locale\" content=\"ru_RU\" \/>\n<meta property=\"og:type\" content=\"article\" \/>\n<meta property=\"og:title\" content=\"Smart Termostat Ariston CUBE S NET \/3319126 - Sisteme termice in Moldova\" \/>\n<meta property=\"og:description\" content=\"Termostat Ariston CUBE S NET este un accesoriu de termoreglare WiFi care permite controlul de la distan\u021b\u0103 prin aplica\u021bia Ariston NET. Conecteaz\u0103 Genus ONE \u0219i Clas ONE la aplica\u021bia ARISTON NET; Tehnologie de modulare; Ajustare temperatur\u0103 \u00een func\u021bie de condi\u021biile meteo; Instalare Plug &amp; Play; Stil italian de \u00eenalt\u0103 tehnologie; Afisaj de \u00eenalt\u0103 rezolu\u021bie cu&hellip;\" \/>\n<meta property=\"og:url\" content=\"https:\/\/vigrand.md\/ru\/produs\/smart-termostat-ariston-cube-s-net-3319126\/\" \/>\n<meta property=\"og:site_name\" content=\"Sisteme termice in Moldova\" \/>\n<meta property=\"article:modified_time\" content=\"2023-06-10T10:31:19+00:00\" \/>\n<meta property=\"og:image\" content=\"https:\/\/vigrand.md\/wp-content\/uploads\/2023\/05\/25-2600.jpg.webp\" \/>\n\t<meta property=\"og:image:width\" content=\"600\" \/>\n\t<meta property=\"og:image:height\" content=\"800\" \/>\n\t<meta property=\"og:image:type\" content=\"image\/webp\" \/>\n<meta name=\"twitter:card\" content=\"summary_large_image\" \/>\n<meta name=\"twitter:label1\" content=\"\u041f\u0440\u0438\u043c\u0435\u0440\u043d\u043e\u0435 \u0432\u0440\u0435\u043c\u044f \u0434\u043b\u044f \u0447\u0442\u0435\u043d\u0438\u044f\" \/>\n\t<meta name=\"twitter:data1\" content=\"1 \u043c\u0438\u043d\u0443\u0442\u0430\" \/>\n<script type=\"application\/ld+json\" class=\"yoast-schema-graph\">{\"@context\":\"https:\/\/schema.org\",\"@graph\":[{\"@type\":\"WebPage\",\"@id\":\"https:\/\/vigrand.md\/produs\/smart-termostat-ariston-cube-s-net-3319126\/\",\"url\":\"https:\/\/vigrand.md\/produs\/smart-termostat-ariston-cube-s-net-3319126\/\",\"name\":\"Smart Termostat Ariston CUBE S NET \/3319126 - Sisteme termice in Moldova\",\"isPartOf\":{\"@id\":\"https:\/\/vigrand.md\/#website\"},\"primaryImageOfPage\":{\"@id\":\"https:\/\/vigrand.md\/produs\/smart-termostat-ariston-cube-s-net-3319126\/#primaryimage\"},\"image\":{\"@id\":\"https:\/\/vigrand.md\/produs\/smart-termostat-ariston-cube-s-net-3319126\/#primaryimage\"},\"thumbnailUrl\":\"https:\/\/vigrand.md\/wp-content\/uploads\/2023\/05\/25-2600.jpg.webp\",\"datePublished\":\"2023-05-21T18:34:28+00:00\",\"dateModified\":\"2023-06-10T10:31:19+00:00\",\"breadcrumb\":{\"@id\":\"https:\/\/vigrand.md\/produs\/smart-termostat-ariston-cube-s-net-3319126\/#breadcrumb\"},\"inLanguage\":\"ru-RU\",\"potentialAction\":[{\"@type\":\"ReadAction\",\"target\":[\"https:\/\/vigrand.md\/produs\/smart-termostat-ariston-cube-s-net-3319126\/\"]}]},{\"@type\":\"ImageObject\",\"inLanguage\":\"ru-RU\",\"@id\":\"https:\/\/vigrand.md\/produs\/smart-termostat-ariston-cube-s-net-3319126\/#primaryimage\",\"url\":\"https:\/\/vigrand.md\/wp-content\/uploads\/2023\/05\/25-2600.jpg.webp\",\"contentUrl\":\"https:\/\/vigrand.md\/wp-content\/uploads\/2023\/05\/25-2600.jpg.webp\",\"width\":600,\"height\":800},{\"@type\":\"BreadcrumbList\",\"@id\":\"https:\/\/vigrand.md\/produs\/smart-termostat-ariston-cube-s-net-3319126\/#breadcrumb\",\"itemListElement\":[{\"@type\":\"ListItem\",\"position\":1,\"name\":\"Prima pagin\u0103\",\"item\":\"https:\/\/vigrand.md\/\"},{\"@type\":\"ListItem\",\"position\":2,\"name\":\"Magazin\",\"item\":\"https:\/\/vigrand.md\/magazin\/\"},{\"@type\":\"ListItem\",\"position\":3,\"name\":\"Smart Termostat Ariston CUBE S NET \/3319126\"}]},{\"@type\":\"WebSite\",\"@id\":\"https:\/\/vigrand.md\/#website\",\"url\":\"https:\/\/vigrand.md\/\",\"name\":\"Sisteme termice in Moldova\",\"description\":\"Magazin Online\",\"potentialAction\":[{\"@type\":\"SearchAction\",\"target\":{\"@type\":\"EntryPoint\",\"urlTemplate\":\"https:\/\/vigrand.md\/?s={search_term_string}\"},\"query-input\":{\"@type\":\"PropertyValueSpecification\",\"valueRequired\":true,\"valueName\":\"search_term_string\"}}],\"inLanguage\":\"ru-RU\"}]}<\/script>\n<!-- \/ Yoast SEO plugin. -->","yoast_head_json":{"title":"Smart Termostat Ariston CUBE S NET \/3319126 - Sisteme termice in Moldova","robots":{"index":"index","follow":"follow","max-snippet":"max-snippet:-1","max-image-preview":"max-image-preview:large","max-video-preview":"max-video-preview:-1"},"canonical":"https:\/\/vigrand.md\/ru\/produs\/smart-termostat-ariston-cube-s-net-3319126\/","og_locale":"ru_RU","og_type":"article","og_title":"Smart Termostat Ariston CUBE S NET \/3319126 - Sisteme termice in Moldova","og_description":"Termostat Ariston CUBE S NET este un accesoriu de termoreglare WiFi care permite controlul de la distan\u021b\u0103 prin aplica\u021bia Ariston NET. Conecteaz\u0103 Genus ONE \u0219i Clas ONE la aplica\u021bia ARISTON NET; Tehnologie de modulare; Ajustare temperatur\u0103 \u00een func\u021bie de condi\u021biile meteo; Instalare Plug &amp; Play; Stil italian de \u00eenalt\u0103 tehnologie; Afisaj de \u00eenalt\u0103 rezolu\u021bie cu&hellip;","og_url":"https:\/\/vigrand.md\/ru\/produs\/smart-termostat-ariston-cube-s-net-3319126\/","og_site_name":"Sisteme termice in Moldova","article_modified_time":"2023-06-10T10:31:19+00:00","og_image":[{"width":600,"height":800,"url":"https:\/\/vigrand.md\/wp-content\/uploads\/2023\/05\/25-2600.jpg.webp","type":"image\/webp"}],"twitter_card":"summary_large_image","twitter_misc":{"\u041f\u0440\u0438\u043c\u0435\u0440\u043d\u043e\u0435 \u0432\u0440\u0435\u043c\u044f \u0434\u043b\u044f \u0447\u0442\u0435\u043d\u0438\u044f":"1 \u043c\u0438\u043d\u0443\u0442\u0430"},"schema":{"@context":"https:\/\/schema.org","@graph":[{"@type":"WebPage","@id":"https:\/\/vigrand.md\/produs\/smart-termostat-ariston-cube-s-net-3319126\/","url":"https:\/\/vigrand.md\/produs\/smart-termostat-ariston-cube-s-net-3319126\/","name":"Smart Termostat Ariston CUBE S NET \/3319126 - Sisteme termice in Moldova","isPartOf":{"@id":"https:\/\/vigrand.md\/#website"},"primaryImageOfPage":{"@id":"https:\/\/vigrand.md\/produs\/smart-termostat-ariston-cube-s-net-3319126\/#primaryimage"},"image":{"@id":"https:\/\/vigrand.md\/produs\/smart-termostat-ariston-cube-s-net-3319126\/#primaryimage"},"thumbnailUrl":"https:\/\/vigrand.md\/wp-content\/uploads\/2023\/05\/25-2600.jpg.webp","datePublished":"2023-05-21T18:34:28+00:00","dateModified":"2023-06-10T10:31:19+00:00","breadcrumb":{"@id":"https:\/\/vigrand.md\/produs\/smart-termostat-ariston-cube-s-net-3319126\/#breadcrumb"},"inLanguage":"ru-RU","potentialAction":[{"@type":"ReadAction","target":["https:\/\/vigrand.md\/produs\/smart-termostat-ariston-cube-s-net-3319126\/"]}]},{"@type":"ImageObject","inLanguage":"ru-RU","@id":"https:\/\/vigrand.md\/produs\/smart-termostat-ariston-cube-s-net-3319126\/#primaryimage","url":"https:\/\/vigrand.md\/wp-content\/uploads\/2023\/05\/25-2600.jpg.webp","contentUrl":"https:\/\/vigrand.md\/wp-content\/uploads\/2023\/05\/25-2600.jpg.webp","width":600,"height":800},{"@type":"BreadcrumbList","@id":"https:\/\/vigrand.md\/produs\/smart-termostat-ariston-cube-s-net-3319126\/#breadcrumb","itemListElement":[{"@type":"ListItem","position":1,"name":"Prima pagin\u0103","item":"https:\/\/vigrand.md\/"},{"@type":"ListItem","position":2,"name":"Magazin","item":"https:\/\/vigrand.md\/magazin\/"},{"@type":"ListItem","position":3,"name":"Smart Termostat Ariston CUBE S NET \/3319126"}]},{"@type":"WebSite","@id":"https:\/\/vigrand.md\/#website","url":"https:\/\/vigrand.md\/","name":"Sisteme termice in Moldova","description":"Magazin Online","potentialAction":[{"@type":"SearchAction","target":{"@type":"EntryPoint","urlTemplate":"https:\/\/vigrand.md\/?s={search_term_string}"},"query-input":{"@type":"PropertyValueSpecification","valueRequired":true,"valueName":"search_term_string"}}],"inLanguage":"ru-RU"}]}},"_links":{"self":[{"href":"https:\/\/vigrand.md\/ru\/wp-json\/wp\/v2\/product\/6514","targetHints":{"allow":["GET"]}}],"collection":[{"href":"https:\/\/vigrand.md\/ru\/wp-json\/wp\/v2\/product"}],"about":[{"href":"https:\/\/vigrand.md\/ru\/wp-json\/wp\/v2\/types\/product"}],"wp:featuredmedia":[{"embeddable":true,"href":"https:\/\/vigrand.md\/ru\/wp-json\/wp\/v2\/media\/6515"}],"wp:attachment":[{"href":"https:\/\/vigrand.md\/ru\/wp-json\/wp\/v2\/media?parent=6514"}],"wp:term":[{"taxonomy":"product_cat","embeddable":true,"href":"https:\/\/vigrand.md\/ru\/wp-json\/wp\/v2\/product_cat?post=6514"},{"taxonomy":"product_tag","embeddable":true,"href":"https:\/\/vigrand.md\/ru\/wp-json\/wp\/v2\/product_tag?post=6514"}],"curies":[{"name":"wp","href":"https:\/\/api.w.org\/{rel}","templated":true}]}}