{"id":6516,"date":"2023-05-21T18:40:38","date_gmt":"2023-05-21T18:40:38","guid":{"rendered":"https:\/\/vigrand.md\/?post_type=product&#038;p=6516"},"modified":"2023-06-10T10:31:28","modified_gmt":"2023-06-10T10:31:28","slug":"temostat-programabil-cu-fir-computherm-q7","status":"publish","type":"product","link":"https:\/\/vigrand.md\/ru\/produs\/temostat-programabil-cu-fir-computherm-q7\/","title":{"rendered":"Temostat programabil cu fir Computherm Q7"},"content":{"rendered":"<p>Termostatul este un reglator de temperatur\u0103, echipat cu un display ce comand\u0103 pornirea \u0219i opirea sistemului de \u00eenc\u0103lzire. Termostatul percepe temperatura aerului din \u00eenc\u0103pere \u0219i c\u00e2nd aceasta scade la o valoare sub cea reglat\u0103 la termostat, las\u0103 sistemul de \u00eenc\u0103lzire s\u0103 func\u021bioneze, iar c\u00e2nd temperatura aerului atinge valoarea setat\u0103 la termostat, \u00eenchide \u00eenc\u0103lzirea (sau echipamentul pe care \u00eel coman\u0103 centrala termic\u0103, pompa de circula\u021bie, arz\u0103torul, etc.)<\/p>\n<p>Termostatul cu fir Computherm Q7 poate fi programat si va permite s\u0103 regla\u021bi aparatele de \u00eenc\u0103lzire \u0219i r\u0103cire instalate \u0219i s\u0103 men\u021bine\u021bi temperatura setat\u0103 ob\u021bin\u00e2nd confortul \u0219i economia maxime.<\/p>\n<ul>\n<li>Consum rentabil \u0219i un cost rezonabil;<\/li>\n<li>Temperaturile pot fi stabilite \u00een func\u021bie de necesit\u0103\u021ble \u0219i preferin\u021bele fiec\u0103ruia.<\/li>\n<li>Raza de ac\u021biune este pina la 50m \u00een teren deschis \u0219i\u00a0 30 m \u00eentr-o cl\u0103dire<\/li>\n<\/ul>\n<p>Programabil<br \/>\n\u0414\u0430<\/p>\n<p>Tip conectare<br \/>\nFir<\/p>\n<p>Display<br \/>\n\u0414\u0430<\/p>\n<p>Temperatura ambiant\u0103, \u00b0C<br \/>\n10\u2026.30<\/p>\n<p>Pa\u0219i reglare temperatur\u0103<br \/>\n0,5<\/p>\n<p>Material<br \/>\nPlastic<\/p>\n<p>Culoare<br \/>\nAlb<\/p>\n<p>Dimensiuni, mm<br \/>\n110x75x45<\/p>\n<p>Brand<br \/>\nComputherm<\/p>\n<p>Produc\u0103tor<br \/>\nChina<\/p>","protected":false},"excerpt":{"rendered":"<p>Termostatul este un reglator de temperatur\u0103, echipat cu un display ce comand\u0103 pornirea \u0219i opirea sistemului de \u00eenc\u0103lzire. Termostatul percepe temperatura aerului din \u00eenc\u0103pere \u0219i c\u00e2nd aceasta scade la o valoare sub cea reglat\u0103 la termostat, las\u0103 sistemul de \u00eenc\u0103lzire s\u0103 func\u021bioneze, iar c\u00e2nd temperatura aerului atinge valoarea setat\u0103 la termostat, \u00eenchide \u00eenc\u0103lzirea (sau echipamentul&hellip;<\/p>","protected":false},"featured_media":6517,"template":"","meta":[],"product_cat":[1248],"product_tag":[],"class_list":{"0":"post-6516","1":"product","2":"type-product","3":"status-publish","4":"has-post-thumbnail","6":"product_brand-computherm","7":"product_cat-termostate","8":"pa_dimensiuni-mm-110x75x45","9":"pa_programabil-da","10":"pa_temperatura-ambianta-c-10-30","11":"pa_tip-conectare-fir","13":"first","14":"instock","15":"shipping-taxable","16":"purchasable","17":"product-type-simple","18":"col-xs-6 col-sm-4","19":"col-md-3 col-lg-3","20":"un-4-cols"},"yoast_head":"<!-- This site is optimized with the Yoast SEO plugin v27.1.1 - https:\/\/yoast.com\/product\/yoast-seo-wordpress\/ -->\n<title>Temostat programabil cu fir Computherm Q7 - Sisteme termice in Moldova<\/title>\n<meta name=\"robots\" content=\"index, follow, max-snippet:-1, max-image-preview:large, max-video-preview:-1\" \/>\n<link rel=\"canonical\" href=\"https:\/\/vigrand.md\/ru\/produs\/temostat-programabil-cu-fir-computherm-q7\/\" \/>\n<meta property=\"og:locale\" content=\"ru_RU\" \/>\n<meta property=\"og:type\" content=\"article\" \/>\n<meta property=\"og:title\" content=\"Temostat programabil cu fir Computherm Q7 - Sisteme termice in Moldova\" \/>\n<meta property=\"og:description\" content=\"Termostatul este un reglator de temperatur\u0103, echipat cu un display ce comand\u0103 pornirea \u0219i opirea sistemului de \u00eenc\u0103lzire. Termostatul percepe temperatura aerului din \u00eenc\u0103pere \u0219i c\u00e2nd aceasta scade la o valoare sub cea reglat\u0103 la termostat, las\u0103 sistemul de \u00eenc\u0103lzire s\u0103 func\u021bioneze, iar c\u00e2nd temperatura aerului atinge valoarea setat\u0103 la termostat, \u00eenchide \u00eenc\u0103lzirea (sau echipamentul&hellip;\" \/>\n<meta property=\"og:url\" content=\"https:\/\/vigrand.md\/ru\/produs\/temostat-programabil-cu-fir-computherm-q7\/\" \/>\n<meta property=\"og:site_name\" content=\"Sisteme termice in Moldova\" \/>\n<meta property=\"article:modified_time\" content=\"2023-06-10T10:31:28+00:00\" \/>\n<meta property=\"og:image\" content=\"https:\/\/vigrand.md\/wp-content\/uploads\/2023\/05\/120-3051.1.jpg.webp\" \/>\n\t<meta property=\"og:image:width\" content=\"600\" \/>\n\t<meta property=\"og:image:height\" content=\"800\" \/>\n\t<meta property=\"og:image:type\" content=\"image\/webp\" \/>\n<meta name=\"twitter:card\" content=\"summary_large_image\" \/>\n<meta name=\"twitter:label1\" content=\"\u041f\u0440\u0438\u043c\u0435\u0440\u043d\u043e\u0435 \u0432\u0440\u0435\u043c\u044f \u0434\u043b\u044f \u0447\u0442\u0435\u043d\u0438\u044f\" \/>\n\t<meta name=\"twitter:data1\" content=\"1 \u043c\u0438\u043d\u0443\u0442\u0430\" \/>\n<script type=\"application\/ld+json\" class=\"yoast-schema-graph\">{\"@context\":\"https:\/\/schema.org\",\"@graph\":[{\"@type\":\"WebPage\",\"@id\":\"https:\/\/vigrand.md\/produs\/temostat-programabil-cu-fir-computherm-q7\/\",\"url\":\"https:\/\/vigrand.md\/produs\/temostat-programabil-cu-fir-computherm-q7\/\",\"name\":\"Temostat programabil cu fir Computherm Q7 - Sisteme termice in Moldova\",\"isPartOf\":{\"@id\":\"https:\/\/vigrand.md\/#website\"},\"primaryImageOfPage\":{\"@id\":\"https:\/\/vigrand.md\/produs\/temostat-programabil-cu-fir-computherm-q7\/#primaryimage\"},\"image\":{\"@id\":\"https:\/\/vigrand.md\/produs\/temostat-programabil-cu-fir-computherm-q7\/#primaryimage\"},\"thumbnailUrl\":\"https:\/\/vigrand.md\/wp-content\/uploads\/2023\/05\/120-3051.1.jpg.webp\",\"datePublished\":\"2023-05-21T18:40:38+00:00\",\"dateModified\":\"2023-06-10T10:31:28+00:00\",\"breadcrumb\":{\"@id\":\"https:\/\/vigrand.md\/produs\/temostat-programabil-cu-fir-computherm-q7\/#breadcrumb\"},\"inLanguage\":\"ru-RU\",\"potentialAction\":[{\"@type\":\"ReadAction\",\"target\":[\"https:\/\/vigrand.md\/produs\/temostat-programabil-cu-fir-computherm-q7\/\"]}]},{\"@type\":\"ImageObject\",\"inLanguage\":\"ru-RU\",\"@id\":\"https:\/\/vigrand.md\/produs\/temostat-programabil-cu-fir-computherm-q7\/#primaryimage\",\"url\":\"https:\/\/vigrand.md\/wp-content\/uploads\/2023\/05\/120-3051.1.jpg.webp\",\"contentUrl\":\"https:\/\/vigrand.md\/wp-content\/uploads\/2023\/05\/120-3051.1.jpg.webp\",\"width\":600,\"height\":800},{\"@type\":\"BreadcrumbList\",\"@id\":\"https:\/\/vigrand.md\/produs\/temostat-programabil-cu-fir-computherm-q7\/#breadcrumb\",\"itemListElement\":[{\"@type\":\"ListItem\",\"position\":1,\"name\":\"Prima pagin\u0103\",\"item\":\"https:\/\/vigrand.md\/\"},{\"@type\":\"ListItem\",\"position\":2,\"name\":\"Magazin\",\"item\":\"https:\/\/vigrand.md\/magazin\/\"},{\"@type\":\"ListItem\",\"position\":3,\"name\":\"Temostat programabil cu fir Computherm Q7\"}]},{\"@type\":\"WebSite\",\"@id\":\"https:\/\/vigrand.md\/#website\",\"url\":\"https:\/\/vigrand.md\/\",\"name\":\"Sisteme termice in Moldova\",\"description\":\"Magazin Online\",\"potentialAction\":[{\"@type\":\"SearchAction\",\"target\":{\"@type\":\"EntryPoint\",\"urlTemplate\":\"https:\/\/vigrand.md\/?s={search_term_string}\"},\"query-input\":{\"@type\":\"PropertyValueSpecification\",\"valueRequired\":true,\"valueName\":\"search_term_string\"}}],\"inLanguage\":\"ru-RU\"}]}<\/script>\n<!-- \/ Yoast SEO plugin. -->","yoast_head_json":{"title":"Temostat programabil cu fir Computherm Q7 - Sisteme termice in Moldova","robots":{"index":"index","follow":"follow","max-snippet":"max-snippet:-1","max-image-preview":"max-image-preview:large","max-video-preview":"max-video-preview:-1"},"canonical":"https:\/\/vigrand.md\/ru\/produs\/temostat-programabil-cu-fir-computherm-q7\/","og_locale":"ru_RU","og_type":"article","og_title":"Temostat programabil cu fir Computherm Q7 - Sisteme termice in Moldova","og_description":"Termostatul este un reglator de temperatur\u0103, echipat cu un display ce comand\u0103 pornirea \u0219i opirea sistemului de \u00eenc\u0103lzire. Termostatul percepe temperatura aerului din \u00eenc\u0103pere \u0219i c\u00e2nd aceasta scade la o valoare sub cea reglat\u0103 la termostat, las\u0103 sistemul de \u00eenc\u0103lzire s\u0103 func\u021bioneze, iar c\u00e2nd temperatura aerului atinge valoarea setat\u0103 la termostat, \u00eenchide \u00eenc\u0103lzirea (sau echipamentul&hellip;","og_url":"https:\/\/vigrand.md\/ru\/produs\/temostat-programabil-cu-fir-computherm-q7\/","og_site_name":"Sisteme termice in Moldova","article_modified_time":"2023-06-10T10:31:28+00:00","og_image":[{"width":600,"height":800,"url":"https:\/\/vigrand.md\/wp-content\/uploads\/2023\/05\/120-3051.1.jpg.webp","type":"image\/webp"}],"twitter_card":"summary_large_image","twitter_misc":{"\u041f\u0440\u0438\u043c\u0435\u0440\u043d\u043e\u0435 \u0432\u0440\u0435\u043c\u044f \u0434\u043b\u044f \u0447\u0442\u0435\u043d\u0438\u044f":"1 \u043c\u0438\u043d\u0443\u0442\u0430"},"schema":{"@context":"https:\/\/schema.org","@graph":[{"@type":"WebPage","@id":"https:\/\/vigrand.md\/produs\/temostat-programabil-cu-fir-computherm-q7\/","url":"https:\/\/vigrand.md\/produs\/temostat-programabil-cu-fir-computherm-q7\/","name":"Temostat programabil cu fir Computherm Q7 - Sisteme termice in Moldova","isPartOf":{"@id":"https:\/\/vigrand.md\/#website"},"primaryImageOfPage":{"@id":"https:\/\/vigrand.md\/produs\/temostat-programabil-cu-fir-computherm-q7\/#primaryimage"},"image":{"@id":"https:\/\/vigrand.md\/produs\/temostat-programabil-cu-fir-computherm-q7\/#primaryimage"},"thumbnailUrl":"https:\/\/vigrand.md\/wp-content\/uploads\/2023\/05\/120-3051.1.jpg.webp","datePublished":"2023-05-21T18:40:38+00:00","dateModified":"2023-06-10T10:31:28+00:00","breadcrumb":{"@id":"https:\/\/vigrand.md\/produs\/temostat-programabil-cu-fir-computherm-q7\/#breadcrumb"},"inLanguage":"ru-RU","potentialAction":[{"@type":"ReadAction","target":["https:\/\/vigrand.md\/produs\/temostat-programabil-cu-fir-computherm-q7\/"]}]},{"@type":"ImageObject","inLanguage":"ru-RU","@id":"https:\/\/vigrand.md\/produs\/temostat-programabil-cu-fir-computherm-q7\/#primaryimage","url":"https:\/\/vigrand.md\/wp-content\/uploads\/2023\/05\/120-3051.1.jpg.webp","contentUrl":"https:\/\/vigrand.md\/wp-content\/uploads\/2023\/05\/120-3051.1.jpg.webp","width":600,"height":800},{"@type":"BreadcrumbList","@id":"https:\/\/vigrand.md\/produs\/temostat-programabil-cu-fir-computherm-q7\/#breadcrumb","itemListElement":[{"@type":"ListItem","position":1,"name":"Prima pagin\u0103","item":"https:\/\/vigrand.md\/"},{"@type":"ListItem","position":2,"name":"Magazin","item":"https:\/\/vigrand.md\/magazin\/"},{"@type":"ListItem","position":3,"name":"Temostat programabil cu fir Computherm Q7"}]},{"@type":"WebSite","@id":"https:\/\/vigrand.md\/#website","url":"https:\/\/vigrand.md\/","name":"Sisteme termice in Moldova","description":"Magazin Online","potentialAction":[{"@type":"SearchAction","target":{"@type":"EntryPoint","urlTemplate":"https:\/\/vigrand.md\/?s={search_term_string}"},"query-input":{"@type":"PropertyValueSpecification","valueRequired":true,"valueName":"search_term_string"}}],"inLanguage":"ru-RU"}]}},"_links":{"self":[{"href":"https:\/\/vigrand.md\/ru\/wp-json\/wp\/v2\/product\/6516","targetHints":{"allow":["GET"]}}],"collection":[{"href":"https:\/\/vigrand.md\/ru\/wp-json\/wp\/v2\/product"}],"about":[{"href":"https:\/\/vigrand.md\/ru\/wp-json\/wp\/v2\/types\/product"}],"wp:featuredmedia":[{"embeddable":true,"href":"https:\/\/vigrand.md\/ru\/wp-json\/wp\/v2\/media\/6517"}],"wp:attachment":[{"href":"https:\/\/vigrand.md\/ru\/wp-json\/wp\/v2\/media?parent=6516"}],"wp:term":[{"taxonomy":"product_cat","embeddable":true,"href":"https:\/\/vigrand.md\/ru\/wp-json\/wp\/v2\/product_cat?post=6516"},{"taxonomy":"product_tag","embeddable":true,"href":"https:\/\/vigrand.md\/ru\/wp-json\/wp\/v2\/product_tag?post=6516"}],"curies":[{"name":"wp","href":"https:\/\/api.w.org\/{rel}","templated":true}]}}